{"id":399,"date":"2017-05-17T12:52:32","date_gmt":"2017-05-17T10:52:32","guid":{"rendered":"http:\/\/www.bremer-promenaden.de\/visita-guidata-di-brema-la-boettcherstrasse-bremer-promenaden\/"},"modified":"2026-01-07T10:44:23","modified_gmt":"2026-01-07T09:44:23","slug":"visita-guidata-di-brema-la-boettcherstrasse-bremer-promenaden","status":"publish","type":"page","link":"https:\/\/www.bremer-promenaden.de\/it\/visita-guidata-di-brema-la-boettcherstrasse-bremer-promenaden\/","title":{"rendered":"Visita guidata di Brema: la Boettcherstrasse- Bremer Promenaden"},"content":{"rendered":"<div id='full_slider_1'  class='avia-fullwidth-slider main_color avia-shadow   avia-builder-el-0  el_before_av_one_full  avia-builder-el-first   container_wrap fullsize'  ><div  class='avia-slideshow av-19zvbi-1905e4a8ccadd96ae9e79ec7623026ee avia-slideshow-featured av_slideshow_full avia-fade-slider av-slideshow-ui av-control-default av-slideshow-autoplay av-loop-endless av-loop-manual-endless av-default-height-applied   avia-slideshow-1' data-slideshow-options=\"{&quot;animation&quot;:&quot;fade&quot;,&quot;autoplay&quot;:true,&quot;loop_autoplay&quot;:&quot;endless&quot;,&quot;interval&quot;:5,&quot;loop_manual&quot;:&quot;manual-endless&quot;,&quot;autoplay_stopper&quot;:false,&quot;noNavigation&quot;:false,&quot;bg_slider&quot;:false,&quot;keep_padding&quot;:false,&quot;hoverpause&quot;:false,&quot;show_slide_delay&quot;:0}\"  itemprop=\"image\" itemscope=\"itemscope\" itemtype=\"https:\/\/schema.org\/ImageObject\" ><ul class='avia-slideshow-inner ' style='padding-bottom: 28.666666666667%;'><li  class='avia-slideshow-slide av-19zvbi-1905e4a8ccadd96ae9e79ec7623026ee__0  slide-1 slide-odd'><div data-rel='slideshow-1' class='avia-slide-wrap '   ><img decoding=\"async\" fetchpriority=\"high\" class=\"wp-image-1254 avia-img-lazy-loading-not-1254\"  src=\"https:\/\/www.bremer-promenaden.de\/wp-content\/uploads\/2018\/04\/20170816-132745-0430.jpg\" width=\"1500\" height=\"430\" title='20170816-132745-0430' alt='Viele verschiedene Details gibt in der B\u00f6ttcherstra\u00dfe Bremen zu entdecken.'  itemprop=\"thumbnailUrl\" srcset=\"https:\/\/www.bremer-promenaden.de\/wp-content\/uploads\/2018\/04\/20170816-132745-0430.jpg 1500w, https:\/\/www.bremer-promenaden.de\/wp-content\/uploads\/2018\/04\/20170816-132745-0430-300x86.jpg 300w, https:\/\/www.bremer-promenaden.de\/wp-content\/uploads\/2018\/04\/20170816-132745-0430-768x220.jpg 768w, https:\/\/www.bremer-promenaden.de\/wp-content\/uploads\/2018\/04\/20170816-132745-0430-1030x295.jpg 1030w, https:\/\/www.bremer-promenaden.de\/wp-content\/uploads\/2018\/04\/20170816-132745-0430-705x202.jpg 705w, https:\/\/www.bremer-promenaden.de\/wp-content\/uploads\/2018\/04\/20170816-132745-0430-450x129.jpg 450w\" sizes=\"(max-width: 1500px) 100vw, 1500px\" \/><\/div><\/li><li  class='avia-slideshow-slide av-19zvbi-1905e4a8ccadd96ae9e79ec7623026ee__1  slide-2 slide-even'><div data-rel='slideshow-1' class='avia-slide-wrap '   ><img decoding=\"async\" fetchpriority=\"high\" class=\"wp-image-1258 avia-img-lazy-loading-not-1258\"  src=\"https:\/\/www.bremer-promenaden.de\/wp-content\/uploads\/2018\/04\/20170816-132920-0430.jpg\" width=\"1500\" height=\"430\" title='20170816-132920-0430' alt='Unter den Arkaden der Bremer B\u00f6ttcherstra\u00dfe genie\u00dft man den Wein.'  itemprop=\"thumbnailUrl\" srcset=\"https:\/\/www.bremer-promenaden.de\/wp-content\/uploads\/2018\/04\/20170816-132920-0430.jpg 1500w, https:\/\/www.bremer-promenaden.de\/wp-content\/uploads\/2018\/04\/20170816-132920-0430-300x86.jpg 300w, https:\/\/www.bremer-promenaden.de\/wp-content\/uploads\/2018\/04\/20170816-132920-0430-768x220.jpg 768w, https:\/\/www.bremer-promenaden.de\/wp-content\/uploads\/2018\/04\/20170816-132920-0430-1030x295.jpg 1030w, https:\/\/www.bremer-promenaden.de\/wp-content\/uploads\/2018\/04\/20170816-132920-0430-705x202.jpg 705w, https:\/\/www.bremer-promenaden.de\/wp-content\/uploads\/2018\/04\/20170816-132920-0430-450x129.jpg 450w\" sizes=\"(max-width: 1500px) 100vw, 1500px\" \/><\/div><\/li><li  class='avia-slideshow-slide av-19zvbi-1905e4a8ccadd96ae9e79ec7623026ee__2  slide-3 slide-odd'><div data-rel='slideshow-1' class='avia-slide-wrap '   ><img decoding=\"async\" fetchpriority=\"high\" class=\"wp-image-1170 avia-img-lazy-loading-not-1170\"  src=\"https:\/\/www.bremer-promenaden.de\/wp-content\/uploads\/2018\/04\/20170816-132947-0430.jpg\" width=\"1500\" height=\"430\" title='20170816-132947-0430' alt='Bernhard Hoetger schuf viele Skulpturen in der Bremer B\u00f6ttcherstra\u00dfe.'  itemprop=\"thumbnailUrl\" srcset=\"https:\/\/www.bremer-promenaden.de\/wp-content\/uploads\/2018\/04\/20170816-132947-0430.jpg 1500w, https:\/\/www.bremer-promenaden.de\/wp-content\/uploads\/2018\/04\/20170816-132947-0430-300x86.jpg 300w, https:\/\/www.bremer-promenaden.de\/wp-content\/uploads\/2018\/04\/20170816-132947-0430-768x220.jpg 768w, https:\/\/www.bremer-promenaden.de\/wp-content\/uploads\/2018\/04\/20170816-132947-0430-1030x295.jpg 1030w, https:\/\/www.bremer-promenaden.de\/wp-content\/uploads\/2018\/04\/20170816-132947-0430-705x202.jpg 705w, https:\/\/www.bremer-promenaden.de\/wp-content\/uploads\/2018\/04\/20170816-132947-0430-450x129.jpg 450w\" sizes=\"(max-width: 1500px) 100vw, 1500px\" \/><\/div><\/li><li  class='avia-slideshow-slide av-19zvbi-1905e4a8ccadd96ae9e79ec7623026ee__3  slide-4 slide-even'><div data-rel='slideshow-1' class='avia-slide-wrap '   ><img decoding=\"async\" fetchpriority=\"high\" class=\"wp-image-1234 avia-img-lazy-loading-not-1234\"  src=\"https:\/\/www.bremer-promenaden.de\/wp-content\/uploads\/2018\/04\/20170816-115645-0430.jpg\" width=\"1500\" height=\"430\" title='20170816-115645-0430' alt='Hoetger schuf den Lichtbringer \u00fcber dem Eingang der Bremer B\u00f6ttcherstra\u00dfe.'  itemprop=\"thumbnailUrl\" srcset=\"https:\/\/www.bremer-promenaden.de\/wp-content\/uploads\/2018\/04\/20170816-115645-0430.jpg 1500w, https:\/\/www.bremer-promenaden.de\/wp-content\/uploads\/2018\/04\/20170816-115645-0430-300x86.jpg 300w, https:\/\/www.bremer-promenaden.de\/wp-content\/uploads\/2018\/04\/20170816-115645-0430-768x220.jpg 768w, https:\/\/www.bremer-promenaden.de\/wp-content\/uploads\/2018\/04\/20170816-115645-0430-1030x295.jpg 1030w, https:\/\/www.bremer-promenaden.de\/wp-content\/uploads\/2018\/04\/20170816-115645-0430-705x202.jpg 705w, https:\/\/www.bremer-promenaden.de\/wp-content\/uploads\/2018\/04\/20170816-115645-0430-450x129.jpg 450w\" sizes=\"(max-width: 1500px) 100vw, 1500px\" \/><\/div><\/li><li  class='avia-slideshow-slide av-19zvbi-1905e4a8ccadd96ae9e79ec7623026ee__4  slide-5 slide-odd'><div data-rel='slideshow-1' class='avia-slide-wrap '   ><img decoding=\"async\" fetchpriority=\"high\" class=\"wp-image-1242 avia-img-lazy-loading-not-1242\"  src=\"https:\/\/www.bremer-promenaden.de\/wp-content\/uploads\/2018\/04\/20170816-115941-0430.jpg\" width=\"1500\" height=\"430\" title='20170816-115941-0430' alt='Nicht nur die Fassade vom Bremer Haus Atlantis ist besonders sch\u00f6n.'  itemprop=\"thumbnailUrl\" srcset=\"https:\/\/www.bremer-promenaden.de\/wp-content\/uploads\/2018\/04\/20170816-115941-0430.jpg 1500w, https:\/\/www.bremer-promenaden.de\/wp-content\/uploads\/2018\/04\/20170816-115941-0430-300x86.jpg 300w, https:\/\/www.bremer-promenaden.de\/wp-content\/uploads\/2018\/04\/20170816-115941-0430-768x220.jpg 768w, https:\/\/www.bremer-promenaden.de\/wp-content\/uploads\/2018\/04\/20170816-115941-0430-1030x295.jpg 1030w, https:\/\/www.bremer-promenaden.de\/wp-content\/uploads\/2018\/04\/20170816-115941-0430-705x202.jpg 705w, https:\/\/www.bremer-promenaden.de\/wp-content\/uploads\/2018\/04\/20170816-115941-0430-450x129.jpg 450w\" sizes=\"(max-width: 1500px) 100vw, 1500px\" \/><\/div><\/li><li  class='avia-slideshow-slide av-19zvbi-1905e4a8ccadd96ae9e79ec7623026ee__5  slide-6 slide-even'><div data-rel='slideshow-1' class='avia-slide-wrap '   ><img decoding=\"async\" fetchpriority=\"high\" class=\"wp-image-1246 avia-img-lazy-loading-not-1246\"  src=\"https:\/\/www.bremer-promenaden.de\/wp-content\/uploads\/2018\/04\/20170816-120530-0430.jpg\" width=\"1500\" height=\"430\" title='20170816-120530-0430' alt='Die Atlantik\u00fcberquerer zeigen sich in der Bremer B\u00f6ttcherstra\u00dfe.'  itemprop=\"thumbnailUrl\" srcset=\"https:\/\/www.bremer-promenaden.de\/wp-content\/uploads\/2018\/04\/20170816-120530-0430.jpg 1500w, https:\/\/www.bremer-promenaden.de\/wp-content\/uploads\/2018\/04\/20170816-120530-0430-300x86.jpg 300w, https:\/\/www.bremer-promenaden.de\/wp-content\/uploads\/2018\/04\/20170816-120530-0430-768x220.jpg 768w, https:\/\/www.bremer-promenaden.de\/wp-content\/uploads\/2018\/04\/20170816-120530-0430-1030x295.jpg 1030w, https:\/\/www.bremer-promenaden.de\/wp-content\/uploads\/2018\/04\/20170816-120530-0430-705x202.jpg 705w, https:\/\/www.bremer-promenaden.de\/wp-content\/uploads\/2018\/04\/20170816-120530-0430-450x129.jpg 450w\" sizes=\"(max-width: 1500px) 100vw, 1500px\" \/><\/div><\/li><li  class='avia-slideshow-slide av-19zvbi-1905e4a8ccadd96ae9e79ec7623026ee__6  slide-7 slide-odd'><div data-rel='slideshow-1' class='avia-slide-wrap '   ><img decoding=\"async\" fetchpriority=\"high\" class=\"wp-image-1250 avia-img-lazy-loading-not-1250\"  src=\"https:\/\/www.bremer-promenaden.de\/wp-content\/uploads\/2018\/04\/20170816-120827-0430.jpg\" width=\"1500\" height=\"430\" title='20170816-120827-0430' alt='Glockenspiel, Bremer B\u00f6ttcherstra\u00dfe'  itemprop=\"thumbnailUrl\" srcset=\"https:\/\/www.bremer-promenaden.de\/wp-content\/uploads\/2018\/04\/20170816-120827-0430.jpg 1500w, https:\/\/www.bremer-promenaden.de\/wp-content\/uploads\/2018\/04\/20170816-120827-0430-300x86.jpg 300w, https:\/\/www.bremer-promenaden.de\/wp-content\/uploads\/2018\/04\/20170816-120827-0430-768x220.jpg 768w, https:\/\/www.bremer-promenaden.de\/wp-content\/uploads\/2018\/04\/20170816-120827-0430-1030x295.jpg 1030w, https:\/\/www.bremer-promenaden.de\/wp-content\/uploads\/2018\/04\/20170816-120827-0430-705x202.jpg 705w, https:\/\/www.bremer-promenaden.de\/wp-content\/uploads\/2018\/04\/20170816-120827-0430-450x129.jpg 450w\" sizes=\"(max-width: 1500px) 100vw, 1500px\" \/><\/div><\/li><li  class='avia-slideshow-slide av-19zvbi-1905e4a8ccadd96ae9e79ec7623026ee__7  slide-8 slide-even'><div data-rel='slideshow-1' class='avia-slide-wrap '   ><img decoding=\"async\" fetchpriority=\"high\" class=\"wp-image-1238 avia-img-lazy-loading-not-1238\"  src=\"https:\/\/www.bremer-promenaden.de\/wp-content\/uploads\/2018\/04\/20170816-115749-0430.jpg\" width=\"1500\" height=\"430\" title='20170816-115749-0430' alt='Die St\u00e4ndige Vertretung ist auch in Bremen zu Hause.'  itemprop=\"thumbnailUrl\" srcset=\"https:\/\/www.bremer-promenaden.de\/wp-content\/uploads\/2018\/04\/20170816-115749-0430.jpg 1500w, https:\/\/www.bremer-promenaden.de\/wp-content\/uploads\/2018\/04\/20170816-115749-0430-300x86.jpg 300w, https:\/\/www.bremer-promenaden.de\/wp-content\/uploads\/2018\/04\/20170816-115749-0430-768x220.jpg 768w, https:\/\/www.bremer-promenaden.de\/wp-content\/uploads\/2018\/04\/20170816-115749-0430-1030x295.jpg 1030w, https:\/\/www.bremer-promenaden.de\/wp-content\/uploads\/2018\/04\/20170816-115749-0430-705x202.jpg 705w, https:\/\/www.bremer-promenaden.de\/wp-content\/uploads\/2018\/04\/20170816-115749-0430-450x129.jpg 450w\" sizes=\"(max-width: 1500px) 100vw, 1500px\" \/><\/div><\/li><\/ul><div class='avia-slideshow-arrows avia-slideshow-controls' ><a href='#prev' class='prev-slide  avia-svg-icon avia-font-svg_entypo-fontello' data-av_svg_icon='left-open-big' data-av_iconset='svg_entypo-fontello' tabindex='-1' title=\"Prec\"><svg version=\"1.1\" xmlns=\"http:\/\/www.w3.org\/2000\/svg\" width=\"15\" height=\"32\" viewBox=\"0 0 15 32\" preserveAspectRatio=\"xMidYMid meet\" aria-labelledby='av-svg-title-1' aria-describedby='av-svg-desc-1' role=\"graphics-symbol\" aria-hidden=\"true\">\n<title id='av-svg-title-1'>Prec<\/title>\n<desc id='av-svg-desc-1'>Prec<\/desc>\n<path d=\"M14.464 27.84q0.832 0.832 0 1.536-0.832 0.832-1.536 0l-12.544-12.608q-0.768-0.768 0-1.6l12.544-12.608q0.704-0.832 1.536 0 0.832 0.704 0 1.536l-11.456 11.904z\"><\/path>\n<\/svg><span class='avia_hidden_link_text'>Prec<\/span><\/a><a href='#next' class='next-slide  avia-svg-icon avia-font-svg_entypo-fontello' data-av_svg_icon='right-open-big' data-av_iconset='svg_entypo-fontello' tabindex='-1' title=\"Succ\"><svg version=\"1.1\" xmlns=\"http:\/\/www.w3.org\/2000\/svg\" width=\"15\" height=\"32\" viewBox=\"0 0 15 32\" preserveAspectRatio=\"xMidYMid meet\" aria-labelledby='av-svg-title-2' aria-describedby='av-svg-desc-2' role=\"graphics-symbol\" aria-hidden=\"true\">\n<title id='av-svg-title-2'>Succ<\/title>\n<desc id='av-svg-desc-2'>Succ<\/desc>\n<path d=\"M0.416 27.84l11.456-11.84-11.456-11.904q-0.832-0.832 0-1.536 0.832-0.832 1.536 0l12.544 12.608q0.768 0.832 0 1.6l-12.544 12.608q-0.704 0.832-1.536 0-0.832-0.704 0-1.536z\"><\/path>\n<\/svg><span class='avia_hidden_link_text'>Succ<\/span><\/a><\/div><div class='avia-slideshow-dots avia-slideshow-controls'><a href='#1' class='goto-slide active' >1<\/a><a href='#2' class='goto-slide ' >2<\/a><a href='#3' class='goto-slide ' >3<\/a><a href='#4' class='goto-slide ' >4<\/a><a href='#5' class='goto-slide ' >5<\/a><a href='#6' class='goto-slide ' >6<\/a><a href='#7' class='goto-slide ' >7<\/a><a href='#8' class='goto-slide ' >8<\/a><\/div><\/div><\/div><div id='after_full_slider_1'  class='main_color av_default_container_wrap container_wrap fullsize'  ><div class='container av-section-cont-open' ><div class='template-page content  av-content-full alpha units'><div class='post-entry post-entry-type-page post-entry-399'><div class='entry-content-wrapper clearfix'>\n\n<style type=\"text\/css\" data-created_by=\"avia_inline_auto\" id=\"style-css-av-d8n5q-6cbd340403901df5afc6f5622bf4601b\">\n.flex_column.av-d8n5q-6cbd340403901df5afc6f5622bf4601b{\nborder-radius:0px 0px 0px 0px;\npadding:0px 0px 0px 0px;\n}\n<\/style>\n<div  class='flex_column av-d8n5q-6cbd340403901df5afc6f5622bf4601b av_one_full  avia-builder-el-1  el_after_av_slideshow_full  avia-builder-el-no-sibling  first flex_column_div av-zero-column-padding  '     ><section  class='av_textblock_section av-9ujbq-4d4f253035873f5e821275281b22f100 '   itemscope=\"itemscope\" itemtype=\"https:\/\/schema.org\/CreativeWork\" ><div class='avia_textblock'  itemprop=\"text\" ><h1>Visita guidata alla Boettcherstrasse: Arte, storia e commercio<\/h1>\n<p>Il commerciante di caff\u00e8 <a href=\"https:\/\/de.wikipedia.org\/wiki\/Ludwig_Roselius_(Unternehmer)\">Ludwig Roselius<\/a> sapeva che si pu\u00f2 vendere meglio se l\u2019ambiente \u00e8 splendido. Vedremo nella \u201csua\u201d Strada dei bottai come ha collegato il suo amore per l\u2019arte del nord della Germania con la storia della vendita del caff\u00e8. Conosceremo anche l&#8217;artista <a href=\"https:\/\/it.wikipedia.org\/wiki\/Bernhard_Hoetger\" target=\"_blank\" rel=\"noopener\">Bernhard Hoetger<\/a>, artefice di parte della strada e delle sue decorazioni.<\/p>\n<p>Durante il giro nella Strada dei bottai, impara come la vecchia strada degli artigiani \u00e8 stata trasformata in un\u2019<a href=\"http:\/\/www.boettcherstrasse.de\/\" target=\"_blank\" rel=\"noopener\">opera d&#8217;arte<\/a>, perch\u00e9 si \u00e8 trovata in gran pericolo negli anni \u201830, a quale pittrice \u00e8 stato dedicato il primo museo per una donna e dove il <a href=\"http:\/\/bit.ly\/2kV7DqW\" target=\"_blank\" rel=\"noopener\">carillon<\/a> ci mostra le immagini di navigatori e aviatori.<\/p>\n<h2><u><\/u>Giro per la Boettcherstrasse, i dati:<\/h2>\n<p>La storia della Boettcherstrasse a Brema viene raccontata in francese, italiano, inglese e tedesco.<\/p>\n<p><strong>Stazioni del giro:<\/strong> Lichtbringer (portatore di luce), Museo Paula Modersohn Becker, corte degli artigiani e fontana dei fannulloni, casa Roselius, corte di Hoetger, <a href=\"https:\/\/de.wikipedia.org\/wiki\/Haus_des_Glockenspiels\" target=\"_blank\" rel=\"noopener\">casa del carillon<\/a>, casa Atlantis con sala del cielo (non sempre aperta), casa Robinson Crusoe con il caff\u00e8.<\/p>\n<p><strong>Durata: <\/strong>un\u2019ora, un\u2019ora e mezzo con una breve visita del museo.<\/p>\n<p><strong>Buono a sapersi:<\/strong> Il luned\u00ec i musei sono chiusi. La casa Atlantis \u00e8 usata come hotel, per cui le visite non sempre sono possibili. Gli orari di apertura del caff\u00e8 nella casa Robinson Crusoe sono riportati <a href=\"https:\/\/www.bremer-kaffeegesellschaft.de\/\" target=\"_blank\" rel=\"noopener\">qui<\/a>.<\/p>\n<h3>Gruppi e prezzi, visita guidata in italiano<\/h3>\n<ul>\n<li>20 persone al massimo per 130,00 euro.<\/li>\n<li>con breve visita guidata al museo per un massimo di 20 persone 160,00 euro pi\u00f9 l&#8217;ingresso al museo<\/li>\n<\/ul>\n<\/div><\/section><\/div>\n","protected":false},"excerpt":{"rendered":"","protected":false},"author":1,"featured_media":0,"parent":0,"menu_order":0,"comment_status":"closed","ping_status":"closed","template":"","meta":{"footnotes":""},"class_list":["post-399","page","type-page","status-publish","hentry"],"yoast_head":"<!-- This site is optimized with the Yoast SEO plugin v27.5 - https:\/\/yoast.com\/product\/yoast-seo-wordpress\/ -->\n<title>Visita guidata di Brema: la Boettcherstrasse- Bremer Promenaden - Bremer Promenaden<\/title>\n<meta name=\"description\" content=\"La visita alla Boettcherstrasse (la strada dei bottai) ci conduce sia all&#039;arte che al caff\u00e8. Bremer Promenaden ne racconta la storia anche in italiano e francese.\" \/>\n<meta name=\"robots\" content=\"index, follow, max-snippet:-1, max-image-preview:large, max-video-preview:-1\" \/>\n<link rel=\"canonical\" href=\"https:\/\/www.bremer-promenaden.de\/it\/visita-guidata-di-brema-la-boettcherstrasse-bremer-promenaden\/\" \/>\n<meta property=\"og:locale\" content=\"it_IT\" \/>\n<meta property=\"og:type\" content=\"article\" \/>\n<meta property=\"og:title\" content=\"Visita guidata di Brema: la Boettcherstrasse- Bremer Promenaden - Bremer Promenaden\" \/>\n<meta property=\"og:description\" content=\"La visita alla Boettcherstrasse (la strada dei bottai) ci conduce sia all&#039;arte che al caff\u00e8. Bremer Promenaden ne racconta la storia anche in italiano e francese.\" \/>\n<meta property=\"og:url\" content=\"https:\/\/www.bremer-promenaden.de\/it\/visita-guidata-di-brema-la-boettcherstrasse-bremer-promenaden\/\" \/>\n<meta property=\"og:site_name\" content=\"Bremer Promenaden\" \/>\n<meta property=\"article:modified_time\" content=\"2026-01-07T09:44:23+00:00\" \/>\n<meta name=\"twitter:card\" content=\"summary_large_image\" \/>\n<meta name=\"twitter:label1\" content=\"Tempo di lettura stimato\" \/>\n\t<meta name=\"twitter:data1\" content=\"3 minuti\" \/>\n<script type=\"application\/ld+json\" class=\"yoast-schema-graph\">{\"@context\":\"https:\\\/\\\/schema.org\",\"@graph\":[{\"@type\":\"WebPage\",\"@id\":\"https:\\\/\\\/www.bremer-promenaden.de\\\/it\\\/visita-guidata-di-brema-la-boettcherstrasse-bremer-promenaden\\\/\",\"url\":\"https:\\\/\\\/www.bremer-promenaden.de\\\/it\\\/visita-guidata-di-brema-la-boettcherstrasse-bremer-promenaden\\\/\",\"name\":\"Visita guidata di Brema: la Boettcherstrasse- Bremer Promenaden - Bremer Promenaden\",\"isPartOf\":{\"@id\":\"https:\\\/\\\/www.bremer-promenaden.de\\\/#website\"},\"datePublished\":\"2017-05-17T10:52:32+00:00\",\"dateModified\":\"2026-01-07T09:44:23+00:00\",\"description\":\"La visita alla Boettcherstrasse (la strada dei bottai) ci conduce sia all'arte che al caff\u00e8. Bremer Promenaden ne racconta la storia anche in italiano e francese.\",\"breadcrumb\":{\"@id\":\"https:\\\/\\\/www.bremer-promenaden.de\\\/it\\\/visita-guidata-di-brema-la-boettcherstrasse-bremer-promenaden\\\/#breadcrumb\"},\"inLanguage\":\"it-IT\",\"potentialAction\":[{\"@type\":\"ReadAction\",\"target\":[\"https:\\\/\\\/www.bremer-promenaden.de\\\/it\\\/visita-guidata-di-brema-la-boettcherstrasse-bremer-promenaden\\\/\"]}]},{\"@type\":\"BreadcrumbList\",\"@id\":\"https:\\\/\\\/www.bremer-promenaden.de\\\/it\\\/visita-guidata-di-brema-la-boettcherstrasse-bremer-promenaden\\\/#breadcrumb\",\"itemListElement\":[{\"@type\":\"ListItem\",\"position\":1,\"name\":\"Startseite\",\"item\":\"https:\\\/\\\/www.bremer-promenaden.de\\\/it\\\/\"},{\"@type\":\"ListItem\",\"position\":2,\"name\":\"Visita guidata di Brema: la Boettcherstrasse- Bremer Promenaden\"}]},{\"@type\":\"WebSite\",\"@id\":\"https:\\\/\\\/www.bremer-promenaden.de\\\/#website\",\"url\":\"https:\\\/\\\/www.bremer-promenaden.de\\\/\",\"name\":\"Bremer Promenaden\",\"description\":\"Rundg\u00e4nge durch Bremen und um zu\",\"potentialAction\":[{\"@type\":\"SearchAction\",\"target\":{\"@type\":\"EntryPoint\",\"urlTemplate\":\"https:\\\/\\\/www.bremer-promenaden.de\\\/?s={search_term_string}\"},\"query-input\":{\"@type\":\"PropertyValueSpecification\",\"valueRequired\":true,\"valueName\":\"search_term_string\"}}],\"inLanguage\":\"it-IT\"}]}<\/script>\n<!-- \/ Yoast SEO plugin. -->","yoast_head_json":{"title":"Visita guidata di Brema: la Boettcherstrasse- Bremer Promenaden - Bremer Promenaden","description":"La visita alla Boettcherstrasse (la strada dei bottai) ci conduce sia all'arte che al caff\u00e8. Bremer Promenaden ne racconta la storia anche in italiano e francese.","robots":{"index":"index","follow":"follow","max-snippet":"max-snippet:-1","max-image-preview":"max-image-preview:large","max-video-preview":"max-video-preview:-1"},"canonical":"https:\/\/www.bremer-promenaden.de\/it\/visita-guidata-di-brema-la-boettcherstrasse-bremer-promenaden\/","og_locale":"it_IT","og_type":"article","og_title":"Visita guidata di Brema: la Boettcherstrasse- Bremer Promenaden - Bremer Promenaden","og_description":"La visita alla Boettcherstrasse (la strada dei bottai) ci conduce sia all'arte che al caff\u00e8. Bremer Promenaden ne racconta la storia anche in italiano e francese.","og_url":"https:\/\/www.bremer-promenaden.de\/it\/visita-guidata-di-brema-la-boettcherstrasse-bremer-promenaden\/","og_site_name":"Bremer Promenaden","article_modified_time":"2026-01-07T09:44:23+00:00","twitter_card":"summary_large_image","twitter_misc":{"Tempo di lettura stimato":"3 minuti"},"schema":{"@context":"https:\/\/schema.org","@graph":[{"@type":"WebPage","@id":"https:\/\/www.bremer-promenaden.de\/it\/visita-guidata-di-brema-la-boettcherstrasse-bremer-promenaden\/","url":"https:\/\/www.bremer-promenaden.de\/it\/visita-guidata-di-brema-la-boettcherstrasse-bremer-promenaden\/","name":"Visita guidata di Brema: la Boettcherstrasse- Bremer Promenaden - Bremer Promenaden","isPartOf":{"@id":"https:\/\/www.bremer-promenaden.de\/#website"},"datePublished":"2017-05-17T10:52:32+00:00","dateModified":"2026-01-07T09:44:23+00:00","description":"La visita alla Boettcherstrasse (la strada dei bottai) ci conduce sia all'arte che al caff\u00e8. Bremer Promenaden ne racconta la storia anche in italiano e francese.","breadcrumb":{"@id":"https:\/\/www.bremer-promenaden.de\/it\/visita-guidata-di-brema-la-boettcherstrasse-bremer-promenaden\/#breadcrumb"},"inLanguage":"it-IT","potentialAction":[{"@type":"ReadAction","target":["https:\/\/www.bremer-promenaden.de\/it\/visita-guidata-di-brema-la-boettcherstrasse-bremer-promenaden\/"]}]},{"@type":"BreadcrumbList","@id":"https:\/\/www.bremer-promenaden.de\/it\/visita-guidata-di-brema-la-boettcherstrasse-bremer-promenaden\/#breadcrumb","itemListElement":[{"@type":"ListItem","position":1,"name":"Startseite","item":"https:\/\/www.bremer-promenaden.de\/it\/"},{"@type":"ListItem","position":2,"name":"Visita guidata di Brema: la Boettcherstrasse- Bremer Promenaden"}]},{"@type":"WebSite","@id":"https:\/\/www.bremer-promenaden.de\/#website","url":"https:\/\/www.bremer-promenaden.de\/","name":"Bremer Promenaden","description":"Rundg\u00e4nge durch Bremen und um zu","potentialAction":[{"@type":"SearchAction","target":{"@type":"EntryPoint","urlTemplate":"https:\/\/www.bremer-promenaden.de\/?s={search_term_string}"},"query-input":{"@type":"PropertyValueSpecification","valueRequired":true,"valueName":"search_term_string"}}],"inLanguage":"it-IT"}]}},"jetpack_sharing_enabled":true,"jetpack_shortlink":"https:\/\/wp.me\/P9FEkD-6r","_links":{"self":[{"href":"https:\/\/www.bremer-promenaden.de\/it\/wp-json\/wp\/v2\/pages\/399","targetHints":{"allow":["GET"]}}],"collection":[{"href":"https:\/\/www.bremer-promenaden.de\/it\/wp-json\/wp\/v2\/pages"}],"about":[{"href":"https:\/\/www.bremer-promenaden.de\/it\/wp-json\/wp\/v2\/types\/page"}],"author":[{"embeddable":true,"href":"https:\/\/www.bremer-promenaden.de\/it\/wp-json\/wp\/v2\/users\/1"}],"replies":[{"embeddable":true,"href":"https:\/\/www.bremer-promenaden.de\/it\/wp-json\/wp\/v2\/comments?post=399"}],"version-history":[{"count":21,"href":"https:\/\/www.bremer-promenaden.de\/it\/wp-json\/wp\/v2\/pages\/399\/revisions"}],"predecessor-version":[{"id":3658,"href":"https:\/\/www.bremer-promenaden.de\/it\/wp-json\/wp\/v2\/pages\/399\/revisions\/3658"}],"wp:attachment":[{"href":"https:\/\/www.bremer-promenaden.de\/it\/wp-json\/wp\/v2\/media?parent=399"}],"curies":[{"name":"wp","href":"https:\/\/api.w.org\/{rel}","templated":true}]}}