{"id":387,"date":"2017-05-17T12:23:19","date_gmt":"2017-05-17T10:23:19","guid":{"rendered":"http:\/\/www.bremer-promenaden.de\/centro-storico-di-brema-dalla-statua-del-roland-allo-schnoor\/"},"modified":"2025-12-22T12:31:42","modified_gmt":"2025-12-22T11:31:42","slug":"centro-storico-di-brema-dalla-statua-del-roland-allo-schnoor","status":"publish","type":"page","link":"https:\/\/www.bremer-promenaden.de\/it\/centro-storico-di-brema-dalla-statua-del-roland-allo-schnoor\/","title":{"rendered":"Centro storico di Brema dalla statua del Roland allo Schnoor"},"content":{"rendered":"<div id='full_slider_1'  class='avia-fullwidth-slider main_color avia-shadow   avia-builder-el-0  el_before_av_one_full  avia-builder-el-first   container_wrap fullsize'  ><div  class='avia-slideshow av-254ou2-08e05cd36cea31649d70afd9ec5dfedc avia-slideshow-featured av_slideshow_full avia-fade-slider av-slideshow-ui av-control-default av-slideshow-autoplay av-loop-endless av-loop-manual-endless av-default-height-applied   avia-slideshow-1' data-slideshow-options=\"{&quot;animation&quot;:&quot;fade&quot;,&quot;autoplay&quot;:true,&quot;loop_autoplay&quot;:&quot;endless&quot;,&quot;interval&quot;:5,&quot;loop_manual&quot;:&quot;manual-endless&quot;,&quot;autoplay_stopper&quot;:false,&quot;noNavigation&quot;:false,&quot;bg_slider&quot;:false,&quot;keep_padding&quot;:false,&quot;hoverpause&quot;:false,&quot;show_slide_delay&quot;:0}\"  itemprop=\"image\" itemscope=\"itemscope\" itemtype=\"https:\/\/schema.org\/ImageObject\" ><ul class='avia-slideshow-inner ' style='padding-bottom: 28.666666666667%;'><li  class='avia-slideshow-slide av-254ou2-08e05cd36cea31649d70afd9ec5dfedc__0  slide-1 slide-odd'><div data-rel='slideshow-1' class='avia-slide-wrap '   ><img decoding=\"async\" fetchpriority=\"high\" class=\"wp-image-1100 avia-img-lazy-loading-not-1100\"  src=\"https:\/\/www.bremer-promenaden.de\/wp-content\/uploads\/2018\/04\/20170816-100601-0430.jpg\" width=\"1500\" height=\"430\" title='20170816-100601-0430' alt='Bremer Rathaus und Roland sind \u00fcber 600 Jahre alt.'  itemprop=\"thumbnailUrl\" srcset=\"https:\/\/www.bremer-promenaden.de\/wp-content\/uploads\/2018\/04\/20170816-100601-0430.jpg 1500w, https:\/\/www.bremer-promenaden.de\/wp-content\/uploads\/2018\/04\/20170816-100601-0430-300x86.jpg 300w, https:\/\/www.bremer-promenaden.de\/wp-content\/uploads\/2018\/04\/20170816-100601-0430-768x220.jpg 768w, https:\/\/www.bremer-promenaden.de\/wp-content\/uploads\/2018\/04\/20170816-100601-0430-1030x295.jpg 1030w, https:\/\/www.bremer-promenaden.de\/wp-content\/uploads\/2018\/04\/20170816-100601-0430-705x202.jpg 705w, https:\/\/www.bremer-promenaden.de\/wp-content\/uploads\/2018\/04\/20170816-100601-0430-450x129.jpg 450w\" sizes=\"(max-width: 1500px) 100vw, 1500px\" \/><\/div><\/li><li  class='avia-slideshow-slide av-254ou2-08e05cd36cea31649d70afd9ec5dfedc__1  slide-2 slide-even'><div data-rel='slideshow-1' class='avia-slide-wrap '   ><img decoding=\"async\" fetchpriority=\"high\" class=\"wp-image-1166 avia-img-lazy-loading-not-1166\"  src=\"https:\/\/www.bremer-promenaden.de\/wp-content\/uploads\/2018\/04\/20170816-131139-0430.jpg\" width=\"1500\" height=\"430\" title='20170816-131139-0430' alt='Bremen Dom Mittelschiff'  itemprop=\"thumbnailUrl\" srcset=\"https:\/\/www.bremer-promenaden.de\/wp-content\/uploads\/2018\/04\/20170816-131139-0430.jpg 1500w, https:\/\/www.bremer-promenaden.de\/wp-content\/uploads\/2018\/04\/20170816-131139-0430-300x86.jpg 300w, https:\/\/www.bremer-promenaden.de\/wp-content\/uploads\/2018\/04\/20170816-131139-0430-768x220.jpg 768w, https:\/\/www.bremer-promenaden.de\/wp-content\/uploads\/2018\/04\/20170816-131139-0430-1030x295.jpg 1030w, https:\/\/www.bremer-promenaden.de\/wp-content\/uploads\/2018\/04\/20170816-131139-0430-705x202.jpg 705w, https:\/\/www.bremer-promenaden.de\/wp-content\/uploads\/2018\/04\/20170816-131139-0430-450x129.jpg 450w\" sizes=\"(max-width: 1500px) 100vw, 1500px\" \/><\/div><\/li><li  class='avia-slideshow-slide av-254ou2-08e05cd36cea31649d70afd9ec5dfedc__2  slide-3 slide-odd'><div data-rel='slideshow-1' class='avia-slide-wrap '   ><img decoding=\"async\" fetchpriority=\"high\" class=\"wp-image-1150 avia-img-lazy-loading-not-1150\"  src=\"https:\/\/www.bremer-promenaden.de\/wp-content\/uploads\/2018\/04\/20170816-102519-0430.jpg\" width=\"1500\" height=\"430\" title='20170816-102519-0430' alt='Das Symbol der Bergenfahrer am Bremer Sch\u00fctting.'  itemprop=\"thumbnailUrl\" srcset=\"https:\/\/www.bremer-promenaden.de\/wp-content\/uploads\/2018\/04\/20170816-102519-0430.jpg 1500w, https:\/\/www.bremer-promenaden.de\/wp-content\/uploads\/2018\/04\/20170816-102519-0430-300x86.jpg 300w, https:\/\/www.bremer-promenaden.de\/wp-content\/uploads\/2018\/04\/20170816-102519-0430-768x220.jpg 768w, https:\/\/www.bremer-promenaden.de\/wp-content\/uploads\/2018\/04\/20170816-102519-0430-1030x295.jpg 1030w, https:\/\/www.bremer-promenaden.de\/wp-content\/uploads\/2018\/04\/20170816-102519-0430-705x202.jpg 705w, https:\/\/www.bremer-promenaden.de\/wp-content\/uploads\/2018\/04\/20170816-102519-0430-450x129.jpg 450w\" sizes=\"(max-width: 1500px) 100vw, 1500px\" \/><\/div><\/li><li  class='avia-slideshow-slide av-254ou2-08e05cd36cea31649d70afd9ec5dfedc__3  slide-4 slide-even'><div data-rel='slideshow-1' class='avia-slide-wrap '   ><img decoding=\"async\" fetchpriority=\"high\" class=\"wp-image-1162 avia-img-lazy-loading-not-1162\"  src=\"https:\/\/www.bremer-promenaden.de\/wp-content\/uploads\/2018\/04\/20170816-125914-0430.jpg\" width=\"1500\" height=\"430\" title='20170816-125914-0430' alt='An der Liebfrauenkirche essen die Bremer Bratwurst.'  itemprop=\"thumbnailUrl\" srcset=\"https:\/\/www.bremer-promenaden.de\/wp-content\/uploads\/2018\/04\/20170816-125914-0430.jpg 1500w, https:\/\/www.bremer-promenaden.de\/wp-content\/uploads\/2018\/04\/20170816-125914-0430-300x86.jpg 300w, https:\/\/www.bremer-promenaden.de\/wp-content\/uploads\/2018\/04\/20170816-125914-0430-768x220.jpg 768w, https:\/\/www.bremer-promenaden.de\/wp-content\/uploads\/2018\/04\/20170816-125914-0430-1030x295.jpg 1030w, https:\/\/www.bremer-promenaden.de\/wp-content\/uploads\/2018\/04\/20170816-125914-0430-705x202.jpg 705w, https:\/\/www.bremer-promenaden.de\/wp-content\/uploads\/2018\/04\/20170816-125914-0430-450x129.jpg 450w\" sizes=\"(max-width: 1500px) 100vw, 1500px\" \/><\/div><\/li><li  class='avia-slideshow-slide av-254ou2-08e05cd36cea31649d70afd9ec5dfedc__4  slide-5 slide-odd'><div data-rel='slideshow-1' class='avia-slide-wrap '   ><img decoding=\"async\" fetchpriority=\"high\" class=\"wp-image-1158 avia-img-lazy-loading-not-1158\"  src=\"https:\/\/www.bremer-promenaden.de\/wp-content\/uploads\/2018\/04\/20170816-121847-0430.jpg\" width=\"1500\" height=\"430\" title='20170816-121847-0430' alt='Viele sch\u00f6ne Details kann man an der Bremer Stadtwaage entdecken.'  itemprop=\"thumbnailUrl\" srcset=\"https:\/\/www.bremer-promenaden.de\/wp-content\/uploads\/2018\/04\/20170816-121847-0430.jpg 1500w, https:\/\/www.bremer-promenaden.de\/wp-content\/uploads\/2018\/04\/20170816-121847-0430-300x86.jpg 300w, https:\/\/www.bremer-promenaden.de\/wp-content\/uploads\/2018\/04\/20170816-121847-0430-768x220.jpg 768w, https:\/\/www.bremer-promenaden.de\/wp-content\/uploads\/2018\/04\/20170816-121847-0430-1030x295.jpg 1030w, https:\/\/www.bremer-promenaden.de\/wp-content\/uploads\/2018\/04\/20170816-121847-0430-705x202.jpg 705w, https:\/\/www.bremer-promenaden.de\/wp-content\/uploads\/2018\/04\/20170816-121847-0430-450x129.jpg 450w\" sizes=\"(max-width: 1500px) 100vw, 1500px\" \/><\/div><\/li><li  class='avia-slideshow-slide av-254ou2-08e05cd36cea31649d70afd9ec5dfedc__5  slide-6 slide-even'><div data-rel='slideshow-1' class='avia-slide-wrap '   ><img decoding=\"async\" fetchpriority=\"high\" class=\"wp-image-1154 avia-img-lazy-loading-not-1154\"  src=\"https:\/\/www.bremer-promenaden.de\/wp-content\/uploads\/2018\/04\/20170816-103230-0430.jpg\" width=\"1500\" height=\"430\" title='20170816-103230-0430' alt='Der Esel der Bremer Stadtmusikanten ist sehr beliebt.'  itemprop=\"thumbnailUrl\" srcset=\"https:\/\/www.bremer-promenaden.de\/wp-content\/uploads\/2018\/04\/20170816-103230-0430.jpg 1500w, https:\/\/www.bremer-promenaden.de\/wp-content\/uploads\/2018\/04\/20170816-103230-0430-300x86.jpg 300w, https:\/\/www.bremer-promenaden.de\/wp-content\/uploads\/2018\/04\/20170816-103230-0430-768x220.jpg 768w, https:\/\/www.bremer-promenaden.de\/wp-content\/uploads\/2018\/04\/20170816-103230-0430-1030x295.jpg 1030w, https:\/\/www.bremer-promenaden.de\/wp-content\/uploads\/2018\/04\/20170816-103230-0430-705x202.jpg 705w, https:\/\/www.bremer-promenaden.de\/wp-content\/uploads\/2018\/04\/20170816-103230-0430-450x129.jpg 450w\" sizes=\"(max-width: 1500px) 100vw, 1500px\" \/><\/div><\/li><li  class='avia-slideshow-slide av-254ou2-08e05cd36cea31649d70afd9ec5dfedc__6  slide-7 slide-odd'><div data-rel='slideshow-1' class='avia-slide-wrap '   ><img decoding=\"async\" fetchpriority=\"high\" class=\"wp-image-1170 avia-img-lazy-loading-not-1170\"  src=\"https:\/\/www.bremer-promenaden.de\/wp-content\/uploads\/2018\/04\/20170816-132947-0430.jpg\" width=\"1500\" height=\"430\" title='20170816-132947-0430' alt='Bernhard Hoetger schuf viele Skulpturen in der Bremer B\u00f6ttcherstra\u00dfe.'  itemprop=\"thumbnailUrl\" srcset=\"https:\/\/www.bremer-promenaden.de\/wp-content\/uploads\/2018\/04\/20170816-132947-0430.jpg 1500w, https:\/\/www.bremer-promenaden.de\/wp-content\/uploads\/2018\/04\/20170816-132947-0430-300x86.jpg 300w, https:\/\/www.bremer-promenaden.de\/wp-content\/uploads\/2018\/04\/20170816-132947-0430-768x220.jpg 768w, https:\/\/www.bremer-promenaden.de\/wp-content\/uploads\/2018\/04\/20170816-132947-0430-1030x295.jpg 1030w, https:\/\/www.bremer-promenaden.de\/wp-content\/uploads\/2018\/04\/20170816-132947-0430-705x202.jpg 705w, https:\/\/www.bremer-promenaden.de\/wp-content\/uploads\/2018\/04\/20170816-132947-0430-450x129.jpg 450w\" sizes=\"(max-width: 1500px) 100vw, 1500px\" \/><\/div><\/li><li  class='avia-slideshow-slide av-254ou2-08e05cd36cea31649d70afd9ec5dfedc__7  slide-8 slide-even'><div data-rel='slideshow-1' class='avia-slide-wrap '   ><img decoding=\"async\" fetchpriority=\"high\" class=\"wp-image-1370 avia-img-lazy-loading-not-1370\"  src=\"https:\/\/www.bremer-promenaden.de\/wp-content\/uploads\/2018\/04\/20170816-141928-0430.jpg\" width=\"1500\" height=\"430\" title='20170816-141928-0430' alt='Bummeln im Schnoor, Bremens \u00e4ltestem Viertel.'  itemprop=\"thumbnailUrl\" srcset=\"https:\/\/www.bremer-promenaden.de\/wp-content\/uploads\/2018\/04\/20170816-141928-0430.jpg 1500w, https:\/\/www.bremer-promenaden.de\/wp-content\/uploads\/2018\/04\/20170816-141928-0430-300x86.jpg 300w, https:\/\/www.bremer-promenaden.de\/wp-content\/uploads\/2018\/04\/20170816-141928-0430-768x220.jpg 768w, https:\/\/www.bremer-promenaden.de\/wp-content\/uploads\/2018\/04\/20170816-141928-0430-1030x295.jpg 1030w, https:\/\/www.bremer-promenaden.de\/wp-content\/uploads\/2018\/04\/20170816-141928-0430-705x202.jpg 705w, https:\/\/www.bremer-promenaden.de\/wp-content\/uploads\/2018\/04\/20170816-141928-0430-450x129.jpg 450w\" sizes=\"(max-width: 1500px) 100vw, 1500px\" \/><\/div><\/li><\/ul><div class='avia-slideshow-arrows avia-slideshow-controls' ><a href='#prev' class='prev-slide  avia-svg-icon avia-font-svg_entypo-fontello' data-av_svg_icon='left-open-big' data-av_iconset='svg_entypo-fontello' tabindex='-1' title=\"Prec\"><svg version=\"1.1\" xmlns=\"http:\/\/www.w3.org\/2000\/svg\" width=\"15\" height=\"32\" viewBox=\"0 0 15 32\" preserveAspectRatio=\"xMidYMid meet\" aria-labelledby='av-svg-title-1' aria-describedby='av-svg-desc-1' role=\"graphics-symbol\" aria-hidden=\"true\">\n<title id='av-svg-title-1'>Prec<\/title>\n<desc id='av-svg-desc-1'>Prec<\/desc>\n<path d=\"M14.464 27.84q0.832 0.832 0 1.536-0.832 0.832-1.536 0l-12.544-12.608q-0.768-0.768 0-1.6l12.544-12.608q0.704-0.832 1.536 0 0.832 0.704 0 1.536l-11.456 11.904z\"><\/path>\n<\/svg><span class='avia_hidden_link_text'>Prec<\/span><\/a><a href='#next' class='next-slide  avia-svg-icon avia-font-svg_entypo-fontello' data-av_svg_icon='right-open-big' data-av_iconset='svg_entypo-fontello' tabindex='-1' title=\"Succ\"><svg version=\"1.1\" xmlns=\"http:\/\/www.w3.org\/2000\/svg\" width=\"15\" height=\"32\" viewBox=\"0 0 15 32\" preserveAspectRatio=\"xMidYMid meet\" aria-labelledby='av-svg-title-2' aria-describedby='av-svg-desc-2' role=\"graphics-symbol\" aria-hidden=\"true\">\n<title id='av-svg-title-2'>Succ<\/title>\n<desc id='av-svg-desc-2'>Succ<\/desc>\n<path d=\"M0.416 27.84l11.456-11.84-11.456-11.904q-0.832-0.832 0-1.536 0.832-0.832 1.536 0l12.544 12.608q0.768 0.832 0 1.6l-12.544 12.608q-0.704 0.832-1.536 0-0.832-0.704 0-1.536z\"><\/path>\n<\/svg><span class='avia_hidden_link_text'>Succ<\/span><\/a><\/div><div class='avia-slideshow-dots avia-slideshow-controls'><a href='#1' class='goto-slide active' >1<\/a><a href='#2' class='goto-slide ' >2<\/a><a href='#3' class='goto-slide ' >3<\/a><a href='#4' class='goto-slide ' >4<\/a><a href='#5' class='goto-slide ' >5<\/a><a href='#6' class='goto-slide ' >6<\/a><a href='#7' class='goto-slide ' >7<\/a><a href='#8' class='goto-slide ' >8<\/a><\/div><\/div><\/div><div id='after_full_slider_1'  class='main_color av_default_container_wrap container_wrap fullsize'  ><div class='container av-section-cont-open' ><div class='template-page content  av-content-full alpha units'><div class='post-entry post-entry-type-page post-entry-387'><div class='entry-content-wrapper clearfix'>\n\n<style type=\"text\/css\" data-created_by=\"avia_inline_auto\" id=\"style-css-av-hqbcq-6a9ad49b954b49cccb69567933dbd9f7\">\n.flex_column.av-hqbcq-6a9ad49b954b49cccb69567933dbd9f7{\nborder-radius:0px 0px 0px 0px;\npadding:0px 0px 0px 0px;\n}\n<\/style>\n<div  class='flex_column av-hqbcq-6a9ad49b954b49cccb69567933dbd9f7 av_one_full  avia-builder-el-1  el_after_av_slideshow_full  avia-builder-el-no-sibling  first flex_column_div av-zero-column-padding  '     ><section  class='av_textblock_section av-bp7rm-b89ad42f941b6e8944fc51b6ad02e70c '   itemscope=\"itemscope\" itemtype=\"https:\/\/schema.org\/CreativeWork\" ><div class='avia_textblock'  itemprop=\"text\" ><h1>Pav\u00e9 e vicoli \u2013 visita guidata nel centro storico di Brema<\/h1>\n<p>La gente di Brema \u00e8 orgogliosa della sua storia e della libert\u00e0 che ha caratterizzato quest\u2019ultima. La statua del Roland (il paladino Orlando, morto a Roncisvalle) del 1404 e il municipio del 1405 fanno parte del patrimonio dell&#8217;Umanit\u00e0 UNESCO a partire dal 2004.<\/p>\n<p>Durante la visita apprenderete inoltre a chi il <a href=\"http:\/\/www.bremer-promenaden.de\/it\/visite-guidate-di-brema-municipio-bremer-promenaden\/\">municipio<\/a> ha impedito la vista 600 anni fa, che cosa uno deve fare per ritornare sicuramente a Brema, quale concorso hanno fatto i consiglieri e i commercianti della citt\u00e0 e perch\u00e9 Brema veniva chiamata \u201ela Roma del nord\u201c.<\/p>\n<p>Nella <a href=\"http:\/\/www.bremer-promenaden.de\/it\/visita-guidata-di-brema-la-boettcherstrasse-bremer-promenaden\/\">Boettcherstrasse<\/a>, facciamo conoscenza con il commerciante di caff\u00e8 Ludwig Roselius, con l&#8217;artista <a href=\"https:\/\/it.wikipedia.org\/wiki\/Bernhard_Hoetger\" target=\"_blank\" rel=\"noopener\">Bernhard Hoetger<\/a> e con la pittrice <a href=\"https:\/\/it.wikipedia.org\/wiki\/Paula_Modersohn-Becker\" target=\"_blank\" rel=\"noopener\">Paula Modersohn Becker<\/a>; insieme a loro scopriamo anche l\u2019importanza di <a href=\"http:\/\/www.bremer-promenaden.de\/it\/scoprire-worpswede-il-villaggio-degli-artisti\/\">Worpswede<\/a>.\u00a0Nello <a href=\"http:\/\/www.bremer-promenaden.de\/it\/visita-al-quartiere-dello-schnoor-a-brema\/\">Schnoor<\/a>, il pi\u00f9 vecchio quartiere della citt\u00e0 anseatica, passiamo nel vicolo pi\u00f9 stretto e davanti alla casa pi\u00f9 piccola della citt\u00e0 di Brema.<\/p>\n<h2>La visita guidata \u201e Dalla statua di Roland allo Schnoor\u201c, i dati:<\/h2>\n<p>Bremer Promenaden offre questa visita in francese, italiano, inglese e naturalmente in tedesco.<\/p>\n<p><strong>Stazioni del giro:<\/strong> piazza del mercato con municipio e Roland, Sch\u00fctting (sede della camera di commercio di Brema), Bremische B\u00fcrgerschaft (parlamento), Liebfrauenkirche (chiesa della nostra signora), Duomo di San Pietro, musicanti di Brema, Boettcherstrasse, Schnoor.<\/p>\n<p><strong>Durata della visita<\/strong>: tre ore, attenzione, indossate scarpe comode, dappertutto c\u2019\u00e8 il pav\u00e9.<\/p>\n<p><strong>Buono a sapersi<\/strong>: se le chiese sono aperte per visitatori, ci si pu\u00f2 sedersi e riposarsi. Un bagno pubblico si trova vicino alla piazza del mercato.<\/p>\n<h3>Gruppi e prezzi<\/h3>\n<p>25 persone al massimo, due ore per 195,00 euro, tre ore per 250,00 euro<\/p>\n<\/div><\/section><\/div>\n","protected":false},"excerpt":{"rendered":"","protected":false},"author":1,"featured_media":0,"parent":0,"menu_order":0,"comment_status":"closed","ping_status":"closed","template":"","meta":{"footnotes":""},"class_list":["post-387","page","type-page","status-publish","hentry"],"yoast_head":"<!-- This site is optimized with the Yoast SEO plugin v27.4 - https:\/\/yoast.com\/product\/yoast-seo-wordpress\/ -->\n<title>Centro storico di Brema dalla statua del Roland allo Schnoor - Bremer Promenaden<\/title>\n<meta name=\"description\" content=\"Il municipio e la statua del Roland sono i simboli della libert\u00e0 di Brema, lo Schnoor ci mostra parte della sua storia. Scopritene i meravigliosi dettagli con le visite guidate di Bremer Promenaden.\" \/>\n<meta name=\"robots\" content=\"index, follow, max-snippet:-1, max-image-preview:large, max-video-preview:-1\" \/>\n<link rel=\"canonical\" href=\"https:\/\/www.bremer-promenaden.de\/it\/centro-storico-di-brema-dalla-statua-del-roland-allo-schnoor\/\" \/>\n<meta property=\"og:locale\" content=\"it_IT\" \/>\n<meta property=\"og:type\" content=\"article\" \/>\n<meta property=\"og:title\" content=\"Centro storico di Brema dalla statua del Roland allo Schnoor - Bremer Promenaden\" \/>\n<meta property=\"og:description\" content=\"Il municipio e la statua del Roland sono i simboli della libert\u00e0 di Brema, lo Schnoor ci mostra parte della sua storia. Scopritene i meravigliosi dettagli con le visite guidate di Bremer Promenaden.\" \/>\n<meta property=\"og:url\" content=\"https:\/\/www.bremer-promenaden.de\/it\/centro-storico-di-brema-dalla-statua-del-roland-allo-schnoor\/\" \/>\n<meta property=\"og:site_name\" content=\"Bremer Promenaden\" \/>\n<meta property=\"article:modified_time\" content=\"2025-12-22T11:31:42+00:00\" \/>\n<meta name=\"twitter:card\" content=\"summary_large_image\" \/>\n<meta name=\"twitter:label1\" content=\"Tempo di lettura stimato\" \/>\n\t<meta name=\"twitter:data1\" content=\"3 minuti\" \/>\n<script type=\"application\/ld+json\" class=\"yoast-schema-graph\">{\"@context\":\"https:\\\/\\\/schema.org\",\"@graph\":[{\"@type\":\"WebPage\",\"@id\":\"https:\\\/\\\/www.bremer-promenaden.de\\\/it\\\/centro-storico-di-brema-dalla-statua-del-roland-allo-schnoor\\\/\",\"url\":\"https:\\\/\\\/www.bremer-promenaden.de\\\/it\\\/centro-storico-di-brema-dalla-statua-del-roland-allo-schnoor\\\/\",\"name\":\"Centro storico di Brema dalla statua del Roland allo Schnoor - Bremer Promenaden\",\"isPartOf\":{\"@id\":\"https:\\\/\\\/www.bremer-promenaden.de\\\/#website\"},\"datePublished\":\"2017-05-17T10:23:19+00:00\",\"dateModified\":\"2025-12-22T11:31:42+00:00\",\"description\":\"Il municipio e la statua del Roland sono i simboli della libert\u00e0 di Brema, lo Schnoor ci mostra parte della sua storia. Scopritene i meravigliosi dettagli con le visite guidate di Bremer Promenaden.\",\"breadcrumb\":{\"@id\":\"https:\\\/\\\/www.bremer-promenaden.de\\\/it\\\/centro-storico-di-brema-dalla-statua-del-roland-allo-schnoor\\\/#breadcrumb\"},\"inLanguage\":\"it-IT\",\"potentialAction\":[{\"@type\":\"ReadAction\",\"target\":[\"https:\\\/\\\/www.bremer-promenaden.de\\\/it\\\/centro-storico-di-brema-dalla-statua-del-roland-allo-schnoor\\\/\"]}]},{\"@type\":\"BreadcrumbList\",\"@id\":\"https:\\\/\\\/www.bremer-promenaden.de\\\/it\\\/centro-storico-di-brema-dalla-statua-del-roland-allo-schnoor\\\/#breadcrumb\",\"itemListElement\":[{\"@type\":\"ListItem\",\"position\":1,\"name\":\"Startseite\",\"item\":\"https:\\\/\\\/www.bremer-promenaden.de\\\/it\\\/\"},{\"@type\":\"ListItem\",\"position\":2,\"name\":\"Centro storico di Brema dalla statua del Roland allo Schnoor\"}]},{\"@type\":\"WebSite\",\"@id\":\"https:\\\/\\\/www.bremer-promenaden.de\\\/#website\",\"url\":\"https:\\\/\\\/www.bremer-promenaden.de\\\/\",\"name\":\"Bremer Promenaden\",\"description\":\"Rundg\u00e4nge durch Bremen und um zu\",\"potentialAction\":[{\"@type\":\"SearchAction\",\"target\":{\"@type\":\"EntryPoint\",\"urlTemplate\":\"https:\\\/\\\/www.bremer-promenaden.de\\\/?s={search_term_string}\"},\"query-input\":{\"@type\":\"PropertyValueSpecification\",\"valueRequired\":true,\"valueName\":\"search_term_string\"}}],\"inLanguage\":\"it-IT\"}]}<\/script>\n<!-- \/ Yoast SEO plugin. -->","yoast_head_json":{"title":"Centro storico di Brema dalla statua del Roland allo Schnoor - Bremer Promenaden","description":"Il municipio e la statua del Roland sono i simboli della libert\u00e0 di Brema, lo Schnoor ci mostra parte della sua storia. Scopritene i meravigliosi dettagli con le visite guidate di Bremer Promenaden.","robots":{"index":"index","follow":"follow","max-snippet":"max-snippet:-1","max-image-preview":"max-image-preview:large","max-video-preview":"max-video-preview:-1"},"canonical":"https:\/\/www.bremer-promenaden.de\/it\/centro-storico-di-brema-dalla-statua-del-roland-allo-schnoor\/","og_locale":"it_IT","og_type":"article","og_title":"Centro storico di Brema dalla statua del Roland allo Schnoor - Bremer Promenaden","og_description":"Il municipio e la statua del Roland sono i simboli della libert\u00e0 di Brema, lo Schnoor ci mostra parte della sua storia. Scopritene i meravigliosi dettagli con le visite guidate di Bremer Promenaden.","og_url":"https:\/\/www.bremer-promenaden.de\/it\/centro-storico-di-brema-dalla-statua-del-roland-allo-schnoor\/","og_site_name":"Bremer Promenaden","article_modified_time":"2025-12-22T11:31:42+00:00","twitter_card":"summary_large_image","twitter_misc":{"Tempo di lettura stimato":"3 minuti"},"schema":{"@context":"https:\/\/schema.org","@graph":[{"@type":"WebPage","@id":"https:\/\/www.bremer-promenaden.de\/it\/centro-storico-di-brema-dalla-statua-del-roland-allo-schnoor\/","url":"https:\/\/www.bremer-promenaden.de\/it\/centro-storico-di-brema-dalla-statua-del-roland-allo-schnoor\/","name":"Centro storico di Brema dalla statua del Roland allo Schnoor - Bremer Promenaden","isPartOf":{"@id":"https:\/\/www.bremer-promenaden.de\/#website"},"datePublished":"2017-05-17T10:23:19+00:00","dateModified":"2025-12-22T11:31:42+00:00","description":"Il municipio e la statua del Roland sono i simboli della libert\u00e0 di Brema, lo Schnoor ci mostra parte della sua storia. Scopritene i meravigliosi dettagli con le visite guidate di Bremer Promenaden.","breadcrumb":{"@id":"https:\/\/www.bremer-promenaden.de\/it\/centro-storico-di-brema-dalla-statua-del-roland-allo-schnoor\/#breadcrumb"},"inLanguage":"it-IT","potentialAction":[{"@type":"ReadAction","target":["https:\/\/www.bremer-promenaden.de\/it\/centro-storico-di-brema-dalla-statua-del-roland-allo-schnoor\/"]}]},{"@type":"BreadcrumbList","@id":"https:\/\/www.bremer-promenaden.de\/it\/centro-storico-di-brema-dalla-statua-del-roland-allo-schnoor\/#breadcrumb","itemListElement":[{"@type":"ListItem","position":1,"name":"Startseite","item":"https:\/\/www.bremer-promenaden.de\/it\/"},{"@type":"ListItem","position":2,"name":"Centro storico di Brema dalla statua del Roland allo Schnoor"}]},{"@type":"WebSite","@id":"https:\/\/www.bremer-promenaden.de\/#website","url":"https:\/\/www.bremer-promenaden.de\/","name":"Bremer Promenaden","description":"Rundg\u00e4nge durch Bremen und um zu","potentialAction":[{"@type":"SearchAction","target":{"@type":"EntryPoint","urlTemplate":"https:\/\/www.bremer-promenaden.de\/?s={search_term_string}"},"query-input":{"@type":"PropertyValueSpecification","valueRequired":true,"valueName":"search_term_string"}}],"inLanguage":"it-IT"}]}},"jetpack_sharing_enabled":true,"jetpack_shortlink":"https:\/\/wp.me\/P9FEkD-6f","_links":{"self":[{"href":"https:\/\/www.bremer-promenaden.de\/it\/wp-json\/wp\/v2\/pages\/387","targetHints":{"allow":["GET"]}}],"collection":[{"href":"https:\/\/www.bremer-promenaden.de\/it\/wp-json\/wp\/v2\/pages"}],"about":[{"href":"https:\/\/www.bremer-promenaden.de\/it\/wp-json\/wp\/v2\/types\/page"}],"author":[{"embeddable":true,"href":"https:\/\/www.bremer-promenaden.de\/it\/wp-json\/wp\/v2\/users\/1"}],"replies":[{"embeddable":true,"href":"https:\/\/www.bremer-promenaden.de\/it\/wp-json\/wp\/v2\/comments?post=387"}],"version-history":[{"count":17,"href":"https:\/\/www.bremer-promenaden.de\/it\/wp-json\/wp\/v2\/pages\/387\/revisions"}],"predecessor-version":[{"id":3641,"href":"https:\/\/www.bremer-promenaden.de\/it\/wp-json\/wp\/v2\/pages\/387\/revisions\/3641"}],"wp:attachment":[{"href":"https:\/\/www.bremer-promenaden.de\/it\/wp-json\/wp\/v2\/media?parent=387"}],"curies":[{"name":"wp","href":"https:\/\/api.w.org\/{rel}","templated":true}]}}