{"id":3042,"date":"2024-03-26T12:30:50","date_gmt":"2024-03-26T11:30:50","guid":{"rendered":"https:\/\/www.bremer-promenaden.de\/un-giorno-piu-x\/"},"modified":"2026-01-09T15:49:40","modified_gmt":"2026-01-09T14:49:40","slug":"un-giorno-piu-x","status":"publish","type":"page","link":"https:\/\/www.bremer-promenaden.de\/it\/un-giorno-piu-x\/","title":{"rendered":"Un giorno pi\u00f9 X"},"content":{"rendered":"<div id='full_slider_1'  class='avia-fullwidth-slider main_color avia-shadow   avia-builder-el-0  el_before_av_one_full  avia-builder-el-first   container_wrap fullsize'  ><div  class='avia-slideshow av-4b69p4-7fd38897469a7d1dac95adc2e54c999c avia-slideshow-featured av_slideshow_full avia-slide-slider av-slideshow-ui av-control-default av-slideshow-autoplay av-loop-endless av-loop-manual-endless av-default-height-applied   avia-slideshow-1' data-slideshow-options=\"{&quot;animation&quot;:&quot;slide&quot;,&quot;autoplay&quot;:true,&quot;loop_autoplay&quot;:&quot;endless&quot;,&quot;interval&quot;:5,&quot;loop_manual&quot;:&quot;manual-endless&quot;,&quot;autoplay_stopper&quot;:false,&quot;noNavigation&quot;:false,&quot;bg_slider&quot;:false,&quot;keep_padding&quot;:false,&quot;hoverpause&quot;:false,&quot;show_slide_delay&quot;:0}\"  itemprop=\"image\" itemscope=\"itemscope\" itemtype=\"https:\/\/schema.org\/ImageObject\" ><ul class='avia-slideshow-inner ' style='padding-bottom: 28.666666666667%;'><li  class='avia-slideshow-slide av-4b69p4-7fd38897469a7d1dac95adc2e54c999c__0  slide-1 slide-odd'><div data-rel='slideshow-1' class='avia-slide-wrap '   ><img decoding=\"async\" fetchpriority=\"high\" class=\"wp-image-2995 avia-img-lazy-loading-not-2995\"  src=\"https:\/\/www.bremer-promenaden.de\/wp-content\/uploads\/2024\/03\/IMG_6804.jpg\" width=\"1500\" height=\"430\" title='IMG_6804' alt=''  itemprop=\"thumbnailUrl\" srcset=\"https:\/\/www.bremer-promenaden.de\/wp-content\/uploads\/2024\/03\/IMG_6804.jpg 1500w, https:\/\/www.bremer-promenaden.de\/wp-content\/uploads\/2024\/03\/IMG_6804-300x86.jpg 300w, https:\/\/www.bremer-promenaden.de\/wp-content\/uploads\/2024\/03\/IMG_6804-1030x295.jpg 1030w, https:\/\/www.bremer-promenaden.de\/wp-content\/uploads\/2024\/03\/IMG_6804-768x220.jpg 768w, https:\/\/www.bremer-promenaden.de\/wp-content\/uploads\/2024\/03\/IMG_6804-705x202.jpg 705w\" sizes=\"(max-width: 1500px) 100vw, 1500px\" \/><\/div><\/li><li  class='avia-slideshow-slide av-4b69p4-7fd38897469a7d1dac95adc2e54c999c__1  slide-2 slide-even'><div data-rel='slideshow-1' class='avia-slide-wrap '   ><img decoding=\"async\" fetchpriority=\"high\" class=\"wp-image-3003 avia-img-lazy-loading-not-3003\"  src=\"https:\/\/www.bremer-promenaden.de\/wp-content\/uploads\/2024\/03\/20170816-141742.jpg\" width=\"1500\" height=\"430\" title='20170816-141742' alt=''  itemprop=\"thumbnailUrl\" srcset=\"https:\/\/www.bremer-promenaden.de\/wp-content\/uploads\/2024\/03\/20170816-141742.jpg 1500w, https:\/\/www.bremer-promenaden.de\/wp-content\/uploads\/2024\/03\/20170816-141742-300x86.jpg 300w, https:\/\/www.bremer-promenaden.de\/wp-content\/uploads\/2024\/03\/20170816-141742-1030x295.jpg 1030w, https:\/\/www.bremer-promenaden.de\/wp-content\/uploads\/2024\/03\/20170816-141742-768x220.jpg 768w, https:\/\/www.bremer-promenaden.de\/wp-content\/uploads\/2024\/03\/20170816-141742-705x202.jpg 705w\" sizes=\"(max-width: 1500px) 100vw, 1500px\" \/><\/div><\/li><li  class='avia-slideshow-slide av-4b69p4-7fd38897469a7d1dac95adc2e54c999c__2  slide-3 slide-odd'><div data-rel='slideshow-1' class='avia-slide-wrap '   ><img decoding=\"async\" fetchpriority=\"high\" class=\"wp-image-3007 avia-img-lazy-loading-not-3007\"  src=\"https:\/\/www.bremer-promenaden.de\/wp-content\/uploads\/2024\/03\/20170816-142114.jpg\" width=\"1500\" height=\"430\" title='20170816-142114' alt=''  itemprop=\"thumbnailUrl\" srcset=\"https:\/\/www.bremer-promenaden.de\/wp-content\/uploads\/2024\/03\/20170816-142114.jpg 1500w, https:\/\/www.bremer-promenaden.de\/wp-content\/uploads\/2024\/03\/20170816-142114-300x86.jpg 300w, https:\/\/www.bremer-promenaden.de\/wp-content\/uploads\/2024\/03\/20170816-142114-1030x295.jpg 1030w, https:\/\/www.bremer-promenaden.de\/wp-content\/uploads\/2024\/03\/20170816-142114-768x220.jpg 768w, https:\/\/www.bremer-promenaden.de\/wp-content\/uploads\/2024\/03\/20170816-142114-705x202.jpg 705w\" sizes=\"(max-width: 1500px) 100vw, 1500px\" \/><\/div><\/li><li  class='avia-slideshow-slide av-4b69p4-7fd38897469a7d1dac95adc2e54c999c__3  slide-4 slide-even'><div data-rel='slideshow-1' class='avia-slide-wrap '   ><img decoding=\"async\" fetchpriority=\"high\" class=\"wp-image-3011 avia-img-lazy-loading-not-3011\"  src=\"https:\/\/www.bremer-promenaden.de\/wp-content\/uploads\/2024\/03\/20190609-134719.jpg\" width=\"1500\" height=\"430\" title='20190609-134719' alt=''  itemprop=\"thumbnailUrl\" srcset=\"https:\/\/www.bremer-promenaden.de\/wp-content\/uploads\/2024\/03\/20190609-134719.jpg 1500w, https:\/\/www.bremer-promenaden.de\/wp-content\/uploads\/2024\/03\/20190609-134719-300x86.jpg 300w, https:\/\/www.bremer-promenaden.de\/wp-content\/uploads\/2024\/03\/20190609-134719-1030x295.jpg 1030w, https:\/\/www.bremer-promenaden.de\/wp-content\/uploads\/2024\/03\/20190609-134719-768x220.jpg 768w, https:\/\/www.bremer-promenaden.de\/wp-content\/uploads\/2024\/03\/20190609-134719-705x202.jpg 705w\" sizes=\"(max-width: 1500px) 100vw, 1500px\" \/><\/div><\/li><li  class='avia-slideshow-slide av-4b69p4-7fd38897469a7d1dac95adc2e54c999c__4  slide-5 slide-odd'><div data-rel='slideshow-1' class='avia-slide-wrap '   ><img decoding=\"async\" fetchpriority=\"high\" class=\"wp-image-3015 avia-img-lazy-loading-not-3015\"  src=\"https:\/\/www.bremer-promenaden.de\/wp-content\/uploads\/2024\/03\/IMG_6934.jpg\" width=\"1500\" height=\"430\" title='IMG_6934' alt=''  itemprop=\"thumbnailUrl\" srcset=\"https:\/\/www.bremer-promenaden.de\/wp-content\/uploads\/2024\/03\/IMG_6934.jpg 1500w, https:\/\/www.bremer-promenaden.de\/wp-content\/uploads\/2024\/03\/IMG_6934-300x86.jpg 300w, https:\/\/www.bremer-promenaden.de\/wp-content\/uploads\/2024\/03\/IMG_6934-1030x295.jpg 1030w, https:\/\/www.bremer-promenaden.de\/wp-content\/uploads\/2024\/03\/IMG_6934-768x220.jpg 768w, https:\/\/www.bremer-promenaden.de\/wp-content\/uploads\/2024\/03\/IMG_6934-705x202.jpg 705w\" sizes=\"(max-width: 1500px) 100vw, 1500px\" \/><\/div><\/li><li  class='avia-slideshow-slide av-4b69p4-7fd38897469a7d1dac95adc2e54c999c__5  slide-6 slide-even'><div data-rel='slideshow-1' class='avia-slide-wrap '   ><img decoding=\"async\" fetchpriority=\"high\" class=\"wp-image-3019 avia-img-lazy-loading-not-3019\"  src=\"https:\/\/www.bremer-promenaden.de\/wp-content\/uploads\/2024\/03\/IMG_7171.jpg\" width=\"1500\" height=\"430\" title='IMG_7171' alt=''  itemprop=\"thumbnailUrl\" srcset=\"https:\/\/www.bremer-promenaden.de\/wp-content\/uploads\/2024\/03\/IMG_7171.jpg 1500w, https:\/\/www.bremer-promenaden.de\/wp-content\/uploads\/2024\/03\/IMG_7171-300x86.jpg 300w, https:\/\/www.bremer-promenaden.de\/wp-content\/uploads\/2024\/03\/IMG_7171-1030x295.jpg 1030w, https:\/\/www.bremer-promenaden.de\/wp-content\/uploads\/2024\/03\/IMG_7171-768x220.jpg 768w, https:\/\/www.bremer-promenaden.de\/wp-content\/uploads\/2024\/03\/IMG_7171-705x202.jpg 705w\" sizes=\"(max-width: 1500px) 100vw, 1500px\" \/><\/div><\/li><li  class='avia-slideshow-slide av-4b69p4-7fd38897469a7d1dac95adc2e54c999c__6  slide-7 slide-odd'><div data-rel='slideshow-1' class='avia-slide-wrap '   ><img decoding=\"async\" fetchpriority=\"high\" class=\"wp-image-3023 avia-img-lazy-loading-not-3023\"  src=\"https:\/\/www.bremer-promenaden.de\/wp-content\/uploads\/2024\/03\/IMG_7409.jpg\" width=\"1500\" height=\"430\" title='IMG_7409' alt=''  itemprop=\"thumbnailUrl\" srcset=\"https:\/\/www.bremer-promenaden.de\/wp-content\/uploads\/2024\/03\/IMG_7409.jpg 1500w, https:\/\/www.bremer-promenaden.de\/wp-content\/uploads\/2024\/03\/IMG_7409-300x86.jpg 300w, https:\/\/www.bremer-promenaden.de\/wp-content\/uploads\/2024\/03\/IMG_7409-1030x295.jpg 1030w, https:\/\/www.bremer-promenaden.de\/wp-content\/uploads\/2024\/03\/IMG_7409-768x220.jpg 768w, https:\/\/www.bremer-promenaden.de\/wp-content\/uploads\/2024\/03\/IMG_7409-705x202.jpg 705w\" sizes=\"(max-width: 1500px) 100vw, 1500px\" \/><\/div><\/li><li  class='avia-slideshow-slide av-4b69p4-7fd38897469a7d1dac95adc2e54c999c__7  slide-8 slide-even'><div data-rel='slideshow-1' class='avia-slide-wrap '   ><img decoding=\"async\" fetchpriority=\"high\" class=\"wp-image-3027 avia-img-lazy-loading-not-3027\"  src=\"https:\/\/www.bremer-promenaden.de\/wp-content\/uploads\/2024\/03\/QSPS4537.jpg\" width=\"1500\" height=\"430\" title='QSPS4537' alt=''  itemprop=\"thumbnailUrl\" srcset=\"https:\/\/www.bremer-promenaden.de\/wp-content\/uploads\/2024\/03\/QSPS4537.jpg 1500w, https:\/\/www.bremer-promenaden.de\/wp-content\/uploads\/2024\/03\/QSPS4537-300x86.jpg 300w, https:\/\/www.bremer-promenaden.de\/wp-content\/uploads\/2024\/03\/QSPS4537-1030x295.jpg 1030w, https:\/\/www.bremer-promenaden.de\/wp-content\/uploads\/2024\/03\/QSPS4537-768x220.jpg 768w, https:\/\/www.bremer-promenaden.de\/wp-content\/uploads\/2024\/03\/QSPS4537-705x202.jpg 705w\" sizes=\"(max-width: 1500px) 100vw, 1500px\" \/><\/div><\/li><\/ul><div class='avia-slideshow-arrows avia-slideshow-controls' ><a href='#prev' class='prev-slide  avia-svg-icon avia-font-svg_entypo-fontello' data-av_svg_icon='left-open-big' data-av_iconset='svg_entypo-fontello' tabindex='-1' title=\"Prec\"><svg version=\"1.1\" xmlns=\"http:\/\/www.w3.org\/2000\/svg\" width=\"15\" height=\"32\" viewBox=\"0 0 15 32\" preserveAspectRatio=\"xMidYMid meet\" aria-labelledby='av-svg-title-1' aria-describedby='av-svg-desc-1' role=\"graphics-symbol\" aria-hidden=\"true\">\n<title id='av-svg-title-1'>Prec<\/title>\n<desc id='av-svg-desc-1'>Prec<\/desc>\n<path d=\"M14.464 27.84q0.832 0.832 0 1.536-0.832 0.832-1.536 0l-12.544-12.608q-0.768-0.768 0-1.6l12.544-12.608q0.704-0.832 1.536 0 0.832 0.704 0 1.536l-11.456 11.904z\"><\/path>\n<\/svg><span class='avia_hidden_link_text'>Prec<\/span><\/a><a href='#next' class='next-slide  avia-svg-icon avia-font-svg_entypo-fontello' data-av_svg_icon='right-open-big' data-av_iconset='svg_entypo-fontello' tabindex='-1' title=\"Succ\"><svg version=\"1.1\" xmlns=\"http:\/\/www.w3.org\/2000\/svg\" width=\"15\" height=\"32\" viewBox=\"0 0 15 32\" preserveAspectRatio=\"xMidYMid meet\" aria-labelledby='av-svg-title-2' aria-describedby='av-svg-desc-2' role=\"graphics-symbol\" aria-hidden=\"true\">\n<title id='av-svg-title-2'>Succ<\/title>\n<desc id='av-svg-desc-2'>Succ<\/desc>\n<path d=\"M0.416 27.84l11.456-11.84-11.456-11.904q-0.832-0.832 0-1.536 0.832-0.832 1.536 0l12.544 12.608q0.768 0.832 0 1.6l-12.544 12.608q-0.704 0.832-1.536 0-0.832-0.704 0-1.536z\"><\/path>\n<\/svg><span class='avia_hidden_link_text'>Succ<\/span><\/a><\/div><div class='avia-slideshow-dots avia-slideshow-controls'><a href='#1' class='goto-slide active' >1<\/a><a href='#2' class='goto-slide ' >2<\/a><a href='#3' class='goto-slide ' >3<\/a><a href='#4' class='goto-slide ' >4<\/a><a href='#5' class='goto-slide ' >5<\/a><a href='#6' class='goto-slide ' >6<\/a><a href='#7' class='goto-slide ' >7<\/a><a href='#8' class='goto-slide ' >8<\/a><\/div><\/div><\/div><div id='after_full_slider_1'  class='main_color av_default_container_wrap container_wrap fullsize'  ><div class='container av-section-cont-open' ><div class='template-page content  av-content-full alpha units'><div class='post-entry post-entry-type-page post-entry-3042'><div class='entry-content-wrapper clearfix'>\n<div  class='flex_column av-2wmkfs-0eaf9d68c52f443cd0c093c9a4cdf864 av_one_full  avia-builder-el-1  el_after_av_slideshow_full  avia-builder-el-no-sibling  first flex_column_div  '     ><section  class='av_textblock_section av-lu71kz0f-e0e2cce7e93b2ecf71e4954072a73b38 '   itemscope=\"itemscope\" itemtype=\"https:\/\/schema.org\/CreativeWork\" ><div class='avia_textblock'  itemprop=\"text\" ><h1>Un giorno pi\u00f9 X<\/h1>\n<p>Brema e Worpswede hanno in comune una grande quantit\u00e0 di artisti, arte e persone.<\/p>\n<p>Il villaggio degli artisti alla periferia della citt\u00e0 \u00e8 una colonia di artisti dalla fine del XIX secolo. Oggi, con pi\u00f9 di 100 artisti e artigiani e sei musei, il villaggio nel Teufelsmoor offre una splendida destinazione per gli amanti dell&#8217;arte, della natura e della bicicletta.<br \/>La citt\u00e0 di Brema \u00e8 un&#8217;importante citt\u00e0 anseatica fin dal Medioevo. Anche qui gli amanti dell&#8217;arte troveranno molti luoghi da visitare.<br \/>Il pittoresco villaggio di Fischerhude, nascosto tra le querce, offre un&#8217;atmosfera speciale.<\/p>\n<p>I programmi sotto riportati possono essere adattati individualmente.<\/p>\n<h2>Due giorni di Paula Modersohn-Becker a Brema e Worpswede<\/h2>\n<p>Dal 7\u00b0 febbraio al 1\u00b0 novembre 2026<\/p>\n<p>Radicale e femminile, Modersohn-Becker svilupp\u00f2 la sua arte tra Worpswede, Brema e Parigi. In occasione del 150\u00b0 anniversario della sua nascita, i <a href=\"https:\/\/www.worpswede-museen.de\/startseite-de\" target=\"_blank\" rel=\"noopener\">musei di Worpswede<\/a> dedicano quattro mostre a Paula Modersohn-Becker e all\u2019impulso che ha dato all\u2019arte.<\/p>\n<p>Il programma inizia a Brema con una visita alla B\u00f6ttcherstra\u00dfe e al Museo Paula Modersohn-Becker. In seguito sarete guidati attraverso il centro storico di Brema<br \/>e lo Schnoor. La giornata a Brema si conclude con una visita alla mostra permanente della <a href=\"https:\/\/www.kunsthalle-bremen.de\/en\" target=\"_blank\" rel=\"noopener\">Kunsthalle Bremen<\/a>.<\/p>\n<p>Il secondo giorno, camminate a Worpswede sulle orme di Paula Modersohn Becker e visitate uno dei musei della mostra \u201c<a href=\"https:\/\/www.worpswede-fuehrung.de\/project\/0030-ausstellung-impuls-paula\/\" target=\"_blank\" rel=\"noopener\">Impuls Paula \u2013 eine k\u00fcnstlerische Entdeckungsreise<\/a>\u201d. Nel pomeriggio visiterete con noi altri due segmenti della mostra presso la Barkenhoff e la Gro\u00dfe Kunstschau.<\/p>\n<p>Durata: 2 ore al mattino, 2,5 ore al pomeriggio<br \/>Due giorni, visita di gruppo per un massimo di 20 persone<br \/>Prezzo di gruppo 905 euro pi\u00f9 ingresso ai musei<\/p>\n<h2>Brema intensiva<\/h2>\n<p>Conoscere i diversi aspetti della citt\u00e0 anseatica.<\/p>\n<p>Programma di 2 giorni su accordo con visita al centro storico, visita a un <a href=\"https:\/\/www.museen-boettcherstrasse.de\/english\/\" target=\"_blank\" rel=\"noopener\">museo d&#8217;arte<\/a>, visita ed esplorazione della <a href=\"https:\/\/www.ueberseestadt-bremen.de\/de\/page\/ueberseeinsel\" target=\"_blank\" rel=\"noopener\">\u00dcberseestadt<\/a> di Brema. Naturalmente, il programma offre anche tempo sufficiente per esplorare la citt\u00e0 anseatica da soli.<\/p>\n<p>Massimo 20 persone per gruppo<br \/>Prezzo su richiesta<\/p>\n<h2>Brema e Bremerhaven<\/h2>\n<p>Da 2 a 3 giorni<\/p>\n<p>Lo stato federale di Brema ha due citt\u00e0 separate da una striscia di Bassa Sassonia. Programmate una giornata con il proprio autobus per un&#8217;escursione a Bremerhaven.<\/p>\n<p>La moderna citt\u00e0 al estuario del Weser ha molto di pi\u00f9 da offrire di uno dei porti pi\u00f9 grandi d&#8217;Europa.<\/p>\n<p>Durante le vostre giornate a Brema, potrete visitare il centro storico, fare un <a href=\"https:\/\/www.bremer-promenaden.de\/it\/giro-turistico-di-brema\/\">tour<\/a> attraverso le zone pi\u00f9 remote della citt\u00e0 e visitare un museo.<\/p>\n<p>Massimo 20 persone per gruppo<br \/>Prezzo su richiesta<\/p>\n<h2>Worpswede intensivo<\/h2>\n<p>Conoscere Worpswede con i suoi <a href=\"https:\/\/www.worpswede-museen.de\/\" target=\"_blank\" rel=\"noopener\">6 musei<\/a>. Il villaggio al centro della Teufelsmoor (brughiera del diavolo) su una collina ha fornito agli artisti un luogo di lavoro per oltre cento anni. Immergetevi nel paesaggio e nell&#8217;arte dal XIX secolo a oggi.<\/p>\n<p>2 giorni con visita del villaggio e numerose <a href=\"https:\/\/www.worpswede-fuehrung.de\/julia-harjes\/\" target=\"_blank\" rel=\"noopener\">visite guidate al museo<\/a>.<\/p>\n<p>Massimo 20 persone per gruppo<br \/>Prezzo su richiesta<\/p>\n<h2>Brema e Worpswede<\/h2>\n<p>Da 2 a 3 giorni<\/p>\n<p>La grande <a href=\"https:\/\/www.bremer-promenaden.de\/it\/centro-storico-di-brema-dalla-statua-del-roland-allo-schnoor\/\">citt\u00e0 anseatica<\/a> e il <a href=\"https:\/\/www.bremer-promenaden.de\/it\/scoprire-worpswede-il-villaggio-degli-artisti\/\">villaggio degli artisti<\/a> non sono legati solo dalla vicinanza, ma anche dall&#8217;arte e dalle personalit\u00e0. Immergetevi nelle diverse relazioni.<\/p>\n<p>Programma individuale creato per voi con i punti salienti a Brema e Worpswede.<\/p>\n<p>Massimo 20 persone per gruppo<br \/>Prezzo su richiesta<\/p>\n<h2>Worpswede e Fischerhude<\/h2>\n<p>3 giorni<\/p>\n<p>Il villaggio degli artisti di Worpswede e il pittoresco villaggio di Fischerhude erano e sono tuttora molto frequentati dagli artisti. Otto Modersohn si ritir\u00f2 a Fischerhude dopo la morte della moglie Paula Modersohn-Becker. Un <a href=\"https:\/\/www.otto-modersohn-museum.de\/\" target=\"_blank\" rel=\"noopener\">museo<\/a> \u00e8 dedicato a lui. Completate la vostra visita a Worpswede con un&#8217;escursione a Fischerhude.<\/p>\n<p>Giorno 1:<\/p>\n<p>Mattina: &#8220;<a href=\"https:\/\/www.bremer-promenaden.de\/it\/scoprire-worpswede-il-villaggio-degli-artisti\/\">Worpswede erleben<\/a>&#8220;, Visita del villaggio degli artisti con visita a un museo.<br \/>Pomeriggio: &#8220;<a href=\"https:\/\/www.bremer-promenaden.de\/it\/heinrich-vogeler-artista-liberty-e-benefattore\/\" target=\"_blank\" rel=\"noopener\">Heinrich e Martha Vogeler<\/a>&#8220;<\/p>\n<p>Giorno 2<br \/>al mattino: &#8220;Sulle tracce di Paula Modersohn-Becker&#8221; con visita al museo della <a href=\"https:\/\/www.museum-modersohn.de\/\" target=\"_blank\" rel=\"noopener\">Casa Modersohn<\/a><br \/>Pomeriggio: tempo libero per passeggiare e fare shopping sulla Bergstrasse<\/p>\n<p>3\u00b0 giorno<\/p>\n<p><a href=\"https:\/\/www.worpswede-fuehrung.de\/project\/fischerhude-erleben\/\" target=\"_blank\" rel=\"noopener\">Fischerhude<\/a> visita guidata del villaggio con visita alla casa Irmintraut<\/p>\n<p>Pomeriggio: visita guidata di un&#8217;ora al <a href=\"https:\/\/www.bremer-promenaden.de\/it\/visite-guidate-al-museo\/\">Museo Otto Modersohn<\/a><\/p>\n<p>Massimo 20 persone per gruppo<br \/>Prezzo su richiesta<\/p>\n<\/div><\/section><\/div>\n","protected":false},"excerpt":{"rendered":"","protected":false},"author":1,"featured_media":0,"parent":0,"menu_order":0,"comment_status":"closed","ping_status":"closed","template":"","meta":{"footnotes":""},"class_list":["post-3042","page","type-page","status-publish","hentry"],"yoast_head":"<!-- This site is optimized with the Yoast SEO plugin v27.3 - https:\/\/yoast.com\/product\/yoast-seo-wordpress\/ -->\n<title>Un giorno pi\u00f9 X - Bremer Promenaden<\/title>\n<meta name=\"robots\" content=\"index, follow, max-snippet:-1, max-image-preview:large, max-video-preview:-1\" \/>\n<link rel=\"canonical\" href=\"https:\/\/www.bremer-promenaden.de\/ein-tag-plus-x\/\" \/>\n<meta property=\"og:locale\" content=\"it_IT\" \/>\n<meta property=\"og:type\" content=\"article\" \/>\n<meta property=\"og:title\" content=\"Un giorno pi\u00f9 X - Bremer Promenaden\" \/>\n<meta property=\"og:url\" content=\"https:\/\/www.bremer-promenaden.de\/ein-tag-plus-x\/\" \/>\n<meta property=\"og:site_name\" content=\"Bremer Promenaden\" \/>\n<meta property=\"article:modified_time\" content=\"2026-01-09T14:49:40+00:00\" \/>\n<meta name=\"twitter:card\" content=\"summary_large_image\" \/>\n<meta name=\"twitter:label1\" content=\"Tempo di lettura stimato\" \/>\n\t<meta name=\"twitter:data1\" content=\"13 minuti\" \/>\n<script type=\"application\/ld+json\" class=\"yoast-schema-graph\">{\"@context\":\"https:\\\/\\\/schema.org\",\"@graph\":[{\"@type\":\"WebPage\",\"@id\":\"https:\\\/\\\/www.bremer-promenaden.de\\\/ein-tag-plus-x\\\/\",\"url\":\"https:\\\/\\\/www.bremer-promenaden.de\\\/ein-tag-plus-x\\\/\",\"name\":\"Un giorno pi\u00f9 X - Bremer Promenaden\",\"isPartOf\":{\"@id\":\"https:\\\/\\\/www.bremer-promenaden.de\\\/#website\"},\"datePublished\":\"2024-03-26T11:30:50+00:00\",\"dateModified\":\"2026-01-09T14:49:40+00:00\",\"breadcrumb\":{\"@id\":\"https:\\\/\\\/www.bremer-promenaden.de\\\/ein-tag-plus-x\\\/#breadcrumb\"},\"inLanguage\":\"it-IT\",\"potentialAction\":[{\"@type\":\"ReadAction\",\"target\":[\"https:\\\/\\\/www.bremer-promenaden.de\\\/ein-tag-plus-x\\\/\"]}]},{\"@type\":\"BreadcrumbList\",\"@id\":\"https:\\\/\\\/www.bremer-promenaden.de\\\/ein-tag-plus-x\\\/#breadcrumb\",\"itemListElement\":[{\"@type\":\"ListItem\",\"position\":1,\"name\":\"Startseite\",\"item\":\"https:\\\/\\\/www.bremer-promenaden.de\\\/it\\\/\"},{\"@type\":\"ListItem\",\"position\":2,\"name\":\"Un giorno pi\u00f9 X\"}]},{\"@type\":\"WebSite\",\"@id\":\"https:\\\/\\\/www.bremer-promenaden.de\\\/#website\",\"url\":\"https:\\\/\\\/www.bremer-promenaden.de\\\/\",\"name\":\"Bremer Promenaden\",\"description\":\"Rundg\u00e4nge durch Bremen und um zu\",\"potentialAction\":[{\"@type\":\"SearchAction\",\"target\":{\"@type\":\"EntryPoint\",\"urlTemplate\":\"https:\\\/\\\/www.bremer-promenaden.de\\\/?s={search_term_string}\"},\"query-input\":{\"@type\":\"PropertyValueSpecification\",\"valueRequired\":true,\"valueName\":\"search_term_string\"}}],\"inLanguage\":\"it-IT\"}]}<\/script>\n<!-- \/ Yoast SEO plugin. -->","yoast_head_json":{"title":"Un giorno pi\u00f9 X - Bremer Promenaden","robots":{"index":"index","follow":"follow","max-snippet":"max-snippet:-1","max-image-preview":"max-image-preview:large","max-video-preview":"max-video-preview:-1"},"canonical":"https:\/\/www.bremer-promenaden.de\/ein-tag-plus-x\/","og_locale":"it_IT","og_type":"article","og_title":"Un giorno pi\u00f9 X - Bremer Promenaden","og_url":"https:\/\/www.bremer-promenaden.de\/ein-tag-plus-x\/","og_site_name":"Bremer Promenaden","article_modified_time":"2026-01-09T14:49:40+00:00","twitter_card":"summary_large_image","twitter_misc":{"Tempo di lettura stimato":"13 minuti"},"schema":{"@context":"https:\/\/schema.org","@graph":[{"@type":"WebPage","@id":"https:\/\/www.bremer-promenaden.de\/ein-tag-plus-x\/","url":"https:\/\/www.bremer-promenaden.de\/ein-tag-plus-x\/","name":"Un giorno pi\u00f9 X - Bremer Promenaden","isPartOf":{"@id":"https:\/\/www.bremer-promenaden.de\/#website"},"datePublished":"2024-03-26T11:30:50+00:00","dateModified":"2026-01-09T14:49:40+00:00","breadcrumb":{"@id":"https:\/\/www.bremer-promenaden.de\/ein-tag-plus-x\/#breadcrumb"},"inLanguage":"it-IT","potentialAction":[{"@type":"ReadAction","target":["https:\/\/www.bremer-promenaden.de\/ein-tag-plus-x\/"]}]},{"@type":"BreadcrumbList","@id":"https:\/\/www.bremer-promenaden.de\/ein-tag-plus-x\/#breadcrumb","itemListElement":[{"@type":"ListItem","position":1,"name":"Startseite","item":"https:\/\/www.bremer-promenaden.de\/it\/"},{"@type":"ListItem","position":2,"name":"Un giorno pi\u00f9 X"}]},{"@type":"WebSite","@id":"https:\/\/www.bremer-promenaden.de\/#website","url":"https:\/\/www.bremer-promenaden.de\/","name":"Bremer Promenaden","description":"Rundg\u00e4nge durch Bremen und um zu","potentialAction":[{"@type":"SearchAction","target":{"@type":"EntryPoint","urlTemplate":"https:\/\/www.bremer-promenaden.de\/?s={search_term_string}"},"query-input":{"@type":"PropertyValueSpecification","valueRequired":true,"valueName":"search_term_string"}}],"inLanguage":"it-IT"}]}},"jetpack_sharing_enabled":true,"jetpack_shortlink":"https:\/\/wp.me\/P9FEkD-N4","_links":{"self":[{"href":"https:\/\/www.bremer-promenaden.de\/it\/wp-json\/wp\/v2\/pages\/3042","targetHints":{"allow":["GET"]}}],"collection":[{"href":"https:\/\/www.bremer-promenaden.de\/it\/wp-json\/wp\/v2\/pages"}],"about":[{"href":"https:\/\/www.bremer-promenaden.de\/it\/wp-json\/wp\/v2\/types\/page"}],"author":[{"embeddable":true,"href":"https:\/\/www.bremer-promenaden.de\/it\/wp-json\/wp\/v2\/users\/1"}],"replies":[{"embeddable":true,"href":"https:\/\/www.bremer-promenaden.de\/it\/wp-json\/wp\/v2\/comments?post=3042"}],"version-history":[{"count":11,"href":"https:\/\/www.bremer-promenaden.de\/it\/wp-json\/wp\/v2\/pages\/3042\/revisions"}],"predecessor-version":[{"id":3886,"href":"https:\/\/www.bremer-promenaden.de\/it\/wp-json\/wp\/v2\/pages\/3042\/revisions\/3886"}],"wp:attachment":[{"href":"https:\/\/www.bremer-promenaden.de\/it\/wp-json\/wp\/v2\/media?parent=3042"}],"curies":[{"name":"wp","href":"https:\/\/api.w.org\/{rel}","templated":true}]}}