{"id":1945,"date":"2022-02-24T11:36:08","date_gmt":"2022-02-24T10:36:08","guid":{"rendered":"https:\/\/www.bremer-promenaden.de\/heinrich-vogeler-artista-liberty-e-benefattore\/"},"modified":"2026-01-12T10:11:14","modified_gmt":"2026-01-12T09:11:14","slug":"heinrich-vogeler-artista-liberty-e-benefattore","status":"publish","type":"page","link":"https:\/\/www.bremer-promenaden.de\/it\/heinrich-vogeler-artista-liberty-e-benefattore\/","title":{"rendered":"Heinrich Vogeler, artista liberty e benefattore"},"content":{"rendered":"<div id='full_slider_1'  class='avia-fullwidth-slider main_color avia-shadow   avia-builder-el-0  el_before_av_one_full  avia-builder-el-first   container_wrap fullsize'  ><div  class='avia-slideshow av-ktvjk3cg-b2ee21302328a04bfd79a0118e117a39 avia-slideshow-featured av_slideshow_full avia-slide-slider av-slideshow-ui av-control-default av-slideshow-autoplay av-loop-endless av-loop-manual-endless av-default-height-applied   avia-slideshow-1' data-slideshow-options=\"{&quot;animation&quot;:&quot;slide&quot;,&quot;autoplay&quot;:true,&quot;loop_autoplay&quot;:&quot;endless&quot;,&quot;interval&quot;:5,&quot;loop_manual&quot;:&quot;manual-endless&quot;,&quot;autoplay_stopper&quot;:false,&quot;noNavigation&quot;:false,&quot;bg_slider&quot;:false,&quot;keep_padding&quot;:false,&quot;hoverpause&quot;:false,&quot;show_slide_delay&quot;:0}\"  itemprop=\"image\" itemscope=\"itemscope\" itemtype=\"https:\/\/schema.org\/ImageObject\" ><ul class='avia-slideshow-inner ' style='padding-bottom: 28.666666666667%;'><li  class='avia-slideshow-slide av-ktvjk3cg-b2ee21302328a04bfd79a0118e117a39__0  slide-1 slide-odd'><div data-rel='slideshow-1' class='avia-slide-wrap '   ><img decoding=\"async\" fetchpriority=\"high\" class=\"wp-image-1654 avia-img-lazy-loading-not-1654\"  src=\"https:\/\/www.bremer-promenaden.de\/wp-content\/uploads\/2021\/09\/20190609-161138-1500x430.jpg\" width=\"1500\" height=\"430\" title='20190609-161138' alt=''  itemprop=\"thumbnailUrl\" srcset=\"https:\/\/www.bremer-promenaden.de\/wp-content\/uploads\/2021\/09\/20190609-161138.jpg 1500w, https:\/\/www.bremer-promenaden.de\/wp-content\/uploads\/2021\/09\/20190609-161138-300x86.jpg 300w, https:\/\/www.bremer-promenaden.de\/wp-content\/uploads\/2021\/09\/20190609-161138-1030x295.jpg 1030w, https:\/\/www.bremer-promenaden.de\/wp-content\/uploads\/2021\/09\/20190609-161138-768x220.jpg 768w, https:\/\/www.bremer-promenaden.de\/wp-content\/uploads\/2021\/09\/20190609-161138-705x202.jpg 705w\" sizes=\"(max-width: 1500px) 100vw, 1500px\" \/><\/div><\/li><li  class='avia-slideshow-slide av-ktvjk3cg-b2ee21302328a04bfd79a0118e117a39__1  slide-2 slide-even'><div data-rel='slideshow-1' class='avia-slide-wrap '   ><img decoding=\"async\" fetchpriority=\"high\" class=\"wp-image-1650 avia-img-lazy-loading-not-1650\"  src=\"https:\/\/www.bremer-promenaden.de\/wp-content\/uploads\/2021\/09\/20190609-153534-1500x430.jpg\" width=\"1500\" height=\"430\" title='20190609-153534' alt=''  itemprop=\"thumbnailUrl\" srcset=\"https:\/\/www.bremer-promenaden.de\/wp-content\/uploads\/2021\/09\/20190609-153534.jpg 1500w, https:\/\/www.bremer-promenaden.de\/wp-content\/uploads\/2021\/09\/20190609-153534-300x86.jpg 300w, https:\/\/www.bremer-promenaden.de\/wp-content\/uploads\/2021\/09\/20190609-153534-1030x295.jpg 1030w, https:\/\/www.bremer-promenaden.de\/wp-content\/uploads\/2021\/09\/20190609-153534-768x220.jpg 768w, https:\/\/www.bremer-promenaden.de\/wp-content\/uploads\/2021\/09\/20190609-153534-705x202.jpg 705w\" sizes=\"(max-width: 1500px) 100vw, 1500px\" \/><\/div><\/li><li  class='avia-slideshow-slide av-ktvjk3cg-b2ee21302328a04bfd79a0118e117a39__2  slide-3 slide-odd'><div data-rel='slideshow-1' class='avia-slide-wrap '  title='Das Museum &quot;Haus im Schluh&quot; ist in zwei sch\u00f6nen alten Fachwerkh\u00e4usern zu finden.' ><img decoding=\"async\" fetchpriority=\"high\" class=\"wp-image-1658 avia-img-lazy-loading-not-1658\"  src=\"https:\/\/www.bremer-promenaden.de\/wp-content\/uploads\/2021\/09\/20190609-162238-1500x430.jpg\" width=\"1500\" height=\"430\" title='20190609-162238' alt='Haus im Schluh - Weberei'  itemprop=\"thumbnailUrl\" srcset=\"https:\/\/www.bremer-promenaden.de\/wp-content\/uploads\/2021\/09\/20190609-162238.jpg 1500w, https:\/\/www.bremer-promenaden.de\/wp-content\/uploads\/2021\/09\/20190609-162238-300x86.jpg 300w, https:\/\/www.bremer-promenaden.de\/wp-content\/uploads\/2021\/09\/20190609-162238-1030x295.jpg 1030w, https:\/\/www.bremer-promenaden.de\/wp-content\/uploads\/2021\/09\/20190609-162238-768x220.jpg 768w, https:\/\/www.bremer-promenaden.de\/wp-content\/uploads\/2021\/09\/20190609-162238-705x202.jpg 705w\" sizes=\"(max-width: 1500px) 100vw, 1500px\" \/><\/div><\/li><\/ul><div class='avia-slideshow-arrows avia-slideshow-controls' ><a href='#prev' class='prev-slide  avia-svg-icon avia-font-svg_entypo-fontello' data-av_svg_icon='left-open-big' data-av_iconset='svg_entypo-fontello' tabindex='-1' title=\"Prec\"><svg version=\"1.1\" xmlns=\"http:\/\/www.w3.org\/2000\/svg\" width=\"15\" height=\"32\" viewBox=\"0 0 15 32\" preserveAspectRatio=\"xMidYMid meet\" aria-labelledby='av-svg-title-1' aria-describedby='av-svg-desc-1' role=\"graphics-symbol\" aria-hidden=\"true\">\n<title id='av-svg-title-1'>Prec<\/title>\n<desc id='av-svg-desc-1'>Prec<\/desc>\n<path d=\"M14.464 27.84q0.832 0.832 0 1.536-0.832 0.832-1.536 0l-12.544-12.608q-0.768-0.768 0-1.6l12.544-12.608q0.704-0.832 1.536 0 0.832 0.704 0 1.536l-11.456 11.904z\"><\/path>\n<\/svg><span class='avia_hidden_link_text'>Prec<\/span><\/a><a href='#next' class='next-slide  avia-svg-icon avia-font-svg_entypo-fontello' data-av_svg_icon='right-open-big' data-av_iconset='svg_entypo-fontello' tabindex='-1' title=\"Succ\"><svg version=\"1.1\" xmlns=\"http:\/\/www.w3.org\/2000\/svg\" width=\"15\" height=\"32\" viewBox=\"0 0 15 32\" preserveAspectRatio=\"xMidYMid meet\" aria-labelledby='av-svg-title-2' aria-describedby='av-svg-desc-2' role=\"graphics-symbol\" aria-hidden=\"true\">\n<title id='av-svg-title-2'>Succ<\/title>\n<desc id='av-svg-desc-2'>Succ<\/desc>\n<path d=\"M0.416 27.84l11.456-11.84-11.456-11.904q-0.832-0.832 0-1.536 0.832-0.832 1.536 0l12.544 12.608q0.768 0.832 0 1.6l-12.544 12.608q-0.704 0.832-1.536 0-0.832-0.704 0-1.536z\"><\/path>\n<\/svg><span class='avia_hidden_link_text'>Succ<\/span><\/a><\/div><div class='avia-slideshow-dots avia-slideshow-controls'><a href='#1' class='goto-slide active' >1<\/a><a href='#2' class='goto-slide ' >2<\/a><a href='#3' class='goto-slide ' >3<\/a><\/div><\/div><\/div><div id='after_full_slider_1'  class='main_color av_default_container_wrap container_wrap fullsize'  ><div class='container av-section-cont-open' ><div class='template-page content  av-content-full alpha units'><div class='post-entry post-entry-type-page post-entry-1945'><div class='entry-content-wrapper clearfix'>\n<div  class='flex_column av-2844ew-87b4d7b41dc416a23f245538c6d581ef av_one_full  avia-builder-el-1  el_after_av_slideshow_full  avia-builder-el-no-sibling  first flex_column_div  '     ><section  class='av_textblock_section av-ktvgoplp-77027b895c39ddd25764852d3ccfb890 '   itemscope=\"itemscope\" itemtype=\"https:\/\/schema.org\/CreativeWork\" ><div class='avia_textblock'  itemprop=\"text\" ><h1>Heinrich Vogeler, artista liberty e benefattore<\/h1>\n<p>Con il <a href=\"https:\/\/www.worpswede-museen.de\/barkenhoff-de\" target=\"_blank\" rel=\"noopener\">Barkenhoff<\/a> a Worpswede, Heinrich Vogeler ha creato una casa familiare secondo le sue idee. Dall&#8217;inizio del secolo fino allo scoppio della prima guerra mondiale, l&#8217;artista si fece un nome come pittore, disegnatore, illustratore, designer e architetto dell&#8217;Art Nouveau (liberty).<br \/>Nel 1914, Vogeler si offr\u00ec volontario per il fronte. Quando torn\u00f2 dalla guerra, l&#8217;artistaera diventato un ardente pacifista che convert\u00ec il Barkenhoff in una comune di lavoro. Durante questo periodo, la moglie di Vogeler, Martha, si trasfer\u00ec con le loro tre figlie nella <a href=\"https:\/\/www.worpswede-museen.de\/haus-im-schluh-de\" target=\"_blank\" rel=\"noopener\">casa di Schluh<\/a>.<\/p>\n<p>La comune di Vogeler nel Barkenhoff fall\u00ec; egli si rec\u00f2 in Unione Sovietica per seguirne gli sconvolgimenti politici. Mor\u00ec in Kazakistan nel 1942.<\/p>\n<p><strong>Visita guidata al museo o visita guidata con passeggiata:<\/strong> visitiamo il Vogeler Museum Barkenhoff, dopo possiamo andare a piedi fino alla Haus im Schluh.<\/p>\n<p><strong>Durata del tour:<\/strong> un&#8217;ora per il tour del museo, due ore e mezza per un tour con una passeggiata e una visita a entrambi i musei.<\/p>\n<p><strong>Buono a sapersi:<\/strong> Il sentiero tra le due case \u00e8 lungo circa 1,5 km. Si raccomandano scarpe robuste.<\/p>\n<h3>Dimensione del gruppo e prezzi<\/h3>\n<ul>\n<li>al massimo 20 persone per gruppo<br \/>\n1 ora di visita guidata nel Museo Barkenhoff 105,00 euro pi\u00f9 5,-\u20ac per persona per l\u2018ingresso al museo<br \/>\n2,5 ore con visita a entrambi i musei 190,00 euro, pi\u00f9 10 euro per persona per l\u2018ingresso al museo<\/li>\n<\/ul>\n<\/div><\/section><\/div>\n","protected":false},"excerpt":{"rendered":"","protected":false},"author":1,"featured_media":0,"parent":0,"menu_order":0,"comment_status":"closed","ping_status":"closed","template":"","meta":{"footnotes":""},"class_list":["post-1945","page","type-page","status-publish","hentry"],"yoast_head":"<!-- This site is optimized with the Yoast SEO plugin v27.6 - https:\/\/yoast.com\/product\/yoast-seo-wordpress\/ -->\n<title>Bremen-Worpswede-Barkenhoff-Vogeler<\/title>\n<meta name=\"description\" content=\"Da Brema a Worpswede - Heinrich Vogeler e la sua Barkenhoff hanno fatto la storia. Lo raccontiamo in italiano, francese, inglese e tedesco.\" \/>\n<meta name=\"robots\" content=\"index, follow, max-snippet:-1, max-image-preview:large, max-video-preview:-1\" \/>\n<link rel=\"canonical\" href=\"https:\/\/www.bremer-promenaden.de\/barkenhoff\/\" \/>\n<meta property=\"og:locale\" content=\"it_IT\" \/>\n<meta property=\"og:type\" content=\"article\" \/>\n<meta property=\"og:title\" content=\"Bremen-Worpswede-Barkenhoff-Vogeler\" \/>\n<meta property=\"og:description\" content=\"Da Brema a Worpswede - Heinrich Vogeler e la sua Barkenhoff hanno fatto la storia. Lo raccontiamo in italiano, francese, inglese e tedesco.\" \/>\n<meta property=\"og:url\" content=\"https:\/\/www.bremer-promenaden.de\/barkenhoff\/\" \/>\n<meta property=\"og:site_name\" content=\"Bremer Promenaden\" \/>\n<meta property=\"article:modified_time\" content=\"2026-01-12T09:11:14+00:00\" \/>\n<meta name=\"twitter:card\" content=\"summary_large_image\" \/>\n<meta name=\"twitter:label1\" content=\"Tempo di lettura stimato\" \/>\n\t<meta name=\"twitter:data1\" content=\"6 minuti\" \/>\n<script type=\"application\/ld+json\" class=\"yoast-schema-graph\">{\"@context\":\"https:\\\/\\\/schema.org\",\"@graph\":[{\"@type\":\"WebPage\",\"@id\":\"https:\\\/\\\/www.bremer-promenaden.de\\\/barkenhoff\\\/\",\"url\":\"https:\\\/\\\/www.bremer-promenaden.de\\\/barkenhoff\\\/\",\"name\":\"Bremen-Worpswede-Barkenhoff-Vogeler\",\"isPartOf\":{\"@id\":\"https:\\\/\\\/www.bremer-promenaden.de\\\/#website\"},\"datePublished\":\"2022-02-24T10:36:08+00:00\",\"dateModified\":\"2026-01-12T09:11:14+00:00\",\"description\":\"Da Brema a Worpswede - Heinrich Vogeler e la sua Barkenhoff hanno fatto la storia. Lo raccontiamo in italiano, francese, inglese e tedesco.\",\"breadcrumb\":{\"@id\":\"https:\\\/\\\/www.bremer-promenaden.de\\\/barkenhoff\\\/#breadcrumb\"},\"inLanguage\":\"it-IT\",\"potentialAction\":[{\"@type\":\"ReadAction\",\"target\":[\"https:\\\/\\\/www.bremer-promenaden.de\\\/barkenhoff\\\/\"]}]},{\"@type\":\"BreadcrumbList\",\"@id\":\"https:\\\/\\\/www.bremer-promenaden.de\\\/barkenhoff\\\/#breadcrumb\",\"itemListElement\":[{\"@type\":\"ListItem\",\"position\":1,\"name\":\"Startseite\",\"item\":\"https:\\\/\\\/www.bremer-promenaden.de\\\/it\\\/\"},{\"@type\":\"ListItem\",\"position\":2,\"name\":\"Heinrich Vogeler, artista liberty e benefattore\"}]},{\"@type\":\"WebSite\",\"@id\":\"https:\\\/\\\/www.bremer-promenaden.de\\\/#website\",\"url\":\"https:\\\/\\\/www.bremer-promenaden.de\\\/\",\"name\":\"Bremer Promenaden\",\"description\":\"Rundg\u00e4nge durch Bremen und um zu\",\"potentialAction\":[{\"@type\":\"SearchAction\",\"target\":{\"@type\":\"EntryPoint\",\"urlTemplate\":\"https:\\\/\\\/www.bremer-promenaden.de\\\/?s={search_term_string}\"},\"query-input\":{\"@type\":\"PropertyValueSpecification\",\"valueRequired\":true,\"valueName\":\"search_term_string\"}}],\"inLanguage\":\"it-IT\"}]}<\/script>\n<!-- \/ Yoast SEO plugin. -->","yoast_head_json":{"title":"Bremen-Worpswede-Barkenhoff-Vogeler","description":"Da Brema a Worpswede - Heinrich Vogeler e la sua Barkenhoff hanno fatto la storia. Lo raccontiamo in italiano, francese, inglese e tedesco.","robots":{"index":"index","follow":"follow","max-snippet":"max-snippet:-1","max-image-preview":"max-image-preview:large","max-video-preview":"max-video-preview:-1"},"canonical":"https:\/\/www.bremer-promenaden.de\/barkenhoff\/","og_locale":"it_IT","og_type":"article","og_title":"Bremen-Worpswede-Barkenhoff-Vogeler","og_description":"Da Brema a Worpswede - Heinrich Vogeler e la sua Barkenhoff hanno fatto la storia. Lo raccontiamo in italiano, francese, inglese e tedesco.","og_url":"https:\/\/www.bremer-promenaden.de\/barkenhoff\/","og_site_name":"Bremer Promenaden","article_modified_time":"2026-01-12T09:11:14+00:00","twitter_card":"summary_large_image","twitter_misc":{"Tempo di lettura stimato":"6 minuti"},"schema":{"@context":"https:\/\/schema.org","@graph":[{"@type":"WebPage","@id":"https:\/\/www.bremer-promenaden.de\/barkenhoff\/","url":"https:\/\/www.bremer-promenaden.de\/barkenhoff\/","name":"Bremen-Worpswede-Barkenhoff-Vogeler","isPartOf":{"@id":"https:\/\/www.bremer-promenaden.de\/#website"},"datePublished":"2022-02-24T10:36:08+00:00","dateModified":"2026-01-12T09:11:14+00:00","description":"Da Brema a Worpswede - Heinrich Vogeler e la sua Barkenhoff hanno fatto la storia. Lo raccontiamo in italiano, francese, inglese e tedesco.","breadcrumb":{"@id":"https:\/\/www.bremer-promenaden.de\/barkenhoff\/#breadcrumb"},"inLanguage":"it-IT","potentialAction":[{"@type":"ReadAction","target":["https:\/\/www.bremer-promenaden.de\/barkenhoff\/"]}]},{"@type":"BreadcrumbList","@id":"https:\/\/www.bremer-promenaden.de\/barkenhoff\/#breadcrumb","itemListElement":[{"@type":"ListItem","position":1,"name":"Startseite","item":"https:\/\/www.bremer-promenaden.de\/it\/"},{"@type":"ListItem","position":2,"name":"Heinrich Vogeler, artista liberty e benefattore"}]},{"@type":"WebSite","@id":"https:\/\/www.bremer-promenaden.de\/#website","url":"https:\/\/www.bremer-promenaden.de\/","name":"Bremer Promenaden","description":"Rundg\u00e4nge durch Bremen und um zu","potentialAction":[{"@type":"SearchAction","target":{"@type":"EntryPoint","urlTemplate":"https:\/\/www.bremer-promenaden.de\/?s={search_term_string}"},"query-input":{"@type":"PropertyValueSpecification","valueRequired":true,"valueName":"search_term_string"}}],"inLanguage":"it-IT"}]}},"jetpack_sharing_enabled":true,"jetpack_shortlink":"https:\/\/wp.me\/P9FEkD-vn","_links":{"self":[{"href":"https:\/\/www.bremer-promenaden.de\/it\/wp-json\/wp\/v2\/pages\/1945","targetHints":{"allow":["GET"]}}],"collection":[{"href":"https:\/\/www.bremer-promenaden.de\/it\/wp-json\/wp\/v2\/pages"}],"about":[{"href":"https:\/\/www.bremer-promenaden.de\/it\/wp-json\/wp\/v2\/types\/page"}],"author":[{"embeddable":true,"href":"https:\/\/www.bremer-promenaden.de\/it\/wp-json\/wp\/v2\/users\/1"}],"replies":[{"embeddable":true,"href":"https:\/\/www.bremer-promenaden.de\/it\/wp-json\/wp\/v2\/comments?post=1945"}],"version-history":[{"count":18,"href":"https:\/\/www.bremer-promenaden.de\/it\/wp-json\/wp\/v2\/pages\/1945\/revisions"}],"predecessor-version":[{"id":3908,"href":"https:\/\/www.bremer-promenaden.de\/it\/wp-json\/wp\/v2\/pages\/1945\/revisions\/3908"}],"wp:attachment":[{"href":"https:\/\/www.bremer-promenaden.de\/it\/wp-json\/wp\/v2\/media?parent=1945"}],"curies":[{"name":"wp","href":"https:\/\/api.w.org\/{rel}","templated":true}]}}