{"id":585,"date":"2017-07-03T14:06:15","date_gmt":"2017-07-03T12:06:15","guid":{"rendered":"http:\/\/www.bremer-promenaden.de\/visite-guidee-breme-ueberseestadt\/"},"modified":"2026-01-12T10:04:11","modified_gmt":"2026-01-12T09:04:11","slug":"visite-guidee-breme-ueberseestadt","status":"publish","type":"page","link":"https:\/\/www.bremer-promenaden.de\/fr\/visite-guidee-breme-ueberseestadt\/","title":{"rendered":"Visite guid\u00e9e Br\u00eame \u2013 \u00dcberseestadt"},"content":{"rendered":"<div id='full_slider_1'  class='avia-fullwidth-slider main_color avia-shadow   avia-builder-el-0  el_before_av_one_full  avia-builder-el-first   container_wrap fullsize'  ><div  class='avia-slideshow av-s49r6-8c8cb9afc517df2f53e87428a960959b avia-slideshow-featured av_slideshow_full avia-slide-slider av-slideshow-ui av-control-default av-slideshow-autoplay av-loop-endless av-loop-manual-endless av-default-height-applied   avia-slideshow-1' data-slideshow-options=\"{&quot;animation&quot;:&quot;slide&quot;,&quot;autoplay&quot;:true,&quot;loop_autoplay&quot;:&quot;endless&quot;,&quot;interval&quot;:5,&quot;loop_manual&quot;:&quot;manual-endless&quot;,&quot;autoplay_stopper&quot;:false,&quot;noNavigation&quot;:false,&quot;bg_slider&quot;:false,&quot;keep_padding&quot;:false,&quot;hoverpause&quot;:false,&quot;show_slide_delay&quot;:0}\"  itemprop=\"image\" itemscope=\"itemscope\" itemtype=\"https:\/\/schema.org\/ImageObject\" ><ul class='avia-slideshow-inner ' style='padding-bottom: 28.666666666667%;'><li  class='avia-slideshow-slide av-s49r6-8c8cb9afc517df2f53e87428a960959b__0  slide-1 slide-odd'><div data-rel='slideshow-1' class='avia-slide-wrap '   ><img decoding=\"async\" fetchpriority=\"high\" class=\"wp-image-1293 avia-img-lazy-loading-not-1293\"  src=\"https:\/\/www.bremer-promenaden.de\/wp-content\/uploads\/2018\/04\/20170816-163230-0430.jpg\" width=\"1500\" height=\"430\" title='20170816-163230-0430' alt='In Bremens l\u00e4ngstem Speicher zu Hause - Hafenmuseum und Hochschule f\u00fcr Kunst.'  itemprop=\"thumbnailUrl\" srcset=\"https:\/\/www.bremer-promenaden.de\/wp-content\/uploads\/2018\/04\/20170816-163230-0430.jpg 1500w, https:\/\/www.bremer-promenaden.de\/wp-content\/uploads\/2018\/04\/20170816-163230-0430-300x86.jpg 300w, https:\/\/www.bremer-promenaden.de\/wp-content\/uploads\/2018\/04\/20170816-163230-0430-768x220.jpg 768w, https:\/\/www.bremer-promenaden.de\/wp-content\/uploads\/2018\/04\/20170816-163230-0430-1030x295.jpg 1030w, https:\/\/www.bremer-promenaden.de\/wp-content\/uploads\/2018\/04\/20170816-163230-0430-705x202.jpg 705w, https:\/\/www.bremer-promenaden.de\/wp-content\/uploads\/2018\/04\/20170816-163230-0430-450x129.jpg 450w\" sizes=\"(max-width: 1500px) 100vw, 1500px\" \/><\/div><\/li><li  class='avia-slideshow-slide av-s49r6-8c8cb9afc517df2f53e87428a960959b__1  slide-2 slide-even'><div data-rel='slideshow-1' class='avia-slide-wrap '   ><img decoding=\"async\" fetchpriority=\"high\" class=\"wp-image-1297 avia-img-lazy-loading-not-1297\"  src=\"https:\/\/www.bremer-promenaden.de\/wp-content\/uploads\/2018\/04\/20170816-165336-0430.jpg\" width=\"1500\" height=\"430\" title='20170816-165336-0430' alt='Eisenbahnverkehr gibt es immer noch im Bremer Holz-und Fabrikenhafen.'  itemprop=\"thumbnailUrl\" srcset=\"https:\/\/www.bremer-promenaden.de\/wp-content\/uploads\/2018\/04\/20170816-165336-0430.jpg 1500w, https:\/\/www.bremer-promenaden.de\/wp-content\/uploads\/2018\/04\/20170816-165336-0430-300x86.jpg 300w, https:\/\/www.bremer-promenaden.de\/wp-content\/uploads\/2018\/04\/20170816-165336-0430-768x220.jpg 768w, https:\/\/www.bremer-promenaden.de\/wp-content\/uploads\/2018\/04\/20170816-165336-0430-1030x295.jpg 1030w, https:\/\/www.bremer-promenaden.de\/wp-content\/uploads\/2018\/04\/20170816-165336-0430-705x202.jpg 705w, https:\/\/www.bremer-promenaden.de\/wp-content\/uploads\/2018\/04\/20170816-165336-0430-450x129.jpg 450w\" sizes=\"(max-width: 1500px) 100vw, 1500px\" \/><\/div><\/li><li  class='avia-slideshow-slide av-s49r6-8c8cb9afc517df2f53e87428a960959b__2  slide-3 slide-odd'><div data-rel='slideshow-1' class='avia-slide-wrap '   ><img decoding=\"async\" fetchpriority=\"high\" class=\"wp-image-1309 avia-img-lazy-loading-not-1309\"  src=\"https:\/\/www.bremer-promenaden.de\/wp-content\/uploads\/2018\/04\/20170816-165502-0430.jpg\" width=\"1500\" height=\"430\" title='20170816-165502-0430' alt=''  itemprop=\"thumbnailUrl\" srcset=\"https:\/\/www.bremer-promenaden.de\/wp-content\/uploads\/2018\/04\/20170816-165502-0430.jpg 1500w, https:\/\/www.bremer-promenaden.de\/wp-content\/uploads\/2018\/04\/20170816-165502-0430-300x86.jpg 300w, https:\/\/www.bremer-promenaden.de\/wp-content\/uploads\/2018\/04\/20170816-165502-0430-768x220.jpg 768w, https:\/\/www.bremer-promenaden.de\/wp-content\/uploads\/2018\/04\/20170816-165502-0430-1030x295.jpg 1030w, https:\/\/www.bremer-promenaden.de\/wp-content\/uploads\/2018\/04\/20170816-165502-0430-705x202.jpg 705w, https:\/\/www.bremer-promenaden.de\/wp-content\/uploads\/2018\/04\/20170816-165502-0430-450x129.jpg 450w\" sizes=\"(max-width: 1500px) 100vw, 1500px\" \/><\/div><\/li><li  class='avia-slideshow-slide av-s49r6-8c8cb9afc517df2f53e87428a960959b__3  slide-4 slide-even'><div data-rel='slideshow-1' class='avia-slide-wrap '   ><img decoding=\"async\" fetchpriority=\"high\" class=\"wp-image-1301 avia-img-lazy-loading-not-1301\"  src=\"https:\/\/www.bremer-promenaden.de\/wp-content\/uploads\/2018\/04\/20170816-165412-0430.jpg\" width=\"1500\" height=\"430\" title='20170816-165412-0430' alt='Die Alte Feuerwache 5 im Hafen in Bremen ist heute ein Restaurant.'  itemprop=\"thumbnailUrl\" srcset=\"https:\/\/www.bremer-promenaden.de\/wp-content\/uploads\/2018\/04\/20170816-165412-0430.jpg 1500w, https:\/\/www.bremer-promenaden.de\/wp-content\/uploads\/2018\/04\/20170816-165412-0430-300x86.jpg 300w, https:\/\/www.bremer-promenaden.de\/wp-content\/uploads\/2018\/04\/20170816-165412-0430-768x220.jpg 768w, https:\/\/www.bremer-promenaden.de\/wp-content\/uploads\/2018\/04\/20170816-165412-0430-1030x295.jpg 1030w, https:\/\/www.bremer-promenaden.de\/wp-content\/uploads\/2018\/04\/20170816-165412-0430-705x202.jpg 705w, https:\/\/www.bremer-promenaden.de\/wp-content\/uploads\/2018\/04\/20170816-165412-0430-450x129.jpg 450w\" sizes=\"(max-width: 1500px) 100vw, 1500px\" \/><\/div><\/li><li  class='avia-slideshow-slide av-s49r6-8c8cb9afc517df2f53e87428a960959b__4  slide-5 slide-odd'><div data-rel='slideshow-1' class='avia-slide-wrap '   ><img decoding=\"async\" fetchpriority=\"high\" class=\"wp-image-1305 avia-img-lazy-loading-not-1305\"  src=\"https:\/\/www.bremer-promenaden.de\/wp-content\/uploads\/2018\/04\/20170816-165443-0430.jpg\" width=\"1500\" height=\"430\" title='20170816-165443-0430' alt='Berufsschifffahrt gibt es in der \u00dcberseestadt Bremen immer noch.'  itemprop=\"thumbnailUrl\" srcset=\"https:\/\/www.bremer-promenaden.de\/wp-content\/uploads\/2018\/04\/20170816-165443-0430.jpg 1500w, https:\/\/www.bremer-promenaden.de\/wp-content\/uploads\/2018\/04\/20170816-165443-0430-300x86.jpg 300w, https:\/\/www.bremer-promenaden.de\/wp-content\/uploads\/2018\/04\/20170816-165443-0430-768x220.jpg 768w, https:\/\/www.bremer-promenaden.de\/wp-content\/uploads\/2018\/04\/20170816-165443-0430-1030x295.jpg 1030w, https:\/\/www.bremer-promenaden.de\/wp-content\/uploads\/2018\/04\/20170816-165443-0430-705x202.jpg 705w, https:\/\/www.bremer-promenaden.de\/wp-content\/uploads\/2018\/04\/20170816-165443-0430-450x129.jpg 450w\" sizes=\"(max-width: 1500px) 100vw, 1500px\" \/><\/div><\/li><li  class='avia-slideshow-slide av-s49r6-8c8cb9afc517df2f53e87428a960959b__5  slide-6 slide-even'><div data-rel='slideshow-1' class='avia-slide-wrap '   ><img decoding=\"async\" fetchpriority=\"high\" class=\"wp-image-1313 avia-img-lazy-loading-not-1313\"  src=\"https:\/\/www.bremer-promenaden.de\/wp-content\/uploads\/2018\/04\/20170816-170010-0430.jpg\" width=\"1500\" height=\"430\" title='20170816-170010-0430' alt='Mit dieser Technik kommt in Bremen das Getreide vom Schiff ins Silo.'  itemprop=\"thumbnailUrl\" srcset=\"https:\/\/www.bremer-promenaden.de\/wp-content\/uploads\/2018\/04\/20170816-170010-0430.jpg 1500w, https:\/\/www.bremer-promenaden.de\/wp-content\/uploads\/2018\/04\/20170816-170010-0430-300x86.jpg 300w, https:\/\/www.bremer-promenaden.de\/wp-content\/uploads\/2018\/04\/20170816-170010-0430-768x220.jpg 768w, https:\/\/www.bremer-promenaden.de\/wp-content\/uploads\/2018\/04\/20170816-170010-0430-1030x295.jpg 1030w, https:\/\/www.bremer-promenaden.de\/wp-content\/uploads\/2018\/04\/20170816-170010-0430-705x202.jpg 705w, https:\/\/www.bremer-promenaden.de\/wp-content\/uploads\/2018\/04\/20170816-170010-0430-450x129.jpg 450w\" sizes=\"(max-width: 1500px) 100vw, 1500px\" \/><\/div><\/li><li  class='avia-slideshow-slide av-s49r6-8c8cb9afc517df2f53e87428a960959b__6  slide-7 slide-odd'><div data-rel='slideshow-1' class='avia-slide-wrap '   ><img decoding=\"async\" fetchpriority=\"high\" class=\"wp-image-1123 avia-img-lazy-loading-not-1123\"  src=\"https:\/\/www.bremer-promenaden.de\/wp-content\/uploads\/2018\/04\/20170816-174140-0430.jpg\" width=\"1500\" height=\"430\" title='20170816-174140-0430' alt='Europahafen \u00dcberseestadt Bremen'  itemprop=\"thumbnailUrl\" srcset=\"https:\/\/www.bremer-promenaden.de\/wp-content\/uploads\/2018\/04\/20170816-174140-0430.jpg 1500w, https:\/\/www.bremer-promenaden.de\/wp-content\/uploads\/2018\/04\/20170816-174140-0430-300x86.jpg 300w, https:\/\/www.bremer-promenaden.de\/wp-content\/uploads\/2018\/04\/20170816-174140-0430-768x220.jpg 768w, https:\/\/www.bremer-promenaden.de\/wp-content\/uploads\/2018\/04\/20170816-174140-0430-1030x295.jpg 1030w, https:\/\/www.bremer-promenaden.de\/wp-content\/uploads\/2018\/04\/20170816-174140-0430-705x202.jpg 705w, https:\/\/www.bremer-promenaden.de\/wp-content\/uploads\/2018\/04\/20170816-174140-0430-450x129.jpg 450w\" sizes=\"(max-width: 1500px) 100vw, 1500px\" \/><\/div><\/li><li  class='avia-slideshow-slide av-s49r6-8c8cb9afc517df2f53e87428a960959b__7  slide-8 slide-even'><div data-rel='slideshow-1' class='avia-slide-wrap '   ><img decoding=\"async\" fetchpriority=\"high\" class=\"wp-image-1317 avia-img-lazy-loading-not-1317\"  src=\"https:\/\/www.bremer-promenaden.de\/wp-content\/uploads\/2018\/04\/20170816-172622-0430.jpg\" width=\"1500\" height=\"430\" title='20170816-172622-0430' alt='Graffiti geh\u00f6ren in Bremen zum Hafen.'  itemprop=\"thumbnailUrl\" srcset=\"https:\/\/www.bremer-promenaden.de\/wp-content\/uploads\/2018\/04\/20170816-172622-0430.jpg 1500w, https:\/\/www.bremer-promenaden.de\/wp-content\/uploads\/2018\/04\/20170816-172622-0430-300x86.jpg 300w, https:\/\/www.bremer-promenaden.de\/wp-content\/uploads\/2018\/04\/20170816-172622-0430-768x220.jpg 768w, https:\/\/www.bremer-promenaden.de\/wp-content\/uploads\/2018\/04\/20170816-172622-0430-1030x295.jpg 1030w, https:\/\/www.bremer-promenaden.de\/wp-content\/uploads\/2018\/04\/20170816-172622-0430-705x202.jpg 705w, https:\/\/www.bremer-promenaden.de\/wp-content\/uploads\/2018\/04\/20170816-172622-0430-450x129.jpg 450w\" sizes=\"(max-width: 1500px) 100vw, 1500px\" \/><\/div><\/li><\/ul><div class='avia-slideshow-arrows avia-slideshow-controls' ><a href='#prev' class='prev-slide  avia-svg-icon avia-font-svg_entypo-fontello' data-av_svg_icon='left-open-big' data-av_iconset='svg_entypo-fontello' tabindex='-1' title=\"Pr\u00e9c\u00e9dent\"><svg version=\"1.1\" xmlns=\"http:\/\/www.w3.org\/2000\/svg\" width=\"15\" height=\"32\" viewBox=\"0 0 15 32\" preserveAspectRatio=\"xMidYMid meet\" aria-labelledby='av-svg-title-1' aria-describedby='av-svg-desc-1' role=\"graphics-symbol\" aria-hidden=\"true\">\n<title id='av-svg-title-1'>Pr\u00e9c\u00e9dent<\/title>\n<desc id='av-svg-desc-1'>Pr\u00e9c\u00e9dent<\/desc>\n<path d=\"M14.464 27.84q0.832 0.832 0 1.536-0.832 0.832-1.536 0l-12.544-12.608q-0.768-0.768 0-1.6l12.544-12.608q0.704-0.832 1.536 0 0.832 0.704 0 1.536l-11.456 11.904z\"><\/path>\n<\/svg><span class='avia_hidden_link_text'>Pr\u00e9c\u00e9dent<\/span><\/a><a href='#next' class='next-slide  avia-svg-icon avia-font-svg_entypo-fontello' data-av_svg_icon='right-open-big' data-av_iconset='svg_entypo-fontello' tabindex='-1' title=\"Suivant\"><svg version=\"1.1\" xmlns=\"http:\/\/www.w3.org\/2000\/svg\" width=\"15\" height=\"32\" viewBox=\"0 0 15 32\" preserveAspectRatio=\"xMidYMid meet\" aria-labelledby='av-svg-title-2' aria-describedby='av-svg-desc-2' role=\"graphics-symbol\" aria-hidden=\"true\">\n<title id='av-svg-title-2'>Suivant<\/title>\n<desc id='av-svg-desc-2'>Suivant<\/desc>\n<path d=\"M0.416 27.84l11.456-11.84-11.456-11.904q-0.832-0.832 0-1.536 0.832-0.832 1.536 0l12.544 12.608q0.768 0.832 0 1.6l-12.544 12.608q-0.704 0.832-1.536 0-0.832-0.704 0-1.536z\"><\/path>\n<\/svg><span class='avia_hidden_link_text'>Suivant<\/span><\/a><\/div><div class='avia-slideshow-dots avia-slideshow-controls'><a href='#1' class='goto-slide active' >1<\/a><a href='#2' class='goto-slide ' >2<\/a><a href='#3' class='goto-slide ' >3<\/a><a href='#4' class='goto-slide ' >4<\/a><a href='#5' class='goto-slide ' >5<\/a><a href='#6' class='goto-slide ' >6<\/a><a href='#7' class='goto-slide ' >7<\/a><a href='#8' class='goto-slide ' >8<\/a><\/div><\/div><\/div><div id='after_full_slider_1'  class='main_color av_default_container_wrap container_wrap fullsize'  ><div class='container av-section-cont-open' ><div class='template-page content  av-content-full alpha units'><div class='post-entry post-entry-type-page post-entry-585'><div class='entry-content-wrapper clearfix'>\n\n<style type=\"text\/css\" data-created_by=\"avia_inline_auto\" id=\"style-css-av-h39be-f33d0e84c6e9ba8bcb2b2169949b5a0d\">\n.flex_column.av-h39be-f33d0e84c6e9ba8bcb2b2169949b5a0d{\nborder-radius:0px 0px 0px 0px;\npadding:0px 0px 0px 0px;\n}\n<\/style>\n<div  class='flex_column av-h39be-f33d0e84c6e9ba8bcb2b2169949b5a0d av_one_full  avia-builder-el-1  el_after_av_slideshow_full  avia-builder-el-no-sibling  first flex_column_div av-zero-column-padding  '     ><section  class='av_textblock_section av-88jju-e40b723a64951f49adcb2a4739e092a8 '   itemscope=\"itemscope\" itemtype=\"https:\/\/schema.org\/CreativeWork\" ><div class='avia_textblock'  itemprop=\"text\" ><h1>Nouvelles entreprises et vieux entrep\u00f4ts \u2013 la \u00dcberseestadt<\/h1>\n<p>Sur le terrain du vieux port de Br\u00eame, tout proche du centre ville, un nouveau quartier se d\u00e9veloppe depuis le d\u00e9but du mill\u00e9naire. La ville y a opt\u00e9 pour un m\u00e9lange de b\u00e2timents industriels, appartements, bureaux, magasins et restaurants. La demande \u00e9lev\u00e9e confirme la r\u00e9ussite du concept.<\/p>\n<p>La \u00dcberseestadt couvre 300 hectares, Bremer Promenaden offre donc cette visite guid\u00e9e pas seulement pour les pi\u00e9tons, mais aussi pour les groupes en autocar et \u2013 quand les conditions m\u00e9t\u00e9o et l&rsquo;\u00e9tat des routes le permettent \u2013 aussi pour les cyclistes.<\/p>\n<p>Vivez le rythme particulier du vieux port avec ses nouveaux habitants: dans les hangars et entrep\u00f4ts nous d\u00e9couvrirons entre autres le mus\u00e9e du port et une torr\u00e9faction de caf\u00e9. Schuppen 1 (le hangar 1) attire le regard avec une exposition de <a href=\"http:\/\/schuppeneins.com\" target=\"_blank\" rel=\"noopener\">voitures de collection<\/a>. Au Schuppen 2 (hangar 2) vous verrez dans la \u201cmanufacture transparente d&rsquo;orf\u00e9vrerie d&rsquo;argent\u201c de Koch &amp; Bergfeld de quelle mani\u00e8re les coupes et autres troph\u00e9es sont fabriqu\u00e9s. \u00c0 c\u00f4t\u00e9, une destillerie offre des boissons spiritueuses.<\/p>\n<h2>La visite guid\u00e9e de la \u00dcberseestadt: vue d&rsquo;ensemble<\/h2>\n<p>Bremer Promenaden vous d\u00e9voile l&rsquo;architecture moderne et autres attractions de la \u00dcberseestadt en allemand, italien, fran\u00e7ais et anglais.<\/p>\n<p><strong>\u00c9tapes potentiels du circuit: <\/strong>Wesertower avec son h\u00f4tel et th\u00e9atre de variet\u00e9s GOP; <a href=\"https:\/\/www.denkmalstadt.de\/\" target=\"_blank\" rel=\"noopener\">\u00dcberseeinsel l&rsquo;ancien site de Kellogg&rsquo;s<\/a>; Europahafen (port d&rsquo;Europe) avec sa marina; Schuppen 2 (hangar 2) avec destillerie et manufacture d&rsquo;orf\u00e9vrerie d&rsquo;argent, les <a href=\"http:\/\/www.weser-kurier.de\/fotos_galerie,-Wohnprojekte-in-der-Ueberseestadt-_mediagalid,13728.html\" target=\"_blank\" rel=\"noopener\">maisons du port<\/a> (architecture moderne); Schuppen 1 (hangar 1) avec son exposition d&rsquo;automobiles de collection, restaurants et ascenseur pour automobiles; le march\u00e9 grossiste; entrep\u00f4t 11 avec son \u00c9cole sup\u00e9rieure des Beaux Arts et son <a href=\"http:\/\/www.hafenmuseum-speicherelf.de\/\" target=\"_blank\" rel=\"noopener\">mus\u00e9e du port<\/a>; Holz- und Fabrikenhafen (port de bois et des usines); le moulin Roland; M\u00fcller Weser; b\u00e2timent de Kaffee HAG; nous terminerons cette viste avec un caf\u00e9 dans la <a href=\"http:\/\/www.lloyd-caffee.de\/\" target=\"_blank\" rel=\"noopener\">torr\u00e9faction de Lloyd<\/a>.<\/p>\n<p><strong>Dur\u00e9e de la visite: <\/strong>Tour \u00e0 bord d&rsquo;autocar \u2013 une heure; \u00e0 pied \u2013 deux \u00e0 trois heures; \u00e0 bicyclette trois heures ou plus. Il vaut la peine de combiner cette visite guid\u00e9e avec une visite au mus\u00e9e du port ou un s\u00e9minaire au caf\u00e9. Merci de nous pr\u00e9venir \u00e0 l&rsquo;avance! La dur\u00e9e de la visite guid\u00e9e se prolonge en cons\u00e9quence d\u2018une ou deux heures.<\/p>\n<p><strong>Bon \u00e0 savoir:<\/strong> Quand on veut louer des v\u00e9los pour la randonn\u00e9e, il faut pr\u00e9senter la carte d&rsquo;identit\u00e9 ou le passeport et d\u00e9poser une caution. Si nous randonnons \u00e0 pied, nous serons amen\u00e9s \u00e0 couvrir de grandes distances, pr\u00e9voyez donc des chaussures confortables.<\/p>\n<h2>Groupes et prix, visite guid\u00e9e en fran\u00e7ais<\/h2>\n<ul>\n<li>tour dans votre autocar, une heure pour 160,00 Euro<\/li>\n<li>visite \u00e0 pied, deux heures pour 195,00 Euro,<br \/>\ntrois heures 250,00 Euro<\/li>\n<li>visite en v\u00e9lo, trois heures pour 250,00 Euro, prolongation sur demande<\/li>\n<\/ul>\n<\/div><\/section><\/div>\n","protected":false},"excerpt":{"rendered":"","protected":false},"author":1,"featured_media":0,"parent":0,"menu_order":0,"comment_status":"closed","ping_status":"closed","template":"","meta":{"footnotes":""},"class_list":["post-585","page","type-page","status-publish","hentry"],"yoast_head":"<!-- This site is optimized with the Yoast SEO plugin v27.5 - https:\/\/yoast.com\/product\/yoast-seo-wordpress\/ -->\n<title>Visite guid\u00e9e Br\u00eame \u2013 \u00dcberseestadt - Bremer Promenaden<\/title>\n<meta name=\"description\" content=\"L\u2018\u00dcberseestadt de Br\u00eame est un nouveau quartier construit pr\u00e8s du vieux port (300 hectares). C\u2019est une visite captivante \u2013 \u00e0 pied, avec autocar ou en v\u00e9lo.\" \/>\n<meta name=\"robots\" content=\"index, follow, max-snippet:-1, max-image-preview:large, max-video-preview:-1\" \/>\n<link rel=\"canonical\" href=\"https:\/\/www.bremer-promenaden.de\/stadtfuehrung-bremen-ueberseestadt\/\" \/>\n<meta property=\"og:locale\" content=\"fr_FR\" \/>\n<meta property=\"og:type\" content=\"article\" \/>\n<meta property=\"og:title\" content=\"Visite guid\u00e9e Br\u00eame \u2013 \u00dcberseestadt - Bremer Promenaden\" \/>\n<meta property=\"og:description\" content=\"L\u2018\u00dcberseestadt de Br\u00eame est un nouveau quartier construit pr\u00e8s du vieux port (300 hectares). C\u2019est une visite captivante \u2013 \u00e0 pied, avec autocar ou en v\u00e9lo.\" \/>\n<meta property=\"og:url\" content=\"https:\/\/www.bremer-promenaden.de\/stadtfuehrung-bremen-ueberseestadt\/\" \/>\n<meta property=\"og:site_name\" content=\"Bremer Promenaden\" \/>\n<meta property=\"article:modified_time\" content=\"2026-01-12T09:04:11+00:00\" \/>\n<meta name=\"twitter:card\" content=\"summary_large_image\" \/>\n<meta name=\"twitter:label1\" content=\"Dur\u00e9e de lecture estim\u00e9e\" \/>\n\t<meta name=\"twitter:data1\" content=\"4 minutes\" \/>\n<script type=\"application\/ld+json\" class=\"yoast-schema-graph\">{\"@context\":\"https:\\\/\\\/schema.org\",\"@graph\":[{\"@type\":\"WebPage\",\"@id\":\"https:\\\/\\\/www.bremer-promenaden.de\\\/stadtfuehrung-bremen-ueberseestadt\\\/\",\"url\":\"https:\\\/\\\/www.bremer-promenaden.de\\\/stadtfuehrung-bremen-ueberseestadt\\\/\",\"name\":\"Visite guid\u00e9e Br\u00eame \u2013 \u00dcberseestadt - Bremer Promenaden\",\"isPartOf\":{\"@id\":\"https:\\\/\\\/www.bremer-promenaden.de\\\/#website\"},\"datePublished\":\"2017-07-03T12:06:15+00:00\",\"dateModified\":\"2026-01-12T09:04:11+00:00\",\"description\":\"L\u2018\u00dcberseestadt de Br\u00eame est un nouveau quartier construit pr\u00e8s du vieux port (300 hectares). C\u2019est une visite captivante \u2013 \u00e0 pied, avec autocar ou en v\u00e9lo.\",\"breadcrumb\":{\"@id\":\"https:\\\/\\\/www.bremer-promenaden.de\\\/stadtfuehrung-bremen-ueberseestadt\\\/#breadcrumb\"},\"inLanguage\":\"fr-FR\",\"potentialAction\":[{\"@type\":\"ReadAction\",\"target\":[\"https:\\\/\\\/www.bremer-promenaden.de\\\/stadtfuehrung-bremen-ueberseestadt\\\/\"]}]},{\"@type\":\"BreadcrumbList\",\"@id\":\"https:\\\/\\\/www.bremer-promenaden.de\\\/stadtfuehrung-bremen-ueberseestadt\\\/#breadcrumb\",\"itemListElement\":[{\"@type\":\"ListItem\",\"position\":1,\"name\":\"Startseite\",\"item\":\"https:\\\/\\\/www.bremer-promenaden.de\\\/fr\\\/\"},{\"@type\":\"ListItem\",\"position\":2,\"name\":\"Visite guid\u00e9e Br\u00eame \u2013 \u00dcberseestadt\"}]},{\"@type\":\"WebSite\",\"@id\":\"https:\\\/\\\/www.bremer-promenaden.de\\\/#website\",\"url\":\"https:\\\/\\\/www.bremer-promenaden.de\\\/\",\"name\":\"Bremer Promenaden\",\"description\":\"Rundg\u00e4nge durch Bremen und um zu\",\"potentialAction\":[{\"@type\":\"SearchAction\",\"target\":{\"@type\":\"EntryPoint\",\"urlTemplate\":\"https:\\\/\\\/www.bremer-promenaden.de\\\/?s={search_term_string}\"},\"query-input\":{\"@type\":\"PropertyValueSpecification\",\"valueRequired\":true,\"valueName\":\"search_term_string\"}}],\"inLanguage\":\"fr-FR\"}]}<\/script>\n<!-- \/ Yoast SEO plugin. -->","yoast_head_json":{"title":"Visite guid\u00e9e Br\u00eame \u2013 \u00dcberseestadt - Bremer Promenaden","description":"L\u2018\u00dcberseestadt de Br\u00eame est un nouveau quartier construit pr\u00e8s du vieux port (300 hectares). C\u2019est une visite captivante \u2013 \u00e0 pied, avec autocar ou en v\u00e9lo.","robots":{"index":"index","follow":"follow","max-snippet":"max-snippet:-1","max-image-preview":"max-image-preview:large","max-video-preview":"max-video-preview:-1"},"canonical":"https:\/\/www.bremer-promenaden.de\/stadtfuehrung-bremen-ueberseestadt\/","og_locale":"fr_FR","og_type":"article","og_title":"Visite guid\u00e9e Br\u00eame \u2013 \u00dcberseestadt - Bremer Promenaden","og_description":"L\u2018\u00dcberseestadt de Br\u00eame est un nouveau quartier construit pr\u00e8s du vieux port (300 hectares). C\u2019est une visite captivante \u2013 \u00e0 pied, avec autocar ou en v\u00e9lo.","og_url":"https:\/\/www.bremer-promenaden.de\/stadtfuehrung-bremen-ueberseestadt\/","og_site_name":"Bremer Promenaden","article_modified_time":"2026-01-12T09:04:11+00:00","twitter_card":"summary_large_image","twitter_misc":{"Dur\u00e9e de lecture estim\u00e9e":"4 minutes"},"schema":{"@context":"https:\/\/schema.org","@graph":[{"@type":"WebPage","@id":"https:\/\/www.bremer-promenaden.de\/stadtfuehrung-bremen-ueberseestadt\/","url":"https:\/\/www.bremer-promenaden.de\/stadtfuehrung-bremen-ueberseestadt\/","name":"Visite guid\u00e9e Br\u00eame \u2013 \u00dcberseestadt - Bremer Promenaden","isPartOf":{"@id":"https:\/\/www.bremer-promenaden.de\/#website"},"datePublished":"2017-07-03T12:06:15+00:00","dateModified":"2026-01-12T09:04:11+00:00","description":"L\u2018\u00dcberseestadt de Br\u00eame est un nouveau quartier construit pr\u00e8s du vieux port (300 hectares). C\u2019est une visite captivante \u2013 \u00e0 pied, avec autocar ou en v\u00e9lo.","breadcrumb":{"@id":"https:\/\/www.bremer-promenaden.de\/stadtfuehrung-bremen-ueberseestadt\/#breadcrumb"},"inLanguage":"fr-FR","potentialAction":[{"@type":"ReadAction","target":["https:\/\/www.bremer-promenaden.de\/stadtfuehrung-bremen-ueberseestadt\/"]}]},{"@type":"BreadcrumbList","@id":"https:\/\/www.bremer-promenaden.de\/stadtfuehrung-bremen-ueberseestadt\/#breadcrumb","itemListElement":[{"@type":"ListItem","position":1,"name":"Startseite","item":"https:\/\/www.bremer-promenaden.de\/fr\/"},{"@type":"ListItem","position":2,"name":"Visite guid\u00e9e Br\u00eame \u2013 \u00dcberseestadt"}]},{"@type":"WebSite","@id":"https:\/\/www.bremer-promenaden.de\/#website","url":"https:\/\/www.bremer-promenaden.de\/","name":"Bremer Promenaden","description":"Rundg\u00e4nge durch Bremen und um zu","potentialAction":[{"@type":"SearchAction","target":{"@type":"EntryPoint","urlTemplate":"https:\/\/www.bremer-promenaden.de\/?s={search_term_string}"},"query-input":{"@type":"PropertyValueSpecification","valueRequired":true,"valueName":"search_term_string"}}],"inLanguage":"fr-FR"}]}},"jetpack_sharing_enabled":true,"jetpack_shortlink":"https:\/\/wp.me\/P9FEkD-9r","_links":{"self":[{"href":"https:\/\/www.bremer-promenaden.de\/fr\/wp-json\/wp\/v2\/pages\/585","targetHints":{"allow":["GET"]}}],"collection":[{"href":"https:\/\/www.bremer-promenaden.de\/fr\/wp-json\/wp\/v2\/pages"}],"about":[{"href":"https:\/\/www.bremer-promenaden.de\/fr\/wp-json\/wp\/v2\/types\/page"}],"author":[{"embeddable":true,"href":"https:\/\/www.bremer-promenaden.de\/fr\/wp-json\/wp\/v2\/users\/1"}],"replies":[{"embeddable":true,"href":"https:\/\/www.bremer-promenaden.de\/fr\/wp-json\/wp\/v2\/comments?post=585"}],"version-history":[{"count":20,"href":"https:\/\/www.bremer-promenaden.de\/fr\/wp-json\/wp\/v2\/pages\/585\/revisions"}],"predecessor-version":[{"id":3894,"href":"https:\/\/www.bremer-promenaden.de\/fr\/wp-json\/wp\/v2\/pages\/585\/revisions\/3894"}],"wp:attachment":[{"href":"https:\/\/www.bremer-promenaden.de\/fr\/wp-json\/wp\/v2\/media?parent=585"}],"curies":[{"name":"wp","href":"https:\/\/api.w.org\/{rel}","templated":true}]}}