{"id":583,"date":"2017-07-03T13:54:15","date_gmt":"2017-07-03T11:54:15","guid":{"rendered":"http:\/\/www.bremer-promenaden.de\/visite-guidee-de-la-ville-de-breme-en-autocar\/"},"modified":"2026-01-07T10:53:19","modified_gmt":"2026-01-07T09:53:19","slug":"visite-guidee-de-la-ville-de-breme-en-autocar","status":"publish","type":"page","link":"https:\/\/www.bremer-promenaden.de\/fr\/visite-guidee-de-la-ville-de-breme-en-autocar\/","title":{"rendered":"Visite guid\u00e9e de la ville de Br\u00eame en autocar"},"content":{"rendered":"<div id='full_slider_1'  class='avia-fullwidth-slider main_color avia-shadow   avia-builder-el-0  el_before_av_one_full  avia-builder-el-first   container_wrap fullsize'  ><div  class='avia-slideshow av-21shvp-f3076fb00c6bc7b1254e47abd84336cc avia-slideshow-featured av_slideshow_full avia-slide-slider av-slideshow-ui av-control-default av-slideshow-autoplay av-loop-endless av-loop-manual-endless av-default-height-applied   avia-slideshow-1' data-slideshow-options=\"{&quot;animation&quot;:&quot;slide&quot;,&quot;autoplay&quot;:true,&quot;loop_autoplay&quot;:&quot;endless&quot;,&quot;interval&quot;:5,&quot;loop_manual&quot;:&quot;manual-endless&quot;,&quot;autoplay_stopper&quot;:false,&quot;noNavigation&quot;:false,&quot;bg_slider&quot;:false,&quot;keep_padding&quot;:false,&quot;hoverpause&quot;:false,&quot;show_slide_delay&quot;:0}\"  itemprop=\"image\" itemscope=\"itemscope\" itemtype=\"https:\/\/schema.org\/ImageObject\" ><ul class='avia-slideshow-inner ' style='padding-bottom: 28.666666666667%;'><li  class='avia-slideshow-slide av-21shvp-f3076fb00c6bc7b1254e47abd84336cc__0  slide-1 slide-odd'><div data-rel='slideshow-1' class='avia-slide-wrap '   ><img decoding=\"async\" fetchpriority=\"high\" class=\"wp-image-1099 avia-img-lazy-loading-not-1099\"  src=\"https:\/\/www.bremer-promenaden.de\/wp-content\/uploads\/2018\/04\/20170816-100601-0430.jpg\" width=\"1500\" height=\"430\" title='20170816-100601-0430' alt='Bremer Rathaus und Roland sind \u00fcber 600 Jahre alt.'  itemprop=\"thumbnailUrl\" srcset=\"https:\/\/www.bremer-promenaden.de\/wp-content\/uploads\/2018\/04\/20170816-100601-0430.jpg 1500w, https:\/\/www.bremer-promenaden.de\/wp-content\/uploads\/2018\/04\/20170816-100601-0430-300x86.jpg 300w, https:\/\/www.bremer-promenaden.de\/wp-content\/uploads\/2018\/04\/20170816-100601-0430-768x220.jpg 768w, https:\/\/www.bremer-promenaden.de\/wp-content\/uploads\/2018\/04\/20170816-100601-0430-1030x295.jpg 1030w, https:\/\/www.bremer-promenaden.de\/wp-content\/uploads\/2018\/04\/20170816-100601-0430-705x202.jpg 705w, https:\/\/www.bremer-promenaden.de\/wp-content\/uploads\/2018\/04\/20170816-100601-0430-450x129.jpg 450w\" sizes=\"(max-width: 1500px) 100vw, 1500px\" \/><\/div><\/li><li  class='avia-slideshow-slide av-21shvp-f3076fb00c6bc7b1254e47abd84336cc__1  slide-2 slide-even'><div data-rel='slideshow-1' class='avia-slide-wrap '   ><img decoding=\"async\" fetchpriority=\"high\" class=\"wp-image-1103 avia-img-lazy-loading-not-1103\"  src=\"https:\/\/www.bremer-promenaden.de\/wp-content\/uploads\/2018\/04\/20170816-140050-0430.jpg\" width=\"1500\" height=\"430\" title='20170816-140050-0430' alt='Wenn jemand in Seenot ist, klingelt das Telefon in Bremen.'  itemprop=\"thumbnailUrl\" srcset=\"https:\/\/www.bremer-promenaden.de\/wp-content\/uploads\/2018\/04\/20170816-140050-0430.jpg 1500w, https:\/\/www.bremer-promenaden.de\/wp-content\/uploads\/2018\/04\/20170816-140050-0430-300x86.jpg 300w, https:\/\/www.bremer-promenaden.de\/wp-content\/uploads\/2018\/04\/20170816-140050-0430-768x220.jpg 768w, https:\/\/www.bremer-promenaden.de\/wp-content\/uploads\/2018\/04\/20170816-140050-0430-1030x295.jpg 1030w, https:\/\/www.bremer-promenaden.de\/wp-content\/uploads\/2018\/04\/20170816-140050-0430-705x202.jpg 705w, https:\/\/www.bremer-promenaden.de\/wp-content\/uploads\/2018\/04\/20170816-140050-0430-450x129.jpg 450w\" sizes=\"(max-width: 1500px) 100vw, 1500px\" \/><\/div><\/li><li  class='avia-slideshow-slide av-21shvp-f3076fb00c6bc7b1254e47abd84336cc__2  slide-3 slide-odd'><div data-rel='slideshow-1' class='avia-slide-wrap '   ><img decoding=\"async\" fetchpriority=\"high\" class=\"wp-image-1107 avia-img-lazy-loading-not-1107\"  src=\"https:\/\/www.bremer-promenaden.de\/wp-content\/uploads\/2018\/04\/20170816-150105-0430.jpg\" width=\"1500\" height=\"430\" title='20170816-150105-0430' alt='Die Bremer Kunsthalle ist einen Besuch wert.'  itemprop=\"thumbnailUrl\" srcset=\"https:\/\/www.bremer-promenaden.de\/wp-content\/uploads\/2018\/04\/20170816-150105-0430.jpg 1500w, https:\/\/www.bremer-promenaden.de\/wp-content\/uploads\/2018\/04\/20170816-150105-0430-300x86.jpg 300w, https:\/\/www.bremer-promenaden.de\/wp-content\/uploads\/2018\/04\/20170816-150105-0430-768x220.jpg 768w, https:\/\/www.bremer-promenaden.de\/wp-content\/uploads\/2018\/04\/20170816-150105-0430-1030x295.jpg 1030w, https:\/\/www.bremer-promenaden.de\/wp-content\/uploads\/2018\/04\/20170816-150105-0430-705x202.jpg 705w, https:\/\/www.bremer-promenaden.de\/wp-content\/uploads\/2018\/04\/20170816-150105-0430-450x129.jpg 450w\" sizes=\"(max-width: 1500px) 100vw, 1500px\" \/><\/div><\/li><li  class='avia-slideshow-slide av-21shvp-f3076fb00c6bc7b1254e47abd84336cc__3  slide-4 slide-even'><div data-rel='slideshow-1' class='avia-slide-wrap '   ><img decoding=\"async\" fetchpriority=\"high\" class=\"wp-image-1111 avia-img-lazy-loading-not-1111\"  src=\"https:\/\/www.bremer-promenaden.de\/wp-content\/uploads\/2018\/04\/20170816-150638-0430.jpg\" width=\"1500\" height=\"430\" title='20170816-150638-0430' alt='Heinrich Heine liebte den Bremer Ratskeller.'  itemprop=\"thumbnailUrl\" srcset=\"https:\/\/www.bremer-promenaden.de\/wp-content\/uploads\/2018\/04\/20170816-150638-0430.jpg 1500w, https:\/\/www.bremer-promenaden.de\/wp-content\/uploads\/2018\/04\/20170816-150638-0430-300x86.jpg 300w, https:\/\/www.bremer-promenaden.de\/wp-content\/uploads\/2018\/04\/20170816-150638-0430-768x220.jpg 768w, https:\/\/www.bremer-promenaden.de\/wp-content\/uploads\/2018\/04\/20170816-150638-0430-1030x295.jpg 1030w, https:\/\/www.bremer-promenaden.de\/wp-content\/uploads\/2018\/04\/20170816-150638-0430-705x202.jpg 705w, https:\/\/www.bremer-promenaden.de\/wp-content\/uploads\/2018\/04\/20170816-150638-0430-450x129.jpg 450w\" sizes=\"(max-width: 1500px) 100vw, 1500px\" \/><\/div><\/li><li  class='avia-slideshow-slide av-21shvp-f3076fb00c6bc7b1254e47abd84336cc__4  slide-5 slide-odd'><div data-rel='slideshow-1' class='avia-slide-wrap '   ><img decoding=\"async\" fetchpriority=\"high\" class=\"wp-image-1115 avia-img-lazy-loading-not-1115\"  src=\"https:\/\/www.bremer-promenaden.de\/wp-content\/uploads\/2018\/04\/20170816-153643-0430.jpg\" width=\"1500\" height=\"430\" title='20170816-153643-0430' alt='Die M\u00fchle in den Bremer Wallanlagen ist heute ein Caf\u00e9.'  itemprop=\"thumbnailUrl\" srcset=\"https:\/\/www.bremer-promenaden.de\/wp-content\/uploads\/2018\/04\/20170816-153643-0430.jpg 1500w, https:\/\/www.bremer-promenaden.de\/wp-content\/uploads\/2018\/04\/20170816-153643-0430-300x86.jpg 300w, https:\/\/www.bremer-promenaden.de\/wp-content\/uploads\/2018\/04\/20170816-153643-0430-768x220.jpg 768w, https:\/\/www.bremer-promenaden.de\/wp-content\/uploads\/2018\/04\/20170816-153643-0430-1030x295.jpg 1030w, https:\/\/www.bremer-promenaden.de\/wp-content\/uploads\/2018\/04\/20170816-153643-0430-705x202.jpg 705w, https:\/\/www.bremer-promenaden.de\/wp-content\/uploads\/2018\/04\/20170816-153643-0430-450x129.jpg 450w\" sizes=\"(max-width: 1500px) 100vw, 1500px\" \/><\/div><\/li><li  class='avia-slideshow-slide av-21shvp-f3076fb00c6bc7b1254e47abd84336cc__5  slide-6 slide-even'><div data-rel='slideshow-1' class='avia-slide-wrap '   ><img decoding=\"async\" fetchpriority=\"high\" class=\"wp-image-1119 avia-img-lazy-loading-not-1119\"  src=\"https:\/\/www.bremer-promenaden.de\/wp-content\/uploads\/2018\/04\/20170816-162953-0430.jpg\" width=\"1500\" height=\"430\" title='20170816-162953-0430' alt='Der l\u00e4ngste Speicher in der Bremer \u00dcberseestadt'  itemprop=\"thumbnailUrl\" srcset=\"https:\/\/www.bremer-promenaden.de\/wp-content\/uploads\/2018\/04\/20170816-162953-0430.jpg 1500w, https:\/\/www.bremer-promenaden.de\/wp-content\/uploads\/2018\/04\/20170816-162953-0430-300x86.jpg 300w, https:\/\/www.bremer-promenaden.de\/wp-content\/uploads\/2018\/04\/20170816-162953-0430-768x220.jpg 768w, https:\/\/www.bremer-promenaden.de\/wp-content\/uploads\/2018\/04\/20170816-162953-0430-1030x295.jpg 1030w, https:\/\/www.bremer-promenaden.de\/wp-content\/uploads\/2018\/04\/20170816-162953-0430-705x202.jpg 705w, https:\/\/www.bremer-promenaden.de\/wp-content\/uploads\/2018\/04\/20170816-162953-0430-450x129.jpg 450w\" sizes=\"(max-width: 1500px) 100vw, 1500px\" \/><\/div><\/li><li  class='avia-slideshow-slide av-21shvp-f3076fb00c6bc7b1254e47abd84336cc__6  slide-7 slide-odd'><div data-rel='slideshow-1' class='avia-slide-wrap '   ><img decoding=\"async\" fetchpriority=\"high\" class=\"wp-image-1123 avia-img-lazy-loading-not-1123\"  src=\"https:\/\/www.bremer-promenaden.de\/wp-content\/uploads\/2018\/04\/20170816-174140-0430.jpg\" width=\"1500\" height=\"430\" title='20170816-174140-0430' alt='Europahafen \u00dcberseestadt Bremen'  itemprop=\"thumbnailUrl\" srcset=\"https:\/\/www.bremer-promenaden.de\/wp-content\/uploads\/2018\/04\/20170816-174140-0430.jpg 1500w, https:\/\/www.bremer-promenaden.de\/wp-content\/uploads\/2018\/04\/20170816-174140-0430-300x86.jpg 300w, https:\/\/www.bremer-promenaden.de\/wp-content\/uploads\/2018\/04\/20170816-174140-0430-768x220.jpg 768w, https:\/\/www.bremer-promenaden.de\/wp-content\/uploads\/2018\/04\/20170816-174140-0430-1030x295.jpg 1030w, https:\/\/www.bremer-promenaden.de\/wp-content\/uploads\/2018\/04\/20170816-174140-0430-705x202.jpg 705w, https:\/\/www.bremer-promenaden.de\/wp-content\/uploads\/2018\/04\/20170816-174140-0430-450x129.jpg 450w\" sizes=\"(max-width: 1500px) 100vw, 1500px\" \/><\/div><\/li><li  class='avia-slideshow-slide av-21shvp-f3076fb00c6bc7b1254e47abd84336cc__7  slide-8 slide-even'><div data-rel='slideshow-1' class='avia-slide-wrap '   ><img decoding=\"async\" fetchpriority=\"high\" class=\"wp-image-1127 avia-img-lazy-loading-not-1127\"  src=\"https:\/\/www.bremer-promenaden.de\/wp-content\/uploads\/2018\/04\/20170816-182109-0430.jpg\" width=\"1500\" height=\"430\" title='20170816-182109-0430' alt='Das Universum Bremen sieht wie ein Wal aus.'  itemprop=\"thumbnailUrl\" srcset=\"https:\/\/www.bremer-promenaden.de\/wp-content\/uploads\/2018\/04\/20170816-182109-0430.jpg 1500w, https:\/\/www.bremer-promenaden.de\/wp-content\/uploads\/2018\/04\/20170816-182109-0430-300x86.jpg 300w, https:\/\/www.bremer-promenaden.de\/wp-content\/uploads\/2018\/04\/20170816-182109-0430-768x220.jpg 768w, https:\/\/www.bremer-promenaden.de\/wp-content\/uploads\/2018\/04\/20170816-182109-0430-1030x295.jpg 1030w, https:\/\/www.bremer-promenaden.de\/wp-content\/uploads\/2018\/04\/20170816-182109-0430-705x202.jpg 705w, https:\/\/www.bremer-promenaden.de\/wp-content\/uploads\/2018\/04\/20170816-182109-0430-450x129.jpg 450w\" sizes=\"(max-width: 1500px) 100vw, 1500px\" \/><\/div><\/li><li  class='avia-slideshow-slide av-21shvp-f3076fb00c6bc7b1254e47abd84336cc__8  slide-9 slide-odd'><div data-rel='slideshow-1' class='avia-slide-wrap '   ><img decoding=\"async\" fetchpriority=\"high\" class=\"wp-image-1131 avia-img-lazy-loading-not-1131\"  src=\"https:\/\/www.bremer-promenaden.de\/wp-content\/uploads\/2018\/04\/20170816-184524-0430.jpg\" width=\"1500\" height=\"430\" title='20170816-184524-0430' alt='Das Standesamt Bremen befindet sich in einer alten Villa.'  itemprop=\"thumbnailUrl\" srcset=\"https:\/\/www.bremer-promenaden.de\/wp-content\/uploads\/2018\/04\/20170816-184524-0430.jpg 1500w, https:\/\/www.bremer-promenaden.de\/wp-content\/uploads\/2018\/04\/20170816-184524-0430-300x86.jpg 300w, https:\/\/www.bremer-promenaden.de\/wp-content\/uploads\/2018\/04\/20170816-184524-0430-768x220.jpg 768w, https:\/\/www.bremer-promenaden.de\/wp-content\/uploads\/2018\/04\/20170816-184524-0430-1030x295.jpg 1030w, https:\/\/www.bremer-promenaden.de\/wp-content\/uploads\/2018\/04\/20170816-184524-0430-705x202.jpg 705w, https:\/\/www.bremer-promenaden.de\/wp-content\/uploads\/2018\/04\/20170816-184524-0430-450x129.jpg 450w\" sizes=\"(max-width: 1500px) 100vw, 1500px\" \/><\/div><\/li><\/ul><div class='avia-slideshow-arrows avia-slideshow-controls' ><a href='#prev' class='prev-slide  avia-svg-icon avia-font-svg_entypo-fontello' data-av_svg_icon='left-open-big' data-av_iconset='svg_entypo-fontello' tabindex='-1' title=\"Pr\u00e9c\u00e9dent\"><svg version=\"1.1\" xmlns=\"http:\/\/www.w3.org\/2000\/svg\" width=\"15\" height=\"32\" viewBox=\"0 0 15 32\" preserveAspectRatio=\"xMidYMid meet\" aria-labelledby='av-svg-title-1' aria-describedby='av-svg-desc-1' role=\"graphics-symbol\" aria-hidden=\"true\">\n<title id='av-svg-title-1'>Pr\u00e9c\u00e9dent<\/title>\n<desc id='av-svg-desc-1'>Pr\u00e9c\u00e9dent<\/desc>\n<path d=\"M14.464 27.84q0.832 0.832 0 1.536-0.832 0.832-1.536 0l-12.544-12.608q-0.768-0.768 0-1.6l12.544-12.608q0.704-0.832 1.536 0 0.832 0.704 0 1.536l-11.456 11.904z\"><\/path>\n<\/svg><span class='avia_hidden_link_text'>Pr\u00e9c\u00e9dent<\/span><\/a><a href='#next' class='next-slide  avia-svg-icon avia-font-svg_entypo-fontello' data-av_svg_icon='right-open-big' data-av_iconset='svg_entypo-fontello' tabindex='-1' title=\"Suivant\"><svg version=\"1.1\" xmlns=\"http:\/\/www.w3.org\/2000\/svg\" width=\"15\" height=\"32\" viewBox=\"0 0 15 32\" preserveAspectRatio=\"xMidYMid meet\" aria-labelledby='av-svg-title-2' aria-describedby='av-svg-desc-2' role=\"graphics-symbol\" aria-hidden=\"true\">\n<title id='av-svg-title-2'>Suivant<\/title>\n<desc id='av-svg-desc-2'>Suivant<\/desc>\n<path d=\"M0.416 27.84l11.456-11.84-11.456-11.904q-0.832-0.832 0-1.536 0.832-0.832 1.536 0l12.544 12.608q0.768 0.832 0 1.6l-12.544 12.608q-0.704 0.832-1.536 0-0.832-0.704 0-1.536z\"><\/path>\n<\/svg><span class='avia_hidden_link_text'>Suivant<\/span><\/a><\/div><div class='avia-slideshow-dots avia-slideshow-controls'><a href='#1' class='goto-slide active' >1<\/a><a href='#2' class='goto-slide ' >2<\/a><a href='#3' class='goto-slide ' >3<\/a><a href='#4' class='goto-slide ' >4<\/a><a href='#5' class='goto-slide ' >5<\/a><a href='#6' class='goto-slide ' >6<\/a><a href='#7' class='goto-slide ' >7<\/a><a href='#8' class='goto-slide ' >8<\/a><a href='#9' class='goto-slide ' >9<\/a><\/div><\/div><\/div><div id='after_full_slider_1'  class='main_color av_default_container_wrap container_wrap fullsize'  ><div class='container av-section-cont-open' ><div class='template-page content  av-content-full alpha units'><div class='post-entry post-entry-type-page post-entry-583'><div class='entry-content-wrapper clearfix'>\n\n<style type=\"text\/css\" data-created_by=\"avia_inline_auto\" id=\"style-css-av-h3aut-513a33bb938a472f7baae678e358b36e\">\n.flex_column.av-h3aut-513a33bb938a472f7baae678e358b36e{\nborder-radius:0px 0px 0px 0px;\npadding:0px 0px 0px 0px;\n}\n<\/style>\n<div  class='flex_column av-h3aut-513a33bb938a472f7baae678e358b36e av_one_full  avia-builder-el-1  el_after_av_slideshow_full  avia-builder-el-no-sibling  first flex_column_div av-zero-column-padding  '     ><section  class='av_textblock_section av-6owgl-023e5ef1fd32089119ce9219123459f2 '   itemscope=\"itemscope\" itemtype=\"https:\/\/schema.org\/CreativeWork\" ><div class='avia_textblock'  itemprop=\"text\" ><h1>Visite guid\u00e9e en autocar: de l&rsquo;Ostertor \u00e0 la \u00dcberseestadt<\/h1>\n<p>Tous ceux qui veulent d\u00e9couvrir le maximum de choses en peu de temps, choisissent la visite guid\u00e9e en autorcar. Celle-ci offre une bonne vue d&rsquo;ensemble des sp\u00e9cialit\u00e9s, des quartiers avec leurs villas de commer\u00e7ants et des maisons typiques dites \u201e<a href=\"https:\/\/de.wikipedia.org\/wiki\/Bremer_Haus\" target=\"_blank\" rel=\"noopener\">Bremer Haus<\/a>\u201c. Le tour vous montrera aussi le c\u00f4t\u00e9 vert de Br\u00eame avec le bord de la Weser, les jardins, les parcs, mais aussi le quartier du vieux port.<\/p>\n<p>Suite \u00e0 cette visite nous vous revelerons un tas de curiosit\u00e9s: o\u00f9 les Br\u00eamois vont \u00e0 la plage, quel t\u00e9l\u00e9phone sonne quand un bateau se retrouve en d\u00e9tresse, pourquoi l\u2018Europe teste des materiels en apesanteur \u00e0 Br\u00eame, ce que le parc des citoyens et le Central Parc ont en commun ou encore o\u00f9 les gens peuvent garer leur voiture au premier \u00e9tage \u00e0 c\u00f4t\u00e9 de leur appartement.<\/p>\n<h2>Visite guid\u00e9e en autocar: vue d&rsquo;ensemble<\/h2>\n<p>Bremer Promenaden offre une formule de visites guid\u00e9es en autocar en fran\u00e7ais, italien, anglais et allemand.<\/p>\n<p><strong>\u00c9tapes du tour:<\/strong> Wachtstrasse, vue sur l&rsquo;h\u00f4tel de ville et <a href=\"https:\/\/de.wikipedia.org\/wiki\/Bremer_Roland\" target=\"_blank\" rel=\"noopener\">Roland<\/a>, le fleuve Weser avec l&rsquo;\u00eele Werder, les quartiers Ostertor et Schwachhausen, <a href=\"http:\/\/www.botanika-bremen.de\/de\/rhododendron-sammlung\/rhododendron-park-bremen.html\" target=\"_blank\" rel=\"noopener\">Rhododendronpark<\/a> (parc des rhododendrons), la villa Borgward, l&rsquo;universit\u00e9 et la <a href=\"https:\/\/www.zarm.uni-bremen.de\/de\/fallturm.html\" target=\"_blank\" rel=\"noopener\">tour de chute<\/a>, l\u2018Universum, le parc des citoyens, la route des arts avec la galerie d&rsquo;art et les porteries, Wallanlagen (parc des anciens fortifications), \u00dcberseestadt avec les entrep\u00f4ts r\u00e9am\u00e9nag\u00e9s, le port de l\u2018Europe, la manufacture des argenteries Koch et Bergfeld, et enfin retour \u00e0 la Wachtstrasse. De ce dernier point de visite, les personnes int\u00e9ress\u00e9es peuvent aller \u00e0 pied saluer le Roland.<\/p>\n<p><strong>Dur\u00e9e du tour: <\/strong>Selon la densit\u00e9 du trafic une heure et demie \u00e0 deux heures<\/p>\n<p><strong>Bon \u00e0 savoir:<\/strong> \u00c0 Br\u00eame, il y a beaucoup de tunnels. Sur notre parcours vous avez une hauteur libre de 3,80 m\u00e8tres.<\/p>\n<p><strong>Groupes et prix:<\/strong><\/p>\n<ul>\n<li>Circuit avec visite guid\u00e9e en bus appartenant aux h\u00f4tes, une heure pour un forfait de 160,00 euros, deux heures pour un forfait de 200,00 euros.<\/li>\n<\/ul>\n<\/div><\/section><\/div>\n","protected":false},"excerpt":{"rendered":"","protected":false},"author":1,"featured_media":0,"parent":0,"menu_order":0,"comment_status":"closed","ping_status":"closed","template":"","meta":{"footnotes":""},"class_list":["post-583","page","type-page","status-publish","hentry"],"yoast_head":"<!-- This site is optimized with the Yoast SEO plugin v27.4 - https:\/\/yoast.com\/product\/yoast-seo-wordpress\/ -->\n<title>Visite guid\u00e9e de la ville de Br\u00eame en autocar - Bremer Promenaden<\/title>\n<meta name=\"description\" content=\"Faire l&#039;exp\u00e9rience de Br\u00eame en autocar et traverser Ostertor, Schwachhausen et Wallanlagen jusqu&#039;\u00e0 la \u00dcberseestadt.\" \/>\n<meta name=\"robots\" content=\"index, follow, max-snippet:-1, max-image-preview:large, max-video-preview:-1\" \/>\n<link rel=\"canonical\" href=\"https:\/\/www.bremer-promenaden.de\/stadtrundfahrt-durch-bremen\/\" \/>\n<meta property=\"og:locale\" content=\"fr_FR\" \/>\n<meta property=\"og:type\" content=\"article\" \/>\n<meta property=\"og:title\" content=\"Visite guid\u00e9e de la ville de Br\u00eame en autocar - Bremer Promenaden\" \/>\n<meta property=\"og:description\" content=\"Faire l&#039;exp\u00e9rience de Br\u00eame en autocar et traverser Ostertor, Schwachhausen et Wallanlagen jusqu&#039;\u00e0 la \u00dcberseestadt.\" \/>\n<meta property=\"og:url\" content=\"https:\/\/www.bremer-promenaden.de\/stadtrundfahrt-durch-bremen\/\" \/>\n<meta property=\"og:site_name\" content=\"Bremer Promenaden\" \/>\n<meta property=\"article:modified_time\" content=\"2026-01-07T09:53:19+00:00\" \/>\n<meta name=\"twitter:card\" content=\"summary_large_image\" \/>\n<meta name=\"twitter:label1\" content=\"Dur\u00e9e de lecture estim\u00e9e\" \/>\n\t<meta name=\"twitter:data1\" content=\"4 minutes\" \/>\n<script type=\"application\/ld+json\" class=\"yoast-schema-graph\">{\"@context\":\"https:\\\/\\\/schema.org\",\"@graph\":[{\"@type\":\"WebPage\",\"@id\":\"https:\\\/\\\/www.bremer-promenaden.de\\\/stadtrundfahrt-durch-bremen\\\/\",\"url\":\"https:\\\/\\\/www.bremer-promenaden.de\\\/stadtrundfahrt-durch-bremen\\\/\",\"name\":\"Visite guid\u00e9e de la ville de Br\u00eame en autocar - Bremer Promenaden\",\"isPartOf\":{\"@id\":\"https:\\\/\\\/www.bremer-promenaden.de\\\/#website\"},\"datePublished\":\"2017-07-03T11:54:15+00:00\",\"dateModified\":\"2026-01-07T09:53:19+00:00\",\"description\":\"Faire l'exp\u00e9rience de Br\u00eame en autocar et traverser Ostertor, Schwachhausen et Wallanlagen jusqu'\u00e0 la \u00dcberseestadt.\",\"breadcrumb\":{\"@id\":\"https:\\\/\\\/www.bremer-promenaden.de\\\/stadtrundfahrt-durch-bremen\\\/#breadcrumb\"},\"inLanguage\":\"fr-FR\",\"potentialAction\":[{\"@type\":\"ReadAction\",\"target\":[\"https:\\\/\\\/www.bremer-promenaden.de\\\/stadtrundfahrt-durch-bremen\\\/\"]}]},{\"@type\":\"BreadcrumbList\",\"@id\":\"https:\\\/\\\/www.bremer-promenaden.de\\\/stadtrundfahrt-durch-bremen\\\/#breadcrumb\",\"itemListElement\":[{\"@type\":\"ListItem\",\"position\":1,\"name\":\"Startseite\",\"item\":\"https:\\\/\\\/www.bremer-promenaden.de\\\/fr\\\/\"},{\"@type\":\"ListItem\",\"position\":2,\"name\":\"Visite guid\u00e9e de la ville de Br\u00eame en autocar\"}]},{\"@type\":\"WebSite\",\"@id\":\"https:\\\/\\\/www.bremer-promenaden.de\\\/#website\",\"url\":\"https:\\\/\\\/www.bremer-promenaden.de\\\/\",\"name\":\"Bremer Promenaden\",\"description\":\"Rundg\u00e4nge durch Bremen und um zu\",\"potentialAction\":[{\"@type\":\"SearchAction\",\"target\":{\"@type\":\"EntryPoint\",\"urlTemplate\":\"https:\\\/\\\/www.bremer-promenaden.de\\\/?s={search_term_string}\"},\"query-input\":{\"@type\":\"PropertyValueSpecification\",\"valueRequired\":true,\"valueName\":\"search_term_string\"}}],\"inLanguage\":\"fr-FR\"}]}<\/script>\n<!-- \/ Yoast SEO plugin. -->","yoast_head_json":{"title":"Visite guid\u00e9e de la ville de Br\u00eame en autocar - Bremer Promenaden","description":"Faire l'exp\u00e9rience de Br\u00eame en autocar et traverser Ostertor, Schwachhausen et Wallanlagen jusqu'\u00e0 la \u00dcberseestadt.","robots":{"index":"index","follow":"follow","max-snippet":"max-snippet:-1","max-image-preview":"max-image-preview:large","max-video-preview":"max-video-preview:-1"},"canonical":"https:\/\/www.bremer-promenaden.de\/stadtrundfahrt-durch-bremen\/","og_locale":"fr_FR","og_type":"article","og_title":"Visite guid\u00e9e de la ville de Br\u00eame en autocar - Bremer Promenaden","og_description":"Faire l'exp\u00e9rience de Br\u00eame en autocar et traverser Ostertor, Schwachhausen et Wallanlagen jusqu'\u00e0 la \u00dcberseestadt.","og_url":"https:\/\/www.bremer-promenaden.de\/stadtrundfahrt-durch-bremen\/","og_site_name":"Bremer Promenaden","article_modified_time":"2026-01-07T09:53:19+00:00","twitter_card":"summary_large_image","twitter_misc":{"Dur\u00e9e de lecture estim\u00e9e":"4 minutes"},"schema":{"@context":"https:\/\/schema.org","@graph":[{"@type":"WebPage","@id":"https:\/\/www.bremer-promenaden.de\/stadtrundfahrt-durch-bremen\/","url":"https:\/\/www.bremer-promenaden.de\/stadtrundfahrt-durch-bremen\/","name":"Visite guid\u00e9e de la ville de Br\u00eame en autocar - Bremer Promenaden","isPartOf":{"@id":"https:\/\/www.bremer-promenaden.de\/#website"},"datePublished":"2017-07-03T11:54:15+00:00","dateModified":"2026-01-07T09:53:19+00:00","description":"Faire l'exp\u00e9rience de Br\u00eame en autocar et traverser Ostertor, Schwachhausen et Wallanlagen jusqu'\u00e0 la \u00dcberseestadt.","breadcrumb":{"@id":"https:\/\/www.bremer-promenaden.de\/stadtrundfahrt-durch-bremen\/#breadcrumb"},"inLanguage":"fr-FR","potentialAction":[{"@type":"ReadAction","target":["https:\/\/www.bremer-promenaden.de\/stadtrundfahrt-durch-bremen\/"]}]},{"@type":"BreadcrumbList","@id":"https:\/\/www.bremer-promenaden.de\/stadtrundfahrt-durch-bremen\/#breadcrumb","itemListElement":[{"@type":"ListItem","position":1,"name":"Startseite","item":"https:\/\/www.bremer-promenaden.de\/fr\/"},{"@type":"ListItem","position":2,"name":"Visite guid\u00e9e de la ville de Br\u00eame en autocar"}]},{"@type":"WebSite","@id":"https:\/\/www.bremer-promenaden.de\/#website","url":"https:\/\/www.bremer-promenaden.de\/","name":"Bremer Promenaden","description":"Rundg\u00e4nge durch Bremen und um zu","potentialAction":[{"@type":"SearchAction","target":{"@type":"EntryPoint","urlTemplate":"https:\/\/www.bremer-promenaden.de\/?s={search_term_string}"},"query-input":{"@type":"PropertyValueSpecification","valueRequired":true,"valueName":"search_term_string"}}],"inLanguage":"fr-FR"}]}},"jetpack_sharing_enabled":true,"jetpack_shortlink":"https:\/\/wp.me\/P9FEkD-9p","_links":{"self":[{"href":"https:\/\/www.bremer-promenaden.de\/fr\/wp-json\/wp\/v2\/pages\/583","targetHints":{"allow":["GET"]}}],"collection":[{"href":"https:\/\/www.bremer-promenaden.de\/fr\/wp-json\/wp\/v2\/pages"}],"about":[{"href":"https:\/\/www.bremer-promenaden.de\/fr\/wp-json\/wp\/v2\/types\/page"}],"author":[{"embeddable":true,"href":"https:\/\/www.bremer-promenaden.de\/fr\/wp-json\/wp\/v2\/users\/1"}],"replies":[{"embeddable":true,"href":"https:\/\/www.bremer-promenaden.de\/fr\/wp-json\/wp\/v2\/comments?post=583"}],"version-history":[{"count":10,"href":"https:\/\/www.bremer-promenaden.de\/fr\/wp-json\/wp\/v2\/pages\/583\/revisions"}],"predecessor-version":[{"id":3684,"href":"https:\/\/www.bremer-promenaden.de\/fr\/wp-json\/wp\/v2\/pages\/583\/revisions\/3684"}],"wp:attachment":[{"href":"https:\/\/www.bremer-promenaden.de\/fr\/wp-json\/wp\/v2\/media?parent=583"}],"curies":[{"name":"wp","href":"https:\/\/api.w.org\/{rel}","templated":true}]}}