{"id":570,"date":"2017-07-03T13:35:54","date_gmt":"2017-07-03T11:35:54","guid":{"rendered":"http:\/\/www.bremer-promenaden.de\/partir-a-la-decouverte-du-village-dartistes-worpswede\/"},"modified":"2026-01-07T11:24:33","modified_gmt":"2026-01-07T10:24:33","slug":"partir-a-la-decouverte-du-village-dartistes-worpswede","status":"publish","type":"page","link":"https:\/\/www.bremer-promenaden.de\/fr\/partir-a-la-decouverte-du-village-dartistes-worpswede\/","title":{"rendered":"Partir \u00e0 la d\u00e9couverte du village d&rsquo;artistes Worpswede"},"content":{"rendered":"<div id='full_slider_1'  class='avia-fullwidth-slider main_color avia-shadow   avia-builder-el-0  el_before_av_one_full  avia-builder-el-first   container_wrap fullsize'  ><div  class='avia-slideshow av-1fa8qe-4a1eac896397197a37873d3eeea7fcab avia-slideshow-featured av_slideshow_full avia-slide-slider av-slideshow-ui av-control-default av-slideshow-autoplay av-loop-endless av-loop-manual-endless av-default-height-applied   avia-slideshow-1' data-slideshow-options=\"{&quot;animation&quot;:&quot;slide&quot;,&quot;autoplay&quot;:true,&quot;loop_autoplay&quot;:&quot;endless&quot;,&quot;interval&quot;:5,&quot;loop_manual&quot;:&quot;manual-endless&quot;,&quot;autoplay_stopper&quot;:false,&quot;noNavigation&quot;:false,&quot;bg_slider&quot;:false,&quot;keep_padding&quot;:false,&quot;hoverpause&quot;:false,&quot;show_slide_delay&quot;:0}\"  itemprop=\"image\" itemscope=\"itemscope\" itemtype=\"https:\/\/schema.org\/ImageObject\" ><ul class='avia-slideshow-inner ' style='padding-bottom: 28.666666666667%;'><li  class='avia-slideshow-slide av-1fa8qe-4a1eac896397197a37873d3eeea7fcab__0  slide-1 slide-odd'><div data-rel='slideshow-1' class='avia-slide-wrap '   ><img decoding=\"async\" fetchpriority=\"high\" class=\"wp-image-1325 avia-img-lazy-loading-not-1325\"  src=\"https:\/\/www.bremer-promenaden.de\/wp-content\/uploads\/2018\/04\/20170815-193637-0430.jpg\" width=\"1500\" height=\"430\" title='20170815-193637-0430' alt='Das alte Bauernhaus ist heute Worpswedes Rathaus'  itemprop=\"thumbnailUrl\" srcset=\"https:\/\/www.bremer-promenaden.de\/wp-content\/uploads\/2018\/04\/20170815-193637-0430.jpg 1500w, https:\/\/www.bremer-promenaden.de\/wp-content\/uploads\/2018\/04\/20170815-193637-0430-300x86.jpg 300w, https:\/\/www.bremer-promenaden.de\/wp-content\/uploads\/2018\/04\/20170815-193637-0430-768x220.jpg 768w, https:\/\/www.bremer-promenaden.de\/wp-content\/uploads\/2018\/04\/20170815-193637-0430-1030x295.jpg 1030w, https:\/\/www.bremer-promenaden.de\/wp-content\/uploads\/2018\/04\/20170815-193637-0430-705x202.jpg 705w, https:\/\/www.bremer-promenaden.de\/wp-content\/uploads\/2018\/04\/20170815-193637-0430-450x129.jpg 450w\" sizes=\"(max-width: 1500px) 100vw, 1500px\" \/><\/div><\/li><li  class='avia-slideshow-slide av-1fa8qe-4a1eac896397197a37873d3eeea7fcab__1  slide-2 slide-even'><div data-rel='slideshow-1' class='avia-slide-wrap '   ><img decoding=\"async\" fetchpriority=\"high\" class=\"wp-image-1329 avia-img-lazy-loading-not-1329\"  src=\"https:\/\/www.bremer-promenaden.de\/wp-content\/uploads\/2018\/04\/20170815-194548-0430.jpg\" width=\"1500\" height=\"430\" title='20170815-194548-0430' alt='Bernhard Hoetger schuf die Statue der T\u00e4nzerin Sent M\u2018Ahesa in Worpswede.'  itemprop=\"thumbnailUrl\" srcset=\"https:\/\/www.bremer-promenaden.de\/wp-content\/uploads\/2018\/04\/20170815-194548-0430.jpg 1500w, https:\/\/www.bremer-promenaden.de\/wp-content\/uploads\/2018\/04\/20170815-194548-0430-300x86.jpg 300w, https:\/\/www.bremer-promenaden.de\/wp-content\/uploads\/2018\/04\/20170815-194548-0430-768x220.jpg 768w, https:\/\/www.bremer-promenaden.de\/wp-content\/uploads\/2018\/04\/20170815-194548-0430-1030x295.jpg 1030w, https:\/\/www.bremer-promenaden.de\/wp-content\/uploads\/2018\/04\/20170815-194548-0430-705x202.jpg 705w, https:\/\/www.bremer-promenaden.de\/wp-content\/uploads\/2018\/04\/20170815-194548-0430-450x129.jpg 450w\" sizes=\"(max-width: 1500px) 100vw, 1500px\" \/><\/div><\/li><li  class='avia-slideshow-slide av-1fa8qe-4a1eac896397197a37873d3eeea7fcab__2  slide-3 slide-odd'><div data-rel='slideshow-1' class='avia-slide-wrap '   ><img decoding=\"async\" fetchpriority=\"high\" class=\"wp-image-1333 avia-img-lazy-loading-not-1333\"  src=\"https:\/\/www.bremer-promenaden.de\/wp-content\/uploads\/2018\/04\/20170815-195352-0430.jpg\" width=\"1500\" height=\"430\" title='20170815-195352-0430' alt='Die Gro\u00dfe Kunstschau in Worpswede gestaltete Bernhard Hoetger.'  itemprop=\"thumbnailUrl\" srcset=\"https:\/\/www.bremer-promenaden.de\/wp-content\/uploads\/2018\/04\/20170815-195352-0430.jpg 1500w, https:\/\/www.bremer-promenaden.de\/wp-content\/uploads\/2018\/04\/20170815-195352-0430-300x86.jpg 300w, https:\/\/www.bremer-promenaden.de\/wp-content\/uploads\/2018\/04\/20170815-195352-0430-768x220.jpg 768w, https:\/\/www.bremer-promenaden.de\/wp-content\/uploads\/2018\/04\/20170815-195352-0430-1030x295.jpg 1030w, https:\/\/www.bremer-promenaden.de\/wp-content\/uploads\/2018\/04\/20170815-195352-0430-705x202.jpg 705w, https:\/\/www.bremer-promenaden.de\/wp-content\/uploads\/2018\/04\/20170815-195352-0430-450x129.jpg 450w\" sizes=\"(max-width: 1500px) 100vw, 1500px\" \/><\/div><\/li><li  class='avia-slideshow-slide av-1fa8qe-4a1eac896397197a37873d3eeea7fcab__3  slide-4 slide-even'><div data-rel='slideshow-1' class='avia-slide-wrap '   ><img decoding=\"async\" fetchpriority=\"high\" class=\"wp-image-1337 avia-img-lazy-loading-not-1337\"  src=\"https:\/\/www.bremer-promenaden.de\/wp-content\/uploads\/2018\/04\/20170815-195504-0430.jpg\" width=\"1500\" height=\"430\" title='20170815-195504-0430' alt='Die Skulptur von Bernd Altenstein ist eines von vielen Werken in Worpswede.'  itemprop=\"thumbnailUrl\" srcset=\"https:\/\/www.bremer-promenaden.de\/wp-content\/uploads\/2018\/04\/20170815-195504-0430.jpg 1500w, https:\/\/www.bremer-promenaden.de\/wp-content\/uploads\/2018\/04\/20170815-195504-0430-300x86.jpg 300w, https:\/\/www.bremer-promenaden.de\/wp-content\/uploads\/2018\/04\/20170815-195504-0430-768x220.jpg 768w, https:\/\/www.bremer-promenaden.de\/wp-content\/uploads\/2018\/04\/20170815-195504-0430-1030x295.jpg 1030w, https:\/\/www.bremer-promenaden.de\/wp-content\/uploads\/2018\/04\/20170815-195504-0430-705x202.jpg 705w, https:\/\/www.bremer-promenaden.de\/wp-content\/uploads\/2018\/04\/20170815-195504-0430-450x129.jpg 450w\" sizes=\"(max-width: 1500px) 100vw, 1500px\" \/><\/div><\/li><li  class='avia-slideshow-slide av-1fa8qe-4a1eac896397197a37873d3eeea7fcab__4  slide-5 slide-odd'><div data-rel='slideshow-1' class='avia-slide-wrap '   ><img decoding=\"async\" fetchpriority=\"high\" class=\"wp-image-1341 avia-img-lazy-loading-not-1341\"  src=\"https:\/\/www.bremer-promenaden.de\/wp-content\/uploads\/2018\/04\/20170816-151036-0430.jpg\" width=\"1500\" height=\"430\" title='20170816-151036-0430' alt='In Bremen und Worpswede findet sich Clara Westhoff-Rilkes Darstellung von Paula.'  itemprop=\"thumbnailUrl\" srcset=\"https:\/\/www.bremer-promenaden.de\/wp-content\/uploads\/2018\/04\/20170816-151036-0430.jpg 1500w, https:\/\/www.bremer-promenaden.de\/wp-content\/uploads\/2018\/04\/20170816-151036-0430-300x86.jpg 300w, https:\/\/www.bremer-promenaden.de\/wp-content\/uploads\/2018\/04\/20170816-151036-0430-768x220.jpg 768w, https:\/\/www.bremer-promenaden.de\/wp-content\/uploads\/2018\/04\/20170816-151036-0430-1030x295.jpg 1030w, https:\/\/www.bremer-promenaden.de\/wp-content\/uploads\/2018\/04\/20170816-151036-0430-705x202.jpg 705w, https:\/\/www.bremer-promenaden.de\/wp-content\/uploads\/2018\/04\/20170816-151036-0430-450x129.jpg 450w\" sizes=\"(max-width: 1500px) 100vw, 1500px\" \/><\/div><\/li><li  class='avia-slideshow-slide av-1fa8qe-4a1eac896397197a37873d3eeea7fcab__5  slide-6 slide-even'><div data-rel='slideshow-1' class='avia-slide-wrap '   ><img decoding=\"async\" fetchpriority=\"high\" class=\"wp-image-1611 avia-img-lazy-loading-not-1611\"  src=\"https:\/\/www.bremer-promenaden.de\/wp-content\/uploads\/2021\/09\/DSCN3998-1500x430.jpg\" width=\"1500\" height=\"430\" title='DSCN3998' alt=''  itemprop=\"thumbnailUrl\" srcset=\"https:\/\/www.bremer-promenaden.de\/wp-content\/uploads\/2021\/09\/DSCN3998.jpg 1500w, https:\/\/www.bremer-promenaden.de\/wp-content\/uploads\/2021\/09\/DSCN3998-300x86.jpg 300w, https:\/\/www.bremer-promenaden.de\/wp-content\/uploads\/2021\/09\/DSCN3998-1030x295.jpg 1030w, https:\/\/www.bremer-promenaden.de\/wp-content\/uploads\/2021\/09\/DSCN3998-768x220.jpg 768w, https:\/\/www.bremer-promenaden.de\/wp-content\/uploads\/2021\/09\/DSCN3998-705x202.jpg 705w\" sizes=\"(max-width: 1500px) 100vw, 1500px\" \/><\/div><\/li><\/ul><div class='avia-slideshow-arrows avia-slideshow-controls' ><a href='#prev' class='prev-slide  avia-svg-icon avia-font-svg_entypo-fontello' data-av_svg_icon='left-open-big' data-av_iconset='svg_entypo-fontello' tabindex='-1' title=\"Pr\u00e9c\u00e9dent\"><svg version=\"1.1\" xmlns=\"http:\/\/www.w3.org\/2000\/svg\" width=\"15\" height=\"32\" viewBox=\"0 0 15 32\" preserveAspectRatio=\"xMidYMid meet\" aria-labelledby='av-svg-title-1' aria-describedby='av-svg-desc-1' role=\"graphics-symbol\" aria-hidden=\"true\">\n<title id='av-svg-title-1'>Pr\u00e9c\u00e9dent<\/title>\n<desc id='av-svg-desc-1'>Pr\u00e9c\u00e9dent<\/desc>\n<path d=\"M14.464 27.84q0.832 0.832 0 1.536-0.832 0.832-1.536 0l-12.544-12.608q-0.768-0.768 0-1.6l12.544-12.608q0.704-0.832 1.536 0 0.832 0.704 0 1.536l-11.456 11.904z\"><\/path>\n<\/svg><span class='avia_hidden_link_text'>Pr\u00e9c\u00e9dent<\/span><\/a><a href='#next' class='next-slide  avia-svg-icon avia-font-svg_entypo-fontello' data-av_svg_icon='right-open-big' data-av_iconset='svg_entypo-fontello' tabindex='-1' title=\"Suivant\"><svg version=\"1.1\" xmlns=\"http:\/\/www.w3.org\/2000\/svg\" width=\"15\" height=\"32\" viewBox=\"0 0 15 32\" preserveAspectRatio=\"xMidYMid meet\" aria-labelledby='av-svg-title-2' aria-describedby='av-svg-desc-2' role=\"graphics-symbol\" aria-hidden=\"true\">\n<title id='av-svg-title-2'>Suivant<\/title>\n<desc id='av-svg-desc-2'>Suivant<\/desc>\n<path d=\"M0.416 27.84l11.456-11.84-11.456-11.904q-0.832-0.832 0-1.536 0.832-0.832 1.536 0l12.544 12.608q0.768 0.832 0 1.6l-12.544 12.608q-0.704 0.832-1.536 0-0.832-0.704 0-1.536z\"><\/path>\n<\/svg><span class='avia_hidden_link_text'>Suivant<\/span><\/a><\/div><div class='avia-slideshow-dots avia-slideshow-controls'><a href='#1' class='goto-slide active' >1<\/a><a href='#2' class='goto-slide ' >2<\/a><a href='#3' class='goto-slide ' >3<\/a><a href='#4' class='goto-slide ' >4<\/a><a href='#5' class='goto-slide ' >5<\/a><a href='#6' class='goto-slide ' >6<\/a><\/div><\/div><\/div><div id='after_full_slider_1'  class='main_color av_default_container_wrap container_wrap fullsize'  ><div class='container av-section-cont-open' ><div class='template-page content  av-content-full alpha units'><div class='post-entry post-entry-type-page post-entry-570'><div class='entry-content-wrapper clearfix'>\n\n<style type=\"text\/css\" data-created_by=\"avia_inline_auto\" id=\"style-css-av-1llj2-c864080262d618d11755530390917eb7\">\n.flex_column.av-1llj2-c864080262d618d11755530390917eb7{\nborder-radius:0px 0px 0px 0px;\npadding:0px 0px 0px 0px;\n}\n<\/style>\n<div  class='flex_column av-1llj2-c864080262d618d11755530390917eb7 av_one_full  avia-builder-el-1  el_after_av_slideshow_full  avia-builder-el-no-sibling  first flex_column_div av-zero-column-padding  '     ><section  class='av_textblock_section av-77wpi-6686d7acbb16ccd1961a3b5e48c967cb '   itemscope=\"itemscope\" itemtype=\"https:\/\/schema.org\/CreativeWork\" ><div class='avia_textblock'  itemprop=\"text\" ><h1>Visite du village d&rsquo;artistes Worpswede<\/h1>\n<p>Au coeur du Teufelsmoor (marais pr\u00e8s de Br\u00eame) est situ\u00e9 le village Worpswede. Les paysans d&rsquo;autrefois pouvaient y survivre seulement \u00e0 condition de travailler durement. A la fin du 19i\u00e8me sci\u00e8cle les artistes d\u00e9couvrirent le paysage du marais et en m\u00eame temps la vie rurale. \u00c0 ce jour, des peintres, photographes, sculpteurs et artisans y vivent et y travaillent encore.<\/p>\n<p>\u00c0 la fin de notre circuit vous saurez comment les premiers habitants ont acquis des terres cultivables du Teufelsmoor, pourquoi le peintre Fritz Mackensen s&rsquo;enthousiasmait pour Worpswede, o\u00f9 peut-on se marier au milieu de meubles con\u00e7us par Heinrich Vogeler ou encore comment Clara Westhoff et Paula Modersohn-Becker \u00e9chappaient aux amendes.<\/p>\n<h2>Visite guid\u00e9e de Worpswede: vue d&rsquo;ensemble<\/h2>\n<p>Bremer Promenaden met \u00e0 votre disposition cette visite guid\u00e9e du village d\u2018artistes en fran\u00e7ais, italien, anglais et allemand .<\/p>\n<p><strong>\u00c9tapes du circuit:<\/strong> la maison Philine Vogeler, la maison Stolte, le centre historique du village avec ses maisons de ferme, l&rsquo;h\u00f4tel de ville, l&rsquo;\u00e9glise Zion sur le mont Weyerberg, le tombeau de Paula Modersohn-Becker, le mus\u00e9e \u201e<a href=\"http:\/\/www.worpswede-museen.de\/grosse-kunstschau\/grosse-kunstschau.html\" target=\"_blank\" rel=\"noopener\">Gro\u00dfe Kunstschau<\/a>\u201c situ\u00e9e dans un b\u00e2timent cr\u00e9\u00e9 par Bernhard Hoetger ou bien le <a href=\"http:\/\/www.museum-modersohn.de\/\" target=\"_blank\" rel=\"noopener\">mus\u00e9e situ\u00e9 dans la maison Modersohn<\/a>.<\/p>\n<p><strong>Dur\u00e9e du circuit:<\/strong> deux heures avec visite d&rsquo;un mus\u00e9e<\/p>\n<p><strong>Bon \u00e0 savoir:<\/strong> Nous parcourrons parfois des chemins de terre (quelquefois dans la for\u00eat) et monterrons des escaliers raides. Il est conseill\u00e9 de se munir de solides chaussures.<\/p>\n<p><strong>Groupes et prix:<\/strong><\/p>\n<ul>\n<li>20 personnes au maximum \u2013 150,-\u20ac,<br \/>\nen sus d&rsquo;entr\u00e9e au mus\u00e9e (5,-\u20ac par personne)<\/li>\n<\/ul>\n<\/div><\/section><\/div>\n","protected":false},"excerpt":{"rendered":"","protected":false},"author":1,"featured_media":0,"parent":0,"menu_order":0,"comment_status":"closed","ping_status":"closed","template":"","meta":{"footnotes":""},"class_list":["post-570","page","type-page","status-publish","hentry"],"yoast_head":"<!-- This site is optimized with the Yoast SEO plugin v27.6 - https:\/\/yoast.com\/product\/yoast-seo-wordpress\/ -->\n<title>Partir \u00e0 la d\u00e9couverte du village d&#039;artistes Worpswede - Bremer Promenaden<\/title>\n<meta name=\"description\" content=\"\u00c0 Worpswede au Teufelsmoor, nous irons explorer les demeures des peintres ainsi que les b\u00e2timents d&#039;artistes tout en racontant leurs histoires.\" \/>\n<meta name=\"robots\" content=\"index, follow, max-snippet:-1, max-image-preview:large, max-video-preview:-1\" \/>\n<link rel=\"canonical\" href=\"https:\/\/www.bremer-promenaden.de\/worpswede\/\" \/>\n<meta property=\"og:locale\" content=\"fr_FR\" \/>\n<meta property=\"og:type\" content=\"article\" \/>\n<meta property=\"og:title\" content=\"Partir \u00e0 la d\u00e9couverte du village d&#039;artistes Worpswede - Bremer Promenaden\" \/>\n<meta property=\"og:description\" content=\"\u00c0 Worpswede au Teufelsmoor, nous irons explorer les demeures des peintres ainsi que les b\u00e2timents d&#039;artistes tout en racontant leurs histoires.\" \/>\n<meta property=\"og:url\" content=\"https:\/\/www.bremer-promenaden.de\/worpswede\/\" \/>\n<meta property=\"og:site_name\" content=\"Bremer Promenaden\" \/>\n<meta property=\"article:modified_time\" content=\"2026-01-07T10:24:33+00:00\" \/>\n<meta name=\"twitter:card\" content=\"summary_large_image\" \/>\n<meta name=\"twitter:label1\" content=\"Dur\u00e9e de lecture estim\u00e9e\" \/>\n\t<meta name=\"twitter:data1\" content=\"7 minutes\" \/>\n<script type=\"application\/ld+json\" class=\"yoast-schema-graph\">{\"@context\":\"https:\\\/\\\/schema.org\",\"@graph\":[{\"@type\":\"WebPage\",\"@id\":\"https:\\\/\\\/www.bremer-promenaden.de\\\/worpswede\\\/\",\"url\":\"https:\\\/\\\/www.bremer-promenaden.de\\\/worpswede\\\/\",\"name\":\"Partir \u00e0 la d\u00e9couverte du village d'artistes Worpswede - Bremer Promenaden\",\"isPartOf\":{\"@id\":\"https:\\\/\\\/www.bremer-promenaden.de\\\/#website\"},\"datePublished\":\"2017-07-03T11:35:54+00:00\",\"dateModified\":\"2026-01-07T10:24:33+00:00\",\"description\":\"\u00c0 Worpswede au Teufelsmoor, nous irons explorer les demeures des peintres ainsi que les b\u00e2timents d'artistes tout en racontant leurs histoires.\",\"breadcrumb\":{\"@id\":\"https:\\\/\\\/www.bremer-promenaden.de\\\/worpswede\\\/#breadcrumb\"},\"inLanguage\":\"fr-FR\",\"potentialAction\":[{\"@type\":\"ReadAction\",\"target\":[\"https:\\\/\\\/www.bremer-promenaden.de\\\/worpswede\\\/\"]}]},{\"@type\":\"BreadcrumbList\",\"@id\":\"https:\\\/\\\/www.bremer-promenaden.de\\\/worpswede\\\/#breadcrumb\",\"itemListElement\":[{\"@type\":\"ListItem\",\"position\":1,\"name\":\"Startseite\",\"item\":\"https:\\\/\\\/www.bremer-promenaden.de\\\/fr\\\/\"},{\"@type\":\"ListItem\",\"position\":2,\"name\":\"Partir \u00e0 la d\u00e9couverte du village d&rsquo;artistes Worpswede\"}]},{\"@type\":\"WebSite\",\"@id\":\"https:\\\/\\\/www.bremer-promenaden.de\\\/#website\",\"url\":\"https:\\\/\\\/www.bremer-promenaden.de\\\/\",\"name\":\"Bremer Promenaden\",\"description\":\"Rundg\u00e4nge durch Bremen und um zu\",\"potentialAction\":[{\"@type\":\"SearchAction\",\"target\":{\"@type\":\"EntryPoint\",\"urlTemplate\":\"https:\\\/\\\/www.bremer-promenaden.de\\\/?s={search_term_string}\"},\"query-input\":{\"@type\":\"PropertyValueSpecification\",\"valueRequired\":true,\"valueName\":\"search_term_string\"}}],\"inLanguage\":\"fr-FR\"}]}<\/script>\n<!-- \/ Yoast SEO plugin. -->","yoast_head_json":{"title":"Partir \u00e0 la d\u00e9couverte du village d'artistes Worpswede - Bremer Promenaden","description":"\u00c0 Worpswede au Teufelsmoor, nous irons explorer les demeures des peintres ainsi que les b\u00e2timents d'artistes tout en racontant leurs histoires.","robots":{"index":"index","follow":"follow","max-snippet":"max-snippet:-1","max-image-preview":"max-image-preview:large","max-video-preview":"max-video-preview:-1"},"canonical":"https:\/\/www.bremer-promenaden.de\/worpswede\/","og_locale":"fr_FR","og_type":"article","og_title":"Partir \u00e0 la d\u00e9couverte du village d'artistes Worpswede - Bremer Promenaden","og_description":"\u00c0 Worpswede au Teufelsmoor, nous irons explorer les demeures des peintres ainsi que les b\u00e2timents d'artistes tout en racontant leurs histoires.","og_url":"https:\/\/www.bremer-promenaden.de\/worpswede\/","og_site_name":"Bremer Promenaden","article_modified_time":"2026-01-07T10:24:33+00:00","twitter_card":"summary_large_image","twitter_misc":{"Dur\u00e9e de lecture estim\u00e9e":"7 minutes"},"schema":{"@context":"https:\/\/schema.org","@graph":[{"@type":"WebPage","@id":"https:\/\/www.bremer-promenaden.de\/worpswede\/","url":"https:\/\/www.bremer-promenaden.de\/worpswede\/","name":"Partir \u00e0 la d\u00e9couverte du village d'artistes Worpswede - Bremer Promenaden","isPartOf":{"@id":"https:\/\/www.bremer-promenaden.de\/#website"},"datePublished":"2017-07-03T11:35:54+00:00","dateModified":"2026-01-07T10:24:33+00:00","description":"\u00c0 Worpswede au Teufelsmoor, nous irons explorer les demeures des peintres ainsi que les b\u00e2timents d'artistes tout en racontant leurs histoires.","breadcrumb":{"@id":"https:\/\/www.bremer-promenaden.de\/worpswede\/#breadcrumb"},"inLanguage":"fr-FR","potentialAction":[{"@type":"ReadAction","target":["https:\/\/www.bremer-promenaden.de\/worpswede\/"]}]},{"@type":"BreadcrumbList","@id":"https:\/\/www.bremer-promenaden.de\/worpswede\/#breadcrumb","itemListElement":[{"@type":"ListItem","position":1,"name":"Startseite","item":"https:\/\/www.bremer-promenaden.de\/fr\/"},{"@type":"ListItem","position":2,"name":"Partir \u00e0 la d\u00e9couverte du village d&rsquo;artistes Worpswede"}]},{"@type":"WebSite","@id":"https:\/\/www.bremer-promenaden.de\/#website","url":"https:\/\/www.bremer-promenaden.de\/","name":"Bremer Promenaden","description":"Rundg\u00e4nge durch Bremen und um zu","potentialAction":[{"@type":"SearchAction","target":{"@type":"EntryPoint","urlTemplate":"https:\/\/www.bremer-promenaden.de\/?s={search_term_string}"},"query-input":{"@type":"PropertyValueSpecification","valueRequired":true,"valueName":"search_term_string"}}],"inLanguage":"fr-FR"}]}},"jetpack_sharing_enabled":true,"jetpack_shortlink":"https:\/\/wp.me\/P9FEkD-9c","_links":{"self":[{"href":"https:\/\/www.bremer-promenaden.de\/fr\/wp-json\/wp\/v2\/pages\/570","targetHints":{"allow":["GET"]}}],"collection":[{"href":"https:\/\/www.bremer-promenaden.de\/fr\/wp-json\/wp\/v2\/pages"}],"about":[{"href":"https:\/\/www.bremer-promenaden.de\/fr\/wp-json\/wp\/v2\/types\/page"}],"author":[{"embeddable":true,"href":"https:\/\/www.bremer-promenaden.de\/fr\/wp-json\/wp\/v2\/users\/1"}],"replies":[{"embeddable":true,"href":"https:\/\/www.bremer-promenaden.de\/fr\/wp-json\/wp\/v2\/comments?post=570"}],"version-history":[{"count":20,"href":"https:\/\/www.bremer-promenaden.de\/fr\/wp-json\/wp\/v2\/pages\/570\/revisions"}],"predecessor-version":[{"id":3708,"href":"https:\/\/www.bremer-promenaden.de\/fr\/wp-json\/wp\/v2\/pages\/570\/revisions\/3708"}],"wp:attachment":[{"href":"https:\/\/www.bremer-promenaden.de\/fr\/wp-json\/wp\/v2\/media?parent=570"}],"curies":[{"name":"wp","href":"https:\/\/api.w.org\/{rel}","templated":true}]}}