{"id":567,"date":"2017-07-03T13:23:39","date_gmt":"2017-07-03T11:23:39","guid":{"rendered":"http:\/\/www.bremer-promenaden.de\/breme-de-tout-coeur\/"},"modified":"2023-04-18T14:22:56","modified_gmt":"2023-04-18T12:22:56","slug":"breme-de-tout-coeur","status":"publish","type":"page","link":"https:\/\/www.bremer-promenaden.de\/fr\/breme-de-tout-coeur\/","title":{"rendered":"Br\u00eame de tout coeur"},"content":{"rendered":"\n<style type=\"text\/css\" data-created_by=\"avia_inline_auto\" id=\"style-css-av-g8miz-36aa9a8d1f1f0c2f3fcc81ae7d7ccee3\">\n.flex_column.av-g8miz-36aa9a8d1f1f0c2f3fcc81ae7d7ccee3{\nborder-radius:0px 0px 0px 0px;\npadding:0px 0px 0px 0px;\n}\n<\/style>\n<div  class='flex_column av-g8miz-36aa9a8d1f1f0c2f3fcc81ae7d7ccee3 av_one_full  avia-builder-el-0  avia-builder-el-no-sibling  first flex_column_div av-zero-column-padding  '     ><section  class='av_textblock_section av-7ry5v-872e574177104f23d280c299704f76d1 '   itemscope=\"itemscope\" itemtype=\"https:\/\/schema.org\/CreativeWork\" ><div class='avia_textblock'  itemprop=\"text\" ><h1>Br\u00eame de tout coeur<\/h1>\n<p>Pendant ses promenades \u00e0 Br\u00eame Julia Harjes allie profession et vocation: elle porte en son coeur l&rsquo;amour pour la ville hans\u00e9atique Br\u00eame et le village d&rsquo;artistes Worpswede, la passion est enrichie par les abondantes connaissances approfondies de l&rsquo;histoire de la ville et de l&rsquo;art, le tout enrob\u00e9 par un penchant gourmand pour la nourriture et une passion pour les places ravissantes et des belles choses Elle aime partager toute cette ferveur avec ses invit\u00e9s du monde entier:\u201c Br\u00eame et Worpswede sont trop beaux pour \u00eatre ignor\u00e9s.\u201c<\/p>\n<p>Afin de perfectionner ses visites et offrir plus d\u2018enthousiasme \u00e0 ses visiteurs Julia Harjes propose de combiner individuellement les visites. Vous aimeriez visiter l&rsquo;h\u00f4tel de ville, mais vous voulez aussi flaner dans la ville? Il est possible de faire cette combinaison en deux heures et demie. Vous vous interessez specialement \u00e0 l&rsquo;art ou vous voulez visiter un mus\u00e9e particulier? Ou avez vous envie de faire la connaissance du c\u00f4t\u00e9 vert de Br\u00eame et explorer la ville \u00e0 l&rsquo;\u00e9cart des sentier battus touristiques?<\/p>\n<p>N&rsquo;h\u00e9sitez pas \u00e0 contacter votre guide Julia Harjes par <a href=\"http:\/\/www.bremer-promenaden.de\/fr\/kontakt\/\">t\u00e9l\u00e9phone<\/a>\u00a0ou <a href=\"mailto:info@bremer-promenaden.de\">email<\/a>.<\/p>\n<h2>Julia Harjes<\/h2>\n<ul>\n<li><img loading=\"lazy\" decoding=\"async\" class=\"alignleft wp-image-1699 size-medium\" src=\"https:\/\/www.bremer-promenaden.de\/wp-content\/uploads\/2021\/09\/IMG_9703bea_web_Auss.1-300x270.jpg\" alt=\"\" width=\"300\" height=\"270\" srcset=\"https:\/\/www.bremer-promenaden.de\/wp-content\/uploads\/2021\/09\/IMG_9703bea_web_Auss.1-300x270.jpg 300w, https:\/\/www.bremer-promenaden.de\/wp-content\/uploads\/2021\/09\/IMG_9703bea_web_Auss.1-1030x926.jpg 1030w, https:\/\/www.bremer-promenaden.de\/wp-content\/uploads\/2021\/09\/IMG_9703bea_web_Auss.1-768x690.jpg 768w, https:\/\/www.bremer-promenaden.de\/wp-content\/uploads\/2021\/09\/IMG_9703bea_web_Auss.1-705x634.jpg 705w, https:\/\/www.bremer-promenaden.de\/wp-content\/uploads\/2021\/09\/IMG_9703bea_web_Auss.1.jpg 1314w\" sizes=\"auto, (max-width: 300px) 100vw, 300px\" \/> de Br\u00eame de naissance et par conviction.<\/li>\n<li>Poss\u00e8de, par son grand p\u00e8re, des lien \u00e9troits familiaux \u00e0 <a href=\"http:\/\/www.worpswede-fuehrung.de\/pages\/start.php\" target=\"_blank\" rel=\"noopener\">Worpswede<\/a>: le dinandier et sculpteur en cuivre Fidi Harjes vivait et travaillait chez Heinrich Vogeler au Barkenhoff dans les ann\u00e9es vingt.<\/li>\n<li>Etudes (maitrise) dans le domaine de l&rsquo;histoire et des langues romanes \u00e0 Hambourg (Magister Artium).<\/li>\n<li>Longue exp\u00e9rience de cours de langues destin\u00e9s aux cadres \u00e0 Br\u00eame (allemand langue \u00e9trang\u00e8re et autres)<\/li>\n<li>Depuis plus de dix ans Julia exerce son m\u00e9tier de guide, developpant ainsi des visites guid\u00e9es en fran\u00e7ais et en italien mais \u00e9galement en allemand et en anglais.<\/li>\n<li>Depuis 2017 Julia Harjes offre ses visites guid\u00e9es sous le nom \u201eBremer Promenaden\u201c.\u00a0Son logo renvoie aux empreintes des fameux musiciens de Br\u00eame: \u00e2ne, chien, chat et coq.<\/li>\n<\/ul>\n<\/div><\/section><\/div>\n","protected":false},"excerpt":{"rendered":"","protected":false},"author":1,"featured_media":0,"parent":0,"menu_order":0,"comment_status":"closed","ping_status":"closed","template":"","meta":{"footnotes":""},"class_list":["post-567","page","type-page","status-publish","hentry"],"yoast_head":"<!-- This site is optimized with the Yoast SEO plugin v27.6 - https:\/\/yoast.com\/product\/yoast-seo-wordpress\/ -->\n<title>Visite guid\u00e9e Br\u00eame avec Julia Harjes - Bremer Promenaden<\/title>\n<meta name=\"description\" content=\"\u00c0 Br\u00eame et \u00e0 Worpswede Julia Harjes se sent chez elle. Avec ses connaissances de l\u2018histoire et son amour pour sa ville, elle est un guide id\u00e9al.\" \/>\n<meta name=\"robots\" content=\"index, follow, max-snippet:-1, max-image-preview:large, max-video-preview:-1\" \/>\n<link rel=\"canonical\" href=\"https:\/\/www.bremer-promenaden.de\/stadtfuehrerin-julia-harjes\/\" \/>\n<meta property=\"og:locale\" content=\"fr_FR\" \/>\n<meta property=\"og:type\" content=\"article\" \/>\n<meta property=\"og:title\" content=\"Visite guid\u00e9e Br\u00eame avec Julia Harjes - Bremer Promenaden\" \/>\n<meta property=\"og:description\" content=\"\u00c0 Br\u00eame et \u00e0 Worpswede Julia Harjes se sent chez elle. Avec ses connaissances de l\u2018histoire et son amour pour sa ville, elle est un guide id\u00e9al.\" \/>\n<meta property=\"og:url\" content=\"https:\/\/www.bremer-promenaden.de\/stadtfuehrerin-julia-harjes\/\" \/>\n<meta property=\"og:site_name\" content=\"Bremer Promenaden\" \/>\n<meta property=\"article:modified_time\" content=\"2023-04-18T12:22:56+00:00\" \/>\n<meta property=\"og:image\" content=\"https:\/\/www.bremer-promenaden.de\/wp-content\/uploads\/2021\/09\/IMG_9703bea_web_Auss.1-300x270.jpg\" \/>\n<meta name=\"twitter:card\" content=\"summary_large_image\" \/>\n<meta name=\"twitter:label1\" content=\"Dur\u00e9e de lecture estim\u00e9e\" \/>\n\t<meta name=\"twitter:data1\" content=\"2 minutes\" \/>\n<script type=\"application\/ld+json\" class=\"yoast-schema-graph\">{\"@context\":\"https:\\\/\\\/schema.org\",\"@graph\":[{\"@type\":\"WebPage\",\"@id\":\"https:\\\/\\\/www.bremer-promenaden.de\\\/stadtfuehrerin-julia-harjes\\\/\",\"url\":\"https:\\\/\\\/www.bremer-promenaden.de\\\/stadtfuehrerin-julia-harjes\\\/\",\"name\":\"Visite guid\u00e9e Br\u00eame avec Julia Harjes - Bremer Promenaden\",\"isPartOf\":{\"@id\":\"https:\\\/\\\/www.bremer-promenaden.de\\\/#website\"},\"primaryImageOfPage\":{\"@id\":\"https:\\\/\\\/www.bremer-promenaden.de\\\/stadtfuehrerin-julia-harjes\\\/#primaryimage\"},\"image\":{\"@id\":\"https:\\\/\\\/www.bremer-promenaden.de\\\/stadtfuehrerin-julia-harjes\\\/#primaryimage\"},\"thumbnailUrl\":\"https:\\\/\\\/www.bremer-promenaden.de\\\/wp-content\\\/uploads\\\/2021\\\/09\\\/IMG_9703bea_web_Auss.1-300x270.jpg\",\"datePublished\":\"2017-07-03T11:23:39+00:00\",\"dateModified\":\"2023-04-18T12:22:56+00:00\",\"description\":\"\u00c0 Br\u00eame et \u00e0 Worpswede Julia Harjes se sent chez elle. Avec ses connaissances de l\u2018histoire et son amour pour sa ville, elle est un guide id\u00e9al.\",\"breadcrumb\":{\"@id\":\"https:\\\/\\\/www.bremer-promenaden.de\\\/stadtfuehrerin-julia-harjes\\\/#breadcrumb\"},\"inLanguage\":\"fr-FR\",\"potentialAction\":[{\"@type\":\"ReadAction\",\"target\":[\"https:\\\/\\\/www.bremer-promenaden.de\\\/stadtfuehrerin-julia-harjes\\\/\"]}]},{\"@type\":\"ImageObject\",\"inLanguage\":\"fr-FR\",\"@id\":\"https:\\\/\\\/www.bremer-promenaden.de\\\/stadtfuehrerin-julia-harjes\\\/#primaryimage\",\"url\":\"https:\\\/\\\/www.bremer-promenaden.de\\\/wp-content\\\/uploads\\\/2021\\\/09\\\/IMG_9703bea_web_Auss.1-300x270.jpg\",\"contentUrl\":\"https:\\\/\\\/www.bremer-promenaden.de\\\/wp-content\\\/uploads\\\/2021\\\/09\\\/IMG_9703bea_web_Auss.1-300x270.jpg\"},{\"@type\":\"BreadcrumbList\",\"@id\":\"https:\\\/\\\/www.bremer-promenaden.de\\\/stadtfuehrerin-julia-harjes\\\/#breadcrumb\",\"itemListElement\":[{\"@type\":\"ListItem\",\"position\":1,\"name\":\"Startseite\",\"item\":\"https:\\\/\\\/www.bremer-promenaden.de\\\/fr\\\/\"},{\"@type\":\"ListItem\",\"position\":2,\"name\":\"Br\u00eame de tout coeur\"}]},{\"@type\":\"WebSite\",\"@id\":\"https:\\\/\\\/www.bremer-promenaden.de\\\/#website\",\"url\":\"https:\\\/\\\/www.bremer-promenaden.de\\\/\",\"name\":\"Bremer Promenaden\",\"description\":\"Rundg\u00e4nge durch Bremen und um zu\",\"potentialAction\":[{\"@type\":\"SearchAction\",\"target\":{\"@type\":\"EntryPoint\",\"urlTemplate\":\"https:\\\/\\\/www.bremer-promenaden.de\\\/?s={search_term_string}\"},\"query-input\":{\"@type\":\"PropertyValueSpecification\",\"valueRequired\":true,\"valueName\":\"search_term_string\"}}],\"inLanguage\":\"fr-FR\"}]}<\/script>\n<!-- \/ Yoast SEO plugin. -->","yoast_head_json":{"title":"Visite guid\u00e9e Br\u00eame avec Julia Harjes - Bremer Promenaden","description":"\u00c0 Br\u00eame et \u00e0 Worpswede Julia Harjes se sent chez elle. Avec ses connaissances de l\u2018histoire et son amour pour sa ville, elle est un guide id\u00e9al.","robots":{"index":"index","follow":"follow","max-snippet":"max-snippet:-1","max-image-preview":"max-image-preview:large","max-video-preview":"max-video-preview:-1"},"canonical":"https:\/\/www.bremer-promenaden.de\/stadtfuehrerin-julia-harjes\/","og_locale":"fr_FR","og_type":"article","og_title":"Visite guid\u00e9e Br\u00eame avec Julia Harjes - Bremer Promenaden","og_description":"\u00c0 Br\u00eame et \u00e0 Worpswede Julia Harjes se sent chez elle. Avec ses connaissances de l\u2018histoire et son amour pour sa ville, elle est un guide id\u00e9al.","og_url":"https:\/\/www.bremer-promenaden.de\/stadtfuehrerin-julia-harjes\/","og_site_name":"Bremer Promenaden","article_modified_time":"2023-04-18T12:22:56+00:00","og_image":[{"url":"https:\/\/www.bremer-promenaden.de\/wp-content\/uploads\/2021\/09\/IMG_9703bea_web_Auss.1-300x270.jpg","type":"","width":"","height":""}],"twitter_card":"summary_large_image","twitter_misc":{"Dur\u00e9e de lecture estim\u00e9e":"2 minutes"},"schema":{"@context":"https:\/\/schema.org","@graph":[{"@type":"WebPage","@id":"https:\/\/www.bremer-promenaden.de\/stadtfuehrerin-julia-harjes\/","url":"https:\/\/www.bremer-promenaden.de\/stadtfuehrerin-julia-harjes\/","name":"Visite guid\u00e9e Br\u00eame avec Julia Harjes - Bremer Promenaden","isPartOf":{"@id":"https:\/\/www.bremer-promenaden.de\/#website"},"primaryImageOfPage":{"@id":"https:\/\/www.bremer-promenaden.de\/stadtfuehrerin-julia-harjes\/#primaryimage"},"image":{"@id":"https:\/\/www.bremer-promenaden.de\/stadtfuehrerin-julia-harjes\/#primaryimage"},"thumbnailUrl":"https:\/\/www.bremer-promenaden.de\/wp-content\/uploads\/2021\/09\/IMG_9703bea_web_Auss.1-300x270.jpg","datePublished":"2017-07-03T11:23:39+00:00","dateModified":"2023-04-18T12:22:56+00:00","description":"\u00c0 Br\u00eame et \u00e0 Worpswede Julia Harjes se sent chez elle. Avec ses connaissances de l\u2018histoire et son amour pour sa ville, elle est un guide id\u00e9al.","breadcrumb":{"@id":"https:\/\/www.bremer-promenaden.de\/stadtfuehrerin-julia-harjes\/#breadcrumb"},"inLanguage":"fr-FR","potentialAction":[{"@type":"ReadAction","target":["https:\/\/www.bremer-promenaden.de\/stadtfuehrerin-julia-harjes\/"]}]},{"@type":"ImageObject","inLanguage":"fr-FR","@id":"https:\/\/www.bremer-promenaden.de\/stadtfuehrerin-julia-harjes\/#primaryimage","url":"https:\/\/www.bremer-promenaden.de\/wp-content\/uploads\/2021\/09\/IMG_9703bea_web_Auss.1-300x270.jpg","contentUrl":"https:\/\/www.bremer-promenaden.de\/wp-content\/uploads\/2021\/09\/IMG_9703bea_web_Auss.1-300x270.jpg"},{"@type":"BreadcrumbList","@id":"https:\/\/www.bremer-promenaden.de\/stadtfuehrerin-julia-harjes\/#breadcrumb","itemListElement":[{"@type":"ListItem","position":1,"name":"Startseite","item":"https:\/\/www.bremer-promenaden.de\/fr\/"},{"@type":"ListItem","position":2,"name":"Br\u00eame de tout coeur"}]},{"@type":"WebSite","@id":"https:\/\/www.bremer-promenaden.de\/#website","url":"https:\/\/www.bremer-promenaden.de\/","name":"Bremer Promenaden","description":"Rundg\u00e4nge durch Bremen und um zu","potentialAction":[{"@type":"SearchAction","target":{"@type":"EntryPoint","urlTemplate":"https:\/\/www.bremer-promenaden.de\/?s={search_term_string}"},"query-input":{"@type":"PropertyValueSpecification","valueRequired":true,"valueName":"search_term_string"}}],"inLanguage":"fr-FR"}]}},"jetpack_sharing_enabled":true,"jetpack_shortlink":"https:\/\/wp.me\/P9FEkD-99","_links":{"self":[{"href":"https:\/\/www.bremer-promenaden.de\/fr\/wp-json\/wp\/v2\/pages\/567","targetHints":{"allow":["GET"]}}],"collection":[{"href":"https:\/\/www.bremer-promenaden.de\/fr\/wp-json\/wp\/v2\/pages"}],"about":[{"href":"https:\/\/www.bremer-promenaden.de\/fr\/wp-json\/wp\/v2\/types\/page"}],"author":[{"embeddable":true,"href":"https:\/\/www.bremer-promenaden.de\/fr\/wp-json\/wp\/v2\/users\/1"}],"replies":[{"embeddable":true,"href":"https:\/\/www.bremer-promenaden.de\/fr\/wp-json\/wp\/v2\/comments?post=567"}],"version-history":[{"count":8,"href":"https:\/\/www.bremer-promenaden.de\/fr\/wp-json\/wp\/v2\/pages\/567\/revisions"}],"predecessor-version":[{"id":2590,"href":"https:\/\/www.bremer-promenaden.de\/fr\/wp-json\/wp\/v2\/pages\/567\/revisions\/2590"}],"wp:attachment":[{"href":"https:\/\/www.bremer-promenaden.de\/fr\/wp-json\/wp\/v2\/media?parent=567"}],"curies":[{"name":"wp","href":"https:\/\/api.w.org\/{rel}","templated":true}]}}