{"id":444,"date":"2017-05-18T10:19:41","date_gmt":"2017-05-18T08:19:41","guid":{"rendered":"http:\/\/www.bremer-promenaden.de\/visite-guidee-par-le-schnoor-une-immersion-dans-lhistoire\/"},"modified":"2026-01-07T10:50:28","modified_gmt":"2026-01-07T09:50:28","slug":"visite-guidee-par-le-schnoor-une-immersion-dans-lhistoire","status":"publish","type":"page","link":"https:\/\/www.bremer-promenaden.de\/fr\/visite-guidee-par-le-schnoor-une-immersion-dans-lhistoire\/","title":{"rendered":"Visite guid\u00e9e par le Schnoor: Une immersion dans l\u2019Histoire"},"content":{"rendered":"<div id='full_slider_1'  class='avia-fullwidth-slider main_color avia-shadow   avia-builder-el-0  el_before_av_one_full  avia-builder-el-first   container_wrap fullsize'  ><div  class='avia-slideshow av-3s3wy-513c86c3b6fdaa5ffd8b229a61604304 avia-slideshow-featured av_slideshow_full avia-slide-slider av-slideshow-ui av-control-default av-slideshow-autoplay av-loop-endless av-loop-manual-endless av-default-height-applied   avia-slideshow-1' data-slideshow-options=\"{&quot;animation&quot;:&quot;slide&quot;,&quot;autoplay&quot;:true,&quot;loop_autoplay&quot;:&quot;endless&quot;,&quot;interval&quot;:5,&quot;loop_manual&quot;:&quot;manual-endless&quot;,&quot;autoplay_stopper&quot;:false,&quot;noNavigation&quot;:false,&quot;bg_slider&quot;:false,&quot;keep_padding&quot;:false,&quot;hoverpause&quot;:false,&quot;show_slide_delay&quot;:0}\"  itemprop=\"image\" itemscope=\"itemscope\" itemtype=\"https:\/\/schema.org\/ImageObject\" ><ul class='avia-slideshow-inner ' style='padding-bottom: 28.666666666667%;'><li  class='avia-slideshow-slide av-3s3wy-513c86c3b6fdaa5ffd8b229a61604304__0  slide-1 slide-odd'><div data-rel='slideshow-1' class='avia-slide-wrap '   ><img decoding=\"async\" fetchpriority=\"high\" class=\"wp-image-1261 avia-img-lazy-loading-not-1261\"  src=\"https:\/\/www.bremer-promenaden.de\/wp-content\/uploads\/2018\/04\/20170816-140547-0430.jpg\" width=\"1500\" height=\"430\" title='20170816-140547-0430' alt='Nicht nur S\u00fc\u00dfes gibt es in Bremens Schnoorkr\u00e4merei.'  itemprop=\"thumbnailUrl\" srcset=\"https:\/\/www.bremer-promenaden.de\/wp-content\/uploads\/2018\/04\/20170816-140547-0430.jpg 1500w, https:\/\/www.bremer-promenaden.de\/wp-content\/uploads\/2018\/04\/20170816-140547-0430-300x86.jpg 300w, https:\/\/www.bremer-promenaden.de\/wp-content\/uploads\/2018\/04\/20170816-140547-0430-768x220.jpg 768w, https:\/\/www.bremer-promenaden.de\/wp-content\/uploads\/2018\/04\/20170816-140547-0430-1030x295.jpg 1030w, https:\/\/www.bremer-promenaden.de\/wp-content\/uploads\/2018\/04\/20170816-140547-0430-705x202.jpg 705w, https:\/\/www.bremer-promenaden.de\/wp-content\/uploads\/2018\/04\/20170816-140547-0430-450x129.jpg 450w\" sizes=\"(max-width: 1500px) 100vw, 1500px\" \/><\/div><\/li><li  class='avia-slideshow-slide av-3s3wy-513c86c3b6fdaa5ffd8b229a61604304__1  slide-2 slide-even'><div data-rel='slideshow-1' class='avia-slide-wrap '   ><img decoding=\"async\" fetchpriority=\"high\" class=\"wp-image-1265 avia-img-lazy-loading-not-1265\"  src=\"https:\/\/www.bremer-promenaden.de\/wp-content\/uploads\/2018\/04\/20170816-140708-0430.jpg\" width=\"1500\" height=\"430\" title='20170816-140708-0430' alt='Im Schnoor findet man noch sch\u00f6ne Deckenmalereien.'  itemprop=\"thumbnailUrl\" srcset=\"https:\/\/www.bremer-promenaden.de\/wp-content\/uploads\/2018\/04\/20170816-140708-0430.jpg 1500w, https:\/\/www.bremer-promenaden.de\/wp-content\/uploads\/2018\/04\/20170816-140708-0430-300x86.jpg 300w, https:\/\/www.bremer-promenaden.de\/wp-content\/uploads\/2018\/04\/20170816-140708-0430-768x220.jpg 768w, https:\/\/www.bremer-promenaden.de\/wp-content\/uploads\/2018\/04\/20170816-140708-0430-1030x295.jpg 1030w, https:\/\/www.bremer-promenaden.de\/wp-content\/uploads\/2018\/04\/20170816-140708-0430-705x202.jpg 705w, https:\/\/www.bremer-promenaden.de\/wp-content\/uploads\/2018\/04\/20170816-140708-0430-450x129.jpg 450w\" sizes=\"(max-width: 1500px) 100vw, 1500px\" \/><\/div><\/li><li  class='avia-slideshow-slide av-3s3wy-513c86c3b6fdaa5ffd8b229a61604304__2  slide-3 slide-odd'><div data-rel='slideshow-1' class='avia-slide-wrap '   ><img decoding=\"async\" fetchpriority=\"high\" class=\"wp-image-1269 avia-img-lazy-loading-not-1269\"  src=\"https:\/\/www.bremer-promenaden.de\/wp-content\/uploads\/2018\/04\/20170816-142041-0430.jpg\" width=\"1500\" height=\"430\" title='20170816-142041-0430' alt='Plattdeutsche Spr\u00fcche finden sich im Bremer Schnoor.'  itemprop=\"thumbnailUrl\" srcset=\"https:\/\/www.bremer-promenaden.de\/wp-content\/uploads\/2018\/04\/20170816-142041-0430.jpg 1500w, https:\/\/www.bremer-promenaden.de\/wp-content\/uploads\/2018\/04\/20170816-142041-0430-300x86.jpg 300w, https:\/\/www.bremer-promenaden.de\/wp-content\/uploads\/2018\/04\/20170816-142041-0430-768x220.jpg 768w, https:\/\/www.bremer-promenaden.de\/wp-content\/uploads\/2018\/04\/20170816-142041-0430-1030x295.jpg 1030w, https:\/\/www.bremer-promenaden.de\/wp-content\/uploads\/2018\/04\/20170816-142041-0430-705x202.jpg 705w, https:\/\/www.bremer-promenaden.de\/wp-content\/uploads\/2018\/04\/20170816-142041-0430-450x129.jpg 450w\" sizes=\"(max-width: 1500px) 100vw, 1500px\" \/><\/div><\/li><li  class='avia-slideshow-slide av-3s3wy-513c86c3b6fdaa5ffd8b229a61604304__3  slide-4 slide-even'><div data-rel='slideshow-1' class='avia-slide-wrap '   ><img decoding=\"async\" fetchpriority=\"high\" class=\"wp-image-1273 avia-img-lazy-loading-not-1273\"  src=\"https:\/\/www.bremer-promenaden.de\/wp-content\/uploads\/2018\/04\/20170816-142810-0430.jpg\" width=\"1500\" height=\"430\" title='20170816-142810-0430' alt='Idylle und Kunst pr\u00e4gen den Bremer Schnoor.'  itemprop=\"thumbnailUrl\" srcset=\"https:\/\/www.bremer-promenaden.de\/wp-content\/uploads\/2018\/04\/20170816-142810-0430.jpg 1500w, https:\/\/www.bremer-promenaden.de\/wp-content\/uploads\/2018\/04\/20170816-142810-0430-300x86.jpg 300w, https:\/\/www.bremer-promenaden.de\/wp-content\/uploads\/2018\/04\/20170816-142810-0430-768x220.jpg 768w, https:\/\/www.bremer-promenaden.de\/wp-content\/uploads\/2018\/04\/20170816-142810-0430-1030x295.jpg 1030w, https:\/\/www.bremer-promenaden.de\/wp-content\/uploads\/2018\/04\/20170816-142810-0430-705x202.jpg 705w, https:\/\/www.bremer-promenaden.de\/wp-content\/uploads\/2018\/04\/20170816-142810-0430-450x129.jpg 450w\" sizes=\"(max-width: 1500px) 100vw, 1500px\" \/><\/div><\/li><li  class='avia-slideshow-slide av-3s3wy-513c86c3b6fdaa5ffd8b229a61604304__4  slide-5 slide-odd'><div data-rel='slideshow-1' class='avia-slide-wrap '   ><img decoding=\"async\" fetchpriority=\"high\" class=\"wp-image-1277 avia-img-lazy-loading-not-1277\"  src=\"https:\/\/www.bremer-promenaden.de\/wp-content\/uploads\/2018\/04\/20170816-142930-0430.jpg\" width=\"1500\" height=\"430\" title='20170816-142930-0430' alt='Sch\u00f6n verziert sind die Eulenl\u00f6cher im Bremer Schnoor.'  itemprop=\"thumbnailUrl\" srcset=\"https:\/\/www.bremer-promenaden.de\/wp-content\/uploads\/2018\/04\/20170816-142930-0430.jpg 1500w, https:\/\/www.bremer-promenaden.de\/wp-content\/uploads\/2018\/04\/20170816-142930-0430-300x86.jpg 300w, https:\/\/www.bremer-promenaden.de\/wp-content\/uploads\/2018\/04\/20170816-142930-0430-768x220.jpg 768w, https:\/\/www.bremer-promenaden.de\/wp-content\/uploads\/2018\/04\/20170816-142930-0430-1030x295.jpg 1030w, https:\/\/www.bremer-promenaden.de\/wp-content\/uploads\/2018\/04\/20170816-142930-0430-705x202.jpg 705w, https:\/\/www.bremer-promenaden.de\/wp-content\/uploads\/2018\/04\/20170816-142930-0430-450x129.jpg 450w\" sizes=\"(max-width: 1500px) 100vw, 1500px\" \/><\/div><\/li><li  class='avia-slideshow-slide av-3s3wy-513c86c3b6fdaa5ffd8b229a61604304__5  slide-6 slide-even'><div data-rel='slideshow-1' class='avia-slide-wrap '   ><img decoding=\"async\" fetchpriority=\"high\" class=\"wp-image-1281 avia-img-lazy-loading-not-1281\"  src=\"https:\/\/www.bremer-promenaden.de\/wp-content\/uploads\/2018\/04\/20170816-143028-0430.jpg\" width=\"1500\" height=\"430\" title='20170816-143028-0430' alt='Hinter der Balge, Bremen'  itemprop=\"thumbnailUrl\" srcset=\"https:\/\/www.bremer-promenaden.de\/wp-content\/uploads\/2018\/04\/20170816-143028-0430.jpg 1500w, https:\/\/www.bremer-promenaden.de\/wp-content\/uploads\/2018\/04\/20170816-143028-0430-300x86.jpg 300w, https:\/\/www.bremer-promenaden.de\/wp-content\/uploads\/2018\/04\/20170816-143028-0430-768x220.jpg 768w, https:\/\/www.bremer-promenaden.de\/wp-content\/uploads\/2018\/04\/20170816-143028-0430-1030x295.jpg 1030w, https:\/\/www.bremer-promenaden.de\/wp-content\/uploads\/2018\/04\/20170816-143028-0430-705x202.jpg 705w, https:\/\/www.bremer-promenaden.de\/wp-content\/uploads\/2018\/04\/20170816-143028-0430-450x129.jpg 450w\" sizes=\"(max-width: 1500px) 100vw, 1500px\" \/><\/div><\/li><li  class='avia-slideshow-slide av-3s3wy-513c86c3b6fdaa5ffd8b229a61604304__6  slide-7 slide-odd'><div data-rel='slideshow-1' class='avia-slide-wrap '   ><img decoding=\"async\" fetchpriority=\"high\" class=\"wp-image-1285 avia-img-lazy-loading-not-1285\"  src=\"https:\/\/www.bremer-promenaden.de\/wp-content\/uploads\/2018\/04\/20170816-143140-0430.jpg\" width=\"1500\" height=\"430\" title='20170816-143140-0430' alt='moderne Schnoorh\u00e4user, Bremen,Detail'  itemprop=\"thumbnailUrl\" srcset=\"https:\/\/www.bremer-promenaden.de\/wp-content\/uploads\/2018\/04\/20170816-143140-0430.jpg 1500w, https:\/\/www.bremer-promenaden.de\/wp-content\/uploads\/2018\/04\/20170816-143140-0430-300x86.jpg 300w, https:\/\/www.bremer-promenaden.de\/wp-content\/uploads\/2018\/04\/20170816-143140-0430-768x220.jpg 768w, https:\/\/www.bremer-promenaden.de\/wp-content\/uploads\/2018\/04\/20170816-143140-0430-1030x295.jpg 1030w, https:\/\/www.bremer-promenaden.de\/wp-content\/uploads\/2018\/04\/20170816-143140-0430-705x202.jpg 705w, https:\/\/www.bremer-promenaden.de\/wp-content\/uploads\/2018\/04\/20170816-143140-0430-450x129.jpg 450w\" sizes=\"(max-width: 1500px) 100vw, 1500px\" \/><\/div><\/li><li  class='avia-slideshow-slide av-3s3wy-513c86c3b6fdaa5ffd8b229a61604304__7  slide-8 slide-even'><div data-rel='slideshow-1' class='avia-slide-wrap '   ><img decoding=\"async\" fetchpriority=\"high\" class=\"wp-image-1289 avia-img-lazy-loading-not-1289\"  src=\"https:\/\/www.bremer-promenaden.de\/wp-content\/uploads\/2018\/04\/20170816-143201-0430.jpg\" width=\"1500\" height=\"430\" title='20170816-143201-0430' alt='Farbig, hoch und schmal integrieren sich die modernen H\u00e4user in den Bremer Schnoor.'  itemprop=\"thumbnailUrl\" srcset=\"https:\/\/www.bremer-promenaden.de\/wp-content\/uploads\/2018\/04\/20170816-143201-0430.jpg 1500w, https:\/\/www.bremer-promenaden.de\/wp-content\/uploads\/2018\/04\/20170816-143201-0430-300x86.jpg 300w, https:\/\/www.bremer-promenaden.de\/wp-content\/uploads\/2018\/04\/20170816-143201-0430-768x220.jpg 768w, https:\/\/www.bremer-promenaden.de\/wp-content\/uploads\/2018\/04\/20170816-143201-0430-1030x295.jpg 1030w, https:\/\/www.bremer-promenaden.de\/wp-content\/uploads\/2018\/04\/20170816-143201-0430-705x202.jpg 705w, https:\/\/www.bremer-promenaden.de\/wp-content\/uploads\/2018\/04\/20170816-143201-0430-450x129.jpg 450w\" sizes=\"(max-width: 1500px) 100vw, 1500px\" \/><\/div><\/li><li  class='avia-slideshow-slide av-3s3wy-513c86c3b6fdaa5ffd8b229a61604304__8  slide-9 slide-odd'><div data-rel='slideshow-1' class='avia-slide-wrap '   ><img decoding=\"async\" fetchpriority=\"high\" class=\"wp-image-1369 avia-img-lazy-loading-not-1369\"  src=\"https:\/\/www.bremer-promenaden.de\/wp-content\/uploads\/2018\/04\/20170816-141928-0430.jpg\" width=\"1500\" height=\"430\" title='20170816-141928-0430' alt='Bummeln im Schnoor, Bremens \u00e4ltestem Viertel.'  itemprop=\"thumbnailUrl\" srcset=\"https:\/\/www.bremer-promenaden.de\/wp-content\/uploads\/2018\/04\/20170816-141928-0430.jpg 1500w, https:\/\/www.bremer-promenaden.de\/wp-content\/uploads\/2018\/04\/20170816-141928-0430-300x86.jpg 300w, https:\/\/www.bremer-promenaden.de\/wp-content\/uploads\/2018\/04\/20170816-141928-0430-768x220.jpg 768w, https:\/\/www.bremer-promenaden.de\/wp-content\/uploads\/2018\/04\/20170816-141928-0430-1030x295.jpg 1030w, https:\/\/www.bremer-promenaden.de\/wp-content\/uploads\/2018\/04\/20170816-141928-0430-705x202.jpg 705w, https:\/\/www.bremer-promenaden.de\/wp-content\/uploads\/2018\/04\/20170816-141928-0430-450x129.jpg 450w\" sizes=\"(max-width: 1500px) 100vw, 1500px\" \/><\/div><\/li><\/ul><div class='avia-slideshow-arrows avia-slideshow-controls' ><a href='#prev' class='prev-slide  avia-svg-icon avia-font-svg_entypo-fontello' data-av_svg_icon='left-open-big' data-av_iconset='svg_entypo-fontello' tabindex='-1' title=\"Pr\u00e9c\u00e9dent\"><svg version=\"1.1\" xmlns=\"http:\/\/www.w3.org\/2000\/svg\" width=\"15\" height=\"32\" viewBox=\"0 0 15 32\" preserveAspectRatio=\"xMidYMid meet\" aria-labelledby='av-svg-title-1' aria-describedby='av-svg-desc-1' role=\"graphics-symbol\" aria-hidden=\"true\">\n<title id='av-svg-title-1'>Pr\u00e9c\u00e9dent<\/title>\n<desc id='av-svg-desc-1'>Pr\u00e9c\u00e9dent<\/desc>\n<path d=\"M14.464 27.84q0.832 0.832 0 1.536-0.832 0.832-1.536 0l-12.544-12.608q-0.768-0.768 0-1.6l12.544-12.608q0.704-0.832 1.536 0 0.832 0.704 0 1.536l-11.456 11.904z\"><\/path>\n<\/svg><span class='avia_hidden_link_text'>Pr\u00e9c\u00e9dent<\/span><\/a><a href='#next' class='next-slide  avia-svg-icon avia-font-svg_entypo-fontello' data-av_svg_icon='right-open-big' data-av_iconset='svg_entypo-fontello' tabindex='-1' title=\"Suivant\"><svg version=\"1.1\" xmlns=\"http:\/\/www.w3.org\/2000\/svg\" width=\"15\" height=\"32\" viewBox=\"0 0 15 32\" preserveAspectRatio=\"xMidYMid meet\" aria-labelledby='av-svg-title-2' aria-describedby='av-svg-desc-2' role=\"graphics-symbol\" aria-hidden=\"true\">\n<title id='av-svg-title-2'>Suivant<\/title>\n<desc id='av-svg-desc-2'>Suivant<\/desc>\n<path d=\"M0.416 27.84l11.456-11.84-11.456-11.904q-0.832-0.832 0-1.536 0.832-0.832 1.536 0l12.544 12.608q0.768 0.832 0 1.6l-12.544 12.608q-0.704 0.832-1.536 0-0.832-0.704 0-1.536z\"><\/path>\n<\/svg><span class='avia_hidden_link_text'>Suivant<\/span><\/a><\/div><div class='avia-slideshow-dots avia-slideshow-controls'><a href='#1' class='goto-slide active' >1<\/a><a href='#2' class='goto-slide ' >2<\/a><a href='#3' class='goto-slide ' >3<\/a><a href='#4' class='goto-slide ' >4<\/a><a href='#5' class='goto-slide ' >5<\/a><a href='#6' class='goto-slide ' >6<\/a><a href='#7' class='goto-slide ' >7<\/a><a href='#8' class='goto-slide ' >8<\/a><a href='#9' class='goto-slide ' >9<\/a><\/div><\/div><\/div><div id='after_full_slider_1'  class='main_color av_default_container_wrap container_wrap fullsize'  ><div class='container av-section-cont-open' ><div class='template-page content  av-content-full alpha units'><div class='post-entry post-entry-type-page post-entry-444'><div class='entry-content-wrapper clearfix'>\n\n<style type=\"text\/css\" data-created_by=\"avia_inline_auto\" id=\"style-css-av-cmv82-9cfd30c497a94efdf8efd94a8bd05d10\">\n.flex_column.av-cmv82-9cfd30c497a94efdf8efd94a8bd05d10{\nborder-radius:0px 0px 0px 0px;\npadding:0px 0px 0px 0px;\n}\n<\/style>\n<div  class='flex_column av-cmv82-9cfd30c497a94efdf8efd94a8bd05d10 av_one_full  avia-builder-el-1  el_after_av_slideshow_full  avia-builder-el-no-sibling  first flex_column_div av-zero-column-padding  '     ><section  class='av_textblock_section av-7xqhm-28210440d2cae81ef1e2a89b190c7bd2 '   itemscope=\"itemscope\" itemtype=\"https:\/\/schema.org\/CreativeWork\" ><div class='avia_textblock'  itemprop=\"text\" ><h1>Visite guid\u00e9e par le Schnoor: Une immersion dans l\u2019Histoire<\/h1>\n<p>Juste \u00e0 deux pas de la place du march\u00e9 nous nous immergeons dans le quartier le plus ancien de Br\u00eame: le <a href=\"https:\/\/de.wikipedia.org\/wiki\/Schnoor\" target=\"_blank\" rel=\"noopener\">Schnoor<\/a>. Ruelles \u00e9troites et maisons en brique historiques font penser aux marins et artisans qui ont peupl\u00e9s le Schnoor d\u00e8s le Moyen Age.<\/p>\n<p>Pour tous ceux qui aiment vivre ces temps pass\u00e9s, Bremer Promenaden conseille une visite au Geschichtenhaus (maison d&rsquo;histoires). Vous pouvez y rencontrer des personnages d&rsquo;autrefois comme Heini Holtenbeen ou apprendre comment le tonnelier a r\u00e9ussi \u00e0 passer de la monnaie en contrebande hors de la ville assi\u00e9g\u00e9e.<\/p>\n<p>Notre tourn\u00e9e commence du c\u00f4t\u00e9 de l&rsquo;\u00e9glise abbatiale <a href=\"https:\/\/de.wikipedia.org\/wiki\/St._Johann_(Bremen)\" target=\"_blank\" rel=\"noopener\">St. Johann<\/a>. Nous poursuivons notre chemin vers le centre du quartier. Tout autours: les artisans d&rsquo;art, les petites boutiques, les galeries et les caf\u00e9s.<\/p>\n<p>Nous apprendrons pendant cette visite que des fleuves longeaient le Schnoor, qu\u2019on y trouvait des bains publics. Nous partirons, aussi, \u00e0 la d\u00e9couverte du r\u00f4le que jouaient les chats et les trous d\u2019hiboux! Enfin, nous vous divulguerons la fa\u00e7on dont Marterburg a re\u00e7u son nom.<\/p>\n<h2>Visite guid\u00e9e de Br\u00eame par le Schnoor: vue d&rsquo;ensemble<\/h2>\n<p>Visite descriptive disponible en italien, allemand, fran\u00e7ais et anglais.<\/p>\n<p><strong>\u00c9tapes du circuit :<\/strong> \u00e9glise St. Johann; Schnoorkr\u00e4merei (petite \u00e9picerie du coin); Stavenstra\u00dfe;\u00a0<a href=\"http:\/\/www.bremen-schnoor.de\/index.php?id=235\" target=\"_blank\" rel=\"noopener\">Schnoor (rue)<\/a> avec ses caf\u00e9s, restaurants, galeries et mus\u00e9es ; maisons typiques avec des trous de hiboux; Katzencaf\u00e9 (caf\u00e9 des chats); ruelles \u00e9troites; W\u00fcste St\u00e4tte avec la maison de l&rsquo;histoire de Br\u00eame (<a href=\"http:\/\/www.bremer-geschichtenhaus.de\" target=\"_blank\" rel=\"noopener\">Bremer Geschichtenhaus<\/a>); L\u2019insolite maison plus petite de Bremen; la maison des mariages ; Marterburg; maison moderne du Schnoor; <a href=\"http:\/\/www.bremer-geschichtenhaus.de\/index.php\/component\/content\/article?id=12\" target=\"_blank\" rel=\"noopener\">Heini Holtenbeen<\/a>.<\/p>\n<p>Enfin, fleuve Weser ainsi que les Wallanlagen (parc des vieilles fortifications)<\/p>\n<p><strong>Dur\u00e9e de la visite :<\/strong> 1 \u00e0 1,5 heures &#8211; les personnes d\u00e9sirant se balader et trifouiller ont la possibilit\u00e9 de rester plus longtemps.<\/p>\n<p><strong>Bon \u00e0 savoir :<\/strong> Comme il \u00e9tait coutume autrefois nous marchons sur le pav\u00e9, il est donc conseill\u00e9 de porter des chaussures confortables. Le chemin direct menant au quartier Schnoor comporte des escaliers. Il existe aussi un acc\u00e8s sans barri\u00e8res et nous allons de temps en temps parcourir des ruelles tr\u00e8s \u00e9troites. Parce que la balade apr\u00e8s la visite guid\u00e9 est tr\u00e8s agr\u00e9able, la meilleure fa\u00e7on de sillonner le Schnoor c\u2019est avec le portemonnaie plein et le sac vide!<\/p>\n<h3>Groupes et prix, visite guid\u00e9e en fran\u00e7ais<\/h3>\n<p>20 personnes au maximum, une heure pour 130,00 Euros<\/p>\n<\/div><\/section><\/div>\n","protected":false},"excerpt":{"rendered":"","protected":false},"author":1,"featured_media":0,"parent":0,"menu_order":0,"comment_status":"closed","ping_status":"closed","template":"","meta":{"footnotes":""},"class_list":["post-444","page","type-page","status-publish","hentry"],"yoast_head":"<!-- This site is optimized with the Yoast SEO plugin v27.4 - https:\/\/yoast.com\/product\/yoast-seo-wordpress\/ -->\n<title>Visite guid\u00e9e de Br\u00eame par le Schnoor - Bremer Promenaden<\/title>\n<meta name=\"description\" content=\"Le plus vieux quartier de Bremen repr\u00e9sente un univers \u00e0 part enti\u00e8re : le Schnoor. Parcourez avec nous le Schnoor et d\u00e9couvrons ensemble ses nombreuses facettes si particuli\u00e8res. Textes disponibles en italien, fran\u00e7ais, anglais et allemand.\" \/>\n<meta name=\"robots\" content=\"index, follow, max-snippet:-1, max-image-preview:large, max-video-preview:-1\" \/>\n<link rel=\"canonical\" href=\"https:\/\/www.bremer-promenaden.de\/fr\/visite-guidee-par-le-schnoor-une-immersion-dans-lhistoire\/\" \/>\n<meta property=\"og:locale\" content=\"fr_FR\" \/>\n<meta property=\"og:type\" content=\"article\" \/>\n<meta property=\"og:title\" content=\"Visite guid\u00e9e de Br\u00eame par le Schnoor - Bremer Promenaden\" \/>\n<meta property=\"og:description\" content=\"Le plus vieux quartier de Bremen repr\u00e9sente un univers \u00e0 part enti\u00e8re : le Schnoor. Parcourez avec nous le Schnoor et d\u00e9couvrons ensemble ses nombreuses facettes si particuli\u00e8res. Textes disponibles en italien, fran\u00e7ais, anglais et allemand.\" \/>\n<meta property=\"og:url\" content=\"https:\/\/www.bremer-promenaden.de\/fr\/visite-guidee-par-le-schnoor-une-immersion-dans-lhistoire\/\" \/>\n<meta property=\"og:site_name\" content=\"Bremer Promenaden\" \/>\n<meta property=\"article:modified_time\" content=\"2026-01-07T09:50:28+00:00\" \/>\n<meta name=\"twitter:card\" content=\"summary_large_image\" \/>\n<meta name=\"twitter:label1\" content=\"Dur\u00e9e de lecture estim\u00e9e\" \/>\n\t<meta name=\"twitter:data1\" content=\"4 minutes\" \/>\n<script type=\"application\/ld+json\" class=\"yoast-schema-graph\">{\"@context\":\"https:\\\/\\\/schema.org\",\"@graph\":[{\"@type\":\"WebPage\",\"@id\":\"https:\\\/\\\/www.bremer-promenaden.de\\\/fr\\\/visite-guidee-par-le-schnoor-une-immersion-dans-lhistoire\\\/\",\"url\":\"https:\\\/\\\/www.bremer-promenaden.de\\\/fr\\\/visite-guidee-par-le-schnoor-une-immersion-dans-lhistoire\\\/\",\"name\":\"Visite guid\u00e9e de Br\u00eame par le Schnoor - Bremer Promenaden\",\"isPartOf\":{\"@id\":\"https:\\\/\\\/www.bremer-promenaden.de\\\/#website\"},\"datePublished\":\"2017-05-18T08:19:41+00:00\",\"dateModified\":\"2026-01-07T09:50:28+00:00\",\"description\":\"Le plus vieux quartier de Bremen repr\u00e9sente un univers \u00e0 part enti\u00e8re : le Schnoor. Parcourez avec nous le Schnoor et d\u00e9couvrons ensemble ses nombreuses facettes si particuli\u00e8res. Textes disponibles en italien, fran\u00e7ais, anglais et allemand.\",\"breadcrumb\":{\"@id\":\"https:\\\/\\\/www.bremer-promenaden.de\\\/fr\\\/visite-guidee-par-le-schnoor-une-immersion-dans-lhistoire\\\/#breadcrumb\"},\"inLanguage\":\"fr-FR\",\"potentialAction\":[{\"@type\":\"ReadAction\",\"target\":[\"https:\\\/\\\/www.bremer-promenaden.de\\\/fr\\\/visite-guidee-par-le-schnoor-une-immersion-dans-lhistoire\\\/\"]}]},{\"@type\":\"BreadcrumbList\",\"@id\":\"https:\\\/\\\/www.bremer-promenaden.de\\\/fr\\\/visite-guidee-par-le-schnoor-une-immersion-dans-lhistoire\\\/#breadcrumb\",\"itemListElement\":[{\"@type\":\"ListItem\",\"position\":1,\"name\":\"Startseite\",\"item\":\"https:\\\/\\\/www.bremer-promenaden.de\\\/fr\\\/\"},{\"@type\":\"ListItem\",\"position\":2,\"name\":\"Visite guid\u00e9e par le Schnoor: Une immersion dans l\u2019Histoire\"}]},{\"@type\":\"WebSite\",\"@id\":\"https:\\\/\\\/www.bremer-promenaden.de\\\/#website\",\"url\":\"https:\\\/\\\/www.bremer-promenaden.de\\\/\",\"name\":\"Bremer Promenaden\",\"description\":\"Rundg\u00e4nge durch Bremen und um zu\",\"potentialAction\":[{\"@type\":\"SearchAction\",\"target\":{\"@type\":\"EntryPoint\",\"urlTemplate\":\"https:\\\/\\\/www.bremer-promenaden.de\\\/?s={search_term_string}\"},\"query-input\":{\"@type\":\"PropertyValueSpecification\",\"valueRequired\":true,\"valueName\":\"search_term_string\"}}],\"inLanguage\":\"fr-FR\"}]}<\/script>\n<!-- \/ Yoast SEO plugin. -->","yoast_head_json":{"title":"Visite guid\u00e9e de Br\u00eame par le Schnoor - Bremer Promenaden","description":"Le plus vieux quartier de Bremen repr\u00e9sente un univers \u00e0 part enti\u00e8re : le Schnoor. Parcourez avec nous le Schnoor et d\u00e9couvrons ensemble ses nombreuses facettes si particuli\u00e8res. Textes disponibles en italien, fran\u00e7ais, anglais et allemand.","robots":{"index":"index","follow":"follow","max-snippet":"max-snippet:-1","max-image-preview":"max-image-preview:large","max-video-preview":"max-video-preview:-1"},"canonical":"https:\/\/www.bremer-promenaden.de\/fr\/visite-guidee-par-le-schnoor-une-immersion-dans-lhistoire\/","og_locale":"fr_FR","og_type":"article","og_title":"Visite guid\u00e9e de Br\u00eame par le Schnoor - Bremer Promenaden","og_description":"Le plus vieux quartier de Bremen repr\u00e9sente un univers \u00e0 part enti\u00e8re : le Schnoor. Parcourez avec nous le Schnoor et d\u00e9couvrons ensemble ses nombreuses facettes si particuli\u00e8res. Textes disponibles en italien, fran\u00e7ais, anglais et allemand.","og_url":"https:\/\/www.bremer-promenaden.de\/fr\/visite-guidee-par-le-schnoor-une-immersion-dans-lhistoire\/","og_site_name":"Bremer Promenaden","article_modified_time":"2026-01-07T09:50:28+00:00","twitter_card":"summary_large_image","twitter_misc":{"Dur\u00e9e de lecture estim\u00e9e":"4 minutes"},"schema":{"@context":"https:\/\/schema.org","@graph":[{"@type":"WebPage","@id":"https:\/\/www.bremer-promenaden.de\/fr\/visite-guidee-par-le-schnoor-une-immersion-dans-lhistoire\/","url":"https:\/\/www.bremer-promenaden.de\/fr\/visite-guidee-par-le-schnoor-une-immersion-dans-lhistoire\/","name":"Visite guid\u00e9e de Br\u00eame par le Schnoor - Bremer Promenaden","isPartOf":{"@id":"https:\/\/www.bremer-promenaden.de\/#website"},"datePublished":"2017-05-18T08:19:41+00:00","dateModified":"2026-01-07T09:50:28+00:00","description":"Le plus vieux quartier de Bremen repr\u00e9sente un univers \u00e0 part enti\u00e8re : le Schnoor. Parcourez avec nous le Schnoor et d\u00e9couvrons ensemble ses nombreuses facettes si particuli\u00e8res. Textes disponibles en italien, fran\u00e7ais, anglais et allemand.","breadcrumb":{"@id":"https:\/\/www.bremer-promenaden.de\/fr\/visite-guidee-par-le-schnoor-une-immersion-dans-lhistoire\/#breadcrumb"},"inLanguage":"fr-FR","potentialAction":[{"@type":"ReadAction","target":["https:\/\/www.bremer-promenaden.de\/fr\/visite-guidee-par-le-schnoor-une-immersion-dans-lhistoire\/"]}]},{"@type":"BreadcrumbList","@id":"https:\/\/www.bremer-promenaden.de\/fr\/visite-guidee-par-le-schnoor-une-immersion-dans-lhistoire\/#breadcrumb","itemListElement":[{"@type":"ListItem","position":1,"name":"Startseite","item":"https:\/\/www.bremer-promenaden.de\/fr\/"},{"@type":"ListItem","position":2,"name":"Visite guid\u00e9e par le Schnoor: Une immersion dans l\u2019Histoire"}]},{"@type":"WebSite","@id":"https:\/\/www.bremer-promenaden.de\/#website","url":"https:\/\/www.bremer-promenaden.de\/","name":"Bremer Promenaden","description":"Rundg\u00e4nge durch Bremen und um zu","potentialAction":[{"@type":"SearchAction","target":{"@type":"EntryPoint","urlTemplate":"https:\/\/www.bremer-promenaden.de\/?s={search_term_string}"},"query-input":{"@type":"PropertyValueSpecification","valueRequired":true,"valueName":"search_term_string"}}],"inLanguage":"fr-FR"}]}},"jetpack_sharing_enabled":true,"jetpack_shortlink":"https:\/\/wp.me\/P9FEkD-7a","_links":{"self":[{"href":"https:\/\/www.bremer-promenaden.de\/fr\/wp-json\/wp\/v2\/pages\/444","targetHints":{"allow":["GET"]}}],"collection":[{"href":"https:\/\/www.bremer-promenaden.de\/fr\/wp-json\/wp\/v2\/pages"}],"about":[{"href":"https:\/\/www.bremer-promenaden.de\/fr\/wp-json\/wp\/v2\/types\/page"}],"author":[{"embeddable":true,"href":"https:\/\/www.bremer-promenaden.de\/fr\/wp-json\/wp\/v2\/users\/1"}],"replies":[{"embeddable":true,"href":"https:\/\/www.bremer-promenaden.de\/fr\/wp-json\/wp\/v2\/comments?post=444"}],"version-history":[{"count":22,"href":"https:\/\/www.bremer-promenaden.de\/fr\/wp-json\/wp\/v2\/pages\/444\/revisions"}],"predecessor-version":[{"id":3675,"href":"https:\/\/www.bremer-promenaden.de\/fr\/wp-json\/wp\/v2\/pages\/444\/revisions\/3675"}],"wp:attachment":[{"href":"https:\/\/www.bremer-promenaden.de\/fr\/wp-json\/wp\/v2\/media?parent=444"}],"curies":[{"name":"wp","href":"https:\/\/api.w.org\/{rel}","templated":true}]}}