{"id":401,"date":"2017-05-17T12:55:30","date_gmt":"2017-05-17T10:55:30","guid":{"rendered":"http:\/\/www.bremer-promenaden.de\/visite-guidee-de-la-boettcherstrasse-de-breme-bremer-promenaden\/"},"modified":"2026-01-07T10:44:23","modified_gmt":"2026-01-07T09:44:23","slug":"visite-guidee-de-la-boettcherstrasse-de-breme-bremer-promenaden","status":"publish","type":"page","link":"https:\/\/www.bremer-promenaden.de\/fr\/visite-guidee-de-la-boettcherstrasse-de-breme-bremer-promenaden\/","title":{"rendered":"Visite guid\u00e9e de la Boettcherstra\u00dfe de Br\u00eame \u2013 Bremer Promenaden"},"content":{"rendered":"<div id='full_slider_1'  class='avia-fullwidth-slider main_color avia-shadow   avia-builder-el-0  el_before_av_one_full  avia-builder-el-first   container_wrap fullsize'  ><div  class='avia-slideshow av-19zvbi-1905e4a8ccadd96ae9e79ec7623026ee avia-slideshow-featured av_slideshow_full avia-fade-slider av-slideshow-ui av-control-default av-slideshow-autoplay av-loop-endless av-loop-manual-endless av-default-height-applied   avia-slideshow-1' data-slideshow-options=\"{&quot;animation&quot;:&quot;fade&quot;,&quot;autoplay&quot;:true,&quot;loop_autoplay&quot;:&quot;endless&quot;,&quot;interval&quot;:5,&quot;loop_manual&quot;:&quot;manual-endless&quot;,&quot;autoplay_stopper&quot;:false,&quot;noNavigation&quot;:false,&quot;bg_slider&quot;:false,&quot;keep_padding&quot;:false,&quot;hoverpause&quot;:false,&quot;show_slide_delay&quot;:0}\"  itemprop=\"image\" itemscope=\"itemscope\" itemtype=\"https:\/\/schema.org\/ImageObject\" ><ul class='avia-slideshow-inner ' style='padding-bottom: 28.666666666667%;'><li  class='avia-slideshow-slide av-19zvbi-1905e4a8ccadd96ae9e79ec7623026ee__0  slide-1 slide-odd'><div data-rel='slideshow-1' class='avia-slide-wrap '   ><img decoding=\"async\" fetchpriority=\"high\" class=\"wp-image-1253 avia-img-lazy-loading-not-1253\"  src=\"https:\/\/www.bremer-promenaden.de\/wp-content\/uploads\/2018\/04\/20170816-132745-0430.jpg\" width=\"1500\" height=\"430\" title='20170816-132745-0430' alt='Viele verschiedene Details gibt in der B\u00f6ttcherstra\u00dfe Bremen zu entdecken.'  itemprop=\"thumbnailUrl\" srcset=\"https:\/\/www.bremer-promenaden.de\/wp-content\/uploads\/2018\/04\/20170816-132745-0430.jpg 1500w, https:\/\/www.bremer-promenaden.de\/wp-content\/uploads\/2018\/04\/20170816-132745-0430-300x86.jpg 300w, https:\/\/www.bremer-promenaden.de\/wp-content\/uploads\/2018\/04\/20170816-132745-0430-768x220.jpg 768w, https:\/\/www.bremer-promenaden.de\/wp-content\/uploads\/2018\/04\/20170816-132745-0430-1030x295.jpg 1030w, https:\/\/www.bremer-promenaden.de\/wp-content\/uploads\/2018\/04\/20170816-132745-0430-705x202.jpg 705w, https:\/\/www.bremer-promenaden.de\/wp-content\/uploads\/2018\/04\/20170816-132745-0430-450x129.jpg 450w\" sizes=\"(max-width: 1500px) 100vw, 1500px\" \/><\/div><\/li><li  class='avia-slideshow-slide av-19zvbi-1905e4a8ccadd96ae9e79ec7623026ee__1  slide-2 slide-even'><div data-rel='slideshow-1' class='avia-slide-wrap '   ><img decoding=\"async\" fetchpriority=\"high\" class=\"wp-image-1257 avia-img-lazy-loading-not-1257\"  src=\"https:\/\/www.bremer-promenaden.de\/wp-content\/uploads\/2018\/04\/20170816-132920-0430.jpg\" width=\"1500\" height=\"430\" title='20170816-132920-0430' alt='Unter den Arkaden der Bremer B\u00f6ttcherstra\u00dfe genie\u00dft man den Wein.'  itemprop=\"thumbnailUrl\" srcset=\"https:\/\/www.bremer-promenaden.de\/wp-content\/uploads\/2018\/04\/20170816-132920-0430.jpg 1500w, https:\/\/www.bremer-promenaden.de\/wp-content\/uploads\/2018\/04\/20170816-132920-0430-300x86.jpg 300w, https:\/\/www.bremer-promenaden.de\/wp-content\/uploads\/2018\/04\/20170816-132920-0430-768x220.jpg 768w, https:\/\/www.bremer-promenaden.de\/wp-content\/uploads\/2018\/04\/20170816-132920-0430-1030x295.jpg 1030w, https:\/\/www.bremer-promenaden.de\/wp-content\/uploads\/2018\/04\/20170816-132920-0430-705x202.jpg 705w, https:\/\/www.bremer-promenaden.de\/wp-content\/uploads\/2018\/04\/20170816-132920-0430-450x129.jpg 450w\" sizes=\"(max-width: 1500px) 100vw, 1500px\" \/><\/div><\/li><li  class='avia-slideshow-slide av-19zvbi-1905e4a8ccadd96ae9e79ec7623026ee__2  slide-3 slide-odd'><div data-rel='slideshow-1' class='avia-slide-wrap '   ><img decoding=\"async\" fetchpriority=\"high\" class=\"wp-image-1169 avia-img-lazy-loading-not-1169\"  src=\"https:\/\/www.bremer-promenaden.de\/wp-content\/uploads\/2018\/04\/20170816-132947-0430.jpg\" width=\"1500\" height=\"430\" title='20170816-132947-0430' alt='Bernhard Hoetger schuf viele Skulpturen in der Bremer B\u00f6ttcherstra\u00dfe.'  itemprop=\"thumbnailUrl\" srcset=\"https:\/\/www.bremer-promenaden.de\/wp-content\/uploads\/2018\/04\/20170816-132947-0430.jpg 1500w, https:\/\/www.bremer-promenaden.de\/wp-content\/uploads\/2018\/04\/20170816-132947-0430-300x86.jpg 300w, https:\/\/www.bremer-promenaden.de\/wp-content\/uploads\/2018\/04\/20170816-132947-0430-768x220.jpg 768w, https:\/\/www.bremer-promenaden.de\/wp-content\/uploads\/2018\/04\/20170816-132947-0430-1030x295.jpg 1030w, https:\/\/www.bremer-promenaden.de\/wp-content\/uploads\/2018\/04\/20170816-132947-0430-705x202.jpg 705w, https:\/\/www.bremer-promenaden.de\/wp-content\/uploads\/2018\/04\/20170816-132947-0430-450x129.jpg 450w\" sizes=\"(max-width: 1500px) 100vw, 1500px\" \/><\/div><\/li><li  class='avia-slideshow-slide av-19zvbi-1905e4a8ccadd96ae9e79ec7623026ee__3  slide-4 slide-even'><div data-rel='slideshow-1' class='avia-slide-wrap '   ><img decoding=\"async\" fetchpriority=\"high\" class=\"wp-image-1233 avia-img-lazy-loading-not-1233\"  src=\"https:\/\/www.bremer-promenaden.de\/wp-content\/uploads\/2018\/04\/20170816-115645-0430.jpg\" width=\"1500\" height=\"430\" title='20170816-115645-0430' alt='Hoetger schuf den Lichtbringer \u00fcber dem Eingang der Bremer B\u00f6ttcherstra\u00dfe.'  itemprop=\"thumbnailUrl\" srcset=\"https:\/\/www.bremer-promenaden.de\/wp-content\/uploads\/2018\/04\/20170816-115645-0430.jpg 1500w, https:\/\/www.bremer-promenaden.de\/wp-content\/uploads\/2018\/04\/20170816-115645-0430-300x86.jpg 300w, https:\/\/www.bremer-promenaden.de\/wp-content\/uploads\/2018\/04\/20170816-115645-0430-768x220.jpg 768w, https:\/\/www.bremer-promenaden.de\/wp-content\/uploads\/2018\/04\/20170816-115645-0430-1030x295.jpg 1030w, https:\/\/www.bremer-promenaden.de\/wp-content\/uploads\/2018\/04\/20170816-115645-0430-705x202.jpg 705w, https:\/\/www.bremer-promenaden.de\/wp-content\/uploads\/2018\/04\/20170816-115645-0430-450x129.jpg 450w\" sizes=\"(max-width: 1500px) 100vw, 1500px\" \/><\/div><\/li><li  class='avia-slideshow-slide av-19zvbi-1905e4a8ccadd96ae9e79ec7623026ee__4  slide-5 slide-odd'><div data-rel='slideshow-1' class='avia-slide-wrap '   ><img decoding=\"async\" fetchpriority=\"high\" class=\"wp-image-1241 avia-img-lazy-loading-not-1241\"  src=\"https:\/\/www.bremer-promenaden.de\/wp-content\/uploads\/2018\/04\/20170816-115941-0430.jpg\" width=\"1500\" height=\"430\" title='20170816-115941-0430' alt='Nicht nur die Fassade vom Bremer Haus Atlantis ist besonders sch\u00f6n.'  itemprop=\"thumbnailUrl\" srcset=\"https:\/\/www.bremer-promenaden.de\/wp-content\/uploads\/2018\/04\/20170816-115941-0430.jpg 1500w, https:\/\/www.bremer-promenaden.de\/wp-content\/uploads\/2018\/04\/20170816-115941-0430-300x86.jpg 300w, https:\/\/www.bremer-promenaden.de\/wp-content\/uploads\/2018\/04\/20170816-115941-0430-768x220.jpg 768w, https:\/\/www.bremer-promenaden.de\/wp-content\/uploads\/2018\/04\/20170816-115941-0430-1030x295.jpg 1030w, https:\/\/www.bremer-promenaden.de\/wp-content\/uploads\/2018\/04\/20170816-115941-0430-705x202.jpg 705w, https:\/\/www.bremer-promenaden.de\/wp-content\/uploads\/2018\/04\/20170816-115941-0430-450x129.jpg 450w\" sizes=\"(max-width: 1500px) 100vw, 1500px\" \/><\/div><\/li><li  class='avia-slideshow-slide av-19zvbi-1905e4a8ccadd96ae9e79ec7623026ee__5  slide-6 slide-even'><div data-rel='slideshow-1' class='avia-slide-wrap '   ><img decoding=\"async\" fetchpriority=\"high\" class=\"wp-image-1245 avia-img-lazy-loading-not-1245\"  src=\"https:\/\/www.bremer-promenaden.de\/wp-content\/uploads\/2018\/04\/20170816-120530-0430.jpg\" width=\"1500\" height=\"430\" title='20170816-120530-0430' alt='Die Atlantik\u00fcberquerer zeigen sich in der Bremer B\u00f6ttcherstra\u00dfe.'  itemprop=\"thumbnailUrl\" srcset=\"https:\/\/www.bremer-promenaden.de\/wp-content\/uploads\/2018\/04\/20170816-120530-0430.jpg 1500w, https:\/\/www.bremer-promenaden.de\/wp-content\/uploads\/2018\/04\/20170816-120530-0430-300x86.jpg 300w, https:\/\/www.bremer-promenaden.de\/wp-content\/uploads\/2018\/04\/20170816-120530-0430-768x220.jpg 768w, https:\/\/www.bremer-promenaden.de\/wp-content\/uploads\/2018\/04\/20170816-120530-0430-1030x295.jpg 1030w, https:\/\/www.bremer-promenaden.de\/wp-content\/uploads\/2018\/04\/20170816-120530-0430-705x202.jpg 705w, https:\/\/www.bremer-promenaden.de\/wp-content\/uploads\/2018\/04\/20170816-120530-0430-450x129.jpg 450w\" sizes=\"(max-width: 1500px) 100vw, 1500px\" \/><\/div><\/li><li  class='avia-slideshow-slide av-19zvbi-1905e4a8ccadd96ae9e79ec7623026ee__6  slide-7 slide-odd'><div data-rel='slideshow-1' class='avia-slide-wrap '   ><img decoding=\"async\" fetchpriority=\"high\" class=\"wp-image-1249 avia-img-lazy-loading-not-1249\"  src=\"https:\/\/www.bremer-promenaden.de\/wp-content\/uploads\/2018\/04\/20170816-120827-0430.jpg\" width=\"1500\" height=\"430\" title='20170816-120827-0430' alt='Glockenspiel, Bremer B\u00f6ttcherstra\u00dfe'  itemprop=\"thumbnailUrl\" srcset=\"https:\/\/www.bremer-promenaden.de\/wp-content\/uploads\/2018\/04\/20170816-120827-0430.jpg 1500w, https:\/\/www.bremer-promenaden.de\/wp-content\/uploads\/2018\/04\/20170816-120827-0430-300x86.jpg 300w, https:\/\/www.bremer-promenaden.de\/wp-content\/uploads\/2018\/04\/20170816-120827-0430-768x220.jpg 768w, https:\/\/www.bremer-promenaden.de\/wp-content\/uploads\/2018\/04\/20170816-120827-0430-1030x295.jpg 1030w, https:\/\/www.bremer-promenaden.de\/wp-content\/uploads\/2018\/04\/20170816-120827-0430-705x202.jpg 705w, https:\/\/www.bremer-promenaden.de\/wp-content\/uploads\/2018\/04\/20170816-120827-0430-450x129.jpg 450w\" sizes=\"(max-width: 1500px) 100vw, 1500px\" \/><\/div><\/li><li  class='avia-slideshow-slide av-19zvbi-1905e4a8ccadd96ae9e79ec7623026ee__7  slide-8 slide-even'><div data-rel='slideshow-1' class='avia-slide-wrap '   ><img decoding=\"async\" fetchpriority=\"high\" class=\"wp-image-1237 avia-img-lazy-loading-not-1237\"  src=\"https:\/\/www.bremer-promenaden.de\/wp-content\/uploads\/2018\/04\/20170816-115749-0430.jpg\" width=\"1500\" height=\"430\" title='20170816-115749-0430' alt='Die St\u00e4ndige Vertretung ist auch in Bremen zu Hause.'  itemprop=\"thumbnailUrl\" srcset=\"https:\/\/www.bremer-promenaden.de\/wp-content\/uploads\/2018\/04\/20170816-115749-0430.jpg 1500w, https:\/\/www.bremer-promenaden.de\/wp-content\/uploads\/2018\/04\/20170816-115749-0430-300x86.jpg 300w, https:\/\/www.bremer-promenaden.de\/wp-content\/uploads\/2018\/04\/20170816-115749-0430-768x220.jpg 768w, https:\/\/www.bremer-promenaden.de\/wp-content\/uploads\/2018\/04\/20170816-115749-0430-1030x295.jpg 1030w, https:\/\/www.bremer-promenaden.de\/wp-content\/uploads\/2018\/04\/20170816-115749-0430-705x202.jpg 705w, https:\/\/www.bremer-promenaden.de\/wp-content\/uploads\/2018\/04\/20170816-115749-0430-450x129.jpg 450w\" sizes=\"(max-width: 1500px) 100vw, 1500px\" \/><\/div><\/li><\/ul><div class='avia-slideshow-arrows avia-slideshow-controls' ><a href='#prev' class='prev-slide  avia-svg-icon avia-font-svg_entypo-fontello' data-av_svg_icon='left-open-big' data-av_iconset='svg_entypo-fontello' tabindex='-1' title=\"Pr\u00e9c\u00e9dent\"><svg version=\"1.1\" xmlns=\"http:\/\/www.w3.org\/2000\/svg\" width=\"15\" height=\"32\" viewBox=\"0 0 15 32\" preserveAspectRatio=\"xMidYMid meet\" aria-labelledby='av-svg-title-1' aria-describedby='av-svg-desc-1' role=\"graphics-symbol\" aria-hidden=\"true\">\n<title id='av-svg-title-1'>Pr\u00e9c\u00e9dent<\/title>\n<desc id='av-svg-desc-1'>Pr\u00e9c\u00e9dent<\/desc>\n<path d=\"M14.464 27.84q0.832 0.832 0 1.536-0.832 0.832-1.536 0l-12.544-12.608q-0.768-0.768 0-1.6l12.544-12.608q0.704-0.832 1.536 0 0.832 0.704 0 1.536l-11.456 11.904z\"><\/path>\n<\/svg><span class='avia_hidden_link_text'>Pr\u00e9c\u00e9dent<\/span><\/a><a href='#next' class='next-slide  avia-svg-icon avia-font-svg_entypo-fontello' data-av_svg_icon='right-open-big' data-av_iconset='svg_entypo-fontello' tabindex='-1' title=\"Suivant\"><svg version=\"1.1\" xmlns=\"http:\/\/www.w3.org\/2000\/svg\" width=\"15\" height=\"32\" viewBox=\"0 0 15 32\" preserveAspectRatio=\"xMidYMid meet\" aria-labelledby='av-svg-title-2' aria-describedby='av-svg-desc-2' role=\"graphics-symbol\" aria-hidden=\"true\">\n<title id='av-svg-title-2'>Suivant<\/title>\n<desc id='av-svg-desc-2'>Suivant<\/desc>\n<path d=\"M0.416 27.84l11.456-11.84-11.456-11.904q-0.832-0.832 0-1.536 0.832-0.832 1.536 0l12.544 12.608q0.768 0.832 0 1.6l-12.544 12.608q-0.704 0.832-1.536 0-0.832-0.704 0-1.536z\"><\/path>\n<\/svg><span class='avia_hidden_link_text'>Suivant<\/span><\/a><\/div><div class='avia-slideshow-dots avia-slideshow-controls'><a href='#1' class='goto-slide active' >1<\/a><a href='#2' class='goto-slide ' >2<\/a><a href='#3' class='goto-slide ' >3<\/a><a href='#4' class='goto-slide ' >4<\/a><a href='#5' class='goto-slide ' >5<\/a><a href='#6' class='goto-slide ' >6<\/a><a href='#7' class='goto-slide ' >7<\/a><a href='#8' class='goto-slide ' >8<\/a><\/div><\/div><\/div><div id='after_full_slider_1'  class='main_color av_default_container_wrap container_wrap fullsize'  ><div class='container av-section-cont-open' ><div class='template-page content  av-content-full alpha units'><div class='post-entry post-entry-type-page post-entry-401'><div class='entry-content-wrapper clearfix'>\n\n<style type=\"text\/css\" data-created_by=\"avia_inline_auto\" id=\"style-css-av-d8n5q-6cbd340403901df5afc6f5622bf4601b\">\n.flex_column.av-d8n5q-6cbd340403901df5afc6f5622bf4601b{\nborder-radius:0px 0px 0px 0px;\npadding:0px 0px 0px 0px;\n}\n<\/style>\n<div  class='flex_column av-d8n5q-6cbd340403901df5afc6f5622bf4601b av_one_full  avia-builder-el-1  el_after_av_slideshow_full  avia-builder-el-no-sibling  first flex_column_div av-zero-column-padding  '     ><section  class='av_textblock_section av-9ujbq-4d4f253035873f5e821275281b22f100 '   itemscope=\"itemscope\" itemtype=\"https:\/\/schema.org\/CreativeWork\" ><div class='avia_textblock'  itemprop=\"text\" ><h1>Visite guid\u00e9e de la B\u00f6ttcherstra\u00dfe: art, histoire et commerce<\/h1>\n<p>Le commer\u00e7ant de caf\u00e9 bremois <a href=\"https:\/\/de.wikipedia.org\/wiki\/Ludwig_Roselius_(Unternehmer)\" target=\"_blank\" rel=\"noopener\">Ludwig Roselius<\/a> s\u2019est aper\u00e7u t\u00f4t qu&rsquo;on peut attirer davantage de client\u00e8le dans un joli cadre. Dans la <em>B\u00f6ttcherstra\u00dfe<\/em> il associait son go\u00fbt pour l&rsquo;art du nord de l&rsquo;Allemagne et l&rsquo;histoire du commerce du caf\u00e9. L&rsquo;artiste <a href=\"https:\/\/de.wikipedia.org\/wiki\/Bernhard_Hoetger\" target=\"_blank\" rel=\"noopener\">Bernhard Hoetger<\/a> a eu une influence importante \u00e0 la conception de la rue.<\/p>\n<p>Durant notre circuit par la <em>B\u00f6ttcherstra\u00dfe<\/em> de <em>Br\u00eame<\/em>\u00a0nous parlerons de la fa\u00e7on dont l\u2019ancienne rue d&rsquo;artisans s\u2019est transform\u00e9 sous <a href=\"http:\/\/www.boettcherstrasse.de\/\" target=\"_blank\" rel=\"noopener\">l&rsquo;\u0153uvre de l&rsquo;art totale<\/a> et du danger qu\u2019elle a encourue pendant les ann\u00e9es trente, de l\u2019artiste \u00e0 qui fut d\u00e9di\u00e9 le premier mus\u00e9e c\u00e9l\u00e9brant une femme mais aussi du <a href=\"http:\/\/bit.ly\/2kV7DqW\" target=\"_blank\" rel=\"noopener\">carillon<\/a> avec sa tour d&rsquo;images qui fait penser \u00e0 la navigation et \u00e0 l\u2019a\u00e9ronautique.<\/p>\n<h2>Le circuit de la <em>B\u00f6ttcherstra\u00dfe\u00a0:<\/em> vue d&rsquo;ensemble<\/h2>\n<p>Nous relatons, ici, l&rsquo;histoire de la <em>B\u00f6ttcherstra\u00dfe<\/em> \u00e0 Br\u00eame et ses m\u00e9c\u00e8nes en fran\u00e7ais, italien, anglais et allemand.<\/p>\n<p><strong>\u00c9tapes du circuit:<\/strong> le porteur de lumi\u00e8re ; la maison Paula-Becker-Modersohn et son mus\u00e9e ; la cour d&rsquo;artisans avec la fontaine des fain\u00e9ants; la maison Roselius; la cour Hoetger; <a href=\"https:\/\/de.wikipedia.org\/wiki\/Haus_des_Glockenspiels\" target=\"_blank\" rel=\"noopener\">la maison du carillon<\/a>; la maison Atlantis et sa salle du ciel (sous condition de r\u00e9servation); la maison Robinson Cruso\u00e9 et son caf\u00e9.<\/p>\n<p><strong>Dur\u00e9e du circuit: <\/strong>une heure, avec une courte visite au mus\u00e9e 1h30.<\/p>\n<p><strong>Bon \u00e0 savoir:<\/strong> Les mus\u00e9es sont ferm\u00e9s le lundi. La maison Atlantis est aujourd\u2019hui utilis\u00e9e comme h\u00f4tel, la possibilit\u00e9 des visites est donc limit\u00e9e. Pour conna\u00eetre les horaires d&rsquo;ouverture du caf\u00e9 de la Maison Cruso\u00e9, cliquez <a href=\"https:\/\/www.bremer-kaffeegesellschaft.de\/\" target=\"_blank\" rel=\"noopener\">ici<\/a>.<\/p>\n<h3>Groupes et prix, visite guid\u00e9e en fran\u00e7ais<\/h3>\n<ul>\n<li>20 personnes au maximum pour 130,00 Euros<\/li>\n<li>entr\u00e9e salle du ciel 15 Euros par groupe de 10 personnes<\/li>\n<li>visite guid\u00e9e avec mus\u00e9e 160 Euros,<br \/>\nen sus entr\u00e9e mus\u00e9e<\/li>\n<\/ul>\n<\/div><\/section><\/div>\n","protected":false},"excerpt":{"rendered":"","protected":false},"author":1,"featured_media":0,"parent":0,"menu_order":0,"comment_status":"closed","ping_status":"closed","template":"","meta":{"footnotes":""},"class_list":["post-401","page","type-page","status-publish","hentry"],"yoast_head":"<!-- This site is optimized with the Yoast SEO plugin v27.5 - https:\/\/yoast.com\/product\/yoast-seo-wordpress\/ -->\n<title>Visite guid\u00e9e de la Boettcherstra\u00dfe de Br\u00eame \u2013 Bremer Promenaden - Bremer Promenaden<\/title>\n<meta name=\"description\" content=\"Circuit par la B\u00f6ttcherstra\u00dfe de Br\u00eame qui am\u00e8ne aux galeries d\u2019art et aux caf\u00e9s. Bremer Promenaden met \u00e0 votre disposition une version en italien et en fran\u00e7ais.\" \/>\n<meta name=\"robots\" content=\"index, follow, max-snippet:-1, max-image-preview:large, max-video-preview:-1\" \/>\n<link rel=\"canonical\" href=\"https:\/\/www.bremer-promenaden.de\/fr\/visite-guidee-de-la-boettcherstrasse-de-breme-bremer-promenaden\/\" \/>\n<meta property=\"og:locale\" content=\"fr_FR\" \/>\n<meta property=\"og:type\" content=\"article\" \/>\n<meta property=\"og:title\" content=\"Visite guid\u00e9e de la Boettcherstra\u00dfe de Br\u00eame \u2013 Bremer Promenaden - Bremer Promenaden\" \/>\n<meta property=\"og:description\" content=\"Circuit par la B\u00f6ttcherstra\u00dfe de Br\u00eame qui am\u00e8ne aux galeries d\u2019art et aux caf\u00e9s. Bremer Promenaden met \u00e0 votre disposition une version en italien et en fran\u00e7ais.\" \/>\n<meta property=\"og:url\" content=\"https:\/\/www.bremer-promenaden.de\/fr\/visite-guidee-de-la-boettcherstrasse-de-breme-bremer-promenaden\/\" \/>\n<meta property=\"og:site_name\" content=\"Bremer Promenaden\" \/>\n<meta property=\"article:modified_time\" content=\"2026-01-07T09:44:23+00:00\" \/>\n<meta name=\"twitter:card\" content=\"summary_large_image\" \/>\n<meta name=\"twitter:label1\" content=\"Dur\u00e9e de lecture estim\u00e9e\" \/>\n\t<meta name=\"twitter:data1\" content=\"3 minutes\" \/>\n<script type=\"application\/ld+json\" class=\"yoast-schema-graph\">{\"@context\":\"https:\\\/\\\/schema.org\",\"@graph\":[{\"@type\":\"WebPage\",\"@id\":\"https:\\\/\\\/www.bremer-promenaden.de\\\/fr\\\/visite-guidee-de-la-boettcherstrasse-de-breme-bremer-promenaden\\\/\",\"url\":\"https:\\\/\\\/www.bremer-promenaden.de\\\/fr\\\/visite-guidee-de-la-boettcherstrasse-de-breme-bremer-promenaden\\\/\",\"name\":\"Visite guid\u00e9e de la Boettcherstra\u00dfe de Br\u00eame \u2013 Bremer Promenaden - Bremer Promenaden\",\"isPartOf\":{\"@id\":\"https:\\\/\\\/www.bremer-promenaden.de\\\/#website\"},\"datePublished\":\"2017-05-17T10:55:30+00:00\",\"dateModified\":\"2026-01-07T09:44:23+00:00\",\"description\":\"Circuit par la B\u00f6ttcherstra\u00dfe de Br\u00eame qui am\u00e8ne aux galeries d\u2019art et aux caf\u00e9s. Bremer Promenaden met \u00e0 votre disposition une version en italien et en fran\u00e7ais.\",\"breadcrumb\":{\"@id\":\"https:\\\/\\\/www.bremer-promenaden.de\\\/fr\\\/visite-guidee-de-la-boettcherstrasse-de-breme-bremer-promenaden\\\/#breadcrumb\"},\"inLanguage\":\"fr-FR\",\"potentialAction\":[{\"@type\":\"ReadAction\",\"target\":[\"https:\\\/\\\/www.bremer-promenaden.de\\\/fr\\\/visite-guidee-de-la-boettcherstrasse-de-breme-bremer-promenaden\\\/\"]}]},{\"@type\":\"BreadcrumbList\",\"@id\":\"https:\\\/\\\/www.bremer-promenaden.de\\\/fr\\\/visite-guidee-de-la-boettcherstrasse-de-breme-bremer-promenaden\\\/#breadcrumb\",\"itemListElement\":[{\"@type\":\"ListItem\",\"position\":1,\"name\":\"Startseite\",\"item\":\"https:\\\/\\\/www.bremer-promenaden.de\\\/fr\\\/\"},{\"@type\":\"ListItem\",\"position\":2,\"name\":\"Visite guid\u00e9e de la Boettcherstra\u00dfe de Br\u00eame \u2013 Bremer Promenaden\"}]},{\"@type\":\"WebSite\",\"@id\":\"https:\\\/\\\/www.bremer-promenaden.de\\\/#website\",\"url\":\"https:\\\/\\\/www.bremer-promenaden.de\\\/\",\"name\":\"Bremer Promenaden\",\"description\":\"Rundg\u00e4nge durch Bremen und um zu\",\"potentialAction\":[{\"@type\":\"SearchAction\",\"target\":{\"@type\":\"EntryPoint\",\"urlTemplate\":\"https:\\\/\\\/www.bremer-promenaden.de\\\/?s={search_term_string}\"},\"query-input\":{\"@type\":\"PropertyValueSpecification\",\"valueRequired\":true,\"valueName\":\"search_term_string\"}}],\"inLanguage\":\"fr-FR\"}]}<\/script>\n<!-- \/ Yoast SEO plugin. -->","yoast_head_json":{"title":"Visite guid\u00e9e de la Boettcherstra\u00dfe de Br\u00eame \u2013 Bremer Promenaden - Bremer Promenaden","description":"Circuit par la B\u00f6ttcherstra\u00dfe de Br\u00eame qui am\u00e8ne aux galeries d\u2019art et aux caf\u00e9s. Bremer Promenaden met \u00e0 votre disposition une version en italien et en fran\u00e7ais.","robots":{"index":"index","follow":"follow","max-snippet":"max-snippet:-1","max-image-preview":"max-image-preview:large","max-video-preview":"max-video-preview:-1"},"canonical":"https:\/\/www.bremer-promenaden.de\/fr\/visite-guidee-de-la-boettcherstrasse-de-breme-bremer-promenaden\/","og_locale":"fr_FR","og_type":"article","og_title":"Visite guid\u00e9e de la Boettcherstra\u00dfe de Br\u00eame \u2013 Bremer Promenaden - Bremer Promenaden","og_description":"Circuit par la B\u00f6ttcherstra\u00dfe de Br\u00eame qui am\u00e8ne aux galeries d\u2019art et aux caf\u00e9s. Bremer Promenaden met \u00e0 votre disposition une version en italien et en fran\u00e7ais.","og_url":"https:\/\/www.bremer-promenaden.de\/fr\/visite-guidee-de-la-boettcherstrasse-de-breme-bremer-promenaden\/","og_site_name":"Bremer Promenaden","article_modified_time":"2026-01-07T09:44:23+00:00","twitter_card":"summary_large_image","twitter_misc":{"Dur\u00e9e de lecture estim\u00e9e":"3 minutes"},"schema":{"@context":"https:\/\/schema.org","@graph":[{"@type":"WebPage","@id":"https:\/\/www.bremer-promenaden.de\/fr\/visite-guidee-de-la-boettcherstrasse-de-breme-bremer-promenaden\/","url":"https:\/\/www.bremer-promenaden.de\/fr\/visite-guidee-de-la-boettcherstrasse-de-breme-bremer-promenaden\/","name":"Visite guid\u00e9e de la Boettcherstra\u00dfe de Br\u00eame \u2013 Bremer Promenaden - Bremer Promenaden","isPartOf":{"@id":"https:\/\/www.bremer-promenaden.de\/#website"},"datePublished":"2017-05-17T10:55:30+00:00","dateModified":"2026-01-07T09:44:23+00:00","description":"Circuit par la B\u00f6ttcherstra\u00dfe de Br\u00eame qui am\u00e8ne aux galeries d\u2019art et aux caf\u00e9s. Bremer Promenaden met \u00e0 votre disposition une version en italien et en fran\u00e7ais.","breadcrumb":{"@id":"https:\/\/www.bremer-promenaden.de\/fr\/visite-guidee-de-la-boettcherstrasse-de-breme-bremer-promenaden\/#breadcrumb"},"inLanguage":"fr-FR","potentialAction":[{"@type":"ReadAction","target":["https:\/\/www.bremer-promenaden.de\/fr\/visite-guidee-de-la-boettcherstrasse-de-breme-bremer-promenaden\/"]}]},{"@type":"BreadcrumbList","@id":"https:\/\/www.bremer-promenaden.de\/fr\/visite-guidee-de-la-boettcherstrasse-de-breme-bremer-promenaden\/#breadcrumb","itemListElement":[{"@type":"ListItem","position":1,"name":"Startseite","item":"https:\/\/www.bremer-promenaden.de\/fr\/"},{"@type":"ListItem","position":2,"name":"Visite guid\u00e9e de la Boettcherstra\u00dfe de Br\u00eame \u2013 Bremer Promenaden"}]},{"@type":"WebSite","@id":"https:\/\/www.bremer-promenaden.de\/#website","url":"https:\/\/www.bremer-promenaden.de\/","name":"Bremer Promenaden","description":"Rundg\u00e4nge durch Bremen und um zu","potentialAction":[{"@type":"SearchAction","target":{"@type":"EntryPoint","urlTemplate":"https:\/\/www.bremer-promenaden.de\/?s={search_term_string}"},"query-input":{"@type":"PropertyValueSpecification","valueRequired":true,"valueName":"search_term_string"}}],"inLanguage":"fr-FR"}]}},"jetpack_sharing_enabled":true,"jetpack_shortlink":"https:\/\/wp.me\/P9FEkD-6t","_links":{"self":[{"href":"https:\/\/www.bremer-promenaden.de\/fr\/wp-json\/wp\/v2\/pages\/401","targetHints":{"allow":["GET"]}}],"collection":[{"href":"https:\/\/www.bremer-promenaden.de\/fr\/wp-json\/wp\/v2\/pages"}],"about":[{"href":"https:\/\/www.bremer-promenaden.de\/fr\/wp-json\/wp\/v2\/types\/page"}],"author":[{"embeddable":true,"href":"https:\/\/www.bremer-promenaden.de\/fr\/wp-json\/wp\/v2\/users\/1"}],"replies":[{"embeddable":true,"href":"https:\/\/www.bremer-promenaden.de\/fr\/wp-json\/wp\/v2\/comments?post=401"}],"version-history":[{"count":26,"href":"https:\/\/www.bremer-promenaden.de\/fr\/wp-json\/wp\/v2\/pages\/401\/revisions"}],"predecessor-version":[{"id":3659,"href":"https:\/\/www.bremer-promenaden.de\/fr\/wp-json\/wp\/v2\/pages\/401\/revisions\/3659"}],"wp:attachment":[{"href":"https:\/\/www.bremer-promenaden.de\/fr\/wp-json\/wp\/v2\/media?parent=401"}],"curies":[{"name":"wp","href":"https:\/\/api.w.org\/{rel}","templated":true}]}}