{"id":390,"date":"2017-05-17T12:27:58","date_gmt":"2017-05-17T10:27:58","guid":{"rendered":"http:\/\/www.bremer-promenaden.de\/vieux-centre-ville-du-roland-au-schnoor-bremer-promenaden\/"},"modified":"2025-12-22T12:31:42","modified_gmt":"2025-12-22T11:31:42","slug":"vieux-centre-ville-du-roland-au-schnoor-bremer-promenaden","status":"publish","type":"page","link":"https:\/\/www.bremer-promenaden.de\/fr\/vieux-centre-ville-du-roland-au-schnoor-bremer-promenaden\/","title":{"rendered":"Vieux centre-ville du Roland au Schnoor \u2013 Bremer Promenaden"},"content":{"rendered":"<div id='full_slider_1'  class='avia-fullwidth-slider main_color avia-shadow   avia-builder-el-0  el_before_av_one_full  avia-builder-el-first   container_wrap fullsize'  ><div  class='avia-slideshow av-254ou2-08e05cd36cea31649d70afd9ec5dfedc avia-slideshow-featured av_slideshow_full avia-fade-slider av-slideshow-ui av-control-default av-slideshow-autoplay av-loop-endless av-loop-manual-endless av-default-height-applied   avia-slideshow-1' data-slideshow-options=\"{&quot;animation&quot;:&quot;fade&quot;,&quot;autoplay&quot;:true,&quot;loop_autoplay&quot;:&quot;endless&quot;,&quot;interval&quot;:5,&quot;loop_manual&quot;:&quot;manual-endless&quot;,&quot;autoplay_stopper&quot;:false,&quot;noNavigation&quot;:false,&quot;bg_slider&quot;:false,&quot;keep_padding&quot;:false,&quot;hoverpause&quot;:false,&quot;show_slide_delay&quot;:0}\"  itemprop=\"image\" itemscope=\"itemscope\" itemtype=\"https:\/\/schema.org\/ImageObject\" ><ul class='avia-slideshow-inner ' style='padding-bottom: 28.666666666667%;'><li  class='avia-slideshow-slide av-254ou2-08e05cd36cea31649d70afd9ec5dfedc__0  slide-1 slide-odd'><div data-rel='slideshow-1' class='avia-slide-wrap '   ><img decoding=\"async\" fetchpriority=\"high\" class=\"wp-image-1099 avia-img-lazy-loading-not-1099\"  src=\"https:\/\/www.bremer-promenaden.de\/wp-content\/uploads\/2018\/04\/20170816-100601-0430.jpg\" width=\"1500\" height=\"430\" title='20170816-100601-0430' alt='Bremer Rathaus und Roland sind \u00fcber 600 Jahre alt.'  itemprop=\"thumbnailUrl\" srcset=\"https:\/\/www.bremer-promenaden.de\/wp-content\/uploads\/2018\/04\/20170816-100601-0430.jpg 1500w, https:\/\/www.bremer-promenaden.de\/wp-content\/uploads\/2018\/04\/20170816-100601-0430-300x86.jpg 300w, https:\/\/www.bremer-promenaden.de\/wp-content\/uploads\/2018\/04\/20170816-100601-0430-768x220.jpg 768w, https:\/\/www.bremer-promenaden.de\/wp-content\/uploads\/2018\/04\/20170816-100601-0430-1030x295.jpg 1030w, https:\/\/www.bremer-promenaden.de\/wp-content\/uploads\/2018\/04\/20170816-100601-0430-705x202.jpg 705w, https:\/\/www.bremer-promenaden.de\/wp-content\/uploads\/2018\/04\/20170816-100601-0430-450x129.jpg 450w\" sizes=\"(max-width: 1500px) 100vw, 1500px\" \/><\/div><\/li><li  class='avia-slideshow-slide av-254ou2-08e05cd36cea31649d70afd9ec5dfedc__1  slide-2 slide-even'><div data-rel='slideshow-1' class='avia-slide-wrap '   ><img decoding=\"async\" fetchpriority=\"high\" class=\"wp-image-1165 avia-img-lazy-loading-not-1165\"  src=\"https:\/\/www.bremer-promenaden.de\/wp-content\/uploads\/2018\/04\/20170816-131139-0430.jpg\" width=\"1500\" height=\"430\" title='20170816-131139-0430' alt='Bremen Dom Mittelschiff'  itemprop=\"thumbnailUrl\" srcset=\"https:\/\/www.bremer-promenaden.de\/wp-content\/uploads\/2018\/04\/20170816-131139-0430.jpg 1500w, https:\/\/www.bremer-promenaden.de\/wp-content\/uploads\/2018\/04\/20170816-131139-0430-300x86.jpg 300w, https:\/\/www.bremer-promenaden.de\/wp-content\/uploads\/2018\/04\/20170816-131139-0430-768x220.jpg 768w, https:\/\/www.bremer-promenaden.de\/wp-content\/uploads\/2018\/04\/20170816-131139-0430-1030x295.jpg 1030w, https:\/\/www.bremer-promenaden.de\/wp-content\/uploads\/2018\/04\/20170816-131139-0430-705x202.jpg 705w, https:\/\/www.bremer-promenaden.de\/wp-content\/uploads\/2018\/04\/20170816-131139-0430-450x129.jpg 450w\" sizes=\"(max-width: 1500px) 100vw, 1500px\" \/><\/div><\/li><li  class='avia-slideshow-slide av-254ou2-08e05cd36cea31649d70afd9ec5dfedc__2  slide-3 slide-odd'><div data-rel='slideshow-1' class='avia-slide-wrap '   ><img decoding=\"async\" fetchpriority=\"high\" class=\"wp-image-1149 avia-img-lazy-loading-not-1149\"  src=\"https:\/\/www.bremer-promenaden.de\/wp-content\/uploads\/2018\/04\/20170816-102519-0430.jpg\" width=\"1500\" height=\"430\" title='20170816-102519-0430' alt='Das Symbol der Bergenfahrer am Bremer Sch\u00fctting.'  itemprop=\"thumbnailUrl\" srcset=\"https:\/\/www.bremer-promenaden.de\/wp-content\/uploads\/2018\/04\/20170816-102519-0430.jpg 1500w, https:\/\/www.bremer-promenaden.de\/wp-content\/uploads\/2018\/04\/20170816-102519-0430-300x86.jpg 300w, https:\/\/www.bremer-promenaden.de\/wp-content\/uploads\/2018\/04\/20170816-102519-0430-768x220.jpg 768w, https:\/\/www.bremer-promenaden.de\/wp-content\/uploads\/2018\/04\/20170816-102519-0430-1030x295.jpg 1030w, https:\/\/www.bremer-promenaden.de\/wp-content\/uploads\/2018\/04\/20170816-102519-0430-705x202.jpg 705w, https:\/\/www.bremer-promenaden.de\/wp-content\/uploads\/2018\/04\/20170816-102519-0430-450x129.jpg 450w\" sizes=\"(max-width: 1500px) 100vw, 1500px\" \/><\/div><\/li><li  class='avia-slideshow-slide av-254ou2-08e05cd36cea31649d70afd9ec5dfedc__3  slide-4 slide-even'><div data-rel='slideshow-1' class='avia-slide-wrap '   ><img decoding=\"async\" fetchpriority=\"high\" class=\"wp-image-1161 avia-img-lazy-loading-not-1161\"  src=\"https:\/\/www.bremer-promenaden.de\/wp-content\/uploads\/2018\/04\/20170816-125914-0430.jpg\" width=\"1500\" height=\"430\" title='20170816-125914-0430' alt='An der Liebfrauenkirche essen die Bremer Bratwurst.'  itemprop=\"thumbnailUrl\" srcset=\"https:\/\/www.bremer-promenaden.de\/wp-content\/uploads\/2018\/04\/20170816-125914-0430.jpg 1500w, https:\/\/www.bremer-promenaden.de\/wp-content\/uploads\/2018\/04\/20170816-125914-0430-300x86.jpg 300w, https:\/\/www.bremer-promenaden.de\/wp-content\/uploads\/2018\/04\/20170816-125914-0430-768x220.jpg 768w, https:\/\/www.bremer-promenaden.de\/wp-content\/uploads\/2018\/04\/20170816-125914-0430-1030x295.jpg 1030w, https:\/\/www.bremer-promenaden.de\/wp-content\/uploads\/2018\/04\/20170816-125914-0430-705x202.jpg 705w, https:\/\/www.bremer-promenaden.de\/wp-content\/uploads\/2018\/04\/20170816-125914-0430-450x129.jpg 450w\" sizes=\"(max-width: 1500px) 100vw, 1500px\" \/><\/div><\/li><li  class='avia-slideshow-slide av-254ou2-08e05cd36cea31649d70afd9ec5dfedc__4  slide-5 slide-odd'><div data-rel='slideshow-1' class='avia-slide-wrap '   ><img decoding=\"async\" fetchpriority=\"high\" class=\"wp-image-1157 avia-img-lazy-loading-not-1157\"  src=\"https:\/\/www.bremer-promenaden.de\/wp-content\/uploads\/2018\/04\/20170816-121847-0430.jpg\" width=\"1500\" height=\"430\" title='20170816-121847-0430' alt='Viele sch\u00f6ne Details kann man an der Bremer Stadtwaage entdecken.'  itemprop=\"thumbnailUrl\" srcset=\"https:\/\/www.bremer-promenaden.de\/wp-content\/uploads\/2018\/04\/20170816-121847-0430.jpg 1500w, https:\/\/www.bremer-promenaden.de\/wp-content\/uploads\/2018\/04\/20170816-121847-0430-300x86.jpg 300w, https:\/\/www.bremer-promenaden.de\/wp-content\/uploads\/2018\/04\/20170816-121847-0430-768x220.jpg 768w, https:\/\/www.bremer-promenaden.de\/wp-content\/uploads\/2018\/04\/20170816-121847-0430-1030x295.jpg 1030w, https:\/\/www.bremer-promenaden.de\/wp-content\/uploads\/2018\/04\/20170816-121847-0430-705x202.jpg 705w, https:\/\/www.bremer-promenaden.de\/wp-content\/uploads\/2018\/04\/20170816-121847-0430-450x129.jpg 450w\" sizes=\"(max-width: 1500px) 100vw, 1500px\" \/><\/div><\/li><li  class='avia-slideshow-slide av-254ou2-08e05cd36cea31649d70afd9ec5dfedc__5  slide-6 slide-even'><div data-rel='slideshow-1' class='avia-slide-wrap '   ><img decoding=\"async\" fetchpriority=\"high\" class=\"wp-image-1153 avia-img-lazy-loading-not-1153\"  src=\"https:\/\/www.bremer-promenaden.de\/wp-content\/uploads\/2018\/04\/20170816-103230-0430.jpg\" width=\"1500\" height=\"430\" title='20170816-103230-0430' alt='Der Esel der Bremer Stadtmusikanten ist sehr beliebt.'  itemprop=\"thumbnailUrl\" srcset=\"https:\/\/www.bremer-promenaden.de\/wp-content\/uploads\/2018\/04\/20170816-103230-0430.jpg 1500w, https:\/\/www.bremer-promenaden.de\/wp-content\/uploads\/2018\/04\/20170816-103230-0430-300x86.jpg 300w, https:\/\/www.bremer-promenaden.de\/wp-content\/uploads\/2018\/04\/20170816-103230-0430-768x220.jpg 768w, https:\/\/www.bremer-promenaden.de\/wp-content\/uploads\/2018\/04\/20170816-103230-0430-1030x295.jpg 1030w, https:\/\/www.bremer-promenaden.de\/wp-content\/uploads\/2018\/04\/20170816-103230-0430-705x202.jpg 705w, https:\/\/www.bremer-promenaden.de\/wp-content\/uploads\/2018\/04\/20170816-103230-0430-450x129.jpg 450w\" sizes=\"(max-width: 1500px) 100vw, 1500px\" \/><\/div><\/li><li  class='avia-slideshow-slide av-254ou2-08e05cd36cea31649d70afd9ec5dfedc__6  slide-7 slide-odd'><div data-rel='slideshow-1' class='avia-slide-wrap '   ><img decoding=\"async\" fetchpriority=\"high\" class=\"wp-image-1169 avia-img-lazy-loading-not-1169\"  src=\"https:\/\/www.bremer-promenaden.de\/wp-content\/uploads\/2018\/04\/20170816-132947-0430.jpg\" width=\"1500\" height=\"430\" title='20170816-132947-0430' alt='Bernhard Hoetger schuf viele Skulpturen in der Bremer B\u00f6ttcherstra\u00dfe.'  itemprop=\"thumbnailUrl\" srcset=\"https:\/\/www.bremer-promenaden.de\/wp-content\/uploads\/2018\/04\/20170816-132947-0430.jpg 1500w, https:\/\/www.bremer-promenaden.de\/wp-content\/uploads\/2018\/04\/20170816-132947-0430-300x86.jpg 300w, https:\/\/www.bremer-promenaden.de\/wp-content\/uploads\/2018\/04\/20170816-132947-0430-768x220.jpg 768w, https:\/\/www.bremer-promenaden.de\/wp-content\/uploads\/2018\/04\/20170816-132947-0430-1030x295.jpg 1030w, https:\/\/www.bremer-promenaden.de\/wp-content\/uploads\/2018\/04\/20170816-132947-0430-705x202.jpg 705w, https:\/\/www.bremer-promenaden.de\/wp-content\/uploads\/2018\/04\/20170816-132947-0430-450x129.jpg 450w\" sizes=\"(max-width: 1500px) 100vw, 1500px\" \/><\/div><\/li><li  class='avia-slideshow-slide av-254ou2-08e05cd36cea31649d70afd9ec5dfedc__7  slide-8 slide-even'><div data-rel='slideshow-1' class='avia-slide-wrap '   ><img decoding=\"async\" fetchpriority=\"high\" class=\"wp-image-1369 avia-img-lazy-loading-not-1369\"  src=\"https:\/\/www.bremer-promenaden.de\/wp-content\/uploads\/2018\/04\/20170816-141928-0430.jpg\" width=\"1500\" height=\"430\" title='20170816-141928-0430' alt='Bummeln im Schnoor, Bremens \u00e4ltestem Viertel.'  itemprop=\"thumbnailUrl\" srcset=\"https:\/\/www.bremer-promenaden.de\/wp-content\/uploads\/2018\/04\/20170816-141928-0430.jpg 1500w, https:\/\/www.bremer-promenaden.de\/wp-content\/uploads\/2018\/04\/20170816-141928-0430-300x86.jpg 300w, https:\/\/www.bremer-promenaden.de\/wp-content\/uploads\/2018\/04\/20170816-141928-0430-768x220.jpg 768w, https:\/\/www.bremer-promenaden.de\/wp-content\/uploads\/2018\/04\/20170816-141928-0430-1030x295.jpg 1030w, https:\/\/www.bremer-promenaden.de\/wp-content\/uploads\/2018\/04\/20170816-141928-0430-705x202.jpg 705w, https:\/\/www.bremer-promenaden.de\/wp-content\/uploads\/2018\/04\/20170816-141928-0430-450x129.jpg 450w\" sizes=\"(max-width: 1500px) 100vw, 1500px\" \/><\/div><\/li><\/ul><div class='avia-slideshow-arrows avia-slideshow-controls' ><a href='#prev' class='prev-slide  avia-svg-icon avia-font-svg_entypo-fontello' data-av_svg_icon='left-open-big' data-av_iconset='svg_entypo-fontello' tabindex='-1' title=\"Pr\u00e9c\u00e9dent\"><svg version=\"1.1\" xmlns=\"http:\/\/www.w3.org\/2000\/svg\" width=\"15\" height=\"32\" viewBox=\"0 0 15 32\" preserveAspectRatio=\"xMidYMid meet\" aria-labelledby='av-svg-title-1' aria-describedby='av-svg-desc-1' role=\"graphics-symbol\" aria-hidden=\"true\">\n<title id='av-svg-title-1'>Pr\u00e9c\u00e9dent<\/title>\n<desc id='av-svg-desc-1'>Pr\u00e9c\u00e9dent<\/desc>\n<path d=\"M14.464 27.84q0.832 0.832 0 1.536-0.832 0.832-1.536 0l-12.544-12.608q-0.768-0.768 0-1.6l12.544-12.608q0.704-0.832 1.536 0 0.832 0.704 0 1.536l-11.456 11.904z\"><\/path>\n<\/svg><span class='avia_hidden_link_text'>Pr\u00e9c\u00e9dent<\/span><\/a><a href='#next' class='next-slide  avia-svg-icon avia-font-svg_entypo-fontello' data-av_svg_icon='right-open-big' data-av_iconset='svg_entypo-fontello' tabindex='-1' title=\"Suivant\"><svg version=\"1.1\" xmlns=\"http:\/\/www.w3.org\/2000\/svg\" width=\"15\" height=\"32\" viewBox=\"0 0 15 32\" preserveAspectRatio=\"xMidYMid meet\" aria-labelledby='av-svg-title-2' aria-describedby='av-svg-desc-2' role=\"graphics-symbol\" aria-hidden=\"true\">\n<title id='av-svg-title-2'>Suivant<\/title>\n<desc id='av-svg-desc-2'>Suivant<\/desc>\n<path d=\"M0.416 27.84l11.456-11.84-11.456-11.904q-0.832-0.832 0-1.536 0.832-0.832 1.536 0l12.544 12.608q0.768 0.832 0 1.6l-12.544 12.608q-0.704 0.832-1.536 0-0.832-0.704 0-1.536z\"><\/path>\n<\/svg><span class='avia_hidden_link_text'>Suivant<\/span><\/a><\/div><div class='avia-slideshow-dots avia-slideshow-controls'><a href='#1' class='goto-slide active' >1<\/a><a href='#2' class='goto-slide ' >2<\/a><a href='#3' class='goto-slide ' >3<\/a><a href='#4' class='goto-slide ' >4<\/a><a href='#5' class='goto-slide ' >5<\/a><a href='#6' class='goto-slide ' >6<\/a><a href='#7' class='goto-slide ' >7<\/a><a href='#8' class='goto-slide ' >8<\/a><\/div><\/div><\/div><div id='after_full_slider_1'  class='main_color av_default_container_wrap container_wrap fullsize'  ><div class='container av-section-cont-open' ><div class='template-page content  av-content-full alpha units'><div class='post-entry post-entry-type-page post-entry-390'><div class='entry-content-wrapper clearfix'>\n\n<style type=\"text\/css\" data-created_by=\"avia_inline_auto\" id=\"style-css-av-hqbcq-6a9ad49b954b49cccb69567933dbd9f7\">\n.flex_column.av-hqbcq-6a9ad49b954b49cccb69567933dbd9f7{\nborder-radius:0px 0px 0px 0px;\npadding:0px 0px 0px 0px;\n}\n<\/style>\n<div  class='flex_column av-hqbcq-6a9ad49b954b49cccb69567933dbd9f7 av_one_full  avia-builder-el-1  el_after_av_slideshow_full  avia-builder-el-no-sibling  first flex_column_div av-zero-column-padding  '     ><section  class='av_textblock_section av-bp7rm-b89ad42f941b6e8944fc51b6ad02e70c '   itemscope=\"itemscope\" itemtype=\"https:\/\/schema.org\/CreativeWork\" ><div class='avia_textblock'  itemprop=\"text\" ><h1>Pav\u00e9 et ruelles \u00e9troites \u2013 Visite guid\u00e9e du vieux centre-ville de Br\u00eame<\/h1>\n<p>Les Bremois (les habitants de la ville de de Br\u00eame) sont fiers de leur histoire. La statue de Roland datant de 1404 et l&rsquo;<a href=\"http:\/\/www.bremer-promenaden.de\/fr\/visite-guide-de-breme-hotel-de-ville-bremer-promenaden\/\">h\u00f4tel de ville<\/a>\u00a0vieux\u00a0de plus de 600 ans sont les symboles de la libert\u00e9 de Br\u00eame. Ils font partie du patrimoine mondial de l&rsquo;Unesco depuis 2004.<\/p>\n<p>Pendant le circuit guid\u00e9 vous apprendrez entre autres \u00e0 qui l&rsquo;h\u00f4tel de ville a entrav\u00e9 la vue il y a 600 ans, ce qu&rsquo;on doit faire pour retourner \u00e0 Br\u00eame certainement, de quel fa\u00e7on les commer\u00e7ants et les conseillers municipaux bataillent entre eux et pourquoi Br\u00eame \u00e9tait appel\u00e9e la \u00abRome du Nord\u00bb. Dans la <a href=\"http:\/\/www.bremer-promenaden.de\/fr\/visite-guidee-de-la-boettcherstrasse-de-breme-bremer-promenaden\/\"><em>B\u00f6ttcherstra\u00dfe<\/em><\/a> nous rencontrerons le commer\u00e7ant de caf\u00e9 bremois Ludwig Roselius, l&rsquo;artiste <a href=\"https:\/\/de.wikipedia.org\/wiki\/Bernhard_Hoetger\" target=\"_blank\" rel=\"noopener\">Bernhard Hoetger<\/a> et la femme peintre <a href=\"https:\/\/de.wikipedia.org\/wiki\/Paula_Modersohn-Becker\" target=\"_blank\" rel=\"noopener\">Paula Modersohn-Becker<\/a>, avec eux nous voyagerons entre <a href=\"http:\/\/www.bremer-promenaden.de\/fr\/partir-a-la-decouverte-du-village-dartistes-worpswede\/\">Worpswede<\/a> et Bremen.<\/p>\n<p>Au <a href=\"http:\/\/www.bremer-promenaden.de\/fr\/visite-guidee-par-le-schnoor-une-immersion-dans-lhistoire\/\"><em>Schnoor<\/em><\/a>, le quartier le plus ancien de la ville hans\u00e9atique, nous explorerons la ruelle la plus \u00e9troite et passerons la maison la plus petite de la ville Br\u00eame.<\/p>\n<h2>Visite guid\u00e9 \u00abDu Roland au Schnoor\u00bb: vue d&rsquo;ensemble<\/h2>\n<p><em>Bremer Promenaden<\/em> offre diff\u00e9rents circuits guid\u00e9s \u00e0 Br\u00eame en fran\u00e7ais, italien, anglais et allemand.<\/p>\n<p><strong>\u00c9tapes du tour:<\/strong> La place du march\u00e9 avec le <em>Roland<\/em>, <em>le Sch\u00fctting<\/em> (si\u00e8ge de la chambre de commerce de Br\u00eame), le <em>Bremische B\u00fcrgerschaft<\/em> ( le parlement de Br\u00eame), la <em>Liebfrauenkirche<\/em> (Notre Dame), la cath\u00e9drale St Petri, les musiciens de Br\u00eame, la B\u00f6ttcherstra\u00dfe et le Schnoor.<\/p>\n<p><strong>Dur\u00e9e du circuit: <\/strong>deux heures, trois heures avec d\u00e9tours. Attention: Choisissez des chaussures solides car nous marchons sur le pav\u00e9.<\/p>\n<p><strong>Bon \u00e0 savoir:<\/strong> Si les \u00e9glises sont ouvertes nous pouvons nous y arr\u00eater et nous y asseoir. Des toilettes publiques se trouvent \u00e0 c\u00f4t\u00e9 de la place du march\u00e9.<\/p>\n<h3>Groupes et prix, visite guid\u00e9e en fran\u00e7ais<\/h3>\n<ul>\n<li>25 personnes au maximum, deux heures pour 195,00 Euros, trois heures pour 250,00 Euros<\/li>\n<\/ul>\n<\/div><\/section><\/div>\n","protected":false},"excerpt":{"rendered":"","protected":false},"author":1,"featured_media":0,"parent":0,"menu_order":0,"comment_status":"closed","ping_status":"closed","template":"","meta":{"footnotes":""},"class_list":["post-390","page","type-page","status-publish","hentry"],"yoast_head":"<!-- This site is optimized with the Yoast SEO plugin v27.5 - https:\/\/yoast.com\/product\/yoast-seo-wordpress\/ -->\n<title>Vieux centre-ville du Roland au Schnoor \u2013 Bremer Promenaden - Bremer Promenaden<\/title>\n<meta name=\"description\" content=\"L&#039;h\u00f4tel de ville et le Roland symbolisent la libert\u00e9, le quartier Schnoor l&#039;histoire. D\u00e9couvrez leurs particularit\u00e9s si charmantes avec Bremer Promenaden.\" \/>\n<meta name=\"robots\" content=\"index, follow, max-snippet:-1, max-image-preview:large, max-video-preview:-1\" \/>\n<link rel=\"canonical\" href=\"https:\/\/www.bremer-promenaden.de\/fr\/vieux-centre-ville-du-roland-au-schnoor-bremer-promenaden\/\" \/>\n<meta property=\"og:locale\" content=\"fr_FR\" \/>\n<meta property=\"og:type\" content=\"article\" \/>\n<meta property=\"og:title\" content=\"Vieux centre-ville du Roland au Schnoor \u2013 Bremer Promenaden - Bremer Promenaden\" \/>\n<meta property=\"og:description\" content=\"L&#039;h\u00f4tel de ville et le Roland symbolisent la libert\u00e9, le quartier Schnoor l&#039;histoire. D\u00e9couvrez leurs particularit\u00e9s si charmantes avec Bremer Promenaden.\" \/>\n<meta property=\"og:url\" content=\"https:\/\/www.bremer-promenaden.de\/fr\/vieux-centre-ville-du-roland-au-schnoor-bremer-promenaden\/\" \/>\n<meta property=\"og:site_name\" content=\"Bremer Promenaden\" \/>\n<meta property=\"article:modified_time\" content=\"2025-12-22T11:31:42+00:00\" \/>\n<meta name=\"twitter:card\" content=\"summary_large_image\" \/>\n<meta name=\"twitter:label1\" content=\"Dur\u00e9e de lecture estim\u00e9e\" \/>\n\t<meta name=\"twitter:data1\" content=\"3 minutes\" \/>\n<script type=\"application\/ld+json\" class=\"yoast-schema-graph\">{\"@context\":\"https:\\\/\\\/schema.org\",\"@graph\":[{\"@type\":\"WebPage\",\"@id\":\"https:\\\/\\\/www.bremer-promenaden.de\\\/fr\\\/vieux-centre-ville-du-roland-au-schnoor-bremer-promenaden\\\/\",\"url\":\"https:\\\/\\\/www.bremer-promenaden.de\\\/fr\\\/vieux-centre-ville-du-roland-au-schnoor-bremer-promenaden\\\/\",\"name\":\"Vieux centre-ville du Roland au Schnoor \u2013 Bremer Promenaden - Bremer Promenaden\",\"isPartOf\":{\"@id\":\"https:\\\/\\\/www.bremer-promenaden.de\\\/#website\"},\"datePublished\":\"2017-05-17T10:27:58+00:00\",\"dateModified\":\"2025-12-22T11:31:42+00:00\",\"description\":\"L'h\u00f4tel de ville et le Roland symbolisent la libert\u00e9, le quartier Schnoor l'histoire. D\u00e9couvrez leurs particularit\u00e9s si charmantes avec Bremer Promenaden.\",\"breadcrumb\":{\"@id\":\"https:\\\/\\\/www.bremer-promenaden.de\\\/fr\\\/vieux-centre-ville-du-roland-au-schnoor-bremer-promenaden\\\/#breadcrumb\"},\"inLanguage\":\"fr-FR\",\"potentialAction\":[{\"@type\":\"ReadAction\",\"target\":[\"https:\\\/\\\/www.bremer-promenaden.de\\\/fr\\\/vieux-centre-ville-du-roland-au-schnoor-bremer-promenaden\\\/\"]}]},{\"@type\":\"BreadcrumbList\",\"@id\":\"https:\\\/\\\/www.bremer-promenaden.de\\\/fr\\\/vieux-centre-ville-du-roland-au-schnoor-bremer-promenaden\\\/#breadcrumb\",\"itemListElement\":[{\"@type\":\"ListItem\",\"position\":1,\"name\":\"Startseite\",\"item\":\"https:\\\/\\\/www.bremer-promenaden.de\\\/fr\\\/\"},{\"@type\":\"ListItem\",\"position\":2,\"name\":\"Vieux centre-ville du Roland au Schnoor \u2013 Bremer Promenaden\"}]},{\"@type\":\"WebSite\",\"@id\":\"https:\\\/\\\/www.bremer-promenaden.de\\\/#website\",\"url\":\"https:\\\/\\\/www.bremer-promenaden.de\\\/\",\"name\":\"Bremer Promenaden\",\"description\":\"Rundg\u00e4nge durch Bremen und um zu\",\"potentialAction\":[{\"@type\":\"SearchAction\",\"target\":{\"@type\":\"EntryPoint\",\"urlTemplate\":\"https:\\\/\\\/www.bremer-promenaden.de\\\/?s={search_term_string}\"},\"query-input\":{\"@type\":\"PropertyValueSpecification\",\"valueRequired\":true,\"valueName\":\"search_term_string\"}}],\"inLanguage\":\"fr-FR\"}]}<\/script>\n<!-- \/ Yoast SEO plugin. -->","yoast_head_json":{"title":"Vieux centre-ville du Roland au Schnoor \u2013 Bremer Promenaden - Bremer Promenaden","description":"L'h\u00f4tel de ville et le Roland symbolisent la libert\u00e9, le quartier Schnoor l'histoire. D\u00e9couvrez leurs particularit\u00e9s si charmantes avec Bremer Promenaden.","robots":{"index":"index","follow":"follow","max-snippet":"max-snippet:-1","max-image-preview":"max-image-preview:large","max-video-preview":"max-video-preview:-1"},"canonical":"https:\/\/www.bremer-promenaden.de\/fr\/vieux-centre-ville-du-roland-au-schnoor-bremer-promenaden\/","og_locale":"fr_FR","og_type":"article","og_title":"Vieux centre-ville du Roland au Schnoor \u2013 Bremer Promenaden - Bremer Promenaden","og_description":"L'h\u00f4tel de ville et le Roland symbolisent la libert\u00e9, le quartier Schnoor l'histoire. D\u00e9couvrez leurs particularit\u00e9s si charmantes avec Bremer Promenaden.","og_url":"https:\/\/www.bremer-promenaden.de\/fr\/vieux-centre-ville-du-roland-au-schnoor-bremer-promenaden\/","og_site_name":"Bremer Promenaden","article_modified_time":"2025-12-22T11:31:42+00:00","twitter_card":"summary_large_image","twitter_misc":{"Dur\u00e9e de lecture estim\u00e9e":"3 minutes"},"schema":{"@context":"https:\/\/schema.org","@graph":[{"@type":"WebPage","@id":"https:\/\/www.bremer-promenaden.de\/fr\/vieux-centre-ville-du-roland-au-schnoor-bremer-promenaden\/","url":"https:\/\/www.bremer-promenaden.de\/fr\/vieux-centre-ville-du-roland-au-schnoor-bremer-promenaden\/","name":"Vieux centre-ville du Roland au Schnoor \u2013 Bremer Promenaden - Bremer Promenaden","isPartOf":{"@id":"https:\/\/www.bremer-promenaden.de\/#website"},"datePublished":"2017-05-17T10:27:58+00:00","dateModified":"2025-12-22T11:31:42+00:00","description":"L'h\u00f4tel de ville et le Roland symbolisent la libert\u00e9, le quartier Schnoor l'histoire. D\u00e9couvrez leurs particularit\u00e9s si charmantes avec Bremer Promenaden.","breadcrumb":{"@id":"https:\/\/www.bremer-promenaden.de\/fr\/vieux-centre-ville-du-roland-au-schnoor-bremer-promenaden\/#breadcrumb"},"inLanguage":"fr-FR","potentialAction":[{"@type":"ReadAction","target":["https:\/\/www.bremer-promenaden.de\/fr\/vieux-centre-ville-du-roland-au-schnoor-bremer-promenaden\/"]}]},{"@type":"BreadcrumbList","@id":"https:\/\/www.bremer-promenaden.de\/fr\/vieux-centre-ville-du-roland-au-schnoor-bremer-promenaden\/#breadcrumb","itemListElement":[{"@type":"ListItem","position":1,"name":"Startseite","item":"https:\/\/www.bremer-promenaden.de\/fr\/"},{"@type":"ListItem","position":2,"name":"Vieux centre-ville du Roland au Schnoor \u2013 Bremer Promenaden"}]},{"@type":"WebSite","@id":"https:\/\/www.bremer-promenaden.de\/#website","url":"https:\/\/www.bremer-promenaden.de\/","name":"Bremer Promenaden","description":"Rundg\u00e4nge durch Bremen und um zu","potentialAction":[{"@type":"SearchAction","target":{"@type":"EntryPoint","urlTemplate":"https:\/\/www.bremer-promenaden.de\/?s={search_term_string}"},"query-input":{"@type":"PropertyValueSpecification","valueRequired":true,"valueName":"search_term_string"}}],"inLanguage":"fr-FR"}]}},"jetpack_sharing_enabled":true,"jetpack_shortlink":"https:\/\/wp.me\/P9FEkD-6i","_links":{"self":[{"href":"https:\/\/www.bremer-promenaden.de\/fr\/wp-json\/wp\/v2\/pages\/390","targetHints":{"allow":["GET"]}}],"collection":[{"href":"https:\/\/www.bremer-promenaden.de\/fr\/wp-json\/wp\/v2\/pages"}],"about":[{"href":"https:\/\/www.bremer-promenaden.de\/fr\/wp-json\/wp\/v2\/types\/page"}],"author":[{"embeddable":true,"href":"https:\/\/www.bremer-promenaden.de\/fr\/wp-json\/wp\/v2\/users\/1"}],"replies":[{"embeddable":true,"href":"https:\/\/www.bremer-promenaden.de\/fr\/wp-json\/wp\/v2\/comments?post=390"}],"version-history":[{"count":20,"href":"https:\/\/www.bremer-promenaden.de\/fr\/wp-json\/wp\/v2\/pages\/390\/revisions"}],"predecessor-version":[{"id":3642,"href":"https:\/\/www.bremer-promenaden.de\/fr\/wp-json\/wp\/v2\/pages\/390\/revisions\/3642"}],"wp:attachment":[{"href":"https:\/\/www.bremer-promenaden.de\/fr\/wp-json\/wp\/v2\/media?parent=390"}],"curies":[{"name":"wp","href":"https:\/\/api.w.org\/{rel}","templated":true}]}}