{"id":3763,"date":"2026-01-07T13:34:21","date_gmt":"2026-01-07T12:34:21","guid":{"rendered":"https:\/\/www.bremer-promenaden.de\/?page_id=3763"},"modified":"2026-01-07T14:47:48","modified_gmt":"2026-01-07T13:47:48","slug":"impuls-paula-eine-kuenstlerische-entdeckungsreise","status":"publish","type":"page","link":"https:\/\/www.bremer-promenaden.de\/fr\/impuls-paula-eine-kuenstlerische-entdeckungsreise\/","title":{"rendered":"Impuls Paula &#8211; Un voyage de d\u00e9couverte artistique"},"content":{"rendered":"<div id='full_slider_1'  class='avia-fullwidth-slider main_color avia-shadow   avia-builder-el-0  el_before_av_one_full  avia-builder-el-first   container_wrap fullsize'  ><div  class='avia-slideshow av-alzsmn-647f75b3be5668556033dffc3fcc42d0 avia-slideshow-featured av_slideshow_full avia-slide-slider av-slideshow-ui av-control-default av-slideshow-autoplay av-loop-endless av-loop-manual-endless av-default-height-applied   avia-slideshow-1' data-slideshow-options=\"{&quot;animation&quot;:&quot;slide&quot;,&quot;autoplay&quot;:true,&quot;loop_autoplay&quot;:&quot;endless&quot;,&quot;interval&quot;:5,&quot;loop_manual&quot;:&quot;manual-endless&quot;,&quot;autoplay_stopper&quot;:false,&quot;noNavigation&quot;:false,&quot;bg_slider&quot;:false,&quot;keep_padding&quot;:false,&quot;hoverpause&quot;:false,&quot;show_slide_delay&quot;:0}\"  itemprop=\"image\" itemscope=\"itemscope\" itemtype=\"https:\/\/schema.org\/ImageObject\" ><ul class='avia-slideshow-inner ' style='padding-bottom: 28.666666666667%;'><li  class='avia-slideshow-slide av-alzsmn-647f75b3be5668556033dffc3fcc42d0__0  slide-1 slide-odd'><div data-rel='slideshow-1' class='avia-slide-wrap '   ><img decoding=\"async\" fetchpriority=\"high\" class=\"wp-image-3459 avia-img-lazy-loading-not-3459\"  src=\"https:\/\/www.bremer-promenaden.de\/wp-content\/uploads\/2025\/04\/20170815-191207-1500x0430-1.jpg\" width=\"1500\" height=\"430\" title='20170815-191207-1500x0430' alt=''  itemprop=\"thumbnailUrl\" srcset=\"https:\/\/www.bremer-promenaden.de\/wp-content\/uploads\/2025\/04\/20170815-191207-1500x0430-1.jpg 1500w, https:\/\/www.bremer-promenaden.de\/wp-content\/uploads\/2025\/04\/20170815-191207-1500x0430-1-300x86.jpg 300w, https:\/\/www.bremer-promenaden.de\/wp-content\/uploads\/2025\/04\/20170815-191207-1500x0430-1-1030x295.jpg 1030w, https:\/\/www.bremer-promenaden.de\/wp-content\/uploads\/2025\/04\/20170815-191207-1500x0430-1-768x220.jpg 768w, https:\/\/www.bremer-promenaden.de\/wp-content\/uploads\/2025\/04\/20170815-191207-1500x0430-1-705x202.jpg 705w\" sizes=\"(max-width: 1500px) 100vw, 1500px\" \/><\/div><\/li><li  class='avia-slideshow-slide av-alzsmn-647f75b3be5668556033dffc3fcc42d0__1  slide-2 slide-even'><div data-rel='slideshow-1' class='avia-slide-wrap '   ><img decoding=\"async\" fetchpriority=\"high\" class=\"wp-image-3463 avia-img-lazy-loading-not-3463\"  src=\"https:\/\/www.bremer-promenaden.de\/wp-content\/uploads\/2025\/04\/20170815-195203-1500x0430-1.jpg\" width=\"1500\" height=\"430\" title='20170815-195203-1500x0430' alt=''  itemprop=\"thumbnailUrl\" srcset=\"https:\/\/www.bremer-promenaden.de\/wp-content\/uploads\/2025\/04\/20170815-195203-1500x0430-1.jpg 1500w, https:\/\/www.bremer-promenaden.de\/wp-content\/uploads\/2025\/04\/20170815-195203-1500x0430-1-300x86.jpg 300w, https:\/\/www.bremer-promenaden.de\/wp-content\/uploads\/2025\/04\/20170815-195203-1500x0430-1-1030x295.jpg 1030w, https:\/\/www.bremer-promenaden.de\/wp-content\/uploads\/2025\/04\/20170815-195203-1500x0430-1-768x220.jpg 768w, https:\/\/www.bremer-promenaden.de\/wp-content\/uploads\/2025\/04\/20170815-195203-1500x0430-1-705x202.jpg 705w\" sizes=\"(max-width: 1500px) 100vw, 1500px\" \/><\/div><\/li><li  class='avia-slideshow-slide av-alzsmn-647f75b3be5668556033dffc3fcc42d0__2  slide-3 slide-odd'><div data-rel='slideshow-1' class='avia-slide-wrap '   ><img decoding=\"async\" fetchpriority=\"high\" class=\"wp-image-3467 avia-img-lazy-loading-not-3467\"  src=\"https:\/\/www.bremer-promenaden.de\/wp-content\/uploads\/2025\/04\/20170815-195352-1500x0430-1.jpg\" width=\"1500\" height=\"430\" title='20170815-195352-1500x0430' alt=''  itemprop=\"thumbnailUrl\" srcset=\"https:\/\/www.bremer-promenaden.de\/wp-content\/uploads\/2025\/04\/20170815-195352-1500x0430-1.jpg 1500w, https:\/\/www.bremer-promenaden.de\/wp-content\/uploads\/2025\/04\/20170815-195352-1500x0430-1-300x86.jpg 300w, https:\/\/www.bremer-promenaden.de\/wp-content\/uploads\/2025\/04\/20170815-195352-1500x0430-1-1030x295.jpg 1030w, https:\/\/www.bremer-promenaden.de\/wp-content\/uploads\/2025\/04\/20170815-195352-1500x0430-1-768x220.jpg 768w, https:\/\/www.bremer-promenaden.de\/wp-content\/uploads\/2025\/04\/20170815-195352-1500x0430-1-705x202.jpg 705w\" sizes=\"(max-width: 1500px) 100vw, 1500px\" \/><\/div><\/li><li  class='avia-slideshow-slide av-alzsmn-647f75b3be5668556033dffc3fcc42d0__3  slide-4 slide-even'><div data-rel='slideshow-1' class='avia-slide-wrap '   ><img decoding=\"async\" fetchpriority=\"high\" class=\"wp-image-3471 avia-img-lazy-loading-not-3471\"  src=\"https:\/\/www.bremer-promenaden.de\/wp-content\/uploads\/2025\/04\/20170815-200724-1500x0430-1.jpg\" width=\"1500\" height=\"430\" title='20170815-200724-1500x0430' alt=''  itemprop=\"thumbnailUrl\" srcset=\"https:\/\/www.bremer-promenaden.de\/wp-content\/uploads\/2025\/04\/20170815-200724-1500x0430-1.jpg 1500w, https:\/\/www.bremer-promenaden.de\/wp-content\/uploads\/2025\/04\/20170815-200724-1500x0430-1-300x86.jpg 300w, https:\/\/www.bremer-promenaden.de\/wp-content\/uploads\/2025\/04\/20170815-200724-1500x0430-1-1030x295.jpg 1030w, https:\/\/www.bremer-promenaden.de\/wp-content\/uploads\/2025\/04\/20170815-200724-1500x0430-1-768x220.jpg 768w, https:\/\/www.bremer-promenaden.de\/wp-content\/uploads\/2025\/04\/20170815-200724-1500x0430-1-705x202.jpg 705w\" sizes=\"(max-width: 1500px) 100vw, 1500px\" \/><\/div><\/li><li  class='avia-slideshow-slide av-alzsmn-647f75b3be5668556033dffc3fcc42d0__4  slide-5 slide-odd'><div data-rel='slideshow-1' class='avia-slide-wrap '   ><img decoding=\"async\" fetchpriority=\"high\" class=\"wp-image-3475 avia-img-lazy-loading-not-3475\"  src=\"https:\/\/www.bremer-promenaden.de\/wp-content\/uploads\/2025\/04\/20170816-151036-1500x0430-1.jpg\" width=\"1500\" height=\"430\" title='20170816-151036-1500x0430' alt=''  itemprop=\"thumbnailUrl\" srcset=\"https:\/\/www.bremer-promenaden.de\/wp-content\/uploads\/2025\/04\/20170816-151036-1500x0430-1.jpg 1500w, https:\/\/www.bremer-promenaden.de\/wp-content\/uploads\/2025\/04\/20170816-151036-1500x0430-1-300x86.jpg 300w, https:\/\/www.bremer-promenaden.de\/wp-content\/uploads\/2025\/04\/20170816-151036-1500x0430-1-1030x295.jpg 1030w, https:\/\/www.bremer-promenaden.de\/wp-content\/uploads\/2025\/04\/20170816-151036-1500x0430-1-768x220.jpg 768w, https:\/\/www.bremer-promenaden.de\/wp-content\/uploads\/2025\/04\/20170816-151036-1500x0430-1-705x202.jpg 705w\" sizes=\"(max-width: 1500px) 100vw, 1500px\" \/><\/div><\/li><\/ul><div class='avia-slideshow-arrows avia-slideshow-controls' ><a href='#prev' class='prev-slide  avia-svg-icon avia-font-svg_entypo-fontello' data-av_svg_icon='left-open-big' data-av_iconset='svg_entypo-fontello' tabindex='-1' title=\"Pr\u00e9c\u00e9dent\"><svg version=\"1.1\" xmlns=\"http:\/\/www.w3.org\/2000\/svg\" width=\"15\" height=\"32\" viewBox=\"0 0 15 32\" preserveAspectRatio=\"xMidYMid meet\" aria-labelledby='av-svg-title-1' aria-describedby='av-svg-desc-1' role=\"graphics-symbol\" aria-hidden=\"true\">\n<title id='av-svg-title-1'>Pr\u00e9c\u00e9dent<\/title>\n<desc id='av-svg-desc-1'>Pr\u00e9c\u00e9dent<\/desc>\n<path d=\"M14.464 27.84q0.832 0.832 0 1.536-0.832 0.832-1.536 0l-12.544-12.608q-0.768-0.768 0-1.6l12.544-12.608q0.704-0.832 1.536 0 0.832 0.704 0 1.536l-11.456 11.904z\"><\/path>\n<\/svg><span class='avia_hidden_link_text'>Pr\u00e9c\u00e9dent<\/span><\/a><a href='#next' class='next-slide  avia-svg-icon avia-font-svg_entypo-fontello' data-av_svg_icon='right-open-big' data-av_iconset='svg_entypo-fontello' tabindex='-1' title=\"Suivant\"><svg version=\"1.1\" xmlns=\"http:\/\/www.w3.org\/2000\/svg\" width=\"15\" height=\"32\" viewBox=\"0 0 15 32\" preserveAspectRatio=\"xMidYMid meet\" aria-labelledby='av-svg-title-2' aria-describedby='av-svg-desc-2' role=\"graphics-symbol\" aria-hidden=\"true\">\n<title id='av-svg-title-2'>Suivant<\/title>\n<desc id='av-svg-desc-2'>Suivant<\/desc>\n<path d=\"M0.416 27.84l11.456-11.84-11.456-11.904q-0.832-0.832 0-1.536 0.832-0.832 1.536 0l12.544 12.608q0.768 0.832 0 1.6l-12.544 12.608q-0.704 0.832-1.536 0-0.832-0.704 0-1.536z\"><\/path>\n<\/svg><span class='avia_hidden_link_text'>Suivant<\/span><\/a><\/div><div class='avia-slideshow-dots avia-slideshow-controls'><a href='#1' class='goto-slide active' >1<\/a><a href='#2' class='goto-slide ' >2<\/a><a href='#3' class='goto-slide ' >3<\/a><a href='#4' class='goto-slide ' >4<\/a><a href='#5' class='goto-slide ' >5<\/a><\/div><\/div><\/div><div id='after_full_slider_1'  class='main_color av_default_container_wrap container_wrap fullsize'  ><div class='container av-section-cont-open' ><div class='template-page content  av-content-full alpha units'><div class='post-entry post-entry-type-page post-entry-3763'><div class='entry-content-wrapper clearfix'>\n<div  class='flex_column av-33lctb-25491e1bf2ca454b28a536b24487f3e4 av_one_full  avia-builder-el-1  el_after_av_slideshow_full  avia-builder-el-no-sibling  first flex_column_div  '     ><section  class='av_textblock_section av-mk3zzdbv-98de45ef13c1be8b8962f077a446fa1d '   itemscope=\"itemscope\" itemtype=\"https:\/\/schema.org\/CreativeWork\" ><div class='avia_textblock'  itemprop=\"text\" ><h1>Impuls Paula &#8211; Un voyage de d\u00e9couverte artistique<\/h1>\n<p>La <a href=\"https:\/\/www.worpswede-fuehrung.de\/start\/fuehrungen\/gruppenfuehrungen\/\" target=\"_blank\" rel=\"noopener\">visite guid\u00e9e<\/a> de l&rsquo;exposition 07.02.2026 \u2013 01.11.2026<\/p>\n<p>\u00c0 l&rsquo;occasion du 150e anniversaire de <a href=\"https:\/\/www.bremer-promenaden.de\/fr\/paula-modersohn-becker\/\">Paula Modersohn-Becker<\/a>, les mus\u00e9es de Worpswede consacrent une exposition \u00e0 l&rsquo;influence durable de l&rsquo;artiste sur l&rsquo;art jusqu&rsquo;\u00e0 nos jours. La visite guid\u00e9e de deux mus\u00e9es est combin\u00e9e \u00e0 une courte promenade le long de quelques lieux de la vie de la peintre. Les <a href=\"https:\/\/www.worpswede-museen.de\/home-en\" target=\"_blank\" rel=\"noopener\">mus\u00e9es<\/a> peuvent \u00eatre combin\u00e9s selon les souhaits.<\/p>\n<ul>\n<li>Barkenhoff: Je suis \/ tu es. Images de l&rsquo;\u00eatre humain<\/li>\n<li>Haus im Schluh: APPLIQU\u00c9. Femme + Design<\/li>\n<li>Gro\u00dfe Kunstschau: Respect !<\/li>\n<li>Worpsweder Kunsthalle: Proche de la peau. In\u00e8s Longevial<\/li>\n<\/ul>\n<p><strong>Visite guid\u00e9e des mus\u00e9es avec promenade:<\/strong> nous visiterons deux mus\u00e9es s\u00e9lectionn\u00e9s et nous nous prom\u00e8nerons dans des lieux choisis de la vie de la peintre.<br \/><strong>Dur\u00e9e de la visite:<\/strong> deux heures et demie.<br \/><strong>Bon \u00e0 savoir:<\/strong> Nous nous promenons aussi sur des chemins non pav\u00e9s. Des chaussures solides sont recommand\u00e9es. Certains mus\u00e9es ne sont pas enti\u00e8rement accessibles aux personnes \u00e0 mobilit\u00e9 r\u00e9duite.<\/p>\n<h3>Taille du groupe et prix<\/h3>\n<p>\u00e0 partir d&rsquo;une personne et jusqu&rsquo;\u00e0 20 personnes maximum<br \/>Allemand : 210,- Euros plus entr\u00e9e au mus\u00e9e 10,- Euros par personne<br \/>Fran\u00e7ais, italien, anglais : 240,- Euros plus entr\u00e9e du mus\u00e9e 10,- Euros par personne.<\/p>\n<\/div><\/section><\/div>\n","protected":false},"excerpt":{"rendered":"","protected":false},"author":1,"featured_media":0,"parent":0,"menu_order":0,"comment_status":"closed","ping_status":"closed","template":"","meta":{"footnotes":""},"class_list":["post-3763","page","type-page","status-publish","hentry"],"yoast_head":"<!-- This site is optimized with the Yoast SEO plugin v27.4 - https:\/\/yoast.com\/product\/yoast-seo-wordpress\/ -->\n<title>Impuls Paula - Un voyage de d\u00e9couverte artistique - Bremer Promenaden<\/title>\n<meta name=\"robots\" content=\"index, follow, max-snippet:-1, max-image-preview:large, max-video-preview:-1\" \/>\n<link rel=\"canonical\" href=\"https:\/\/www.bremer-promenaden.de\/impuls-paula-eine-kuenstlerische-entdeckungsreise\/\" \/>\n<meta property=\"og:locale\" content=\"fr_FR\" \/>\n<meta property=\"og:type\" content=\"article\" \/>\n<meta property=\"og:title\" content=\"Impuls Paula - Un voyage de d\u00e9couverte artistique - Bremer Promenaden\" \/>\n<meta property=\"og:url\" content=\"https:\/\/www.bremer-promenaden.de\/impuls-paula-eine-kuenstlerische-entdeckungsreise\/\" \/>\n<meta property=\"og:site_name\" content=\"Bremer Promenaden\" \/>\n<meta property=\"article:modified_time\" content=\"2026-01-07T13:47:48+00:00\" \/>\n<meta name=\"twitter:card\" content=\"summary_large_image\" \/>\n<meta name=\"twitter:label1\" content=\"Dur\u00e9e de lecture estim\u00e9e\" \/>\n\t<meta name=\"twitter:data1\" content=\"5 minutes\" \/>\n<script type=\"application\/ld+json\" class=\"yoast-schema-graph\">{\"@context\":\"https:\\\/\\\/schema.org\",\"@graph\":[{\"@type\":\"WebPage\",\"@id\":\"https:\\\/\\\/www.bremer-promenaden.de\\\/impuls-paula-eine-kuenstlerische-entdeckungsreise\\\/\",\"url\":\"https:\\\/\\\/www.bremer-promenaden.de\\\/impuls-paula-eine-kuenstlerische-entdeckungsreise\\\/\",\"name\":\"Impuls Paula - Un voyage de d\u00e9couverte artistique - Bremer Promenaden\",\"isPartOf\":{\"@id\":\"https:\\\/\\\/www.bremer-promenaden.de\\\/#website\"},\"datePublished\":\"2026-01-07T12:34:21+00:00\",\"dateModified\":\"2026-01-07T13:47:48+00:00\",\"breadcrumb\":{\"@id\":\"https:\\\/\\\/www.bremer-promenaden.de\\\/impuls-paula-eine-kuenstlerische-entdeckungsreise\\\/#breadcrumb\"},\"inLanguage\":\"fr-FR\",\"potentialAction\":[{\"@type\":\"ReadAction\",\"target\":[\"https:\\\/\\\/www.bremer-promenaden.de\\\/impuls-paula-eine-kuenstlerische-entdeckungsreise\\\/\"]}]},{\"@type\":\"BreadcrumbList\",\"@id\":\"https:\\\/\\\/www.bremer-promenaden.de\\\/impuls-paula-eine-kuenstlerische-entdeckungsreise\\\/#breadcrumb\",\"itemListElement\":[{\"@type\":\"ListItem\",\"position\":1,\"name\":\"Startseite\",\"item\":\"https:\\\/\\\/www.bremer-promenaden.de\\\/fr\\\/\"},{\"@type\":\"ListItem\",\"position\":2,\"name\":\"Impuls Paula &#8211; Un voyage de d\u00e9couverte artistique\"}]},{\"@type\":\"WebSite\",\"@id\":\"https:\\\/\\\/www.bremer-promenaden.de\\\/#website\",\"url\":\"https:\\\/\\\/www.bremer-promenaden.de\\\/\",\"name\":\"Bremer Promenaden\",\"description\":\"Rundg\u00e4nge durch Bremen und um zu\",\"potentialAction\":[{\"@type\":\"SearchAction\",\"target\":{\"@type\":\"EntryPoint\",\"urlTemplate\":\"https:\\\/\\\/www.bremer-promenaden.de\\\/?s={search_term_string}\"},\"query-input\":{\"@type\":\"PropertyValueSpecification\",\"valueRequired\":true,\"valueName\":\"search_term_string\"}}],\"inLanguage\":\"fr-FR\"}]}<\/script>\n<!-- \/ Yoast SEO plugin. -->","yoast_head_json":{"title":"Impuls Paula - Un voyage de d\u00e9couverte artistique - Bremer Promenaden","robots":{"index":"index","follow":"follow","max-snippet":"max-snippet:-1","max-image-preview":"max-image-preview:large","max-video-preview":"max-video-preview:-1"},"canonical":"https:\/\/www.bremer-promenaden.de\/impuls-paula-eine-kuenstlerische-entdeckungsreise\/","og_locale":"fr_FR","og_type":"article","og_title":"Impuls Paula - Un voyage de d\u00e9couverte artistique - Bremer Promenaden","og_url":"https:\/\/www.bremer-promenaden.de\/impuls-paula-eine-kuenstlerische-entdeckungsreise\/","og_site_name":"Bremer Promenaden","article_modified_time":"2026-01-07T13:47:48+00:00","twitter_card":"summary_large_image","twitter_misc":{"Dur\u00e9e de lecture estim\u00e9e":"5 minutes"},"schema":{"@context":"https:\/\/schema.org","@graph":[{"@type":"WebPage","@id":"https:\/\/www.bremer-promenaden.de\/impuls-paula-eine-kuenstlerische-entdeckungsreise\/","url":"https:\/\/www.bremer-promenaden.de\/impuls-paula-eine-kuenstlerische-entdeckungsreise\/","name":"Impuls Paula - Un voyage de d\u00e9couverte artistique - Bremer Promenaden","isPartOf":{"@id":"https:\/\/www.bremer-promenaden.de\/#website"},"datePublished":"2026-01-07T12:34:21+00:00","dateModified":"2026-01-07T13:47:48+00:00","breadcrumb":{"@id":"https:\/\/www.bremer-promenaden.de\/impuls-paula-eine-kuenstlerische-entdeckungsreise\/#breadcrumb"},"inLanguage":"fr-FR","potentialAction":[{"@type":"ReadAction","target":["https:\/\/www.bremer-promenaden.de\/impuls-paula-eine-kuenstlerische-entdeckungsreise\/"]}]},{"@type":"BreadcrumbList","@id":"https:\/\/www.bremer-promenaden.de\/impuls-paula-eine-kuenstlerische-entdeckungsreise\/#breadcrumb","itemListElement":[{"@type":"ListItem","position":1,"name":"Startseite","item":"https:\/\/www.bremer-promenaden.de\/fr\/"},{"@type":"ListItem","position":2,"name":"Impuls Paula &#8211; Un voyage de d\u00e9couverte artistique"}]},{"@type":"WebSite","@id":"https:\/\/www.bremer-promenaden.de\/#website","url":"https:\/\/www.bremer-promenaden.de\/","name":"Bremer Promenaden","description":"Rundg\u00e4nge durch Bremen und um zu","potentialAction":[{"@type":"SearchAction","target":{"@type":"EntryPoint","urlTemplate":"https:\/\/www.bremer-promenaden.de\/?s={search_term_string}"},"query-input":{"@type":"PropertyValueSpecification","valueRequired":true,"valueName":"search_term_string"}}],"inLanguage":"fr-FR"}]}},"jetpack_sharing_enabled":true,"jetpack_shortlink":"https:\/\/wp.me\/P9FEkD-YH","_links":{"self":[{"href":"https:\/\/www.bremer-promenaden.de\/fr\/wp-json\/wp\/v2\/pages\/3763","targetHints":{"allow":["GET"]}}],"collection":[{"href":"https:\/\/www.bremer-promenaden.de\/fr\/wp-json\/wp\/v2\/pages"}],"about":[{"href":"https:\/\/www.bremer-promenaden.de\/fr\/wp-json\/wp\/v2\/types\/page"}],"author":[{"embeddable":true,"href":"https:\/\/www.bremer-promenaden.de\/fr\/wp-json\/wp\/v2\/users\/1"}],"replies":[{"embeddable":true,"href":"https:\/\/www.bremer-promenaden.de\/fr\/wp-json\/wp\/v2\/comments?post=3763"}],"version-history":[{"count":10,"href":"https:\/\/www.bremer-promenaden.de\/fr\/wp-json\/wp\/v2\/pages\/3763\/revisions"}],"predecessor-version":[{"id":3824,"href":"https:\/\/www.bremer-promenaden.de\/fr\/wp-json\/wp\/v2\/pages\/3763\/revisions\/3824"}],"wp:attachment":[{"href":"https:\/\/www.bremer-promenaden.de\/fr\/wp-json\/wp\/v2\/media?parent=3763"}],"curies":[{"name":"wp","href":"https:\/\/api.w.org\/{rel}","templated":true}]}}