{"id":3320,"date":"2025-03-27T14:39:34","date_gmt":"2025-03-27T13:39:34","guid":{"rendered":"https:\/\/www.bremer-promenaden.de\/portraits-de-femmes-a-worpswede\/"},"modified":"2026-01-12T10:31:38","modified_gmt":"2026-01-12T09:31:38","slug":"portraits-de-femmes-a-worpswede","status":"publish","type":"page","link":"https:\/\/www.bremer-promenaden.de\/fr\/portraits-de-femmes-a-worpswede\/","title":{"rendered":"Portraits de femmes \u00e0 Worpswede"},"content":{"rendered":"<div id='full_slider_1'  class='avia-fullwidth-slider main_color avia-shadow   avia-builder-el-0  el_before_av_one_full  avia-builder-el-first   container_wrap fullsize'  ><div  class='avia-slideshow av-424wxo-f26fe15310dbbfa6292055a515343da0 avia-slideshow-featured av_slideshow_full avia-slide-slider av-slideshow-ui av-control-default av-slideshow-autoplay av-loop-endless av-loop-manual-endless av-default-height-applied   avia-slideshow-1' data-slideshow-options=\"{&quot;animation&quot;:&quot;slide&quot;,&quot;autoplay&quot;:true,&quot;loop_autoplay&quot;:&quot;endless&quot;,&quot;interval&quot;:5,&quot;loop_manual&quot;:&quot;manual-endless&quot;,&quot;autoplay_stopper&quot;:false,&quot;noNavigation&quot;:false,&quot;bg_slider&quot;:false,&quot;keep_padding&quot;:false,&quot;hoverpause&quot;:false,&quot;show_slide_delay&quot;:0}\"  itemprop=\"image\" itemscope=\"itemscope\" itemtype=\"https:\/\/schema.org\/ImageObject\" ><ul class='avia-slideshow-inner ' style='padding-bottom: 28.666666666667%;'><li  class='avia-slideshow-slide av-424wxo-f26fe15310dbbfa6292055a515343da0__0  slide-1 slide-odd'><div data-rel='slideshow-1' class='avia-slide-wrap '   ><img decoding=\"async\" fetchpriority=\"high\" class=\"wp-image-3256 avia-img-lazy-loading-not-3256\"  src=\"https:\/\/www.bremer-promenaden.de\/wp-content\/uploads\/2025\/03\/202503_Frauen001.jpg\" width=\"1500\" height=\"430\" title='202503_Frauen001' alt=''  itemprop=\"thumbnailUrl\" srcset=\"https:\/\/www.bremer-promenaden.de\/wp-content\/uploads\/2025\/03\/202503_Frauen001.jpg 1500w, https:\/\/www.bremer-promenaden.de\/wp-content\/uploads\/2025\/03\/202503_Frauen001-300x86.jpg 300w, https:\/\/www.bremer-promenaden.de\/wp-content\/uploads\/2025\/03\/202503_Frauen001-1030x295.jpg 1030w, https:\/\/www.bremer-promenaden.de\/wp-content\/uploads\/2025\/03\/202503_Frauen001-768x220.jpg 768w, https:\/\/www.bremer-promenaden.de\/wp-content\/uploads\/2025\/03\/202503_Frauen001-705x202.jpg 705w\" sizes=\"(max-width: 1500px) 100vw, 1500px\" \/><\/div><\/li><li  class='avia-slideshow-slide av-424wxo-f26fe15310dbbfa6292055a515343da0__1  slide-2 slide-even'><div data-rel='slideshow-1' class='avia-slide-wrap '   ><img decoding=\"async\" fetchpriority=\"high\" class=\"wp-image-3252 avia-img-lazy-loading-not-3252\"  src=\"https:\/\/www.bremer-promenaden.de\/wp-content\/uploads\/2025\/03\/202503_Frauen002.jpg\" width=\"1500\" height=\"430\" title='202503_Frauen002' alt=''  itemprop=\"thumbnailUrl\" srcset=\"https:\/\/www.bremer-promenaden.de\/wp-content\/uploads\/2025\/03\/202503_Frauen002.jpg 1500w, https:\/\/www.bremer-promenaden.de\/wp-content\/uploads\/2025\/03\/202503_Frauen002-300x86.jpg 300w, https:\/\/www.bremer-promenaden.de\/wp-content\/uploads\/2025\/03\/202503_Frauen002-1030x295.jpg 1030w, https:\/\/www.bremer-promenaden.de\/wp-content\/uploads\/2025\/03\/202503_Frauen002-768x220.jpg 768w, https:\/\/www.bremer-promenaden.de\/wp-content\/uploads\/2025\/03\/202503_Frauen002-705x202.jpg 705w\" sizes=\"(max-width: 1500px) 100vw, 1500px\" \/><\/div><\/li><li  class='avia-slideshow-slide av-424wxo-f26fe15310dbbfa6292055a515343da0__2  slide-3 slide-odd'><div data-rel='slideshow-1' class='avia-slide-wrap '   ><img decoding=\"async\" fetchpriority=\"high\" class=\"wp-image-3248 avia-img-lazy-loading-not-3248\"  src=\"https:\/\/www.bremer-promenaden.de\/wp-content\/uploads\/2025\/03\/202503_Frauen003.jpg\" width=\"1500\" height=\"430\" title='202503_Frauen003' alt=''  itemprop=\"thumbnailUrl\" srcset=\"https:\/\/www.bremer-promenaden.de\/wp-content\/uploads\/2025\/03\/202503_Frauen003.jpg 1500w, https:\/\/www.bremer-promenaden.de\/wp-content\/uploads\/2025\/03\/202503_Frauen003-300x86.jpg 300w, https:\/\/www.bremer-promenaden.de\/wp-content\/uploads\/2025\/03\/202503_Frauen003-1030x295.jpg 1030w, https:\/\/www.bremer-promenaden.de\/wp-content\/uploads\/2025\/03\/202503_Frauen003-768x220.jpg 768w, https:\/\/www.bremer-promenaden.de\/wp-content\/uploads\/2025\/03\/202503_Frauen003-705x202.jpg 705w\" sizes=\"(max-width: 1500px) 100vw, 1500px\" \/><\/div><\/li><\/ul><div class='avia-slideshow-arrows avia-slideshow-controls' ><a href='#prev' class='prev-slide  avia-svg-icon avia-font-svg_entypo-fontello' data-av_svg_icon='left-open-big' data-av_iconset='svg_entypo-fontello' tabindex='-1' title=\"Pr\u00e9c\u00e9dent\"><svg version=\"1.1\" xmlns=\"http:\/\/www.w3.org\/2000\/svg\" width=\"15\" height=\"32\" viewBox=\"0 0 15 32\" preserveAspectRatio=\"xMidYMid meet\" aria-labelledby='av-svg-title-1' aria-describedby='av-svg-desc-1' role=\"graphics-symbol\" aria-hidden=\"true\">\n<title id='av-svg-title-1'>Pr\u00e9c\u00e9dent<\/title>\n<desc id='av-svg-desc-1'>Pr\u00e9c\u00e9dent<\/desc>\n<path d=\"M14.464 27.84q0.832 0.832 0 1.536-0.832 0.832-1.536 0l-12.544-12.608q-0.768-0.768 0-1.6l12.544-12.608q0.704-0.832 1.536 0 0.832 0.704 0 1.536l-11.456 11.904z\"><\/path>\n<\/svg><span class='avia_hidden_link_text'>Pr\u00e9c\u00e9dent<\/span><\/a><a href='#next' class='next-slide  avia-svg-icon avia-font-svg_entypo-fontello' data-av_svg_icon='right-open-big' data-av_iconset='svg_entypo-fontello' tabindex='-1' title=\"Suivant\"><svg version=\"1.1\" xmlns=\"http:\/\/www.w3.org\/2000\/svg\" width=\"15\" height=\"32\" viewBox=\"0 0 15 32\" preserveAspectRatio=\"xMidYMid meet\" aria-labelledby='av-svg-title-2' aria-describedby='av-svg-desc-2' role=\"graphics-symbol\" aria-hidden=\"true\">\n<title id='av-svg-title-2'>Suivant<\/title>\n<desc id='av-svg-desc-2'>Suivant<\/desc>\n<path d=\"M0.416 27.84l11.456-11.84-11.456-11.904q-0.832-0.832 0-1.536 0.832-0.832 1.536 0l12.544 12.608q0.768 0.832 0 1.6l-12.544 12.608q-0.704 0.832-1.536 0-0.832-0.704 0-1.536z\"><\/path>\n<\/svg><span class='avia_hidden_link_text'>Suivant<\/span><\/a><\/div><div class='avia-slideshow-dots avia-slideshow-controls'><a href='#1' class='goto-slide active' >1<\/a><a href='#2' class='goto-slide ' >2<\/a><a href='#3' class='goto-slide ' >3<\/a><\/div><\/div><\/div><div id='after_full_slider_1'  class='main_color av_default_container_wrap container_wrap fullsize'  ><div class='container av-section-cont-open' ><div class='template-page content  av-content-full alpha units'><div class='post-entry post-entry-type-page post-entry-3320'><div class='entry-content-wrapper clearfix'>\n<div  class='flex_column av-30xr24-1fe4635aaf6f97db2e3786cba6379122 av_one_full  avia-builder-el-1  el_after_av_slideshow_full  avia-builder-el-no-sibling  first flex_column_div  '     ><section  class='av_textblock_section av-m8o99gcg-9f2b06dbdd0d5c37eae7ac60c1df117a '   itemscope=\"itemscope\" itemtype=\"https:\/\/schema.org\/CreativeWork\" ><div class='avia_textblock'  itemprop=\"text\" ><h1>Portraits de femmes \u00e0 Worpswede<\/h1>\n<p>Elles \u00e9taient artistes, muses d&rsquo;artistes, artisanes ou marchandes d&rsquo;art &#8211; les femmes ont laiss\u00e9 de nombreuses traces diff\u00e9rentes \u00e0 <a href=\"https:\/\/www.worpswede-fuehrung.de\/project\/worpswede-erleben\/\" target=\"_blank\" rel=\"noopener\">Worpswede<\/a> et marquent le lieu de leur empreinte jusqu&rsquo;\u00e0 aujourd&rsquo;hui. <a href=\"https:\/\/www.bremer-promenaden.de\/fr\/paula-modersohn-becker\/\" rel=\"noopener\">Des personnalit\u00e9s exceptionnelles<\/a> ou des noms aujourd&rsquo;hui presque oubli\u00e9s se rencontrent \u00e0 Worpswede.<\/p>\n<p>Lors d&rsquo;une promenade avec visite du mus\u00e9e, nous vous pr\u00e9sentons non seulement la c\u00e9l\u00e8bre peintre Paula Modersohn-Becker et ses contemporaines, mais aussi des femmes jusqu&rsquo;\u00e0 nos jours qui ont travaill\u00e9 dans le village ou qui y travaillent actuellement.<\/p>\n<h2>Visite guid\u00e9e sur les traces des femmes \u00e0 Worpswede<\/h2>\n<p>Notre recherche de traces nous m\u00e8ne \u00e0 diff\u00e9rents endroits du village, sur la tombe de Paula Modersohhn-Becker, \u00e0 l&rsquo;\u00e9glise et dans un mus\u00e9e.<\/p>\n<p><strong>Dur\u00e9e du circuit:<\/strong> deux heures et demie<\/p>\n<p><strong>Bon \u00e0 savoir:<\/strong> Comme nous marchons sur des chemins non pav\u00e9s et \u00e0 travers la for\u00eat, il est recommand\u00e9 de porter des chaussures solides.<\/p>\n<h3>Groupes et prix<\/h3>\n<p>Visite guid\u00e9e en fran\u00e7ais, 20 personnes au maximum pour un forfait de 190,- Euros en sus d\u2018entr\u00e8e au mus\u00e9e.<\/p>\n<\/div><\/section><\/div>\n","protected":false},"excerpt":{"rendered":"","protected":false},"author":1,"featured_media":0,"parent":0,"menu_order":0,"comment_status":"closed","ping_status":"closed","template":"","meta":{"footnotes":""},"class_list":["post-3320","page","type-page","status-publish","hentry"],"yoast_head":"<!-- This site is optimized with the Yoast SEO plugin v27.6 - https:\/\/yoast.com\/product\/yoast-seo-wordpress\/ -->\n<title>Portraits de femmes \u00e0 Worpswede - Bremer Promenaden<\/title>\n<meta name=\"robots\" content=\"index, follow, max-snippet:-1, max-image-preview:large, max-video-preview:-1\" \/>\n<link rel=\"canonical\" href=\"https:\/\/www.bremer-promenaden.de\/worpsweder-frauenportraets\/\" \/>\n<meta property=\"og:locale\" content=\"fr_FR\" \/>\n<meta property=\"og:type\" content=\"article\" \/>\n<meta property=\"og:title\" content=\"Portraits de femmes \u00e0 Worpswede - Bremer Promenaden\" \/>\n<meta property=\"og:url\" content=\"https:\/\/www.bremer-promenaden.de\/worpsweder-frauenportraets\/\" \/>\n<meta property=\"og:site_name\" content=\"Bremer Promenaden\" \/>\n<meta property=\"article:modified_time\" content=\"2026-01-12T09:31:38+00:00\" \/>\n<meta name=\"twitter:card\" content=\"summary_large_image\" \/>\n<meta name=\"twitter:label1\" content=\"Dur\u00e9e de lecture estim\u00e9e\" \/>\n\t<meta name=\"twitter:data1\" content=\"5 minutes\" \/>\n<script type=\"application\/ld+json\" class=\"yoast-schema-graph\">{\"@context\":\"https:\\\/\\\/schema.org\",\"@graph\":[{\"@type\":\"WebPage\",\"@id\":\"https:\\\/\\\/www.bremer-promenaden.de\\\/worpsweder-frauenportraets\\\/\",\"url\":\"https:\\\/\\\/www.bremer-promenaden.de\\\/worpsweder-frauenportraets\\\/\",\"name\":\"Portraits de femmes \u00e0 Worpswede - Bremer Promenaden\",\"isPartOf\":{\"@id\":\"https:\\\/\\\/www.bremer-promenaden.de\\\/#website\"},\"datePublished\":\"2025-03-27T13:39:34+00:00\",\"dateModified\":\"2026-01-12T09:31:38+00:00\",\"breadcrumb\":{\"@id\":\"https:\\\/\\\/www.bremer-promenaden.de\\\/worpsweder-frauenportraets\\\/#breadcrumb\"},\"inLanguage\":\"fr-FR\",\"potentialAction\":[{\"@type\":\"ReadAction\",\"target\":[\"https:\\\/\\\/www.bremer-promenaden.de\\\/worpsweder-frauenportraets\\\/\"]}]},{\"@type\":\"BreadcrumbList\",\"@id\":\"https:\\\/\\\/www.bremer-promenaden.de\\\/worpsweder-frauenportraets\\\/#breadcrumb\",\"itemListElement\":[{\"@type\":\"ListItem\",\"position\":1,\"name\":\"Startseite\",\"item\":\"https:\\\/\\\/www.bremer-promenaden.de\\\/fr\\\/\"},{\"@type\":\"ListItem\",\"position\":2,\"name\":\"Portraits de femmes \u00e0 Worpswede\"}]},{\"@type\":\"WebSite\",\"@id\":\"https:\\\/\\\/www.bremer-promenaden.de\\\/#website\",\"url\":\"https:\\\/\\\/www.bremer-promenaden.de\\\/\",\"name\":\"Bremer Promenaden\",\"description\":\"Rundg\u00e4nge durch Bremen und um zu\",\"potentialAction\":[{\"@type\":\"SearchAction\",\"target\":{\"@type\":\"EntryPoint\",\"urlTemplate\":\"https:\\\/\\\/www.bremer-promenaden.de\\\/?s={search_term_string}\"},\"query-input\":{\"@type\":\"PropertyValueSpecification\",\"valueRequired\":true,\"valueName\":\"search_term_string\"}}],\"inLanguage\":\"fr-FR\"}]}<\/script>\n<!-- \/ Yoast SEO plugin. -->","yoast_head_json":{"title":"Portraits de femmes \u00e0 Worpswede - Bremer Promenaden","robots":{"index":"index","follow":"follow","max-snippet":"max-snippet:-1","max-image-preview":"max-image-preview:large","max-video-preview":"max-video-preview:-1"},"canonical":"https:\/\/www.bremer-promenaden.de\/worpsweder-frauenportraets\/","og_locale":"fr_FR","og_type":"article","og_title":"Portraits de femmes \u00e0 Worpswede - Bremer Promenaden","og_url":"https:\/\/www.bremer-promenaden.de\/worpsweder-frauenportraets\/","og_site_name":"Bremer Promenaden","article_modified_time":"2026-01-12T09:31:38+00:00","twitter_card":"summary_large_image","twitter_misc":{"Dur\u00e9e de lecture estim\u00e9e":"5 minutes"},"schema":{"@context":"https:\/\/schema.org","@graph":[{"@type":"WebPage","@id":"https:\/\/www.bremer-promenaden.de\/worpsweder-frauenportraets\/","url":"https:\/\/www.bremer-promenaden.de\/worpsweder-frauenportraets\/","name":"Portraits de femmes \u00e0 Worpswede - Bremer Promenaden","isPartOf":{"@id":"https:\/\/www.bremer-promenaden.de\/#website"},"datePublished":"2025-03-27T13:39:34+00:00","dateModified":"2026-01-12T09:31:38+00:00","breadcrumb":{"@id":"https:\/\/www.bremer-promenaden.de\/worpsweder-frauenportraets\/#breadcrumb"},"inLanguage":"fr-FR","potentialAction":[{"@type":"ReadAction","target":["https:\/\/www.bremer-promenaden.de\/worpsweder-frauenportraets\/"]}]},{"@type":"BreadcrumbList","@id":"https:\/\/www.bremer-promenaden.de\/worpsweder-frauenportraets\/#breadcrumb","itemListElement":[{"@type":"ListItem","position":1,"name":"Startseite","item":"https:\/\/www.bremer-promenaden.de\/fr\/"},{"@type":"ListItem","position":2,"name":"Portraits de femmes \u00e0 Worpswede"}]},{"@type":"WebSite","@id":"https:\/\/www.bremer-promenaden.de\/#website","url":"https:\/\/www.bremer-promenaden.de\/","name":"Bremer Promenaden","description":"Rundg\u00e4nge durch Bremen und um zu","potentialAction":[{"@type":"SearchAction","target":{"@type":"EntryPoint","urlTemplate":"https:\/\/www.bremer-promenaden.de\/?s={search_term_string}"},"query-input":{"@type":"PropertyValueSpecification","valueRequired":true,"valueName":"search_term_string"}}],"inLanguage":"fr-FR"}]}},"jetpack_sharing_enabled":true,"jetpack_shortlink":"https:\/\/wp.me\/P9FEkD-Ry","_links":{"self":[{"href":"https:\/\/www.bremer-promenaden.de\/fr\/wp-json\/wp\/v2\/pages\/3320","targetHints":{"allow":["GET"]}}],"collection":[{"href":"https:\/\/www.bremer-promenaden.de\/fr\/wp-json\/wp\/v2\/pages"}],"about":[{"href":"https:\/\/www.bremer-promenaden.de\/fr\/wp-json\/wp\/v2\/types\/page"}],"author":[{"embeddable":true,"href":"https:\/\/www.bremer-promenaden.de\/fr\/wp-json\/wp\/v2\/users\/1"}],"replies":[{"embeddable":true,"href":"https:\/\/www.bremer-promenaden.de\/fr\/wp-json\/wp\/v2\/comments?post=3320"}],"version-history":[{"count":17,"href":"https:\/\/www.bremer-promenaden.de\/fr\/wp-json\/wp\/v2\/pages\/3320\/revisions"}],"predecessor-version":[{"id":3938,"href":"https:\/\/www.bremer-promenaden.de\/fr\/wp-json\/wp\/v2\/pages\/3320\/revisions\/3938"}],"wp:attachment":[{"href":"https:\/\/www.bremer-promenaden.de\/fr\/wp-json\/wp\/v2\/media?parent=3320"}],"curies":[{"name":"wp","href":"https:\/\/api.w.org\/{rel}","templated":true}]}}