{"id":3038,"date":"2024-03-26T12:17:20","date_gmt":"2024-03-26T11:17:20","guid":{"rendered":"https:\/\/www.bremer-promenaden.de\/un-jour-plus-x\/"},"modified":"2026-01-09T15:49:02","modified_gmt":"2026-01-09T14:49:02","slug":"un-jour-plus-x","status":"publish","type":"page","link":"https:\/\/www.bremer-promenaden.de\/fr\/un-jour-plus-x\/","title":{"rendered":"Un jour plus X"},"content":{"rendered":"<div id='full_slider_1'  class='avia-fullwidth-slider main_color avia-shadow   avia-builder-el-0  el_before_av_one_full  avia-builder-el-first   container_wrap fullsize'  ><div  class='avia-slideshow av-4b69p4-7fd38897469a7d1dac95adc2e54c999c avia-slideshow-featured av_slideshow_full avia-slide-slider av-slideshow-ui av-control-default av-slideshow-autoplay av-loop-endless av-loop-manual-endless av-default-height-applied   avia-slideshow-1' data-slideshow-options=\"{&quot;animation&quot;:&quot;slide&quot;,&quot;autoplay&quot;:true,&quot;loop_autoplay&quot;:&quot;endless&quot;,&quot;interval&quot;:5,&quot;loop_manual&quot;:&quot;manual-endless&quot;,&quot;autoplay_stopper&quot;:false,&quot;noNavigation&quot;:false,&quot;bg_slider&quot;:false,&quot;keep_padding&quot;:false,&quot;hoverpause&quot;:false,&quot;show_slide_delay&quot;:0}\"  itemprop=\"image\" itemscope=\"itemscope\" itemtype=\"https:\/\/schema.org\/ImageObject\" ><ul class='avia-slideshow-inner ' style='padding-bottom: 28.666666666667%;'><li  class='avia-slideshow-slide av-4b69p4-7fd38897469a7d1dac95adc2e54c999c__0  slide-1 slide-odd'><div data-rel='slideshow-1' class='avia-slide-wrap '   ><img decoding=\"async\" fetchpriority=\"high\" class=\"wp-image-2994 avia-img-lazy-loading-not-2994\"  src=\"https:\/\/www.bremer-promenaden.de\/wp-content\/uploads\/2024\/03\/IMG_6804.jpg\" width=\"1500\" height=\"430\" title='IMG_6804' alt=''  itemprop=\"thumbnailUrl\" srcset=\"https:\/\/www.bremer-promenaden.de\/wp-content\/uploads\/2024\/03\/IMG_6804.jpg 1500w, https:\/\/www.bremer-promenaden.de\/wp-content\/uploads\/2024\/03\/IMG_6804-300x86.jpg 300w, https:\/\/www.bremer-promenaden.de\/wp-content\/uploads\/2024\/03\/IMG_6804-1030x295.jpg 1030w, https:\/\/www.bremer-promenaden.de\/wp-content\/uploads\/2024\/03\/IMG_6804-768x220.jpg 768w, https:\/\/www.bremer-promenaden.de\/wp-content\/uploads\/2024\/03\/IMG_6804-705x202.jpg 705w\" sizes=\"(max-width: 1500px) 100vw, 1500px\" \/><\/div><\/li><li  class='avia-slideshow-slide av-4b69p4-7fd38897469a7d1dac95adc2e54c999c__1  slide-2 slide-even'><div data-rel='slideshow-1' class='avia-slide-wrap '   ><img decoding=\"async\" fetchpriority=\"high\" class=\"wp-image-3002 avia-img-lazy-loading-not-3002\"  src=\"https:\/\/www.bremer-promenaden.de\/wp-content\/uploads\/2024\/03\/20170816-141742.jpg\" width=\"1500\" height=\"430\" title='20170816-141742' alt=''  itemprop=\"thumbnailUrl\" srcset=\"https:\/\/www.bremer-promenaden.de\/wp-content\/uploads\/2024\/03\/20170816-141742.jpg 1500w, https:\/\/www.bremer-promenaden.de\/wp-content\/uploads\/2024\/03\/20170816-141742-300x86.jpg 300w, https:\/\/www.bremer-promenaden.de\/wp-content\/uploads\/2024\/03\/20170816-141742-1030x295.jpg 1030w, https:\/\/www.bremer-promenaden.de\/wp-content\/uploads\/2024\/03\/20170816-141742-768x220.jpg 768w, https:\/\/www.bremer-promenaden.de\/wp-content\/uploads\/2024\/03\/20170816-141742-705x202.jpg 705w\" sizes=\"(max-width: 1500px) 100vw, 1500px\" \/><\/div><\/li><li  class='avia-slideshow-slide av-4b69p4-7fd38897469a7d1dac95adc2e54c999c__2  slide-3 slide-odd'><div data-rel='slideshow-1' class='avia-slide-wrap '   ><img decoding=\"async\" fetchpriority=\"high\" class=\"wp-image-3006 avia-img-lazy-loading-not-3006\"  src=\"https:\/\/www.bremer-promenaden.de\/wp-content\/uploads\/2024\/03\/20170816-142114.jpg\" width=\"1500\" height=\"430\" title='20170816-142114' alt=''  itemprop=\"thumbnailUrl\" srcset=\"https:\/\/www.bremer-promenaden.de\/wp-content\/uploads\/2024\/03\/20170816-142114.jpg 1500w, https:\/\/www.bremer-promenaden.de\/wp-content\/uploads\/2024\/03\/20170816-142114-300x86.jpg 300w, https:\/\/www.bremer-promenaden.de\/wp-content\/uploads\/2024\/03\/20170816-142114-1030x295.jpg 1030w, https:\/\/www.bremer-promenaden.de\/wp-content\/uploads\/2024\/03\/20170816-142114-768x220.jpg 768w, https:\/\/www.bremer-promenaden.de\/wp-content\/uploads\/2024\/03\/20170816-142114-705x202.jpg 705w\" sizes=\"(max-width: 1500px) 100vw, 1500px\" \/><\/div><\/li><li  class='avia-slideshow-slide av-4b69p4-7fd38897469a7d1dac95adc2e54c999c__3  slide-4 slide-even'><div data-rel='slideshow-1' class='avia-slide-wrap '   ><img decoding=\"async\" fetchpriority=\"high\" class=\"wp-image-3010 avia-img-lazy-loading-not-3010\"  src=\"https:\/\/www.bremer-promenaden.de\/wp-content\/uploads\/2024\/03\/20190609-134719.jpg\" width=\"1500\" height=\"430\" title='20190609-134719' alt=''  itemprop=\"thumbnailUrl\" srcset=\"https:\/\/www.bremer-promenaden.de\/wp-content\/uploads\/2024\/03\/20190609-134719.jpg 1500w, https:\/\/www.bremer-promenaden.de\/wp-content\/uploads\/2024\/03\/20190609-134719-300x86.jpg 300w, https:\/\/www.bremer-promenaden.de\/wp-content\/uploads\/2024\/03\/20190609-134719-1030x295.jpg 1030w, https:\/\/www.bremer-promenaden.de\/wp-content\/uploads\/2024\/03\/20190609-134719-768x220.jpg 768w, https:\/\/www.bremer-promenaden.de\/wp-content\/uploads\/2024\/03\/20190609-134719-705x202.jpg 705w\" sizes=\"(max-width: 1500px) 100vw, 1500px\" \/><\/div><\/li><li  class='avia-slideshow-slide av-4b69p4-7fd38897469a7d1dac95adc2e54c999c__4  slide-5 slide-odd'><div data-rel='slideshow-1' class='avia-slide-wrap '   ><img decoding=\"async\" fetchpriority=\"high\" class=\"wp-image-3014 avia-img-lazy-loading-not-3014\"  src=\"https:\/\/www.bremer-promenaden.de\/wp-content\/uploads\/2024\/03\/IMG_6934.jpg\" width=\"1500\" height=\"430\" title='IMG_6934' alt=''  itemprop=\"thumbnailUrl\" srcset=\"https:\/\/www.bremer-promenaden.de\/wp-content\/uploads\/2024\/03\/IMG_6934.jpg 1500w, https:\/\/www.bremer-promenaden.de\/wp-content\/uploads\/2024\/03\/IMG_6934-300x86.jpg 300w, https:\/\/www.bremer-promenaden.de\/wp-content\/uploads\/2024\/03\/IMG_6934-1030x295.jpg 1030w, https:\/\/www.bremer-promenaden.de\/wp-content\/uploads\/2024\/03\/IMG_6934-768x220.jpg 768w, https:\/\/www.bremer-promenaden.de\/wp-content\/uploads\/2024\/03\/IMG_6934-705x202.jpg 705w\" sizes=\"(max-width: 1500px) 100vw, 1500px\" \/><\/div><\/li><li  class='avia-slideshow-slide av-4b69p4-7fd38897469a7d1dac95adc2e54c999c__5  slide-6 slide-even'><div data-rel='slideshow-1' class='avia-slide-wrap '   ><img decoding=\"async\" fetchpriority=\"high\" class=\"wp-image-3018 avia-img-lazy-loading-not-3018\"  src=\"https:\/\/www.bremer-promenaden.de\/wp-content\/uploads\/2024\/03\/IMG_7171.jpg\" width=\"1500\" height=\"430\" title='IMG_7171' alt=''  itemprop=\"thumbnailUrl\" srcset=\"https:\/\/www.bremer-promenaden.de\/wp-content\/uploads\/2024\/03\/IMG_7171.jpg 1500w, https:\/\/www.bremer-promenaden.de\/wp-content\/uploads\/2024\/03\/IMG_7171-300x86.jpg 300w, https:\/\/www.bremer-promenaden.de\/wp-content\/uploads\/2024\/03\/IMG_7171-1030x295.jpg 1030w, https:\/\/www.bremer-promenaden.de\/wp-content\/uploads\/2024\/03\/IMG_7171-768x220.jpg 768w, https:\/\/www.bremer-promenaden.de\/wp-content\/uploads\/2024\/03\/IMG_7171-705x202.jpg 705w\" sizes=\"(max-width: 1500px) 100vw, 1500px\" \/><\/div><\/li><li  class='avia-slideshow-slide av-4b69p4-7fd38897469a7d1dac95adc2e54c999c__6  slide-7 slide-odd'><div data-rel='slideshow-1' class='avia-slide-wrap '   ><img decoding=\"async\" fetchpriority=\"high\" class=\"wp-image-3022 avia-img-lazy-loading-not-3022\"  src=\"https:\/\/www.bremer-promenaden.de\/wp-content\/uploads\/2024\/03\/IMG_7409.jpg\" width=\"1500\" height=\"430\" title='IMG_7409' alt=''  itemprop=\"thumbnailUrl\" srcset=\"https:\/\/www.bremer-promenaden.de\/wp-content\/uploads\/2024\/03\/IMG_7409.jpg 1500w, https:\/\/www.bremer-promenaden.de\/wp-content\/uploads\/2024\/03\/IMG_7409-300x86.jpg 300w, https:\/\/www.bremer-promenaden.de\/wp-content\/uploads\/2024\/03\/IMG_7409-1030x295.jpg 1030w, https:\/\/www.bremer-promenaden.de\/wp-content\/uploads\/2024\/03\/IMG_7409-768x220.jpg 768w, https:\/\/www.bremer-promenaden.de\/wp-content\/uploads\/2024\/03\/IMG_7409-705x202.jpg 705w\" sizes=\"(max-width: 1500px) 100vw, 1500px\" \/><\/div><\/li><li  class='avia-slideshow-slide av-4b69p4-7fd38897469a7d1dac95adc2e54c999c__7  slide-8 slide-even'><div data-rel='slideshow-1' class='avia-slide-wrap '   ><img decoding=\"async\" fetchpriority=\"high\" class=\"wp-image-3026 avia-img-lazy-loading-not-3026\"  src=\"https:\/\/www.bremer-promenaden.de\/wp-content\/uploads\/2024\/03\/QSPS4537.jpg\" width=\"1500\" height=\"430\" title='QSPS4537' alt=''  itemprop=\"thumbnailUrl\" srcset=\"https:\/\/www.bremer-promenaden.de\/wp-content\/uploads\/2024\/03\/QSPS4537.jpg 1500w, https:\/\/www.bremer-promenaden.de\/wp-content\/uploads\/2024\/03\/QSPS4537-300x86.jpg 300w, https:\/\/www.bremer-promenaden.de\/wp-content\/uploads\/2024\/03\/QSPS4537-1030x295.jpg 1030w, https:\/\/www.bremer-promenaden.de\/wp-content\/uploads\/2024\/03\/QSPS4537-768x220.jpg 768w, https:\/\/www.bremer-promenaden.de\/wp-content\/uploads\/2024\/03\/QSPS4537-705x202.jpg 705w\" sizes=\"(max-width: 1500px) 100vw, 1500px\" \/><\/div><\/li><\/ul><div class='avia-slideshow-arrows avia-slideshow-controls' ><a href='#prev' class='prev-slide  avia-svg-icon avia-font-svg_entypo-fontello' data-av_svg_icon='left-open-big' data-av_iconset='svg_entypo-fontello' tabindex='-1' title=\"Pr\u00e9c\u00e9dent\"><svg version=\"1.1\" xmlns=\"http:\/\/www.w3.org\/2000\/svg\" width=\"15\" height=\"32\" viewBox=\"0 0 15 32\" preserveAspectRatio=\"xMidYMid meet\" aria-labelledby='av-svg-title-1' aria-describedby='av-svg-desc-1' role=\"graphics-symbol\" aria-hidden=\"true\">\n<title id='av-svg-title-1'>Pr\u00e9c\u00e9dent<\/title>\n<desc id='av-svg-desc-1'>Pr\u00e9c\u00e9dent<\/desc>\n<path d=\"M14.464 27.84q0.832 0.832 0 1.536-0.832 0.832-1.536 0l-12.544-12.608q-0.768-0.768 0-1.6l12.544-12.608q0.704-0.832 1.536 0 0.832 0.704 0 1.536l-11.456 11.904z\"><\/path>\n<\/svg><span class='avia_hidden_link_text'>Pr\u00e9c\u00e9dent<\/span><\/a><a href='#next' class='next-slide  avia-svg-icon avia-font-svg_entypo-fontello' data-av_svg_icon='right-open-big' data-av_iconset='svg_entypo-fontello' tabindex='-1' title=\"Suivant\"><svg version=\"1.1\" xmlns=\"http:\/\/www.w3.org\/2000\/svg\" width=\"15\" height=\"32\" viewBox=\"0 0 15 32\" preserveAspectRatio=\"xMidYMid meet\" aria-labelledby='av-svg-title-2' aria-describedby='av-svg-desc-2' role=\"graphics-symbol\" aria-hidden=\"true\">\n<title id='av-svg-title-2'>Suivant<\/title>\n<desc id='av-svg-desc-2'>Suivant<\/desc>\n<path d=\"M0.416 27.84l11.456-11.84-11.456-11.904q-0.832-0.832 0-1.536 0.832-0.832 1.536 0l12.544 12.608q0.768 0.832 0 1.6l-12.544 12.608q-0.704 0.832-1.536 0-0.832-0.704 0-1.536z\"><\/path>\n<\/svg><span class='avia_hidden_link_text'>Suivant<\/span><\/a><\/div><div class='avia-slideshow-dots avia-slideshow-controls'><a href='#1' class='goto-slide active' >1<\/a><a href='#2' class='goto-slide ' >2<\/a><a href='#3' class='goto-slide ' >3<\/a><a href='#4' class='goto-slide ' >4<\/a><a href='#5' class='goto-slide ' >5<\/a><a href='#6' class='goto-slide ' >6<\/a><a href='#7' class='goto-slide ' >7<\/a><a href='#8' class='goto-slide ' >8<\/a><\/div><\/div><\/div><div id='after_full_slider_1'  class='main_color av_default_container_wrap container_wrap fullsize'  ><div class='container av-section-cont-open' ><div class='template-page content  av-content-full alpha units'><div class='post-entry post-entry-type-page post-entry-3038'><div class='entry-content-wrapper clearfix'>\n<div  class='flex_column av-2wmkfs-0eaf9d68c52f443cd0c093c9a4cdf864 av_one_full  avia-builder-el-1  el_after_av_slideshow_full  avia-builder-el-no-sibling  first flex_column_div  '     ><section  class='av_textblock_section av-lu71kz0f-e0e2cce7e93b2ecf71e4954072a73b38 '   itemscope=\"itemscope\" itemtype=\"https:\/\/schema.org\/CreativeWork\" ><div class='avia_textblock'  itemprop=\"text\" ><h1>Une journ\u00e9e plus X<\/h1>\n<p>Br\u00eame et Worpswede sont li\u00e9s par une multitude d&rsquo;artistes, d&rsquo;art et de personnes.<\/p>\n<p>Le village d&rsquo;artistes, situ\u00e9 aux portes de la grande ville, est une colonie d&rsquo;artistes depuis la fin du 19e si\u00e8cle. Avec aujourd&rsquo;hui plus de 100 artistes et artisans d&rsquo;art et six mus\u00e9es, le village dans le Teufelsmoor offre une belle randonn\u00e9e aux amateurs d&rsquo;art, aux amoureux de la nature et aux cyclistes.<br \/>La grande ville voisine, Br\u00eame \u00e9tait d\u00e9j\u00e0 importante au Moyen-\u00c2ge en tant que ville hans\u00e9atique. Ici aussi, les amateurs d&rsquo;art trouveront de nombreux lieus d\u2018interr\u00eat.<br \/>Le petit village pittoresque de Fischerhude, cach\u00e9 sous les ch\u00eanes, offre une atmosph\u00e8re particuli\u00e8re.<\/p>\n<p>Les programmes ci-dessous peuvent \u00eatre modifi\u00e9s individuellement.<\/p>\n<h2>Deux jours de Paula Modersohn-Becker \u00e0 Br\u00eame et Worpswede<\/h2>\n<p>Du 07 f\u00e9vrier 2026 au 01. novembre 2026<\/p>\n<p>Radicale et f\u00e9minine &#8211; Modersohn-Becker a d\u00e9velopp\u00e9 son art entre Worpswede, Br\u00eame et Paris. \u00c0 l&rsquo;occasion de son 150e anniversaire, <a href=\"https:\/\/www.worpswede-museen.de\/kommende-ausstellungen\" target=\"_blank\" rel=\"noopener\">les mus\u00e9es de Worpswede<\/a> consacrent quatre expositions \u00e0 Paula Modersohn-Becker et \u00e0 l\u2019influence qu\u2019elle a exerc\u00e8e.<\/p>\n<p>Le programme d\u00e9bute \u00e0 Br\u00eame par une visite de la B\u00f6ttcherstra\u00dfe et du mus\u00e9e Paula Modersohn-Becker. Ensuite, vous serez guid\u00e9s \u00e0 travers la vieille ville de Br\u00eame.et le Schnoor. La journ\u00e9e \u00e0 Br\u00eame sera compl\u00e9t\u00e9e par une visite de l&rsquo;exposition permanente de la <a href=\"https:\/\/www.kunsthalle-bremen.de\/de\" target=\"_blank\" rel=\"noopener\">Kunsthalle de Br\u00eame<\/a>.<\/p>\n<p>Le deuxi\u00e8me jour, vous d\u00e9couvrirez \u00e0 Worpswede, lors d&rsquo;une promenade sur les traces de Paula Modersohn-Becker, l&rsquo;un des mus\u00e9es de l&rsquo;exposition \u00ab <a href=\"https:\/\/www.worpswede-fuehrung.de\/project\/0030-ausstellung-impuls-paula\/\" target=\"_blank\" rel=\"noopener\">Impuls Paula &#8211; K\u00fcnstlerische Entdeckungsreise<\/a>\u00a0\u00bb. L&rsquo;apr\u00e8s-midi, vous visiterez avec nous deux autres segments de l&rsquo;exposition au Barkenhoff et \u00e0 la Gro\u00dfe Kunstschau.<\/p>\n<p>Dur\u00e9e : le matin 2 heures, l&rsquo;apr\u00e8s-midi 2,5 heures.<br \/>Deux jours, visite de groupe 20 personnes max.<br \/>Prix de groupe 905 euros, entr\u00e9es au mus\u00e9e en sus.<\/p>\n<h2>Br\u00eame intense<\/h2>\n<p>D\u00e9couvrez la ville hans\u00e9atique sous ses aspects diff\u00e9rents.<\/p>\n<p>Programme de 2 jours \u00e0 convenir avec visite de la vieille ville, visite d&rsquo;un <a href=\"https:\/\/www.museen-boettcherstrasse.de\/francais\/\" target=\"_blank\" rel=\"noopener\">mus\u00e9e d&rsquo;art<\/a>, circuit et d\u00e9couverte de la <a href=\"https:\/\/www.ueberseestadt-bremen.de\/de\/page\/ueberseeinsel\" target=\"_blank\" rel=\"noopener\">\u00dcberseestadt<\/a> de Br\u00eame. Bien entendu, le programme offre \u00e9galement suffisamment de temps pour explorer la ville hans\u00e9atique par soi-m\u00eame.<\/p>\n<p>20 personnes maximum par groupe.<br \/>Prix sur demande<\/p>\n<h2>Br\u00eame et Bremerhaven<\/h2>\n<p>2 \u00e0 3 jours<\/p>\n<p>L\u2018Etat f\u00e9deral de Br\u00eame compte deux villes s\u00e9par\u00e9es par une bande de Basse-Saxe. Pr\u00e9voyez donc une journ\u00e9e avec votre propre bus pour une excursion \u00e0 Bremerhaven.<br \/>Cette ville moderne situ\u00e9e \u00e0 l&#8217;embouchure de la Weser n&rsquo;a pas seulement l&rsquo;un des plus grands ports d&rsquo;Europe \u00e0 offrir.<br \/>Lors des journ\u00e9es \u00e0 Br\u00eame, vous visiterez la vieille ville, ferez un <a href=\"https:\/\/www.bremer-promenaden.de\/fr\/visite-guidee-de-la-ville-de-breme-en-autocar\/\">tour<\/a> par les parties plus \u00e9loign\u00e9es de la ville et visitez un mus\u00e9e.<\/p>\n<p>Maximum 20 personnes par groupe.<br \/>Prix sur demande<\/p>\n<h2>Worpswede intensif<\/h2>\n<p>D\u00e9couvrez Worpswede et ses <a href=\"https:\/\/www.worpswede-museen.de\/\" target=\"_blank\" rel=\"noopener\">6 mus\u00e9es<\/a>. Ce village situ\u00e9 au milieu du Teufelsmoor, sur une colline, offre depuis plus de cent ans un lieu de travail aux artistes. Plongez dans le paysage et l&rsquo;art du 19e si\u00e8cle \u00e0 nos jours.<br \/>2 jours avec visite du village et de nombreuses <a href=\"https:\/\/www.worpswede-fuehrung.de\/julia-harjes\/\" target=\"_blank\" rel=\"noopener\">visites guid\u00e9es de mus\u00e9es<\/a>.<\/p>\n<p>20 personnes maximum par groupe.<br \/>Prix sur demande<\/p>\n<h2>Br\u00eame et Worpswede<\/h2>\n<p>2 \u00e0 3 jours<\/p>\n<p>La grande <a href=\"https:\/\/www.bremer-promenaden.de\/fr\/vieux-centre-ville-du-roland-au-schnoor-bremer-promenaden\/\">ville hans\u00e9atique<\/a> et le <a href=\"https:\/\/www.bremer-promenaden.de\/fr\/partir-a-la-decouverte-du-village-dartistes-worpswede\/\" target=\"_blank\" rel=\"noopener\">village d&rsquo;artistes<\/a> ne sont pas seulement li\u00e9s par la proximit\u00e9, mais aussi par l&rsquo;art, et les personnalit\u00e9s. Plongez dans ces relations multiples.<br \/>Programme \u00e9tabli individuellement pour vous avec les faits marquants \u00e0 Br\u00eame et Worpswede.<br \/>20 personnes maximum par groupe<br \/>Prix sur demande<\/p>\n<h2>Worpswede et Fischerhude<\/h2>\n<p>3 jours<\/p>\n<p>Le village d&rsquo;artistes de Worpswede et le village pittoresque de Fischerhude \u00e9taient et sont toujours tr\u00e8s appr\u00e9ci\u00e9s des artistes. Otto Modersohn s&rsquo;est retir\u00e9 \u00e0 Fischerhude apr\u00e8s la mort de sa femme Paula Modersohn-Becker. Un <a href=\"ttps:\/\/www.otto-modersohn-museum.de\/\" target=\"_blank\" rel=\"noopener\">mus\u00e9e<\/a> lui est consacr\u00e9 ici. Compl\u00e9tez la visite de Worpswede par une excursion \u00e0 Fischerhude.<\/p>\n<p>1er jour :<\/p>\n<p>matin : \u00ab\u00a0<a href=\"https:\/\/www.bremer-promenaden.de\/fr\/partir-a-la-decouverte-du-village-dartistes-worpswede\/\">Worpswede erleben<\/a>\u00ab\u00a0, Visite du village d&rsquo;artistes avec visite d&rsquo;un mus\u00e9e.<br \/>Apr\u00e8s-midi : \u00ab\u00a0<a href=\"https:\/\/www.bremer-promenaden.de\/fr\/heinrich-vogeler-artiste-art-nouveau-et-ameliorateur-du-monde\/\">Heinrich et Martha Vogeler<\/a>\u00ab\u00a0<\/p>\n<p>2\u00e8me journ\u00e9e<\/p>\n<p>le matin : \u00ab\u00a0Sur les traces de Paula Modersohn-Becker\u00a0\u00bb avec visite du mus\u00e9e de la <a href=\"https:\/\/www.museum-modersohn.de\/\" target=\"_blank\" rel=\"noopener\">maison Modersohn<\/a><br \/>apr\u00e8s-midi : temps libre pour fl\u00e2ner et faire du shopping sur la Bergstra\u00dfe<\/p>\n<p>3\u00e8me journ\u00e9e<\/p>\n<p><a href=\"https:\/\/www.worpswede-fuehrung.de\/project\/fischerhude-erleben\/\" target=\"_blank\" rel=\"noopener\">Fischerhude<\/a> visite guid\u00e9e du village avec visite de la maison Irmintraut<br \/>apr\u00e8s-midi : visite guid\u00e9e d&rsquo;une heure au mus\u00e9e <a href=\"https:\/\/www.bremer-promenaden.de\/fr\/visites-guidees-de-musees\/\">Otto Modersohn<\/a><\/p>\n<p>20 personnes maximum par groupe<br \/>Prix sur demande<\/p>\n<\/div><\/section><\/div>\n","protected":false},"excerpt":{"rendered":"","protected":false},"author":1,"featured_media":0,"parent":0,"menu_order":0,"comment_status":"closed","ping_status":"closed","template":"","meta":{"footnotes":""},"class_list":["post-3038","page","type-page","status-publish","hentry"],"yoast_head":"<!-- This site is optimized with the Yoast SEO plugin v27.5 - https:\/\/yoast.com\/product\/yoast-seo-wordpress\/ -->\n<title>Un jour plus X - Bremer Promenaden<\/title>\n<meta name=\"robots\" content=\"index, follow, max-snippet:-1, max-image-preview:large, max-video-preview:-1\" \/>\n<link rel=\"canonical\" href=\"https:\/\/www.bremer-promenaden.de\/ein-tag-plus-x\/\" \/>\n<meta property=\"og:locale\" content=\"fr_FR\" \/>\n<meta property=\"og:type\" content=\"article\" \/>\n<meta property=\"og:title\" content=\"Un jour plus X - Bremer Promenaden\" \/>\n<meta property=\"og:url\" content=\"https:\/\/www.bremer-promenaden.de\/ein-tag-plus-x\/\" \/>\n<meta property=\"og:site_name\" content=\"Bremer Promenaden\" \/>\n<meta property=\"article:modified_time\" content=\"2026-01-09T14:49:02+00:00\" \/>\n<meta name=\"twitter:card\" content=\"summary_large_image\" \/>\n<meta name=\"twitter:label1\" content=\"Dur\u00e9e de lecture estim\u00e9e\" \/>\n\t<meta name=\"twitter:data1\" content=\"13 minutes\" \/>\n<script type=\"application\/ld+json\" class=\"yoast-schema-graph\">{\"@context\":\"https:\\\/\\\/schema.org\",\"@graph\":[{\"@type\":\"WebPage\",\"@id\":\"https:\\\/\\\/www.bremer-promenaden.de\\\/ein-tag-plus-x\\\/\",\"url\":\"https:\\\/\\\/www.bremer-promenaden.de\\\/ein-tag-plus-x\\\/\",\"name\":\"Un jour plus X - Bremer Promenaden\",\"isPartOf\":{\"@id\":\"https:\\\/\\\/www.bremer-promenaden.de\\\/#website\"},\"datePublished\":\"2024-03-26T11:17:20+00:00\",\"dateModified\":\"2026-01-09T14:49:02+00:00\",\"breadcrumb\":{\"@id\":\"https:\\\/\\\/www.bremer-promenaden.de\\\/ein-tag-plus-x\\\/#breadcrumb\"},\"inLanguage\":\"fr-FR\",\"potentialAction\":[{\"@type\":\"ReadAction\",\"target\":[\"https:\\\/\\\/www.bremer-promenaden.de\\\/ein-tag-plus-x\\\/\"]}]},{\"@type\":\"BreadcrumbList\",\"@id\":\"https:\\\/\\\/www.bremer-promenaden.de\\\/ein-tag-plus-x\\\/#breadcrumb\",\"itemListElement\":[{\"@type\":\"ListItem\",\"position\":1,\"name\":\"Startseite\",\"item\":\"https:\\\/\\\/www.bremer-promenaden.de\\\/fr\\\/\"},{\"@type\":\"ListItem\",\"position\":2,\"name\":\"Un jour plus X\"}]},{\"@type\":\"WebSite\",\"@id\":\"https:\\\/\\\/www.bremer-promenaden.de\\\/#website\",\"url\":\"https:\\\/\\\/www.bremer-promenaden.de\\\/\",\"name\":\"Bremer Promenaden\",\"description\":\"Rundg\u00e4nge durch Bremen und um zu\",\"potentialAction\":[{\"@type\":\"SearchAction\",\"target\":{\"@type\":\"EntryPoint\",\"urlTemplate\":\"https:\\\/\\\/www.bremer-promenaden.de\\\/?s={search_term_string}\"},\"query-input\":{\"@type\":\"PropertyValueSpecification\",\"valueRequired\":true,\"valueName\":\"search_term_string\"}}],\"inLanguage\":\"fr-FR\"}]}<\/script>\n<!-- \/ Yoast SEO plugin. -->","yoast_head_json":{"title":"Un jour plus X - Bremer Promenaden","robots":{"index":"index","follow":"follow","max-snippet":"max-snippet:-1","max-image-preview":"max-image-preview:large","max-video-preview":"max-video-preview:-1"},"canonical":"https:\/\/www.bremer-promenaden.de\/ein-tag-plus-x\/","og_locale":"fr_FR","og_type":"article","og_title":"Un jour plus X - Bremer Promenaden","og_url":"https:\/\/www.bremer-promenaden.de\/ein-tag-plus-x\/","og_site_name":"Bremer Promenaden","article_modified_time":"2026-01-09T14:49:02+00:00","twitter_card":"summary_large_image","twitter_misc":{"Dur\u00e9e de lecture estim\u00e9e":"13 minutes"},"schema":{"@context":"https:\/\/schema.org","@graph":[{"@type":"WebPage","@id":"https:\/\/www.bremer-promenaden.de\/ein-tag-plus-x\/","url":"https:\/\/www.bremer-promenaden.de\/ein-tag-plus-x\/","name":"Un jour plus X - Bremer Promenaden","isPartOf":{"@id":"https:\/\/www.bremer-promenaden.de\/#website"},"datePublished":"2024-03-26T11:17:20+00:00","dateModified":"2026-01-09T14:49:02+00:00","breadcrumb":{"@id":"https:\/\/www.bremer-promenaden.de\/ein-tag-plus-x\/#breadcrumb"},"inLanguage":"fr-FR","potentialAction":[{"@type":"ReadAction","target":["https:\/\/www.bremer-promenaden.de\/ein-tag-plus-x\/"]}]},{"@type":"BreadcrumbList","@id":"https:\/\/www.bremer-promenaden.de\/ein-tag-plus-x\/#breadcrumb","itemListElement":[{"@type":"ListItem","position":1,"name":"Startseite","item":"https:\/\/www.bremer-promenaden.de\/fr\/"},{"@type":"ListItem","position":2,"name":"Un jour plus X"}]},{"@type":"WebSite","@id":"https:\/\/www.bremer-promenaden.de\/#website","url":"https:\/\/www.bremer-promenaden.de\/","name":"Bremer Promenaden","description":"Rundg\u00e4nge durch Bremen und um zu","potentialAction":[{"@type":"SearchAction","target":{"@type":"EntryPoint","urlTemplate":"https:\/\/www.bremer-promenaden.de\/?s={search_term_string}"},"query-input":{"@type":"PropertyValueSpecification","valueRequired":true,"valueName":"search_term_string"}}],"inLanguage":"fr-FR"}]}},"jetpack_sharing_enabled":true,"jetpack_shortlink":"https:\/\/wp.me\/P9FEkD-N0","_links":{"self":[{"href":"https:\/\/www.bremer-promenaden.de\/fr\/wp-json\/wp\/v2\/pages\/3038","targetHints":{"allow":["GET"]}}],"collection":[{"href":"https:\/\/www.bremer-promenaden.de\/fr\/wp-json\/wp\/v2\/pages"}],"about":[{"href":"https:\/\/www.bremer-promenaden.de\/fr\/wp-json\/wp\/v2\/types\/page"}],"author":[{"embeddable":true,"href":"https:\/\/www.bremer-promenaden.de\/fr\/wp-json\/wp\/v2\/users\/1"}],"replies":[{"embeddable":true,"href":"https:\/\/www.bremer-promenaden.de\/fr\/wp-json\/wp\/v2\/comments?post=3038"}],"version-history":[{"count":13,"href":"https:\/\/www.bremer-promenaden.de\/fr\/wp-json\/wp\/v2\/pages\/3038\/revisions"}],"predecessor-version":[{"id":3883,"href":"https:\/\/www.bremer-promenaden.de\/fr\/wp-json\/wp\/v2\/pages\/3038\/revisions\/3883"}],"wp:attachment":[{"href":"https:\/\/www.bremer-promenaden.de\/fr\/wp-json\/wp\/v2\/media?parent=3038"}],"curies":[{"name":"wp","href":"https:\/\/api.w.org\/{rel}","templated":true}]}}