{"id":2428,"date":"2023-02-15T10:57:23","date_gmt":"2023-02-15T09:57:23","guid":{"rendered":"https:\/\/www.bremer-promenaden.de\/heinrich-vogeler-artiste-art-nouveau-et-ameliorateur-du-monde\/"},"modified":"2026-01-12T10:10:26","modified_gmt":"2026-01-12T09:10:26","slug":"heinrich-vogeler-artiste-art-nouveau-et-ameliorateur-du-monde","status":"publish","type":"page","link":"https:\/\/www.bremer-promenaden.de\/fr\/heinrich-vogeler-artiste-art-nouveau-et-ameliorateur-du-monde\/","title":{"rendered":"Heinrich Vogeler, artiste Art nouveau et am\u00e9liorateur du monde"},"content":{"rendered":"<div id='full_slider_1'  class='avia-fullwidth-slider main_color avia-shadow   avia-builder-el-0  el_before_av_one_full  avia-builder-el-first   container_wrap fullsize'  ><div  class='avia-slideshow av-ktvjk3cg-b2ee21302328a04bfd79a0118e117a39 avia-slideshow-featured av_slideshow_full avia-slide-slider av-slideshow-ui av-control-default av-slideshow-autoplay av-loop-endless av-loop-manual-endless av-default-height-applied   avia-slideshow-1' data-slideshow-options=\"{&quot;animation&quot;:&quot;slide&quot;,&quot;autoplay&quot;:true,&quot;loop_autoplay&quot;:&quot;endless&quot;,&quot;interval&quot;:5,&quot;loop_manual&quot;:&quot;manual-endless&quot;,&quot;autoplay_stopper&quot;:false,&quot;noNavigation&quot;:false,&quot;bg_slider&quot;:false,&quot;keep_padding&quot;:false,&quot;hoverpause&quot;:false,&quot;show_slide_delay&quot;:0}\"  itemprop=\"image\" itemscope=\"itemscope\" itemtype=\"https:\/\/schema.org\/ImageObject\" ><ul class='avia-slideshow-inner ' style='padding-bottom: 28.666666666667%;'><li  class='avia-slideshow-slide av-ktvjk3cg-b2ee21302328a04bfd79a0118e117a39__0  slide-1 slide-odd'><div data-rel='slideshow-1' class='avia-slide-wrap '   ><img decoding=\"async\" fetchpriority=\"high\" class=\"wp-image-1653 avia-img-lazy-loading-not-1653\"  src=\"https:\/\/www.bremer-promenaden.de\/wp-content\/uploads\/2021\/09\/20190609-161138-1500x430.jpg\" width=\"1500\" height=\"430\" title='20190609-161138' alt=''  itemprop=\"thumbnailUrl\" srcset=\"https:\/\/www.bremer-promenaden.de\/wp-content\/uploads\/2021\/09\/20190609-161138.jpg 1500w, https:\/\/www.bremer-promenaden.de\/wp-content\/uploads\/2021\/09\/20190609-161138-300x86.jpg 300w, https:\/\/www.bremer-promenaden.de\/wp-content\/uploads\/2021\/09\/20190609-161138-1030x295.jpg 1030w, https:\/\/www.bremer-promenaden.de\/wp-content\/uploads\/2021\/09\/20190609-161138-768x220.jpg 768w, https:\/\/www.bremer-promenaden.de\/wp-content\/uploads\/2021\/09\/20190609-161138-705x202.jpg 705w\" sizes=\"(max-width: 1500px) 100vw, 1500px\" \/><\/div><\/li><li  class='avia-slideshow-slide av-ktvjk3cg-b2ee21302328a04bfd79a0118e117a39__1  slide-2 slide-even'><div data-rel='slideshow-1' class='avia-slide-wrap '   ><img decoding=\"async\" fetchpriority=\"high\" class=\"wp-image-1649 avia-img-lazy-loading-not-1649\"  src=\"https:\/\/www.bremer-promenaden.de\/wp-content\/uploads\/2021\/09\/20190609-153534-1500x430.jpg\" width=\"1500\" height=\"430\" title='20190609-153534' alt=''  itemprop=\"thumbnailUrl\" srcset=\"https:\/\/www.bremer-promenaden.de\/wp-content\/uploads\/2021\/09\/20190609-153534.jpg 1500w, https:\/\/www.bremer-promenaden.de\/wp-content\/uploads\/2021\/09\/20190609-153534-300x86.jpg 300w, https:\/\/www.bremer-promenaden.de\/wp-content\/uploads\/2021\/09\/20190609-153534-1030x295.jpg 1030w, https:\/\/www.bremer-promenaden.de\/wp-content\/uploads\/2021\/09\/20190609-153534-768x220.jpg 768w, https:\/\/www.bremer-promenaden.de\/wp-content\/uploads\/2021\/09\/20190609-153534-705x202.jpg 705w\" sizes=\"(max-width: 1500px) 100vw, 1500px\" \/><\/div><\/li><li  class='avia-slideshow-slide av-ktvjk3cg-b2ee21302328a04bfd79a0118e117a39__2  slide-3 slide-odd'><div data-rel='slideshow-1' class='avia-slide-wrap '  title='Das Museum &quot;Haus im Schluh&quot; ist in zwei sch\u00f6nen alten Fachwerkh\u00e4usern zu finden.' ><img decoding=\"async\" fetchpriority=\"high\" class=\"wp-image-1657 avia-img-lazy-loading-not-1657\"  src=\"https:\/\/www.bremer-promenaden.de\/wp-content\/uploads\/2021\/09\/20190609-162238-1500x430.jpg\" width=\"1500\" height=\"430\" title='20190609-162238' alt='Haus im Schluh - Weberei'  itemprop=\"thumbnailUrl\" srcset=\"https:\/\/www.bremer-promenaden.de\/wp-content\/uploads\/2021\/09\/20190609-162238.jpg 1500w, https:\/\/www.bremer-promenaden.de\/wp-content\/uploads\/2021\/09\/20190609-162238-300x86.jpg 300w, https:\/\/www.bremer-promenaden.de\/wp-content\/uploads\/2021\/09\/20190609-162238-1030x295.jpg 1030w, https:\/\/www.bremer-promenaden.de\/wp-content\/uploads\/2021\/09\/20190609-162238-768x220.jpg 768w, https:\/\/www.bremer-promenaden.de\/wp-content\/uploads\/2021\/09\/20190609-162238-705x202.jpg 705w\" sizes=\"(max-width: 1500px) 100vw, 1500px\" \/><\/div><\/li><\/ul><div class='avia-slideshow-arrows avia-slideshow-controls' ><a href='#prev' class='prev-slide  avia-svg-icon avia-font-svg_entypo-fontello' data-av_svg_icon='left-open-big' data-av_iconset='svg_entypo-fontello' tabindex='-1' title=\"Pr\u00e9c\u00e9dent\"><svg version=\"1.1\" xmlns=\"http:\/\/www.w3.org\/2000\/svg\" width=\"15\" height=\"32\" viewBox=\"0 0 15 32\" preserveAspectRatio=\"xMidYMid meet\" aria-labelledby='av-svg-title-1' aria-describedby='av-svg-desc-1' role=\"graphics-symbol\" aria-hidden=\"true\">\n<title id='av-svg-title-1'>Pr\u00e9c\u00e9dent<\/title>\n<desc id='av-svg-desc-1'>Pr\u00e9c\u00e9dent<\/desc>\n<path d=\"M14.464 27.84q0.832 0.832 0 1.536-0.832 0.832-1.536 0l-12.544-12.608q-0.768-0.768 0-1.6l12.544-12.608q0.704-0.832 1.536 0 0.832 0.704 0 1.536l-11.456 11.904z\"><\/path>\n<\/svg><span class='avia_hidden_link_text'>Pr\u00e9c\u00e9dent<\/span><\/a><a href='#next' class='next-slide  avia-svg-icon avia-font-svg_entypo-fontello' data-av_svg_icon='right-open-big' data-av_iconset='svg_entypo-fontello' tabindex='-1' title=\"Suivant\"><svg version=\"1.1\" xmlns=\"http:\/\/www.w3.org\/2000\/svg\" width=\"15\" height=\"32\" viewBox=\"0 0 15 32\" preserveAspectRatio=\"xMidYMid meet\" aria-labelledby='av-svg-title-2' aria-describedby='av-svg-desc-2' role=\"graphics-symbol\" aria-hidden=\"true\">\n<title id='av-svg-title-2'>Suivant<\/title>\n<desc id='av-svg-desc-2'>Suivant<\/desc>\n<path d=\"M0.416 27.84l11.456-11.84-11.456-11.904q-0.832-0.832 0-1.536 0.832-0.832 1.536 0l12.544 12.608q0.768 0.832 0 1.6l-12.544 12.608q-0.704 0.832-1.536 0-0.832-0.704 0-1.536z\"><\/path>\n<\/svg><span class='avia_hidden_link_text'>Suivant<\/span><\/a><\/div><div class='avia-slideshow-dots avia-slideshow-controls'><a href='#1' class='goto-slide active' >1<\/a><a href='#2' class='goto-slide ' >2<\/a><a href='#3' class='goto-slide ' >3<\/a><\/div><\/div><\/div><div id='after_full_slider_1'  class='main_color av_default_container_wrap container_wrap fullsize'  ><div class='container av-section-cont-open' ><div class='template-page content  av-content-full alpha units'><div class='post-entry post-entry-type-page post-entry-2428'><div class='entry-content-wrapper clearfix'>\n<div  class='flex_column av-2844ew-87b4d7b41dc416a23f245538c6d581ef av_one_full  avia-builder-el-1  el_after_av_slideshow_full  avia-builder-el-no-sibling  first flex_column_div  '     ><section  class='av_textblock_section av-ktvgoplp-77027b895c39ddd25764852d3ccfb890 '   itemscope=\"itemscope\" itemtype=\"https:\/\/schema.org\/CreativeWork\" ><div class='avia_textblock'  itemprop=\"text\" ><h1>Heinrich Vogeler, artiste Art nouveau et am\u00e9liorateur du monde<\/h1>\n<p>Avec le <a href=\"https:\/\/www.worpswede-museen.de\/barkenhoff-de\" target=\"_blank\" rel=\"noopener\">Barkenhoff<\/a>\u00a0\u00e0 Worpswede, Heinrich Vogeler a cr\u00e9\u00e9 une maison d&rsquo;habitation familiale selon ses id\u00e9es. Du d\u00e9but du si\u00e8cle jusqu&rsquo;au d\u00e9clenchement de la Premi\u00e8re Guerre mondiale, l&rsquo;artiste s&rsquo;est fait un nom en tant que peintre, dessinateur, illustrateur, concepteur et architecte de l&rsquo;Art nouveau.<\/p>\n<p>En 1914, Vogeler s&rsquo;est port\u00e9 volontaire pour le front. Lorsqu&rsquo;il revint de la guerre, l&rsquo;artiste Art nouveau \u00e9tait devenu un fervent pacifiste qui transforma le Barkenhoff en une communaut\u00e9 de travail. C&rsquo;est \u00e0 cette \u00e9poque que la femme de Vogeler, Martha, s&rsquo;installa avec leurs trois filles dans la <a href=\"https:\/\/www.worpswede-museen.de\/haus-im-schluh-de\" target=\"_blank\" rel=\"noopener\">Haus im Schluh<\/a>.<\/p>\n<p>La commune de Vogeler au Barkenhoff \u00e9choue; il se rend en Union sovi\u00e9tique pour y vivre les bouleversements politiques. Il mourut au Kazakhstan en 1942.<\/p>\n<p><strong>Visite guid\u00e9e du mus\u00e9e ou visite guid\u00e9e avec promenade:<\/strong> nous visitons le mus\u00e9e Vogeler Barkenhoff, puis nous pouvons nous rendre \u00e0 pied \u00e0 la Haus im Schluh.<\/p>\n<p><strong>Dur\u00e9e de la visite:<\/strong> une heure pour la visite du mus\u00e9e, deux heures et demie pour une visite avec une promenade et une visite des deux mus\u00e9es.<\/p>\n<p><strong>Bon \u00e0 savoir:<\/strong> Le chemin entre les deux maisons est long d&rsquo;environ 1,5 km. Des chaussures solides sont recommand\u00e9es.<\/p>\n<h3>Groupes et prix<\/h3>\n<h4>visite guid\u00e9e en fran\u00e7ais:<\/h4>\n<p>20 personnes au maximum, 1 heure de visite guid\u00e9e au mus\u00e9e Barkenhoff pour un forfait de 105,00 euros, en sus d&rsquo;entr\u00e9e au mus\u00e9e \/ 2,5 heures avec visite des deux mus\u00e9es 190,00 euros, en sus d&rsquo;entr\u00e9e au mus\u00e9e<\/p>\n<\/div><\/section><\/div>\n","protected":false},"excerpt":{"rendered":"","protected":false},"author":1,"featured_media":0,"parent":0,"menu_order":0,"comment_status":"closed","ping_status":"closed","template":"","meta":{"footnotes":""},"class_list":["post-2428","page","type-page","status-publish","hentry"],"yoast_head":"<!-- This site is optimized with the Yoast SEO plugin v27.6 - https:\/\/yoast.com\/product\/yoast-seo-wordpress\/ -->\n<title>Bremen-Worpswede-Barkenhoff-Vogeler<\/title>\n<meta name=\"description\" content=\"De Br\u00eame \u00e0 Worpswede - Heinrich Vogeler et son Barkenhoff ont \u00e9crit l&#039;histoire. Nous la racontons en italien, fran\u00e7ais, anglais et allemand.\" \/>\n<meta name=\"robots\" content=\"index, follow, max-snippet:-1, max-image-preview:large, max-video-preview:-1\" \/>\n<link rel=\"canonical\" href=\"https:\/\/www.bremer-promenaden.de\/barkenhoff\/\" \/>\n<meta property=\"og:locale\" content=\"fr_FR\" \/>\n<meta property=\"og:type\" content=\"article\" \/>\n<meta property=\"og:title\" content=\"Bremen-Worpswede-Barkenhoff-Vogeler\" \/>\n<meta property=\"og:description\" content=\"De Br\u00eame \u00e0 Worpswede - Heinrich Vogeler et son Barkenhoff ont \u00e9crit l&#039;histoire. Nous la racontons en italien, fran\u00e7ais, anglais et allemand.\" \/>\n<meta property=\"og:url\" content=\"https:\/\/www.bremer-promenaden.de\/barkenhoff\/\" \/>\n<meta property=\"og:site_name\" content=\"Bremer Promenaden\" \/>\n<meta property=\"article:modified_time\" content=\"2026-01-12T09:10:26+00:00\" \/>\n<meta name=\"twitter:card\" content=\"summary_large_image\" \/>\n<meta name=\"twitter:label1\" content=\"Dur\u00e9e de lecture estim\u00e9e\" \/>\n\t<meta name=\"twitter:data1\" content=\"6 minutes\" \/>\n<script type=\"application\/ld+json\" class=\"yoast-schema-graph\">{\"@context\":\"https:\\\/\\\/schema.org\",\"@graph\":[{\"@type\":\"WebPage\",\"@id\":\"https:\\\/\\\/www.bremer-promenaden.de\\\/barkenhoff\\\/\",\"url\":\"https:\\\/\\\/www.bremer-promenaden.de\\\/barkenhoff\\\/\",\"name\":\"Bremen-Worpswede-Barkenhoff-Vogeler\",\"isPartOf\":{\"@id\":\"https:\\\/\\\/www.bremer-promenaden.de\\\/#website\"},\"datePublished\":\"2023-02-15T09:57:23+00:00\",\"dateModified\":\"2026-01-12T09:10:26+00:00\",\"description\":\"De Br\u00eame \u00e0 Worpswede - Heinrich Vogeler et son Barkenhoff ont \u00e9crit l'histoire. Nous la racontons en italien, fran\u00e7ais, anglais et allemand.\",\"breadcrumb\":{\"@id\":\"https:\\\/\\\/www.bremer-promenaden.de\\\/barkenhoff\\\/#breadcrumb\"},\"inLanguage\":\"fr-FR\",\"potentialAction\":[{\"@type\":\"ReadAction\",\"target\":[\"https:\\\/\\\/www.bremer-promenaden.de\\\/barkenhoff\\\/\"]}]},{\"@type\":\"BreadcrumbList\",\"@id\":\"https:\\\/\\\/www.bremer-promenaden.de\\\/barkenhoff\\\/#breadcrumb\",\"itemListElement\":[{\"@type\":\"ListItem\",\"position\":1,\"name\":\"Startseite\",\"item\":\"https:\\\/\\\/www.bremer-promenaden.de\\\/fr\\\/\"},{\"@type\":\"ListItem\",\"position\":2,\"name\":\"Heinrich Vogeler, artiste Art nouveau et am\u00e9liorateur du monde\"}]},{\"@type\":\"WebSite\",\"@id\":\"https:\\\/\\\/www.bremer-promenaden.de\\\/#website\",\"url\":\"https:\\\/\\\/www.bremer-promenaden.de\\\/\",\"name\":\"Bremer Promenaden\",\"description\":\"Rundg\u00e4nge durch Bremen und um zu\",\"potentialAction\":[{\"@type\":\"SearchAction\",\"target\":{\"@type\":\"EntryPoint\",\"urlTemplate\":\"https:\\\/\\\/www.bremer-promenaden.de\\\/?s={search_term_string}\"},\"query-input\":{\"@type\":\"PropertyValueSpecification\",\"valueRequired\":true,\"valueName\":\"search_term_string\"}}],\"inLanguage\":\"fr-FR\"}]}<\/script>\n<!-- \/ Yoast SEO plugin. -->","yoast_head_json":{"title":"Bremen-Worpswede-Barkenhoff-Vogeler","description":"De Br\u00eame \u00e0 Worpswede - Heinrich Vogeler et son Barkenhoff ont \u00e9crit l'histoire. Nous la racontons en italien, fran\u00e7ais, anglais et allemand.","robots":{"index":"index","follow":"follow","max-snippet":"max-snippet:-1","max-image-preview":"max-image-preview:large","max-video-preview":"max-video-preview:-1"},"canonical":"https:\/\/www.bremer-promenaden.de\/barkenhoff\/","og_locale":"fr_FR","og_type":"article","og_title":"Bremen-Worpswede-Barkenhoff-Vogeler","og_description":"De Br\u00eame \u00e0 Worpswede - Heinrich Vogeler et son Barkenhoff ont \u00e9crit l'histoire. Nous la racontons en italien, fran\u00e7ais, anglais et allemand.","og_url":"https:\/\/www.bremer-promenaden.de\/barkenhoff\/","og_site_name":"Bremer Promenaden","article_modified_time":"2026-01-12T09:10:26+00:00","twitter_card":"summary_large_image","twitter_misc":{"Dur\u00e9e de lecture estim\u00e9e":"6 minutes"},"schema":{"@context":"https:\/\/schema.org","@graph":[{"@type":"WebPage","@id":"https:\/\/www.bremer-promenaden.de\/barkenhoff\/","url":"https:\/\/www.bremer-promenaden.de\/barkenhoff\/","name":"Bremen-Worpswede-Barkenhoff-Vogeler","isPartOf":{"@id":"https:\/\/www.bremer-promenaden.de\/#website"},"datePublished":"2023-02-15T09:57:23+00:00","dateModified":"2026-01-12T09:10:26+00:00","description":"De Br\u00eame \u00e0 Worpswede - Heinrich Vogeler et son Barkenhoff ont \u00e9crit l'histoire. Nous la racontons en italien, fran\u00e7ais, anglais et allemand.","breadcrumb":{"@id":"https:\/\/www.bremer-promenaden.de\/barkenhoff\/#breadcrumb"},"inLanguage":"fr-FR","potentialAction":[{"@type":"ReadAction","target":["https:\/\/www.bremer-promenaden.de\/barkenhoff\/"]}]},{"@type":"BreadcrumbList","@id":"https:\/\/www.bremer-promenaden.de\/barkenhoff\/#breadcrumb","itemListElement":[{"@type":"ListItem","position":1,"name":"Startseite","item":"https:\/\/www.bremer-promenaden.de\/fr\/"},{"@type":"ListItem","position":2,"name":"Heinrich Vogeler, artiste Art nouveau et am\u00e9liorateur du monde"}]},{"@type":"WebSite","@id":"https:\/\/www.bremer-promenaden.de\/#website","url":"https:\/\/www.bremer-promenaden.de\/","name":"Bremer Promenaden","description":"Rundg\u00e4nge durch Bremen und um zu","potentialAction":[{"@type":"SearchAction","target":{"@type":"EntryPoint","urlTemplate":"https:\/\/www.bremer-promenaden.de\/?s={search_term_string}"},"query-input":{"@type":"PropertyValueSpecification","valueRequired":true,"valueName":"search_term_string"}}],"inLanguage":"fr-FR"}]}},"jetpack_sharing_enabled":true,"jetpack_shortlink":"https:\/\/wp.me\/P9FEkD-Da","_links":{"self":[{"href":"https:\/\/www.bremer-promenaden.de\/fr\/wp-json\/wp\/v2\/pages\/2428","targetHints":{"allow":["GET"]}}],"collection":[{"href":"https:\/\/www.bremer-promenaden.de\/fr\/wp-json\/wp\/v2\/pages"}],"about":[{"href":"https:\/\/www.bremer-promenaden.de\/fr\/wp-json\/wp\/v2\/types\/page"}],"author":[{"embeddable":true,"href":"https:\/\/www.bremer-promenaden.de\/fr\/wp-json\/wp\/v2\/users\/1"}],"replies":[{"embeddable":true,"href":"https:\/\/www.bremer-promenaden.de\/fr\/wp-json\/wp\/v2\/comments?post=2428"}],"version-history":[{"count":10,"href":"https:\/\/www.bremer-promenaden.de\/fr\/wp-json\/wp\/v2\/pages\/2428\/revisions"}],"predecessor-version":[{"id":3905,"href":"https:\/\/www.bremer-promenaden.de\/fr\/wp-json\/wp\/v2\/pages\/2428\/revisions\/3905"}],"wp:attachment":[{"href":"https:\/\/www.bremer-promenaden.de\/fr\/wp-json\/wp\/v2\/media?parent=2428"}],"curies":[{"name":"wp","href":"https:\/\/api.w.org\/{rel}","templated":true}]}}